{"id":21,"date":"2014-11-03T18:08:45","date_gmt":"2014-11-03T16:08:45","guid":{"rendered":"https:\/\/blog.edu.turku.fi\/haarla\/?page_id=21"},"modified":"2026-01-26T12:57:59","modified_gmt":"2026-01-26T10:57:59","slug":"vanhempainyhdistys","status":"publish","type":"page","link":"https:\/\/blog.edu.turku.fi\/haarla\/vanhempainyhdistys\/","title":{"rendered":"Vanhempainyhdistys"},"content":{"rendered":"<p>Haarlan koulun vanhempainyhdistys ry on toiminut Haarlan koulussa jo vuodesta 2007 saakka. Olemme vire\u00e4 ja toimelias vanhempainyhdistys ja pyrimme tekem\u00e4\u00e4n aktiivisesti yhteisty\u00f6t\u00e4 koulun henkil\u00f6kunnan kanssa sek\u00e4 toimimaan linkkin\u00e4 kodin ja koulun v\u00e4lill\u00e4. Olemme sitoutumaton yhdistys ja kuulumme Suomen Vanhempainliitto ry:een. Hallitukseen kuuluu puheenjohtajan lis\u00e4ksi sihteeri ja rahastonhoitaja sek\u00e4 enint\u00e4\u00e4n 10 j\u00e4sent\u00e4. Kokoonnumme muutaman kerran lukukaudessa k\u00e4sittelem\u00e4\u00e4n mm. hankintoja ja tapahtumia sek\u00e4 kuulemaan koulun terveisi\u00e4. Aina syys-lokakuussa on vuosikokous, joka on avoin kaikille koulun oppilaiden vanhemmille ja ko. kokouksessa valitaan hallitus seuraavaksi lukuvuodeksi. Vuosikokouksesta tiedotetaan Wilman kautta.<\/p>\n<p>J\u00e4rjest\u00e4mme vuoden mittaan oppilaille erilaisia tapahtumia ja teemme koulun toivomia hankintoja. Varoja toimintaamme ker\u00e4\u00e4mme j\u00e4senmaksuilla, myyntikampanjoilla, myyj\u00e4isill\u00e4 ja discoilla. Saadut varat k\u00e4ytet\u00e4\u00e4n oppilaidemme hyv\u00e4ksi esim. stipendeihin, bussikortteihin, erilaisiin koulun toivomiin hankintoihin ja oppilaille j\u00e4rjestett\u00e4viin luentoihin ja esityksiin.<\/p>\n<p>Jos haluat olla aktiivisesti mukana j\u00e4rjest\u00e4m\u00e4ss\u00e4 koululaisille mukavia juttua ja olla vaikuttamassa asioihin, tule mukaan toimintaan. My\u00f6s erilaisissa tapahtumissa tarvitaan vapaaehtoisia aikuisia.<\/p>\n<p>Meid\u00e4t l\u00f6yd\u00e4t my\u00f6s facebookista.<\/p>\n<p>&nbsp;<\/p>\n<p>Lis\u00e4tietoa:<\/p>\n<p>Johanna B\u00f6ckerman, puheenjohtaja<\/p>\n<p><a href=\"http:\/\/www.hakova.fi\" target=\"_blank\" rel=\"noopener\">www.hakova.fi<\/a><\/p>\n","protected":false},"excerpt":{"rendered":"<p>Haarlan koulun vanhempainyhdistys ry on toiminut Haarlan koulussa jo vuodesta 2007 saakka. Olemme vire\u00e4 ja toimelias vanhempainyhdistys ja pyrimme tekem\u00e4\u00e4n aktiivisesti yhteisty\u00f6t\u00e4 koulun henkil\u00f6kunnan kanssa sek\u00e4 toimimaan linkkin\u00e4 kodin ja koulun v\u00e4lill\u00e4. Olemme sitoutumaton yhdistys ja kuulumme Suomen Vanhempainliitto ry:een. Hallitukseen kuuluu puheenjohtajan lis\u00e4ksi sihteeri ja rahastonhoitaja sek\u00e4 enint\u00e4\u00e4n 10 j\u00e4sent\u00e4. Kokoonnumme muutaman kerran lukukaudessa &hellip; <a href=\"https:\/\/blog.edu.turku.fi\/haarla\/vanhempainyhdistys\/\" class=\"more-link\">Jatka lukemista<span class=\"screen-reader-text\"> &#8221;Vanhempainyhdistys&#8221;<\/span><\/a><\/p>\n","protected":false},"author":1122,"featured_media":0,"parent":0,"menu_order":0,"comment_status":"closed","ping_status":"closed","template":"","meta":{"footnotes":""},"class_list":["post-21","page","type-page","status-publish","hentry"],"_links":{"self":[{"href":"https:\/\/blog.edu.turku.fi\/haarla\/wp-json\/wp\/v2\/pages\/21","targetHints":{"allow":["GET"]}}],"collection":[{"href":"https:\/\/blog.edu.turku.fi\/haarla\/wp-json\/wp\/v2\/pages"}],"about":[{"href":"https:\/\/blog.edu.turku.fi\/haarla\/wp-json\/wp\/v2\/types\/page"}],"author":[{"embeddable":true,"href":"https:\/\/blog.edu.turku.fi\/haarla\/wp-json\/wp\/v2\/users\/1122"}],"replies":[{"embeddable":true,"href":"https:\/\/blog.edu.turku.fi\/haarla\/wp-json\/wp\/v2\/comments?post=21"}],"version-history":[{"count":9,"href":"https:\/\/blog.edu.turku.fi\/haarla\/wp-json\/wp\/v2\/pages\/21\/revisions"}],"predecessor-version":[{"id":370,"href":"https:\/\/blog.edu.turku.fi\/haarla\/wp-json\/wp\/v2\/pages\/21\/revisions\/370"}],"wp:attachment":[{"href":"https:\/\/blog.edu.turku.fi\/haarla\/wp-json\/wp\/v2\/media?parent=21"}],"curies":[{"name":"wp","href":"https:\/\/api.w.org\/{rel}","templated":true}]}}