{"id":139,"date":"2016-10-14T14:26:24","date_gmt":"2016-10-14T11:26:24","guid":{"rendered":"https:\/\/blog.edu.turku.fi\/haarla\/?page_id=139"},"modified":"2024-10-22T17:58:58","modified_gmt":"2024-10-22T14:58:58","slug":"ops","status":"publish","type":"page","link":"https:\/\/blog.edu.turku.fi\/haarla\/ops\/","title":{"rendered":"Opetus"},"content":{"rendered":"<p>Uusi opetussuunnitelma astui voimaan 1.8.2016. Haarlan koulun opetussuunnitelmaan p\u00e4\u00e4se t\u00e4st\u00e4 linkist\u00e4:<\/p>\n<p><a href=\"https:\/\/blog.edu.turku.fi\/ops2016\/files\/2015\/04\/HAARLA-OPS-2016.pdf\">https:\/\/blog.edu.turku.fi\/ops2016\/files\/2015\/04\/HAARLA-OPS-2016.pdf<\/a><\/p>\n<div><strong>Poissaolojen seuranta:<\/strong><\/div>\n<div><\/div>\n<div><a href=\"https:\/\/www.turku.fi\/paivahoito-ja-koulutus\/perusopetus\/opiskeluhuolto\/kouluyhteisoon-kiinnittamisen-ja-poissaoloihin\">Kouluyhteis\u00f6\u00f6n kiinnitt\u00e4misen ja poissaoloihin puuttumisen malli | Turku.fi<\/a><\/div>\n<div><\/div>\n<p><strong>Koulumme harrastustoiminta:<\/strong><\/p>\n<p><a href=\"https:\/\/www.turku.fi\/haarlan-koulun-harrastelukkari\">https:\/\/www.turku.fi\/haarlan-koulun-harrastelukkari<\/a><\/p>\n","protected":false},"excerpt":{"rendered":"<p>Uusi opetussuunnitelma astui voimaan 1.8.2016. Haarlan koulun opetussuunnitelmaan p\u00e4\u00e4se t\u00e4st\u00e4 linkist\u00e4: https:\/\/blog.edu.turku.fi\/ops2016\/files\/2015\/04\/HAARLA-OPS-2016.pdf Poissaolojen seuranta: Kouluyhteis\u00f6\u00f6n kiinnitt\u00e4misen ja poissaoloihin puuttumisen malli | Turku.fi Koulumme harrastustoiminta: https:\/\/www.turku.fi\/haarlan-koulun-harrastelukkari<\/p>\n","protected":false},"author":1122,"featured_media":0,"parent":0,"menu_order":0,"comment_status":"closed","ping_status":"closed","template":"","meta":{"footnotes":""},"class_list":["post-139","page","type-page","status-publish","hentry"],"_links":{"self":[{"href":"https:\/\/blog.edu.turku.fi\/haarla\/wp-json\/wp\/v2\/pages\/139","targetHints":{"allow":["GET"]}}],"collection":[{"href":"https:\/\/blog.edu.turku.fi\/haarla\/wp-json\/wp\/v2\/pages"}],"about":[{"href":"https:\/\/blog.edu.turku.fi\/haarla\/wp-json\/wp\/v2\/types\/page"}],"author":[{"embeddable":true,"href":"https:\/\/blog.edu.turku.fi\/haarla\/wp-json\/wp\/v2\/users\/1122"}],"replies":[{"embeddable":true,"href":"https:\/\/blog.edu.turku.fi\/haarla\/wp-json\/wp\/v2\/comments?post=139"}],"version-history":[{"count":14,"href":"https:\/\/blog.edu.turku.fi\/haarla\/wp-json\/wp\/v2\/pages\/139\/revisions"}],"predecessor-version":[{"id":328,"href":"https:\/\/blog.edu.turku.fi\/haarla\/wp-json\/wp\/v2\/pages\/139\/revisions\/328"}],"wp:attachment":[{"href":"https:\/\/blog.edu.turku.fi\/haarla\/wp-json\/wp\/v2\/media?parent=139"}],"curies":[{"name":"wp","href":"https:\/\/api.w.org\/{rel}","templated":true}]}}