{"id":591,"date":"2021-08-10T15:37:29","date_gmt":"2021-08-10T12:37:29","guid":{"rendered":"https:\/\/blog.edu.turku.fi\/etaopetus\/?page_id=591"},"modified":"2025-01-13T10:05:43","modified_gmt":"2025-01-13T08:05:43","slug":"etaopettajan-sijaisena-toimiminen","status":"publish","type":"page","link":"https:\/\/blog.edu.turku.fi\/etaopetus\/etaopettajan-sijaisena-toimiminen\/","title":{"rendered":"Et\u00e4opettajan sijaisena toimiminen"},"content":{"rendered":"<p>Mik\u00e4li et\u00e4opettaja on estynyt pit\u00e4m\u00e4st\u00e4 tuntia:<\/p>\n<ul>\n<li>Sijaisena toimiva henkil\u00f6 menee oppilaiden tapaan osoitteeseen edu.turku.fi =&gt; Katsomusaineiden et\u00e4opetus. <a href=\"https:\/\/blog.edu.turku.fi\/etaopetus\/\">Et\u00e4opetuksen sivuston etusivulta<\/a> l\u00f6ytyv\u00e4t linkit et\u00e4tunneille. <strong>Kuka tahansa edu.turku.fi-k\u00e4ytt\u00e4j\u00e4 voi toimia sijaisena.<\/strong> Teams-sovelluksen k\u00e4ytt\u00e4minen on suositeltavaa mutta ei pakollista: osallistua voi my\u00f6s selaimella.<\/li>\n<li>Et\u00e4opettajan valitsemista asetuksista riippuen sijaisella on joko esitt\u00e4j\u00e4oikeudet tai vain osallistujaoikeudet. Pelkill\u00e4 osallistujaoikeuksille oppilaiden kanssa voi keskustella videokuvalla ja \u00e4\u00e4nell\u00e4. Esitt\u00e4j\u00e4oikeudella voi my\u00f6s k\u00e4ytt\u00e4\u00e4 esimerkiksi ruudunjakoa.<\/li>\n<li>Et\u00e4opettaja pyrkii mahdollisuuksien mukaan toimittamaan ohjeistuksen siit\u00e4, mit\u00e4 sijaistettavilla tunneilla tehd\u00e4\u00e4n. Useimmissa tapauksissa opetus nojautuu olemassa olevan materiaalin (kirjat yms.) k\u00e4ytt\u00f6\u00f6n.<\/li>\n<li>Et\u00e4tunnin p\u00e4\u00e4ttyess\u00e4 riitt\u00e4\u00e4, ett\u00e4 Teams-kokouksesta poistutaan.<\/li>\n<\/ul>\n","protected":false},"excerpt":{"rendered":"<p>Mik\u00e4li et\u00e4opettaja on estynyt pit\u00e4m\u00e4st\u00e4 tuntia: Sijaisena toimiva henkil\u00f6 menee oppilaiden tapaan osoitteeseen edu.turku.fi =&gt; Katsomusaineiden et\u00e4opetus. Et\u00e4opetuksen sivuston etusivulta l\u00f6ytyv\u00e4t linkit et\u00e4tunneille. Kuka tahansa edu.turku.fi-k\u00e4ytt\u00e4j\u00e4 voi toimia sijaisena. Teams-sovelluksen k\u00e4ytt\u00e4minen on suositeltavaa mutta ei pakollista: osallistua voi my\u00f6s selaimella. Et\u00e4opettajan valitsemista asetuksista riippuen sijaisella on joko esitt\u00e4j\u00e4oikeudet tai vain osallistujaoikeudet. Pelkill\u00e4 osallistujaoikeuksille oppilaiden kanssa &hellip; <a href=\"https:\/\/blog.edu.turku.fi\/etaopetus\/etaopettajan-sijaisena-toimiminen\/\" class=\"more-link\">Jatka artikkeliin <span class=\"screen-reader-text\">Et\u00e4opettajan sijaisena toimiminen<\/span><\/a><\/p>\n","protected":false},"author":56,"featured_media":0,"parent":0,"menu_order":0,"comment_status":"closed","ping_status":"closed","template":"","meta":{"footnotes":""},"class_list":["post-591","page","type-page","status-publish","hentry"],"_links":{"self":[{"href":"https:\/\/blog.edu.turku.fi\/etaopetus\/wp-json\/wp\/v2\/pages\/591","targetHints":{"allow":["GET"]}}],"collection":[{"href":"https:\/\/blog.edu.turku.fi\/etaopetus\/wp-json\/wp\/v2\/pages"}],"about":[{"href":"https:\/\/blog.edu.turku.fi\/etaopetus\/wp-json\/wp\/v2\/types\/page"}],"author":[{"embeddable":true,"href":"https:\/\/blog.edu.turku.fi\/etaopetus\/wp-json\/wp\/v2\/users\/56"}],"replies":[{"embeddable":true,"href":"https:\/\/blog.edu.turku.fi\/etaopetus\/wp-json\/wp\/v2\/comments?post=591"}],"version-history":[{"count":3,"href":"https:\/\/blog.edu.turku.fi\/etaopetus\/wp-json\/wp\/v2\/pages\/591\/revisions"}],"predecessor-version":[{"id":675,"href":"https:\/\/blog.edu.turku.fi\/etaopetus\/wp-json\/wp\/v2\/pages\/591\/revisions\/675"}],"wp:attachment":[{"href":"https:\/\/blog.edu.turku.fi\/etaopetus\/wp-json\/wp\/v2\/media?parent=591"}],"curies":[{"name":"wp","href":"https:\/\/api.w.org\/{rel}","templated":true}]}}