{"id":567,"date":"2021-06-22T12:42:06","date_gmt":"2021-06-22T09:42:06","guid":{"rendered":"https:\/\/blog.edu.turku.fi\/etaopetus\/?page_id=567"},"modified":"2025-09-08T15:04:33","modified_gmt":"2025-09-08T12:04:33","slug":"etakokousten-suositellut-asetukset","status":"publish","type":"page","link":"https:\/\/blog.edu.turku.fi\/etaopetus\/etakokousten-suositellut-asetukset\/","title":{"rendered":"Et\u00e4kokousten suositellut asetukset"},"content":{"rendered":"<ul>\n<li>Ketk\u00e4 voivat ohittaa odotustilan: <strong>Kaikki<\/strong><\/li>\n<li>Ketk\u00e4 voivat hyv\u00e4ksy\u00e4 aulasta: <strong>J\u00e4rjest\u00e4j\u00e4t, yhteisj\u00e4rjest\u00e4j\u00e4t ja esitt\u00e4j\u00e4t<\/strong><\/li>\n<li>Ilmoita, kun soittajat liittyv\u00e4t kokoukseen tai poistuvat: <strong>Kyll\u00e4<\/strong><\/li>\n<li>Vaadi vahvistamattomia osallistujia vahvistamaan tietonsa ennen liittymist\u00e4: <strong>Ei<\/strong><\/li>\n<li>Valitse yhteisj\u00e4rjest\u00e4j\u00e4t: (ei valintaa)<\/li>\n<li>Ketk\u00e4 voivat esitt\u00e4\u00e4:\u00a0<strong>Tietyt henkil\u00f6t. <\/strong>Suositus on kutsua mahdolliset sijaiset kokoukseen osallistujiksi ja valita heid\u00e4t t\u00e4h\u00e4n asetukseen valinnalla <strong>Tietyt henkil\u00f6t<\/strong>.<\/li>\n<li>Ota kielen tulkkaus k\u00e4ytt\u00f6\u00f6n: <strong>Ei<\/strong><\/li>\n<li>Ota vihre\u00e4 huone k\u00e4ytt\u00f6\u00f6n: <strong>Ei<\/strong><\/li>\n<li>Sallitaanko mikrofoni osallistujille: <strong>Kyll\u00e4<\/strong><\/li>\n<li>Sallitaanko kamera osallistujille: <strong>Kyll\u00e4<\/strong><\/li>\n<li>Kokouksen keskustelu: <strong>P\u00e4iv\u00e4n\u00e4<\/strong><\/li>\n<li>Ota Q&amp;A k\u00e4ytt\u00f6\u00f6n: <strong>Ei<\/strong><\/li>\n<li>Salli reaktiot: <strong>Kyll\u00e4<\/strong> tai\u00a0<strong>Ei<\/strong>. T\u00e4m\u00e4n asetuksen voi tarvittaessa ottaa pois p\u00e4\u00e4lt\u00e4 mik\u00e4li reaktiot viev\u00e4t tunnilla liikaa huomiota.<\/li>\n<li>Salli osallistumisraportti: <strong>Ei<\/strong><\/li>\n<li>Tallenna ja litteroi automaattisesti: <strong>Ei<\/strong><\/li>\n<li>Salli Copilot: <strong>(ei valintaa)<\/strong><\/li>\n<li>Anna CART-tekstitykset:\u00a0<strong>Ei<\/strong><\/li>\n<\/ul>\n<p>Voit muuttaa asetuksia esimerkiksi menem\u00e4ll\u00e4 kokoukseen ja valitsemalla yl\u00e4reunasta kolme pistett\u00e4 =&gt; Asetukset -&gt; Kokousasetukset. Muista tallentaa tekem\u00e4si muutokset valitsemalla Tallenna\/K\u00e4yt\u00e4.<\/p>\n","protected":false},"excerpt":{"rendered":"<p>Ketk\u00e4 voivat ohittaa odotustilan: Kaikki Ketk\u00e4 voivat hyv\u00e4ksy\u00e4 aulasta: J\u00e4rjest\u00e4j\u00e4t, yhteisj\u00e4rjest\u00e4j\u00e4t ja esitt\u00e4j\u00e4t Ilmoita, kun soittajat liittyv\u00e4t kokoukseen tai poistuvat: Kyll\u00e4 Vaadi vahvistamattomia osallistujia vahvistamaan tietonsa ennen liittymist\u00e4: Ei Valitse yhteisj\u00e4rjest\u00e4j\u00e4t: (ei valintaa) Ketk\u00e4 voivat esitt\u00e4\u00e4:\u00a0Tietyt henkil\u00f6t. Suositus on kutsua mahdolliset sijaiset kokoukseen osallistujiksi ja valita heid\u00e4t t\u00e4h\u00e4n asetukseen valinnalla Tietyt henkil\u00f6t. Ota kielen tulkkaus &hellip; <a href=\"https:\/\/blog.edu.turku.fi\/etaopetus\/etakokousten-suositellut-asetukset\/\" class=\"more-link\">Jatka artikkeliin <span class=\"screen-reader-text\">Et\u00e4kokousten suositellut asetukset<\/span><\/a><\/p>\n","protected":false},"author":56,"featured_media":0,"parent":0,"menu_order":0,"comment_status":"closed","ping_status":"closed","template":"","meta":{"footnotes":""},"class_list":["post-567","page","type-page","status-publish","hentry"],"_links":{"self":[{"href":"https:\/\/blog.edu.turku.fi\/etaopetus\/wp-json\/wp\/v2\/pages\/567","targetHints":{"allow":["GET"]}}],"collection":[{"href":"https:\/\/blog.edu.turku.fi\/etaopetus\/wp-json\/wp\/v2\/pages"}],"about":[{"href":"https:\/\/blog.edu.turku.fi\/etaopetus\/wp-json\/wp\/v2\/types\/page"}],"author":[{"embeddable":true,"href":"https:\/\/blog.edu.turku.fi\/etaopetus\/wp-json\/wp\/v2\/users\/56"}],"replies":[{"embeddable":true,"href":"https:\/\/blog.edu.turku.fi\/etaopetus\/wp-json\/wp\/v2\/comments?post=567"}],"version-history":[{"count":6,"href":"https:\/\/blog.edu.turku.fi\/etaopetus\/wp-json\/wp\/v2\/pages\/567\/revisions"}],"predecessor-version":[{"id":694,"href":"https:\/\/blog.edu.turku.fi\/etaopetus\/wp-json\/wp\/v2\/pages\/567\/revisions\/694"}],"wp:attachment":[{"href":"https:\/\/blog.edu.turku.fi\/etaopetus\/wp-json\/wp\/v2\/media?parent=567"}],"curies":[{"name":"wp","href":"https:\/\/api.w.org\/{rel}","templated":true}]}}