{"id":559,"date":"2021-06-22T11:10:29","date_gmt":"2021-06-22T08:10:29","guid":{"rendered":"https:\/\/blog.edu.turku.fi\/etaopetus\/?page_id=559"},"modified":"2023-05-24T09:30:43","modified_gmt":"2023-05-24T06:30:43","slug":"ohjeita-yleisimpiin-teknisiin-ongelmiin","status":"publish","type":"page","link":"https:\/\/blog.edu.turku.fi\/etaopetus\/ohjeita-yleisimpiin-teknisiin-ongelmiin\/","title":{"rendered":"Ohjeita yleisimpiin teknisiin ongelmiin"},"content":{"rendered":"<h2>Videokuvat tai videot pys\u00e4htelev\u00e4t, \u00e4\u00e4net tai \u00e4\u00e4niraidat eiv\u00e4t kuulu oikein<\/h2>\n<p>Kyseess\u00e4 on todenn\u00e4k\u00f6isesti tietoliikenteeseen liittyv\u00e4 ongelma. Ilmoita ongelmista opettajalle et\u00e4kokouksen keskustelussa tai jollain muulla tavalla. Teamsin tai p\u00e4\u00e4telaitteen uudelleenk\u00e4ynnistys saattaa auttaa.<\/p>\n<h2>Oppilaan \u00e4\u00e4ni ei kuulu lainkaan muille et\u00e4tunnin osallistujille<\/h2>\n<ol>\n<li>Tarkista, ettei mikrofoni ole mykistettyn\u00e4. Huomaa, ett\u00e4\n<ul>\n<li>my\u00f6s opettaja voi mykist\u00e4\u00e4 oppilaan mikrofonin ja voi lis\u00e4ksi est\u00e4\u00e4 oppilasta poistamasta mykistyst\u00e4<\/li>\n<li>joissain kuulokemikrofoneissa on erillinen mykistysnappi esimerkiksi johdossa tai korvan p\u00e4\u00e4lle tulevassa kuulokeosassa.<\/li>\n<\/ul>\n<\/li>\n<li>Varmista, ett\u00e4 mikrofoni on kytketty koneeseen. Jos kyse on USB-liit\u00e4nn\u00e4isest\u00e4 laitteesta, Teams kannattaa k\u00e4ynnist\u00e4\u00e4 uudelleen laitteen liitt\u00e4misen j\u00e4lkeen.<\/li>\n<li>Varmista, ett\u00e4 Teamsin Asetukset=&gt;Laiteasetukset on valittuna oikea mikrofoni. Jos et tied\u00e4, mik\u00e4 valinnoista on oikea, kokeile niit\u00e4 vuorotellen ja pyyd\u00e4 esimerkiksi opettajaa kertomaan muutoksista \u00e4\u00e4nenlaadussa.<\/li>\n<li>Kokeile oppilaan kuulokemikrofoneja toisessa tietokoneessa. Jos laite ei toimi miss\u00e4\u00e4n tietokoneessa, vaihda laite ja ilmoita rikkin\u00e4isest\u00e4 laitteesta eteenp\u00e4in.<\/li>\n<\/ol>\n<h2>Oppilaan \u00e4\u00e4ni kuuluu muille huonosti, \u00e4\u00e4ni kiert\u00e4\u00e4 tai kaikuu<\/h2>\n<ol>\n<li>Varmista, ett\u00e4 Teamsin Asetukset=&gt;Laiteasetukset on valittuna oikea mikrofoni. Jos et tied\u00e4, mik\u00e4 valinnoista on oikea, kokeile niit\u00e4 vuorotellen ja pyyd\u00e4 esimerkiksi opettajaa kertomaan muutoksista \u00e4\u00e4nenlaadussa.<\/li>\n<li>Oppilaan kuulokkeiden liian kova \u00e4\u00e4nenvoimakkuus voi aiheuttaa \u00e4\u00e4nen kiertoa: laske \u00e4\u00e4nenvoimakkuutta.<\/li>\n<li>Jos mikrofoni on liian l\u00e4hell\u00e4 suuta, \u00e4\u00e4ni saattaa kuulua muille liian voimakkaana ja s\u00e4risev\u00e4n\u00e4.<\/li>\n<\/ol>\n<h2>Oppilas ei kuule muita lainkaan tai kuulee heid\u00e4t huonosti<\/h2>\n<ol>\n<li>Varmista Teamsin Asetukset=&gt;Laiteasetukset, ett\u00e4 kaiuttimeksi on valittu oikea laite.<\/li>\n<li>Varmista Teamsin Asetukset=&gt;Laiteasetukset, ettei kaiuttimen \u00e4\u00e4nentasoa ole s\u00e4\u00e4detty liian alhaiseksi.<\/li>\n<li>Varmista oppilaan laitteen \u00e4\u00e4niasetuksista (Windows-tietokoneilla kaiuttimen kuva ruudun oikeassa alalaidassa), ettei \u00e4\u00e4nentaso ole s\u00e4\u00e4detty liian alhaiseksi.<\/li>\n<li>Varmista laitteen \u00e4\u00e4niasetuksista (Windows-tietokoneilla kaiuttimen kuva ruudun oikeassa alalaidassa), ettei \u00e4\u00e4ni\u00e4 ole mykistetty.<\/li>\n<\/ol>\n<h2>Oppilaan kuva ei n\u00e4y<\/h2>\n<ol>\n<li>Varmista, ett\u00e4 videoyhteys on Teamsissa avattu (kameraikoni valikossa).<\/li>\n<li>Varmista, ett\u00e4 web-kamera on hyvin kiinni tietokoneessa. Teamsin uudelleenk\u00e4ynnistys saattaa auttaa.<\/li>\n<li>Varmista, ettei web-kameran kuvaa k\u00e4ytet\u00e4 samaan aikaan toisessa sovelluksessa. Sulje tarvittaessa muut kameraa k\u00e4ytt\u00e4v\u00e4t sovellukset.<\/li>\n<li>Kokeile web-kameraa toisessa tietokoneessa. Jos se ei toimi miss\u00e4\u00e4n tietokoneessa, vaihda laite.<\/li>\n<\/ol>\n","protected":false},"excerpt":{"rendered":"<p>Videokuvat tai videot pys\u00e4htelev\u00e4t, \u00e4\u00e4net tai \u00e4\u00e4niraidat eiv\u00e4t kuulu oikein Kyseess\u00e4 on todenn\u00e4k\u00f6isesti tietoliikenteeseen liittyv\u00e4 ongelma. Ilmoita ongelmista opettajalle et\u00e4kokouksen keskustelussa tai jollain muulla tavalla. Teamsin tai p\u00e4\u00e4telaitteen uudelleenk\u00e4ynnistys saattaa auttaa. Oppilaan \u00e4\u00e4ni ei kuulu lainkaan muille et\u00e4tunnin osallistujille Tarkista, ettei mikrofoni ole mykistettyn\u00e4. Huomaa, ett\u00e4 my\u00f6s opettaja voi mykist\u00e4\u00e4 oppilaan mikrofonin ja voi lis\u00e4ksi &hellip; <a href=\"https:\/\/blog.edu.turku.fi\/etaopetus\/ohjeita-yleisimpiin-teknisiin-ongelmiin\/\" class=\"more-link\">Jatka artikkeliin <span class=\"screen-reader-text\">Ohjeita yleisimpiin teknisiin ongelmiin<\/span><\/a><\/p>\n","protected":false},"author":56,"featured_media":0,"parent":0,"menu_order":0,"comment_status":"closed","ping_status":"closed","template":"","meta":{"footnotes":""},"class_list":["post-559","page","type-page","status-publish","hentry"],"_links":{"self":[{"href":"https:\/\/blog.edu.turku.fi\/etaopetus\/wp-json\/wp\/v2\/pages\/559","targetHints":{"allow":["GET"]}}],"collection":[{"href":"https:\/\/blog.edu.turku.fi\/etaopetus\/wp-json\/wp\/v2\/pages"}],"about":[{"href":"https:\/\/blog.edu.turku.fi\/etaopetus\/wp-json\/wp\/v2\/types\/page"}],"author":[{"embeddable":true,"href":"https:\/\/blog.edu.turku.fi\/etaopetus\/wp-json\/wp\/v2\/users\/56"}],"replies":[{"embeddable":true,"href":"https:\/\/blog.edu.turku.fi\/etaopetus\/wp-json\/wp\/v2\/comments?post=559"}],"version-history":[{"count":4,"href":"https:\/\/blog.edu.turku.fi\/etaopetus\/wp-json\/wp\/v2\/pages\/559\/revisions"}],"predecessor-version":[{"id":632,"href":"https:\/\/blog.edu.turku.fi\/etaopetus\/wp-json\/wp\/v2\/pages\/559\/revisions\/632"}],"wp:attachment":[{"href":"https:\/\/blog.edu.turku.fi\/etaopetus\/wp-json\/wp\/v2\/media?parent=559"}],"curies":[{"name":"wp","href":"https:\/\/api.w.org\/{rel}","templated":true}]}}