{"id":506,"date":"2021-02-23T12:03:36","date_gmt":"2021-02-23T10:03:36","guid":{"rendered":"https:\/\/blog.edu.turku.fi\/etaopetus\/?page_id=506"},"modified":"2025-01-13T10:04:57","modified_gmt":"2025-01-13T08:04:57","slug":"tietoa-etaopetuksesta","status":"publish","type":"page","link":"https:\/\/blog.edu.turku.fi\/etaopetus\/tietoa-etaopetuksesta\/","title":{"rendered":"Tietoa et\u00e4opetuksesta"},"content":{"rendered":"<h2>Peruskoulun et\u00e4opetuksen edell\u00e4k\u00e4vij\u00e4<\/h2>\n<p>Turun kaupunki on vuodesta 2008 l\u00e4htien j\u00e4rjest\u00e4nyt s\u00e4\u00e4nn\u00f6llist\u00e4 et\u00e4opetusta peruskoulun oppilaille valikoiduissa oppiaineissa. Viime vuosina et\u00e4opetusta on j\u00e4rjestetty pienryhm\u00e4isten uskontojen opetuksessa. Peruskoulun et\u00e4opetus on reaaliaikaista eli opettaja ja oppilaat osallistuvat samanaikaisesti et\u00e4tunneille, jotka pidet\u00e4\u00e4n lukuj\u00e4rjestyksen mukaisesti. Kaikki osallistujat voivat kuulla ja n\u00e4hd\u00e4 toisensa.<\/p>\n<p>Peruskoulun oppilaat osallistuvat et\u00e4tunneille omilta kouluiltaan. Oppilaat eiv\u00e4t ole et\u00e4opetustuntien aikana kesken\u00e4\u00e4n vaan heid\u00e4n luonaan on aina valvova aikuinen, useimmiten koulunk\u00e4ynninohjaaja. N\u00e4in taataan turvallinen ymp\u00e4rist\u00f6 oppimiselle ja varmistetaan, ett\u00e4 oppilaat saavat apua tarvittaessa.<\/p>\n<p>Peruskoulun et\u00e4opetuksessa k\u00e4ytet\u00e4\u00e4n Teams-sovellusta. Varsinaiset et\u00e4tunnit j\u00e4rjestet\u00e4\u00e4n Teams-kokouksina, joihin osallistuminen on mahdollista erilaisilla p\u00e4\u00e4telaitteilla eik\u00e4 vaadi kirjautumista. Opetuksessa k\u00e4ytett\u00e4v\u00e4t materiaalit, teht\u00e4v\u00e4t ja kokeet pyrit\u00e4\u00e4n my\u00f6s ensisijaisesti kokoamaan Teamsiin, opetusryhmien omiin tiimeihin.<\/p>\n<h2>Lis\u00e4tietoa<\/h2>\n<p><a href=\"https:\/\/blog.edu.turku.fi\/etaopetus\/etaopetuksen-aloittaminen-ohje-kouluille\/\">Et\u00e4opetuksen aloittaminen, ohje kouluille<\/a><\/p>\n","protected":false},"excerpt":{"rendered":"<p>Peruskoulun et\u00e4opetuksen edell\u00e4k\u00e4vij\u00e4 Turun kaupunki on vuodesta 2008 l\u00e4htien j\u00e4rjest\u00e4nyt s\u00e4\u00e4nn\u00f6llist\u00e4 et\u00e4opetusta peruskoulun oppilaille valikoiduissa oppiaineissa. Viime vuosina et\u00e4opetusta on j\u00e4rjestetty pienryhm\u00e4isten uskontojen opetuksessa. Peruskoulun et\u00e4opetus on reaaliaikaista eli opettaja ja oppilaat osallistuvat samanaikaisesti et\u00e4tunneille, jotka pidet\u00e4\u00e4n lukuj\u00e4rjestyksen mukaisesti. Kaikki osallistujat voivat kuulla ja n\u00e4hd\u00e4 toisensa. Peruskoulun oppilaat osallistuvat et\u00e4tunneille omilta kouluiltaan. Oppilaat eiv\u00e4t ole &hellip; <a href=\"https:\/\/blog.edu.turku.fi\/etaopetus\/tietoa-etaopetuksesta\/\" class=\"more-link\">Jatka artikkeliin <span class=\"screen-reader-text\">Tietoa et\u00e4opetuksesta<\/span><\/a><\/p>\n","protected":false},"author":56,"featured_media":0,"parent":0,"menu_order":0,"comment_status":"closed","ping_status":"closed","template":"","meta":{"footnotes":""},"class_list":["post-506","page","type-page","status-publish","hentry"],"_links":{"self":[{"href":"https:\/\/blog.edu.turku.fi\/etaopetus\/wp-json\/wp\/v2\/pages\/506","targetHints":{"allow":["GET"]}}],"collection":[{"href":"https:\/\/blog.edu.turku.fi\/etaopetus\/wp-json\/wp\/v2\/pages"}],"about":[{"href":"https:\/\/blog.edu.turku.fi\/etaopetus\/wp-json\/wp\/v2\/types\/page"}],"author":[{"embeddable":true,"href":"https:\/\/blog.edu.turku.fi\/etaopetus\/wp-json\/wp\/v2\/users\/56"}],"replies":[{"embeddable":true,"href":"https:\/\/blog.edu.turku.fi\/etaopetus\/wp-json\/wp\/v2\/comments?post=506"}],"version-history":[{"count":7,"href":"https:\/\/blog.edu.turku.fi\/etaopetus\/wp-json\/wp\/v2\/pages\/506\/revisions"}],"predecessor-version":[{"id":674,"href":"https:\/\/blog.edu.turku.fi\/etaopetus\/wp-json\/wp\/v2\/pages\/506\/revisions\/674"}],"wp:attachment":[{"href":"https:\/\/blog.edu.turku.fi\/etaopetus\/wp-json\/wp\/v2\/media?parent=506"}],"curies":[{"name":"wp","href":"https:\/\/api.w.org\/{rel}","templated":true}]}}