{"id":494,"date":"2021-02-17T12:50:18","date_gmt":"2021-02-17T10:50:18","guid":{"rendered":"https:\/\/blog.edu.turku.fi\/etaopetus\/?page_id=494"},"modified":"2023-05-24T09:27:58","modified_gmt":"2023-05-24T06:27:58","slug":"teams-ohjeet","status":"publish","type":"page","link":"https:\/\/blog.edu.turku.fi\/etaopetus\/teams-ohjeet\/","title":{"rendered":"Et\u00e4tunnille liittyminen"},"content":{"rendered":"<h2>Tietokoneella (Windows\/Mac)<\/h2>\n<p>Suosituksena on k\u00e4ytt\u00e4\u00e4 Teams-ty\u00f6p\u00f6yt\u00e4sovellusta, jonka voi tarvittaessa <a href=\"https:\/\/www.microsoft.com\/fi-fi\/microsoft-teams\/download-app\">ladata Microsoftin sivuilta<\/a>. Valitse oikea osoite <a href=\"https:\/\/blog.edu.turku.fi\/etaopetus\/\">t\u00e4m\u00e4n sivuston etusivulta<\/a> ja valitse, ett\u00e4 linkki avataan Teams-ty\u00f6p\u00f6yt\u00e4sovelluksessa (&#8221;Avaa Microsoft Teams&#8221; tai &#8221;Avaa Teams-sovellus&#8221;) . Turun peruskoulujen oppilaat voivat kirjautuvat Teams-ty\u00f6p\u00f6yt\u00e4sovellukseen muodossa tunnus@edu.turku.fi.<\/p>\n<p>Jos ty\u00f6p\u00f6yt\u00e4sovellusta ei ole, linkin voi avata my\u00f6s selaimessa. Valitse t\u00e4ll\u00f6in linkin klikkaamisen j\u00e4lkeen &#8221;Jatka t\u00e4ll\u00e4 selaimella&#8221;.<\/p>\n<h2>iPadill\u00e4<\/h2>\n<p>iPadill\u00e4 Teamsin k\u00e4ytt\u00f6 edellytt\u00e4\u00e4 ilmaisen Teams-sovelluksen asentamista. Asenna se tarvittaessa laitteella k\u00e4yt\u00f6ss\u00e4 olevasta sovelluskaupasta (Turun kaupungin laitteilla Yritysportaali, henkil\u00f6kohtaisissa laitteissa App Store).<\/p>\n<p>Valitse oikea osoite <a href=\"https:\/\/blog.edu.turku.fi\/etaopetus\/\">t\u00e4m\u00e4n sivuston etusivulta<\/a>, Teams-sovelluksen pit\u00e4isi k\u00e4ynnisty\u00e4 automaattisesti. Sovelluksella voi osallistua et\u00e4tunneille anonyymisti mutta suositus on kirjautua omalla edu.turku.fi-tunnuksella.<\/p>\n<h2>Android-laitteella<\/h2>\n<p>Android-laitteilla Teamsin k\u00e4ytt\u00f6 edellytt\u00e4\u00e4 ilmaisen Teams-sovelluksen asentamista. Asenna se tarvittaessa laitteella Play-kaupasta.<\/p>\n<p>Valitse oikea osoite <a href=\"https:\/\/blog.edu.turku.fi\/etaopetus\/\">t\u00e4m\u00e4n sivuston etusivulta<\/a>, Teams-sovelluksen pit\u00e4isi k\u00e4ynnisty\u00e4 automaattisesti. Sovelluksella voi osallistua et\u00e4tunneille anonyymisti mutta suositus on kirjautua omalla edu.turku.fi-tunnuksella.<\/p>\n<h2>Muulla laitteella (mm. Turun Eko-PC)<\/h2>\n<p>Varmista Teamsin toimivuus laitteellasi etuk\u00e4teen. Jos laitteellesi ei ole saatavilla Teams-sovellusta, kokeile toimivuutta selaimessa.<\/p>\n<p>Et\u00e4tunneille voi osallistua riitt\u00e4v\u00e4n uudella Eko-PC-koneella sek\u00e4 v\u00e4hint\u00e4\u00e4n vuoden 2021 Eko-PC-tikulla. Selvit\u00e4 etuk\u00e4teen, onko koulussasi kriteerit t\u00e4ytt\u00e4vi\u00e4 laitteita.<\/p>\n","protected":false},"excerpt":{"rendered":"<p>Tietokoneella (Windows\/Mac) Suosituksena on k\u00e4ytt\u00e4\u00e4 Teams-ty\u00f6p\u00f6yt\u00e4sovellusta, jonka voi tarvittaessa ladata Microsoftin sivuilta. Valitse oikea osoite t\u00e4m\u00e4n sivuston etusivulta ja valitse, ett\u00e4 linkki avataan Teams-ty\u00f6p\u00f6yt\u00e4sovelluksessa (&#8221;Avaa Microsoft Teams&#8221; tai &#8221;Avaa Teams-sovellus&#8221;) . Turun peruskoulujen oppilaat voivat kirjautuvat Teams-ty\u00f6p\u00f6yt\u00e4sovellukseen muodossa tunnus@edu.turku.fi. Jos ty\u00f6p\u00f6yt\u00e4sovellusta ei ole, linkin voi avata my\u00f6s selaimessa. Valitse t\u00e4ll\u00f6in linkin klikkaamisen j\u00e4lkeen &#8221;Jatka t\u00e4ll\u00e4 &hellip; <a href=\"https:\/\/blog.edu.turku.fi\/etaopetus\/teams-ohjeet\/\" class=\"more-link\">Jatka artikkeliin <span class=\"screen-reader-text\">Et\u00e4tunnille liittyminen<\/span><\/a><\/p>\n","protected":false},"author":56,"featured_media":0,"parent":0,"menu_order":0,"comment_status":"closed","ping_status":"closed","template":"","meta":{"footnotes":""},"class_list":["post-494","page","type-page","status-publish","hentry"],"_links":{"self":[{"href":"https:\/\/blog.edu.turku.fi\/etaopetus\/wp-json\/wp\/v2\/pages\/494","targetHints":{"allow":["GET"]}}],"collection":[{"href":"https:\/\/blog.edu.turku.fi\/etaopetus\/wp-json\/wp\/v2\/pages"}],"about":[{"href":"https:\/\/blog.edu.turku.fi\/etaopetus\/wp-json\/wp\/v2\/types\/page"}],"author":[{"embeddable":true,"href":"https:\/\/blog.edu.turku.fi\/etaopetus\/wp-json\/wp\/v2\/users\/56"}],"replies":[{"embeddable":true,"href":"https:\/\/blog.edu.turku.fi\/etaopetus\/wp-json\/wp\/v2\/comments?post=494"}],"version-history":[{"count":12,"href":"https:\/\/blog.edu.turku.fi\/etaopetus\/wp-json\/wp\/v2\/pages\/494\/revisions"}],"predecessor-version":[{"id":630,"href":"https:\/\/blog.edu.turku.fi\/etaopetus\/wp-json\/wp\/v2\/pages\/494\/revisions\/630"}],"wp:attachment":[{"href":"https:\/\/blog.edu.turku.fi\/etaopetus\/wp-json\/wp\/v2\/media?parent=494"}],"curies":[{"name":"wp","href":"https:\/\/api.w.org\/{rel}","templated":true}]}}