{"id":349,"date":"2019-03-15T12:54:48","date_gmt":"2019-03-15T10:54:48","guid":{"rendered":"https:\/\/blog.edu.turku.fi\/etaopetus\/?page_id=349"},"modified":"2023-05-24T10:09:22","modified_gmt":"2023-05-24T07:09:22","slug":"etaopetuksen-aloittaminen-ohje-kouluille","status":"publish","type":"page","link":"https:\/\/blog.edu.turku.fi\/etaopetus\/etaopetuksen-aloittaminen-ohje-kouluille\/","title":{"rendered":"Et\u00e4opetuksen aloittaminen &#8211; ohje kouluille"},"content":{"rendered":"<p>Kun kouluyksik\u00f6ss\u00e4 aloitetaan et\u00e4opetus yhdenkin oppilaan osalta, tulee huomioida seuraavat asiat:<\/p>\n<ul>\n<li>Et\u00e4opetuksen oppilailla tulee olla <strong>rauhallinen ty\u00f6skentelytila<\/strong>. Tila voi olla luokka tai h\u00e4iri\u00f6t\u00f6n osa muuta tilaa esimerkiksi kirjastohuoneessa.<\/li>\n<li>Peruskoulun oppilaan\/oppilaiden luona tulee et\u00e4tunnin aikana olla <strong>valvova aikuinen<\/strong> (&#8221;et\u00e4opetuksen avustaja&#8221;). Avustaja voi olla koulunk\u00e4ynnin ohjaaja, opettaja tai muu koulun osoittama aikuinen.<\/li>\n<li>Et\u00e4opetuksessa k\u00e4ytett\u00e4v\u00e4\u00e4n tilaa tulee tulostaa <a href=\"https:\/\/blog.edu.turku.fi\/etaopetus\/files\/2016\/06\/Et%C3%A4opetuksen-avustajan-ohjeet.pdf\">Ohjeet avustajille ja ratkaisuja yleisimpiin teknisiin ongelmiin<\/a>.<\/li>\n<li>Oppilaan laitteistoksi et\u00e4opetukseen tarvitaan\n<ul>\n<li>P\u00e4\u00e4telaite (tietokone tai iPad)<\/li>\n<li>Internet-yhteys<\/li>\n<li>Web-kamera (sis\u00e4\u00e4nrakennettu tai ulkoinen)<\/li>\n<li>Kuulokemikrofoni (tai kuulokkeet ja laitteen oma mikrofoni)<\/li>\n<\/ul>\n<\/li>\n<li>Jos kouluyksikk\u00f6 toimii samalla et\u00e4opettajan ty\u00f6pisteen\u00e4, my\u00f6s h\u00e4nelle on j\u00e4rjestett\u00e4v\u00e4 rauhallinen ty\u00f6piste ja tarvittavat laitteet opetusty\u00f6t\u00e4 varten.<\/li>\n<li>Et\u00e4opetuskoulun tulee <strong>viesti\u00e4 et\u00e4opettajalle <\/strong>oppilaiden poikkeuksellisesta ohjelmasta (koulun tapahtumat, uintip\u00e4iv\u00e4t tms.), oppilasryhm\u00e4n muutoksista ja muista t\u00e4rkeist\u00e4 asioista.<\/li>\n<\/ul>\n<p>Koulun tulee itse tilata puuttuvat laitteet SAPista (hakusanoiksi voi laittaa mm. &#8221;kuulokemikrofoni&#8221; ja &#8221;web-kamera&#8221;).<\/p>\n<p>Mik\u00e4li et\u00e4opetuksen aloittamisessa on ongelmia tai my\u00f6hemmin ilmenee teknisi\u00e4 pulmia, et\u00e4opetuksen avustaja tai rehtori voi ottaa yhteytt\u00e4 <a href=\"https:\/\/blog.edu.turku.fi\/etaopetus\/yhteystiedot\/\">et\u00e4opetuksen tekniseen tukeen<\/a>.<\/p>\n","protected":false},"excerpt":{"rendered":"<p>Kun kouluyksik\u00f6ss\u00e4 aloitetaan et\u00e4opetus yhdenkin oppilaan osalta, tulee huomioida seuraavat asiat: Et\u00e4opetuksen oppilailla tulee olla rauhallinen ty\u00f6skentelytila. Tila voi olla luokka tai h\u00e4iri\u00f6t\u00f6n osa muuta tilaa esimerkiksi kirjastohuoneessa. Peruskoulun oppilaan\/oppilaiden luona tulee et\u00e4tunnin aikana olla valvova aikuinen (&#8221;et\u00e4opetuksen avustaja&#8221;). Avustaja voi olla koulunk\u00e4ynnin ohjaaja, opettaja tai muu koulun osoittama aikuinen. Et\u00e4opetuksessa k\u00e4ytett\u00e4v\u00e4\u00e4n tilaa tulee tulostaa &hellip; <a href=\"https:\/\/blog.edu.turku.fi\/etaopetus\/etaopetuksen-aloittaminen-ohje-kouluille\/\" class=\"more-link\">Jatka artikkeliin <span class=\"screen-reader-text\">Et\u00e4opetuksen aloittaminen &#8211; ohje kouluille<\/span><\/a><\/p>\n","protected":false},"author":56,"featured_media":0,"parent":0,"menu_order":0,"comment_status":"closed","ping_status":"closed","template":"","meta":{"footnotes":""},"class_list":["post-349","page","type-page","status-publish","hentry"],"_links":{"self":[{"href":"https:\/\/blog.edu.turku.fi\/etaopetus\/wp-json\/wp\/v2\/pages\/349","targetHints":{"allow":["GET"]}}],"collection":[{"href":"https:\/\/blog.edu.turku.fi\/etaopetus\/wp-json\/wp\/v2\/pages"}],"about":[{"href":"https:\/\/blog.edu.turku.fi\/etaopetus\/wp-json\/wp\/v2\/types\/page"}],"author":[{"embeddable":true,"href":"https:\/\/blog.edu.turku.fi\/etaopetus\/wp-json\/wp\/v2\/users\/56"}],"replies":[{"embeddable":true,"href":"https:\/\/blog.edu.turku.fi\/etaopetus\/wp-json\/wp\/v2\/comments?post=349"}],"version-history":[{"count":21,"href":"https:\/\/blog.edu.turku.fi\/etaopetus\/wp-json\/wp\/v2\/pages\/349\/revisions"}],"predecessor-version":[{"id":646,"href":"https:\/\/blog.edu.turku.fi\/etaopetus\/wp-json\/wp\/v2\/pages\/349\/revisions\/646"}],"wp:attachment":[{"href":"https:\/\/blog.edu.turku.fi\/etaopetus\/wp-json\/wp\/v2\/media?parent=349"}],"curies":[{"name":"wp","href":"https:\/\/api.w.org\/{rel}","templated":true}]}}