{"id":22,"date":"2015-06-10T13:45:53","date_gmt":"2015-06-10T10:45:53","guid":{"rendered":"https:\/\/blog.edu.turku.fi\/etaopetus\/?page_id=22"},"modified":"2023-05-24T10:05:38","modified_gmt":"2023-05-24T07:05:38","slug":"ohjeet","status":"publish","type":"page","link":"https:\/\/blog.edu.turku.fi\/etaopetus\/ohjeet\/","title":{"rendered":"Ohjeet"},"content":{"rendered":"<h2>Tulostettavat ohjeet<\/h2>\n<p><a href=\"https:\/\/blog.edu.turku.fi\/etaopetus\/files\/2016\/06\/Et%C3%A4opetuksen-avustajan-ohjeet.pdf\">Et\u00e4opetuksen avustajan ohjeet ja ohjeita yleisimpiin teknisiin ongelmiin<\/a><\/p>\n<h2>Teknisi\u00e4 ohjeita<\/h2>\n<p><a href=\"https:\/\/blog.edu.turku.fi\/etaopetus\/teams-ohjeet\/\">Et\u00e4tunnille liittyminen<\/a><br \/>\n<a href=\"https:\/\/blog.edu.turku.fi\/etaopetus\/etaopetus-ja-ipadit\/\">Et\u00e4opetus ja iPadit<\/a><br \/>\n<a href=\"https:\/\/blog.edu.turku.fi\/etaopetus\/ohjeita-yleisimpiin-teknisiin-ongelmiin\/\">Ohjeita yleisimpiin teknisiin ongelmiin<\/a><\/p>\n<h2>Et\u00e4opetuksen opettajille<\/h2>\n<p><a href=\"https:\/\/blog.edu.turku.fi\/etaopetus\/etakokousten-suositellut-asetukset\/\">Et\u00e4kokousten suositellut asetukset<\/a><\/p>\n<h2>Et\u00e4opetuksen j\u00e4rjestelyt<\/h2>\n<p><a href=\"https:\/\/blog.edu.turku.fi\/etaopetus\/etaopetuksen-aloittaminen-ohje-kouluille\/\">Et\u00e4opetuksen aloittaminen, ohje kouluille<\/a><br \/>\n<a href=\"https:\/\/blog.edu.turku.fi\/etaopetus\/etaopettajan-sijaisena-toimiminen\/\">Et\u00e4opettajan sijaisena toimiminen<\/a><\/p>\n","protected":false},"excerpt":{"rendered":"<p>Tulostettavat ohjeet Et\u00e4opetuksen avustajan ohjeet ja ohjeita yleisimpiin teknisiin ongelmiin Teknisi\u00e4 ohjeita Et\u00e4tunnille liittyminen Et\u00e4opetus ja iPadit Ohjeita yleisimpiin teknisiin ongelmiin Et\u00e4opetuksen opettajille Et\u00e4kokousten suositellut asetukset Et\u00e4opetuksen j\u00e4rjestelyt Et\u00e4opetuksen aloittaminen, ohje kouluille Et\u00e4opettajan sijaisena toimiminen<\/p>\n","protected":false},"author":56,"featured_media":0,"parent":0,"menu_order":4,"comment_status":"closed","ping_status":"closed","template":"","meta":{"footnotes":""},"class_list":["post-22","page","type-page","status-publish","hentry"],"_links":{"self":[{"href":"https:\/\/blog.edu.turku.fi\/etaopetus\/wp-json\/wp\/v2\/pages\/22","targetHints":{"allow":["GET"]}}],"collection":[{"href":"https:\/\/blog.edu.turku.fi\/etaopetus\/wp-json\/wp\/v2\/pages"}],"about":[{"href":"https:\/\/blog.edu.turku.fi\/etaopetus\/wp-json\/wp\/v2\/types\/page"}],"author":[{"embeddable":true,"href":"https:\/\/blog.edu.turku.fi\/etaopetus\/wp-json\/wp\/v2\/users\/56"}],"replies":[{"embeddable":true,"href":"https:\/\/blog.edu.turku.fi\/etaopetus\/wp-json\/wp\/v2\/comments?post=22"}],"version-history":[{"count":50,"href":"https:\/\/blog.edu.turku.fi\/etaopetus\/wp-json\/wp\/v2\/pages\/22\/revisions"}],"predecessor-version":[{"id":642,"href":"https:\/\/blog.edu.turku.fi\/etaopetus\/wp-json\/wp\/v2\/pages\/22\/revisions\/642"}],"wp:attachment":[{"href":"https:\/\/blog.edu.turku.fi\/etaopetus\/wp-json\/wp\/v2\/media?parent=22"}],"curies":[{"name":"wp","href":"https:\/\/api.w.org\/{rel}","templated":true}]}}