{"id":2,"date":"2015-06-10T13:26:01","date_gmt":"2015-06-10T10:26:01","guid":{"rendered":"https:\/\/blog.edu.turku.fi\/etaopetus\/?page_id=2"},"modified":"2026-03-16T15:58:41","modified_gmt":"2026-03-16T13:58:41","slug":"esimerkkisivu","status":"publish","type":"page","link":"https:\/\/blog.edu.turku.fi\/etaopetus\/","title":{"rendered":"Linkit et\u00e4huoneisiin"},"content":{"rendered":"<h2><strong>Ortodoksinen uskonto<\/strong><\/h2>\n<p><strong>Opettaja: Paula Rannikko<\/strong><br \/>\n<a href=\"https:\/\/teams.microsoft.com\/l\/meetup-join\/19%3ameeting_MmRhZDk2ZDktZTFhZi00OThhLWEyMGItNDg4OTUwN2U1NGFm%40thread.v2\/0?context=%7b%22Tid%22%3a%22e59f7c03-5759-46b0-af27-7adce0770181%22%2c%22Oid%22%3a%2256283b93-db84-4cd4-9c14-7d8d94af2d09%22%7d\">Linkki et\u00e4tunnille<\/a><\/p>\n<p><strong>Opettaja: Markus Hyt\u00f6nen<\/strong><br \/>\n<a href=\"https:\/\/teams.microsoft.com\/l\/meetup-join\/19%3ameeting_MmE2Mzc5YzMtMGNkOS00MmM3LWIzZmYtMTcyNGE0ODM3NTI4%40thread.v2\/0?context=%7b%22Tid%22%3a%22e59f7c03-5759-46b0-af27-7adce0770181%22%2c%22Oid%22%3a%22cc0ea7b6-16eb-406d-8502-8fee05f3a073%22%7d\">Linkki et\u00e4tunnille<\/a><\/p>\n<h2><strong>Katolinen uskonto<\/strong><\/h2>\n<p><strong>Opettaja: Abla Nkegbe<\/strong><br \/>\n<a href=\"https:\/\/teams.microsoft.com\/l\/meetup-join\/19%3ameeting_YmJhZTdlMTItZTUxYi00ZmY4LWE5MjctNDhmOGM5NzQzNGQ1%40thread.v2\/0?context=%7b%22Tid%22%3a%22e59f7c03-5759-46b0-af27-7adce0770181%22%2c%22Oid%22%3a%223b64d2f4-e108-4412-8765-9c9df1e9ddc2%22%7d\">Linkki et\u00e4tunnille<\/a><\/p>\n<h2><strong>Islamin uskonto<\/strong><\/h2>\n<p><span class=\"huomioteksti\">Huom! Useita opettajia, valitse oikea linkki!<\/span><\/p>\n<p><strong>Opettaja: Marjukka J\u00e4ntti<\/strong><br \/>\n<a href=\"https:\/\/teams.microsoft.com\/meet\/39300552650620?p=XD1y5Jseey0Jk5bA5Q\">Linkki et\u00e4tunnille<\/a><\/p>\n<p><strong>Opettaja: Nusrat Habib<\/strong><br \/>\n<a href=\"https:\/\/teams.microsoft.com\/l\/meetup-join\/19%3ameeting_MWZmYjAxOTYtNDZmZC00NjY2LTkwZjUtOWUyMzAxNGU1MWE1%40thread.v2\/0?context=%7b%22Tid%22%3a%22e59f7c03-5759-46b0-af27-7adce0770181%22%2c%22Oid%22%3a%2239cece5b-e8cb-42aa-b1ba-5fb04d1717ac%22%7d\">Linkki et\u00e4tunnille<\/a><\/p>\n<p><strong>Opettaja: Adan Muhamed Gadid<\/strong><br \/>\n<a href=\"https:\/\/teams.microsoft.com\/l\/meetup-join\/19%3ameeting_ZTYxYjg4NTItNTNjYS00NjJhLTg3ZmEtYWZkN2EzNzNlMDQz%40thread.v2\/0?context=%7b%22Tid%22%3a%22e59f7c03-5759-46b0-af27-7adce0770181%22%2c%22Oid%22%3a%2223de7171-1f94-42f2-8ec4-09ec77d25ae8%22%7d\">Linkki et\u00e4tunnille<\/a><\/p>\n<p><strong>Opettaja: Pirjo Jansson<\/strong><br \/>\n<a href=\"https:\/\/teams.microsoft.com\/l\/meetup-join\/19%3ameeting_YTJiMzAwOTAtZTA1Yi00MmY1LTgxZmYtZTE1MTFiMTQ4MDVl%40thread.v2\/0?context=%7b%22Tid%22%3a%22e59f7c03-5759-46b0-af27-7adce0770181%22%2c%22Oid%22%3a%22325249f7-cf92-40a7-b595-2b7160dd847a%22%7d\">Linkki et\u00e4tunnille<\/a><\/p>\n<pre>Huom! Et\u00e4huoneiden osoitteet saattavat muuttua ajoittain. K\u00e4yt\u00e4 et\u00e4opetustunnille liittyess\u00e4si aina t\u00e4m\u00e4n sivun linkkej\u00e4.<\/pre>\n","protected":false},"excerpt":{"rendered":"<p>Ortodoksinen uskonto Opettaja: Paula Rannikko Linkki et\u00e4tunnille Opettaja: Markus Hyt\u00f6nen Linkki et\u00e4tunnille Katolinen uskonto Opettaja: Abla Nkegbe Linkki et\u00e4tunnille Islamin uskonto Huom! Useita opettajia, valitse oikea linkki! Opettaja: Marjukka J\u00e4ntti Linkki et\u00e4tunnille Opettaja: Nusrat Habib Linkki et\u00e4tunnille Opettaja: Adan Muhamed Gadid Linkki et\u00e4tunnille Opettaja: Pirjo Jansson Linkki et\u00e4tunnille Huom! Et\u00e4huoneiden osoitteet saattavat muuttua ajoittain. K\u00e4yt\u00e4 &hellip; <a href=\"https:\/\/blog.edu.turku.fi\/etaopetus\/\" class=\"more-link\">Jatka artikkeliin <span class=\"screen-reader-text\">Linkit et\u00e4huoneisiin<\/span><\/a><\/p>\n","protected":false},"author":56,"featured_media":0,"parent":0,"menu_order":0,"comment_status":"closed","ping_status":"closed","template":"","meta":{"footnotes":""},"class_list":["post-2","page","type-page","status-publish","hentry"],"_links":{"self":[{"href":"https:\/\/blog.edu.turku.fi\/etaopetus\/wp-json\/wp\/v2\/pages\/2","targetHints":{"allow":["GET"]}}],"collection":[{"href":"https:\/\/blog.edu.turku.fi\/etaopetus\/wp-json\/wp\/v2\/pages"}],"about":[{"href":"https:\/\/blog.edu.turku.fi\/etaopetus\/wp-json\/wp\/v2\/types\/page"}],"author":[{"embeddable":true,"href":"https:\/\/blog.edu.turku.fi\/etaopetus\/wp-json\/wp\/v2\/users\/56"}],"replies":[{"embeddable":true,"href":"https:\/\/blog.edu.turku.fi\/etaopetus\/wp-json\/wp\/v2\/comments?post=2"}],"version-history":[{"count":143,"href":"https:\/\/blog.edu.turku.fi\/etaopetus\/wp-json\/wp\/v2\/pages\/2\/revisions"}],"predecessor-version":[{"id":699,"href":"https:\/\/blog.edu.turku.fi\/etaopetus\/wp-json\/wp\/v2\/pages\/2\/revisions\/699"}],"wp:attachment":[{"href":"https:\/\/blog.edu.turku.fi\/etaopetus\/wp-json\/wp\/v2\/media?parent=2"}],"curies":[{"name":"wp","href":"https:\/\/api.w.org\/{rel}","templated":true}]}}