{"id":17,"date":"2016-02-05T13:32:28","date_gmt":"2016-02-05T11:32:28","guid":{"rendered":"https:\/\/blog.edu.turku.fi\/esimerkkikoulu\/?page_id=17"},"modified":"2019-06-03T12:35:53","modified_gmt":"2019-06-03T09:35:53","slug":"opetus","status":"publish","type":"page","link":"https:\/\/blog.edu.turku.fi\/esimerkkikoulu\/opetus\/","title":{"rendered":"Opetus"},"content":{"rendered":"<h2>Toiminta-ajatus<\/h2>\n<p>Esimerkkikoulu on iloinen, omaleimainen koulu, jossa oppilaalla on turvallinen oppimisymp\u00e4rist\u00f6. Koulu kasvattaa yhdess\u00e4 vanhempien kanssa oppilaasta kokonaispersoonallisuudeltaan tasapainoista yksil\u00f6\u00e4.<\/p>\n<h2>Tavoitteet<\/h2>\n<ul>\n<li>Oppilaalla on riitt\u00e4v\u00e4t perustiedot ja taidot kyet\u00e4kseen siirtym\u00e4\u00e4n seuraavalle luokalle.<\/li>\n<li>Oppilas tuntee vastuuta itsest\u00e4\u00e4n, toisista ja ymp\u00e4rist\u00f6st\u00e4\u00e4n.<\/li>\n<li>Oppilas kehitt\u00e4\u00e4 itse\u00e4\u00e4n monipuolisesti.<\/li>\n<li>Oppilas arvostaa omaa kulttuuriaan sek\u00e4 suvaitsee monikulttuurisen maailman.<\/li>\n<li>Oppilas arvostaa omaa ja toisten ty\u00f6t\u00e4.<\/li>\n<li>Oppilas harjaantuu oma-aloitteisuuteen ja luovaan ajatteluun sek\u00e4 toimintaan.<\/li>\n<\/ul>\n","protected":false},"excerpt":{"rendered":"<p>Toiminta-ajatus Esimerkkikoulu on iloinen, omaleimainen koulu, jossa oppilaalla on turvallinen oppimisymp\u00e4rist\u00f6. Koulu kasvattaa yhdess\u00e4 vanhempien kanssa oppilaasta kokonaispersoonallisuudeltaan tasapainoista yksil\u00f6\u00e4. Tavoitteet Oppilaalla on riitt\u00e4v\u00e4t perustiedot ja taidot kyet\u00e4kseen siirtym\u00e4\u00e4n seuraavalle luokalle. Oppilas tuntee vastuuta itsest\u00e4\u00e4n, toisista ja ymp\u00e4rist\u00f6st\u00e4\u00e4n. Oppilas kehitt\u00e4\u00e4 itse\u00e4\u00e4n monipuolisesti. Oppilas arvostaa omaa kulttuuriaan sek\u00e4 suvaitsee monikulttuurisen maailman. Oppilas arvostaa omaa ja toisten &hellip; <a href=\"https:\/\/blog.edu.turku.fi\/esimerkkikoulu\/opetus\/\" class=\"more-link\">Jatka lukemista<span class=\"screen-reader-text\"> &#8221;Opetus&#8221;<\/span><\/a><\/p>\n","protected":false},"author":56,"featured_media":0,"parent":0,"menu_order":0,"comment_status":"closed","ping_status":"closed","template":"","meta":{"footnotes":""},"class_list":["post-17","page","type-page","status-publish","hentry"],"_links":{"self":[{"href":"https:\/\/blog.edu.turku.fi\/esimerkkikoulu\/wp-json\/wp\/v2\/pages\/17","targetHints":{"allow":["GET"]}}],"collection":[{"href":"https:\/\/blog.edu.turku.fi\/esimerkkikoulu\/wp-json\/wp\/v2\/pages"}],"about":[{"href":"https:\/\/blog.edu.turku.fi\/esimerkkikoulu\/wp-json\/wp\/v2\/types\/page"}],"author":[{"embeddable":true,"href":"https:\/\/blog.edu.turku.fi\/esimerkkikoulu\/wp-json\/wp\/v2\/users\/56"}],"replies":[{"embeddable":true,"href":"https:\/\/blog.edu.turku.fi\/esimerkkikoulu\/wp-json\/wp\/v2\/comments?post=17"}],"version-history":[{"count":3,"href":"https:\/\/blog.edu.turku.fi\/esimerkkikoulu\/wp-json\/wp\/v2\/pages\/17\/revisions"}],"predecessor-version":[{"id":100,"href":"https:\/\/blog.edu.turku.fi\/esimerkkikoulu\/wp-json\/wp\/v2\/pages\/17\/revisions\/100"}],"wp:attachment":[{"href":"https:\/\/blog.edu.turku.fi\/esimerkkikoulu\/wp-json\/wp\/v2\/media?parent=17"}],"curies":[{"name":"wp","href":"https:\/\/api.w.org\/{rel}","templated":true}]}}