{"id":15,"date":"2016-02-05T13:31:14","date_gmt":"2016-02-05T11:31:14","guid":{"rendered":"https:\/\/blog.edu.turku.fi\/esimerkkikoulu\/?page_id=15"},"modified":"2020-09-15T13:21:53","modified_gmt":"2020-09-15T10:21:53","slug":"koehenkiloraitin-yksikko","status":"publish","type":"page","link":"https:\/\/blog.edu.turku.fi\/esimerkkikoulu\/koehenkiloraitin-yksikko\/","title":{"rendered":"Koehenkil\u00f6raitin yksikk\u00f6"},"content":{"rendered":"<p><img loading=\"lazy\" decoding=\"async\" class=\"alignright wp-image-13 size-full\" src=\"https:\/\/blog.edu.turku.fi\/esimerkkikoulu\/files\/2016\/02\/Lietsalan_koulu_Naantali_11.4_3.jpg\" alt=\"Koulun julkisivu.\" width=\"450\" height=\"338\" srcset=\"https:\/\/blog.edu.turku.fi\/esimerkkikoulu\/files\/2016\/02\/Lietsalan_koulu_Naantali_11.4_3.jpg 450w, https:\/\/blog.edu.turku.fi\/esimerkkikoulu\/files\/2016\/02\/Lietsalan_koulu_Naantali_11.4_3-300x225.jpg 300w\" sizes=\"auto, (max-width: 450px) 85vw, 450px\" \/><\/p>\n<p>Koehenkil\u00f6nraitti 987<br \/>\n20900 Turku<br \/>\n<a href=\"https:\/\/opaskartta.turku.fi\/IMS\/?layers=Opaskartta&amp;cp=6703987,23461548&amp;z=0.25&amp;title=Lemmink%C3%A4isenkatu%2032b%2C%20Turku\">N\u00e4yt\u00e4 osoite kartalla<\/a><\/p>\n<p>Puh. 02 123 4567<br \/>\nPuh. 050 123 2345<\/p>\n","protected":false},"excerpt":{"rendered":"<p>Koehenkil\u00f6nraitti 987 20900 Turku N\u00e4yt\u00e4 osoite kartalla Puh. 02 123 4567 Puh. 050 123 2345<\/p>\n","protected":false},"author":56,"featured_media":0,"parent":0,"menu_order":0,"comment_status":"closed","ping_status":"closed","template":"","meta":{"footnotes":""},"class_list":["post-15","page","type-page","status-publish","hentry"],"_links":{"self":[{"href":"https:\/\/blog.edu.turku.fi\/esimerkkikoulu\/wp-json\/wp\/v2\/pages\/15","targetHints":{"allow":["GET"]}}],"collection":[{"href":"https:\/\/blog.edu.turku.fi\/esimerkkikoulu\/wp-json\/wp\/v2\/pages"}],"about":[{"href":"https:\/\/blog.edu.turku.fi\/esimerkkikoulu\/wp-json\/wp\/v2\/types\/page"}],"author":[{"embeddable":true,"href":"https:\/\/blog.edu.turku.fi\/esimerkkikoulu\/wp-json\/wp\/v2\/users\/56"}],"replies":[{"embeddable":true,"href":"https:\/\/blog.edu.turku.fi\/esimerkkikoulu\/wp-json\/wp\/v2\/comments?post=15"}],"version-history":[{"count":4,"href":"https:\/\/blog.edu.turku.fi\/esimerkkikoulu\/wp-json\/wp\/v2\/pages\/15\/revisions"}],"predecessor-version":[{"id":139,"href":"https:\/\/blog.edu.turku.fi\/esimerkkikoulu\/wp-json\/wp\/v2\/pages\/15\/revisions\/139"}],"wp:attachment":[{"href":"https:\/\/blog.edu.turku.fi\/esimerkkikoulu\/wp-json\/wp\/v2\/media?parent=15"}],"curies":[{"name":"wp","href":"https:\/\/api.w.org\/{rel}","templated":true}]}}