{"id":149,"date":"2020-10-06T10:30:47","date_gmt":"2020-10-06T07:30:47","guid":{"rendered":"https:\/\/blog.edu.turku.fi\/esimerkkikoulu\/?page_id=149"},"modified":"2020-10-06T12:10:06","modified_gmt":"2020-10-06T09:10:06","slug":"etusivu","status":"publish","type":"page","link":"https:\/\/blog.edu.turku.fi\/esimerkkikoulu\/","title":{"rendered":"Etusivu"},"content":{"rendered":"<p>Etusivulle voit kirjoittaa koulun esittelyteksti\u00e4. Vaihtoehtoisesti etusivulla voidaan esitt\u00e4\u00e4 sivuston artikkelit.<\/p>\n","protected":false},"excerpt":{"rendered":"<p>Etusivulle voit kirjoittaa koulun esittelyteksti\u00e4. Vaihtoehtoisesti etusivulla voidaan esitt\u00e4\u00e4 sivuston artikkelit.<\/p>\n","protected":false},"author":56,"featured_media":0,"parent":0,"menu_order":0,"comment_status":"closed","ping_status":"closed","template":"","meta":{"footnotes":""},"class_list":["post-149","page","type-page","status-publish","hentry"],"_links":{"self":[{"href":"https:\/\/blog.edu.turku.fi\/esimerkkikoulu\/wp-json\/wp\/v2\/pages\/149","targetHints":{"allow":["GET"]}}],"collection":[{"href":"https:\/\/blog.edu.turku.fi\/esimerkkikoulu\/wp-json\/wp\/v2\/pages"}],"about":[{"href":"https:\/\/blog.edu.turku.fi\/esimerkkikoulu\/wp-json\/wp\/v2\/types\/page"}],"author":[{"embeddable":true,"href":"https:\/\/blog.edu.turku.fi\/esimerkkikoulu\/wp-json\/wp\/v2\/users\/56"}],"replies":[{"embeddable":true,"href":"https:\/\/blog.edu.turku.fi\/esimerkkikoulu\/wp-json\/wp\/v2\/comments?post=149"}],"version-history":[{"count":1,"href":"https:\/\/blog.edu.turku.fi\/esimerkkikoulu\/wp-json\/wp\/v2\/pages\/149\/revisions"}],"predecessor-version":[{"id":151,"href":"https:\/\/blog.edu.turku.fi\/esimerkkikoulu\/wp-json\/wp\/v2\/pages\/149\/revisions\/151"}],"wp:attachment":[{"href":"https:\/\/blog.edu.turku.fi\/esimerkkikoulu\/wp-json\/wp\/v2\/media?parent=149"}],"curies":[{"name":"wp","href":"https:\/\/api.w.org\/{rel}","templated":true}]}}