{"id":97,"date":"2023-03-17T20:44:09","date_gmt":"2023-03-17T18:44:09","guid":{"rendered":"https:\/\/blog.edu.turku.fi\/erasmusbarcelona\/?page_id=97"},"modified":"2023-03-17T20:44:09","modified_gmt":"2023-03-17T18:44:09","slug":"viides-vapaa-aamupaiva","status":"publish","type":"page","link":"https:\/\/blog.edu.turku.fi\/erasmusbarcelona\/viides-vapaa-aamupaiva\/","title":{"rendered":"Viides vapaa aamup\u00e4iv\u00e4"},"content":{"rendered":"<p>T\u00e4n\u00e4\u00e4n s\u00e4\u00e4 oli v\u00e4h\u00e4n pilvinen, mutta silti ihan l\u00e4mmin. L\u00e4hdimme heti aamusta metrolla Arc de Triumfille, josta on lyhyt k\u00e4velymatka Parc de Ciutadellaan. Ciutadella on suurehko puisto keskustan alueella, Bornen kaupunginosan kupeessa, jossa on kaunis suihkul\u00e4hde, viheralueita ja pieni\u00e4 hiekkapolkuja joilla kuljeskella. Kaunista, ja rauhallista. Olemme ihmetelleet t\u00e4\u00e4ll\u00e4 valtavaa koirien m\u00e4\u00e4r\u00e4\u00e4. Suurin osa koirista kulkee vapaana ja seuraa kiltisti omistajaansa, monella on my\u00f6s useampia koiria, t\u00e4ll\u00e4kin reissulla n\u00e4imme varmasti useamman kymment\u00e4. Ciutadellasta l\u00f6ytyy my\u00f6s el\u00e4intarha, jos sellaisessa haluaa vierailla.<\/p>\n<p>Puiston j\u00e4lkeen l\u00e4hdimme kuljeskelemaan Bornen kaupunginosaan, joka oli niin kaunis. Jos asuisimme Barcelonassa, olisi se t\u00e4\u00e4ll\u00e4. Kapeita kujia, pieni\u00e4 liikkeit\u00e4 ja kahviloita ja ihana tunnelma. K\u00e4vimme brunssilla ja oikaisimme kaupunginosan l\u00e4pi Las Ramblasille, josta ostimme v\u00e4h\u00e4n matkamuistoja. V\u00e4limatkat keskustassa ovat lyhyit\u00e4, mutta t\u00e4n\u00e4\u00e4nkin k\u00e4velimme l\u00e4hes 9 km, vaikka kuljimme pisimm\u00e4n matkan metrolla.<\/p>\n<p><img loading=\"lazy\" decoding=\"async\" class=\"aligncenter size-full wp-image-98\" src=\"https:\/\/blog.edu.turku.fi\/erasmusbarcelona\/files\/2023\/03\/Rakennus.jpg\" alt=\"\" width=\"768\" height=\"1024\" srcset=\"https:\/\/blog.edu.turku.fi\/erasmusbarcelona\/files\/2023\/03\/Rakennus.jpg 768w, https:\/\/blog.edu.turku.fi\/erasmusbarcelona\/files\/2023\/03\/Rakennus-225x300.jpg 225w\" sizes=\"auto, (max-width: 768px) 85vw, 768px\" \/> <img loading=\"lazy\" decoding=\"async\" class=\"aligncenter size-full wp-image-99\" src=\"https:\/\/blog.edu.turku.fi\/erasmusbarcelona\/files\/2023\/03\/Parc-de-Ciutadella.jpg\" alt=\"\" width=\"1024\" height=\"768\" srcset=\"https:\/\/blog.edu.turku.fi\/erasmusbarcelona\/files\/2023\/03\/Parc-de-Ciutadella.jpg 1024w, https:\/\/blog.edu.turku.fi\/erasmusbarcelona\/files\/2023\/03\/Parc-de-Ciutadella-300x225.jpg 300w\" sizes=\"auto, (max-width: 709px) 85vw, (max-width: 909px) 67vw, (max-width: 1362px) 62vw, 840px\" \/><\/p>\n<p>Cascada-suihkul\u00e4hde<\/p>\n<p><img loading=\"lazy\" decoding=\"async\" class=\"aligncenter size-full wp-image-100\" src=\"https:\/\/blog.edu.turku.fi\/erasmusbarcelona\/files\/2023\/03\/Borne.jpg\" alt=\"\" width=\"768\" height=\"1024\" srcset=\"https:\/\/blog.edu.turku.fi\/erasmusbarcelona\/files\/2023\/03\/Borne.jpg 768w, https:\/\/blog.edu.turku.fi\/erasmusbarcelona\/files\/2023\/03\/Borne-225x300.jpg 225w\" sizes=\"auto, (max-width: 768px) 85vw, 768px\" \/><\/p>\n<p>Borne<\/p>\n","protected":false},"excerpt":{"rendered":"<p>T\u00e4n\u00e4\u00e4n s\u00e4\u00e4 oli v\u00e4h\u00e4n pilvinen, mutta silti ihan l\u00e4mmin. L\u00e4hdimme heti aamusta metrolla Arc de Triumfille, josta on lyhyt k\u00e4velymatka Parc de Ciutadellaan. Ciutadella on suurehko puisto keskustan alueella, Bornen kaupunginosan kupeessa, jossa on kaunis suihkul\u00e4hde, viheralueita ja pieni\u00e4 hiekkapolkuja joilla kuljeskella. Kaunista, ja rauhallista. Olemme ihmetelleet t\u00e4\u00e4ll\u00e4 valtavaa koirien m\u00e4\u00e4r\u00e4\u00e4. Suurin osa koirista kulkee &hellip; <a href=\"https:\/\/blog.edu.turku.fi\/erasmusbarcelona\/viides-vapaa-aamupaiva\/\" class=\"more-link\">Jatka lukemista<span class=\"screen-reader-text\"> &#8221;Viides vapaa aamup\u00e4iv\u00e4&#8221;<\/span><\/a><\/p>\n","protected":false},"author":313,"featured_media":0,"parent":0,"menu_order":0,"comment_status":"closed","ping_status":"closed","template":"","meta":{"footnotes":""},"class_list":["post-97","page","type-page","status-publish","hentry"],"_links":{"self":[{"href":"https:\/\/blog.edu.turku.fi\/erasmusbarcelona\/wp-json\/wp\/v2\/pages\/97","targetHints":{"allow":["GET"]}}],"collection":[{"href":"https:\/\/blog.edu.turku.fi\/erasmusbarcelona\/wp-json\/wp\/v2\/pages"}],"about":[{"href":"https:\/\/blog.edu.turku.fi\/erasmusbarcelona\/wp-json\/wp\/v2\/types\/page"}],"author":[{"embeddable":true,"href":"https:\/\/blog.edu.turku.fi\/erasmusbarcelona\/wp-json\/wp\/v2\/users\/313"}],"replies":[{"embeddable":true,"href":"https:\/\/blog.edu.turku.fi\/erasmusbarcelona\/wp-json\/wp\/v2\/comments?post=97"}],"version-history":[{"count":1,"href":"https:\/\/blog.edu.turku.fi\/erasmusbarcelona\/wp-json\/wp\/v2\/pages\/97\/revisions"}],"predecessor-version":[{"id":101,"href":"https:\/\/blog.edu.turku.fi\/erasmusbarcelona\/wp-json\/wp\/v2\/pages\/97\/revisions\/101"}],"wp:attachment":[{"href":"https:\/\/blog.edu.turku.fi\/erasmusbarcelona\/wp-json\/wp\/v2\/media?parent=97"}],"curies":[{"name":"wp","href":"https:\/\/api.w.org\/{rel}","templated":true}]}}