{"id":92,"date":"2023-03-17T20:26:14","date_gmt":"2023-03-17T18:26:14","guid":{"rendered":"https:\/\/blog.edu.turku.fi\/erasmusbarcelona\/?page_id=92"},"modified":"2023-03-17T20:26:14","modified_gmt":"2023-03-17T18:26:14","slug":"viides-ja-viimeinen-varsinainen-kurssipaiva","status":"publish","type":"page","link":"https:\/\/blog.edu.turku.fi\/erasmusbarcelona\/viides-ja-viimeinen-varsinainen-kurssipaiva\/","title":{"rendered":"Viides ja viimeinen varsinainen kurssip\u00e4iv\u00e4"},"content":{"rendered":"<p>T\u00e4n\u00e4\u00e4n meill\u00e4 oli viimeinen varsinainen kurssip\u00e4iv\u00e4, huomenna tutustumme paikalliseen kulttuuriin.<\/p>\n<p>T\u00e4n\u00e4\u00e4n aiheena oli kommunikointi. Keskustelimme vahvuuksistamme kommunikoidessa, ja mietimme empatian t\u00e4rkeytt\u00e4. Teht\u00e4v\u00e4n\u00e4 oli nostaa kortti kuvan perusteella, kuvien takana oli vahvuuksia. Teht\u00e4v\u00e4n\u00e4 oli mietti\u00e4 sopiiko ko. sana itselle, tai onko se asia jonka itse kokee vahvuudekseen.<br \/>\nHarjoittelimme my\u00f6s huolellista ohjeistamista ja kuuntelemista. Opettaja jakoi toiselle parista kuvan, ja toiselle kyn\u00e4n ja paperin. Pari istuivat sel\u00e4t vastakkain, ja teht\u00e4v\u00e4n\u00e4 oli kuvailla kuvaa niin selke\u00e4sti, ett\u00e4 pari pystyi piirt\u00e4m\u00e4\u00e4n sen ilman n\u00e4kemist\u00e4. T\u00e4ss\u00e4 olimme taitavia, huomaa ett\u00e4 yhteisty\u00f6 sujuu!<\/p>\n<p>K\u00e4sittelimme my\u00f6s aihetta assertive communication, eli vakuuttavaa kommunikaatiota. T\u00e4h\u00e4n sis\u00e4ltyy tietynlainen j\u00e4m\u00e4kkyys, selkeys mutta my\u00f6s empatia. Saimme monisteen jossa oli kuvailtu erilaisia tilanteita, ja n\u00e4ihin piti mietti\u00e4 passiivinen, aggressiivinen ja vakuuttava vastaus. Huomasimme, ett\u00e4 oli hankala keksi\u00e4 kovin aggressiivisia vastauksia. Teht\u00e4v\u00e4 oli erinomainen ja selke\u00e4, ja vaikka t\u00e4m\u00e4n tyyppisi\u00e4 harjoitteita oppilaiden kanssa tehd\u00e4\u00e4nkin, tuo t\u00e4m\u00e4 viel\u00e4 enemm\u00e4n selkeytt\u00e4 harjoitteeseen.<\/p>\n<p><img loading=\"lazy\" decoding=\"async\" class=\"aligncenter size-full wp-image-95\" src=\"https:\/\/blog.edu.turku.fi\/erasmusbarcelona\/files\/2023\/03\/empatia.jpg\" alt=\"\" width=\"1024\" height=\"768\" srcset=\"https:\/\/blog.edu.turku.fi\/erasmusbarcelona\/files\/2023\/03\/empatia.jpg 1024w, https:\/\/blog.edu.turku.fi\/erasmusbarcelona\/files\/2023\/03\/empatia-300x225.jpg 300w\" sizes=\"auto, (max-width: 709px) 85vw, (max-width: 909px) 67vw, (max-width: 1362px) 62vw, 840px\" \/><\/p>\n<p>Empatia<\/p>\n<p><img loading=\"lazy\" decoding=\"async\" class=\"aligncenter size-full wp-image-93\" src=\"https:\/\/blog.edu.turku.fi\/erasmusbarcelona\/files\/2023\/03\/vahvuudet.jpg\" alt=\"\" width=\"1024\" height=\"768\" srcset=\"https:\/\/blog.edu.turku.fi\/erasmusbarcelona\/files\/2023\/03\/vahvuudet.jpg 1024w, https:\/\/blog.edu.turku.fi\/erasmusbarcelona\/files\/2023\/03\/vahvuudet-300x225.jpg 300w\" sizes=\"auto, (max-width: 709px) 85vw, (max-width: 909px) 67vw, (max-width: 1362px) 62vw, 840px\" \/><\/p>\n<p>Vahvuuskortit<\/p>\n<p><img loading=\"lazy\" decoding=\"async\" class=\"aligncenter size-full wp-image-94\" src=\"https:\/\/blog.edu.turku.fi\/erasmusbarcelona\/files\/2023\/03\/ohjeistus-ja-kuunteleminen.jpg\" alt=\"\" width=\"768\" height=\"1024\" srcset=\"https:\/\/blog.edu.turku.fi\/erasmusbarcelona\/files\/2023\/03\/ohjeistus-ja-kuunteleminen.jpg 768w, https:\/\/blog.edu.turku.fi\/erasmusbarcelona\/files\/2023\/03\/ohjeistus-ja-kuunteleminen-225x300.jpg 225w\" sizes=\"auto, (max-width: 768px) 85vw, 768px\" \/><\/p>\n<p>Ohjeistus ja kuunteleminen<\/p>\n","protected":false},"excerpt":{"rendered":"<p>T\u00e4n\u00e4\u00e4n meill\u00e4 oli viimeinen varsinainen kurssip\u00e4iv\u00e4, huomenna tutustumme paikalliseen kulttuuriin. T\u00e4n\u00e4\u00e4n aiheena oli kommunikointi. Keskustelimme vahvuuksistamme kommunikoidessa, ja mietimme empatian t\u00e4rkeytt\u00e4. Teht\u00e4v\u00e4n\u00e4 oli nostaa kortti kuvan perusteella, kuvien takana oli vahvuuksia. Teht\u00e4v\u00e4n\u00e4 oli mietti\u00e4 sopiiko ko. sana itselle, tai onko se asia jonka itse kokee vahvuudekseen. Harjoittelimme my\u00f6s huolellista ohjeistamista ja kuuntelemista. Opettaja jakoi toiselle &hellip; <a href=\"https:\/\/blog.edu.turku.fi\/erasmusbarcelona\/viides-ja-viimeinen-varsinainen-kurssipaiva\/\" class=\"more-link\">Jatka lukemista<span class=\"screen-reader-text\"> &#8221;Viides ja viimeinen varsinainen kurssip\u00e4iv\u00e4&#8221;<\/span><\/a><\/p>\n","protected":false},"author":313,"featured_media":0,"parent":0,"menu_order":0,"comment_status":"closed","ping_status":"closed","template":"","meta":{"footnotes":""},"class_list":["post-92","page","type-page","status-publish","hentry"],"_links":{"self":[{"href":"https:\/\/blog.edu.turku.fi\/erasmusbarcelona\/wp-json\/wp\/v2\/pages\/92","targetHints":{"allow":["GET"]}}],"collection":[{"href":"https:\/\/blog.edu.turku.fi\/erasmusbarcelona\/wp-json\/wp\/v2\/pages"}],"about":[{"href":"https:\/\/blog.edu.turku.fi\/erasmusbarcelona\/wp-json\/wp\/v2\/types\/page"}],"author":[{"embeddable":true,"href":"https:\/\/blog.edu.turku.fi\/erasmusbarcelona\/wp-json\/wp\/v2\/users\/313"}],"replies":[{"embeddable":true,"href":"https:\/\/blog.edu.turku.fi\/erasmusbarcelona\/wp-json\/wp\/v2\/comments?post=92"}],"version-history":[{"count":1,"href":"https:\/\/blog.edu.turku.fi\/erasmusbarcelona\/wp-json\/wp\/v2\/pages\/92\/revisions"}],"predecessor-version":[{"id":96,"href":"https:\/\/blog.edu.turku.fi\/erasmusbarcelona\/wp-json\/wp\/v2\/pages\/92\/revisions\/96"}],"wp:attachment":[{"href":"https:\/\/blog.edu.turku.fi\/erasmusbarcelona\/wp-json\/wp\/v2\/media?parent=92"}],"curies":[{"name":"wp","href":"https:\/\/api.w.org\/{rel}","templated":true}]}}