{"id":87,"date":"2023-03-16T20:28:10","date_gmt":"2023-03-16T18:28:10","guid":{"rendered":"https:\/\/blog.edu.turku.fi\/erasmusbarcelona\/?page_id=87"},"modified":"2023-03-16T20:28:10","modified_gmt":"2023-03-16T18:28:10","slug":"neljas-paiva-vapaa-aamu","status":"publish","type":"page","link":"https:\/\/blog.edu.turku.fi\/erasmusbarcelona\/neljas-paiva-vapaa-aamu\/","title":{"rendered":"Nelj\u00e4s p\u00e4iv\u00e4, vapaa aamu"},"content":{"rendered":"<p>T\u00e4n\u00e4\u00e4n menimme kurssille vasta klo 14, joten aamup\u00e4iv\u00e4 oli vapaa. P\u00e4\u00e4timme hiukan kierrell\u00e4 l\u00e4hialueilla ja tehd\u00e4 v\u00e4h\u00e4n ostoksia.<\/p>\n<p>L\u00e4hell\u00e4 hotelliamme on paikallinen stockman eli El Corte Ingles, jossa kiertelimme ja l\u00f6ysimme paljon matkamuistoja paikallisten ruokien muodossa. Lihatuotteet ovat t\u00e4\u00e4ll\u00e4 uskomattoman halpoja, ja harmittaa ettei hotellissamme ole kylm\u00e4s\u00e4ilytyst\u00e4, jotta voisimme ostaa juustoja kotiinviemisiksi. Hedelm\u00e4t ja kasvikset ovat joko halvempia, tai samoissa hinnoissa kuin kotona. Hotellissamme on kattoterassi, joten ostimme hedelmi\u00e4 ja menimme terassille aurinkoon niit\u00e4 nauttimaan. S\u00e4\u00e4 oli t\u00e4n\u00e4\u00e4n aurinkoinen, mutta tuuli vei kyll\u00e4 parhaimman ter\u00e4n l\u00e4mm\u00f6st\u00e4.<\/p>\n<p>Hotellimme l\u00e4hell\u00e4 on my\u00f6s Gaudin suunnittelemat Casa Mila ja Casa Batllo ja k\u00e4vimme katsomassa niit\u00e4 ulkopuolelta. Lauantaina kurssilla on ohjelmassa cultural activities, joten silloin menemme Batllon sis\u00e4lle saakka.<\/p>\n<p><img loading=\"lazy\" decoding=\"async\" class=\"aligncenter size-full wp-image-88\" src=\"https:\/\/blog.edu.turku.fi\/erasmusbarcelona\/files\/2023\/03\/Casa-Batllo-1.jpg\" alt=\"\" width=\"768\" height=\"1024\" srcset=\"https:\/\/blog.edu.turku.fi\/erasmusbarcelona\/files\/2023\/03\/Casa-Batllo-1.jpg 768w, https:\/\/blog.edu.turku.fi\/erasmusbarcelona\/files\/2023\/03\/Casa-Batllo-1-225x300.jpg 225w\" sizes=\"auto, (max-width: 768px) 85vw, 768px\" \/> <img loading=\"lazy\" decoding=\"async\" class=\"aligncenter size-full wp-image-90\" src=\"https:\/\/blog.edu.turku.fi\/erasmusbarcelona\/files\/2023\/03\/IMG_1466.jpg\" alt=\"\" width=\"473\" height=\"1024\" srcset=\"https:\/\/blog.edu.turku.fi\/erasmusbarcelona\/files\/2023\/03\/IMG_1466.jpg 473w, https:\/\/blog.edu.turku.fi\/erasmusbarcelona\/files\/2023\/03\/IMG_1466-139x300.jpg 139w\" sizes=\"auto, (max-width: 473px) 85vw, 473px\" \/><\/p>\n<p>Casa Batllo<\/p>\n<p><img loading=\"lazy\" decoding=\"async\" class=\"aligncenter size-full wp-image-89\" src=\"https:\/\/blog.edu.turku.fi\/erasmusbarcelona\/files\/2023\/03\/Casa-Mila.jpg\" alt=\"\" width=\"768\" height=\"1024\" srcset=\"https:\/\/blog.edu.turku.fi\/erasmusbarcelona\/files\/2023\/03\/Casa-Mila.jpg 768w, https:\/\/blog.edu.turku.fi\/erasmusbarcelona\/files\/2023\/03\/Casa-Mila-225x300.jpg 225w\" sizes=\"auto, (max-width: 768px) 85vw, 768px\" \/><\/p>\n<p>Casa Mila<\/p>\n","protected":false},"excerpt":{"rendered":"<p>T\u00e4n\u00e4\u00e4n menimme kurssille vasta klo 14, joten aamup\u00e4iv\u00e4 oli vapaa. P\u00e4\u00e4timme hiukan kierrell\u00e4 l\u00e4hialueilla ja tehd\u00e4 v\u00e4h\u00e4n ostoksia. L\u00e4hell\u00e4 hotelliamme on paikallinen stockman eli El Corte Ingles, jossa kiertelimme ja l\u00f6ysimme paljon matkamuistoja paikallisten ruokien muodossa. Lihatuotteet ovat t\u00e4\u00e4ll\u00e4 uskomattoman halpoja, ja harmittaa ettei hotellissamme ole kylm\u00e4s\u00e4ilytyst\u00e4, jotta voisimme ostaa juustoja kotiinviemisiksi. Hedelm\u00e4t ja kasvikset &hellip; <a href=\"https:\/\/blog.edu.turku.fi\/erasmusbarcelona\/neljas-paiva-vapaa-aamu\/\" class=\"more-link\">Jatka lukemista<span class=\"screen-reader-text\"> &#8221;Nelj\u00e4s p\u00e4iv\u00e4, vapaa aamu&#8221;<\/span><\/a><\/p>\n","protected":false},"author":313,"featured_media":0,"parent":0,"menu_order":0,"comment_status":"closed","ping_status":"closed","template":"","meta":{"footnotes":""},"class_list":["post-87","page","type-page","status-publish","hentry"],"_links":{"self":[{"href":"https:\/\/blog.edu.turku.fi\/erasmusbarcelona\/wp-json\/wp\/v2\/pages\/87","targetHints":{"allow":["GET"]}}],"collection":[{"href":"https:\/\/blog.edu.turku.fi\/erasmusbarcelona\/wp-json\/wp\/v2\/pages"}],"about":[{"href":"https:\/\/blog.edu.turku.fi\/erasmusbarcelona\/wp-json\/wp\/v2\/types\/page"}],"author":[{"embeddable":true,"href":"https:\/\/blog.edu.turku.fi\/erasmusbarcelona\/wp-json\/wp\/v2\/users\/313"}],"replies":[{"embeddable":true,"href":"https:\/\/blog.edu.turku.fi\/erasmusbarcelona\/wp-json\/wp\/v2\/comments?post=87"}],"version-history":[{"count":1,"href":"https:\/\/blog.edu.turku.fi\/erasmusbarcelona\/wp-json\/wp\/v2\/pages\/87\/revisions"}],"predecessor-version":[{"id":91,"href":"https:\/\/blog.edu.turku.fi\/erasmusbarcelona\/wp-json\/wp\/v2\/pages\/87\/revisions\/91"}],"wp:attachment":[{"href":"https:\/\/blog.edu.turku.fi\/erasmusbarcelona\/wp-json\/wp\/v2\/media?parent=87"}],"curies":[{"name":"wp","href":"https:\/\/api.w.org\/{rel}","templated":true}]}}