{"id":76,"date":"2023-03-16T17:43:40","date_gmt":"2023-03-16T15:43:40","guid":{"rendered":"https:\/\/blog.edu.turku.fi\/erasmusbarcelona\/?page_id=76"},"modified":"2023-03-16T17:43:40","modified_gmt":"2023-03-16T15:43:40","slug":"kolmannen-paivan-iltavapaa","status":"publish","type":"page","link":"https:\/\/blog.edu.turku.fi\/erasmusbarcelona\/kolmannen-paivan-iltavapaa\/","title":{"rendered":"Kolmannen p\u00e4iv\u00e4n iltavapaa"},"content":{"rendered":"<p>T\u00e4n\u00e4\u00e4n l\u00e4hdimme heti kurssip\u00e4iv\u00e4n j\u00e4lkeen Park G\u00fcelliin, hauska yhteensattuma koska olimme aiemmin p\u00e4iv\u00e4ll\u00e4 kuvanneet mindfullnes-teht\u00e4v\u00e4\u00e4 varten erilaisia pintoja ulkona. Puistoon kuljimme linja-autolla 24, jolla p\u00e4\u00e4si noin puolen kilometrin p\u00e4\u00e4h\u00e4n porteista. Loppumatka oli pelkk\u00e4\u00e4 yl\u00e4m\u00e4ke\u00e4, eli jos jalat ei kest\u00e4, kannattaa ottaa vaikkapa taksi perille, risteyksess\u00e4 odotteli my\u00f6s py\u00f6r\u00e4taksi. Liput t\u00e4nne ja kaikkialle muuallekin kannattaa ostaa etuk\u00e4teen netist\u00e4, monessa paikassa lippuja ei edes myyd\u00e4 muulla tavalla. Paluumatkan taitoimme k\u00e4vellen, ja kuljimme Gracia-asuinalueen l\u00e4pi. Gracian alueella asuu paljon taiteilijoita, ja kadut on t\u00e4ynn\u00e4 pieni\u00e4 kahviloita, ravintoloita ja kauppoja.<\/p>\n<p>&nbsp;<\/p>\n<p><img loading=\"lazy\" decoding=\"async\" class=\"aligncenter size-full wp-image-79\" src=\"https:\/\/blog.edu.turku.fi\/erasmusbarcelona\/files\/2023\/03\/maisema.jpg\" alt=\"\" width=\"768\" height=\"1024\" srcset=\"https:\/\/blog.edu.turku.fi\/erasmusbarcelona\/files\/2023\/03\/maisema.jpg 768w, https:\/\/blog.edu.turku.fi\/erasmusbarcelona\/files\/2023\/03\/maisema-225x300.jpg 225w\" sizes=\"auto, (max-width: 768px) 85vw, 768px\" \/><img loading=\"lazy\" decoding=\"async\" class=\"aligncenter size-full wp-image-80\" src=\"https:\/\/blog.edu.turku.fi\/erasmusbarcelona\/files\/2023\/03\/Park-Guell.jpg\" alt=\"\" width=\"768\" height=\"1024\" srcset=\"https:\/\/blog.edu.turku.fi\/erasmusbarcelona\/files\/2023\/03\/Park-Guell.jpg 768w, https:\/\/blog.edu.turku.fi\/erasmusbarcelona\/files\/2023\/03\/Park-Guell-225x300.jpg 225w\" sizes=\"auto, (max-width: 768px) 85vw, 768px\" \/><\/p>\n<p>Park G\u00fcell<\/p>\n<p><img loading=\"lazy\" decoding=\"async\" class=\"aligncenter size-full wp-image-81\" src=\"https:\/\/blog.edu.turku.fi\/erasmusbarcelona\/files\/2023\/03\/Gracia.jpg\" alt=\"\" width=\"768\" height=\"1024\" srcset=\"https:\/\/blog.edu.turku.fi\/erasmusbarcelona\/files\/2023\/03\/Gracia.jpg 768w, https:\/\/blog.edu.turku.fi\/erasmusbarcelona\/files\/2023\/03\/Gracia-225x300.jpg 225w\" sizes=\"auto, (max-width: 768px) 85vw, 768px\" \/><\/p>\n<p>Gracia<\/p>\n","protected":false},"excerpt":{"rendered":"<p>T\u00e4n\u00e4\u00e4n l\u00e4hdimme heti kurssip\u00e4iv\u00e4n j\u00e4lkeen Park G\u00fcelliin, hauska yhteensattuma koska olimme aiemmin p\u00e4iv\u00e4ll\u00e4 kuvanneet mindfullnes-teht\u00e4v\u00e4\u00e4 varten erilaisia pintoja ulkona. Puistoon kuljimme linja-autolla 24, jolla p\u00e4\u00e4si noin puolen kilometrin p\u00e4\u00e4h\u00e4n porteista. Loppumatka oli pelkk\u00e4\u00e4 yl\u00e4m\u00e4ke\u00e4, eli jos jalat ei kest\u00e4, kannattaa ottaa vaikkapa taksi perille, risteyksess\u00e4 odotteli my\u00f6s py\u00f6r\u00e4taksi. Liput t\u00e4nne ja kaikkialle muuallekin kannattaa ostaa &hellip; <a href=\"https:\/\/blog.edu.turku.fi\/erasmusbarcelona\/kolmannen-paivan-iltavapaa\/\" class=\"more-link\">Jatka lukemista<span class=\"screen-reader-text\"> &#8221;Kolmannen p\u00e4iv\u00e4n iltavapaa&#8221;<\/span><\/a><\/p>\n","protected":false},"author":313,"featured_media":0,"parent":0,"menu_order":0,"comment_status":"closed","ping_status":"closed","template":"","meta":{"footnotes":""},"class_list":["post-76","page","type-page","status-publish","hentry"],"_links":{"self":[{"href":"https:\/\/blog.edu.turku.fi\/erasmusbarcelona\/wp-json\/wp\/v2\/pages\/76","targetHints":{"allow":["GET"]}}],"collection":[{"href":"https:\/\/blog.edu.turku.fi\/erasmusbarcelona\/wp-json\/wp\/v2\/pages"}],"about":[{"href":"https:\/\/blog.edu.turku.fi\/erasmusbarcelona\/wp-json\/wp\/v2\/types\/page"}],"author":[{"embeddable":true,"href":"https:\/\/blog.edu.turku.fi\/erasmusbarcelona\/wp-json\/wp\/v2\/users\/313"}],"replies":[{"embeddable":true,"href":"https:\/\/blog.edu.turku.fi\/erasmusbarcelona\/wp-json\/wp\/v2\/comments?post=76"}],"version-history":[{"count":2,"href":"https:\/\/blog.edu.turku.fi\/erasmusbarcelona\/wp-json\/wp\/v2\/pages\/76\/revisions"}],"predecessor-version":[{"id":82,"href":"https:\/\/blog.edu.turku.fi\/erasmusbarcelona\/wp-json\/wp\/v2\/pages\/76\/revisions\/82"}],"wp:attachment":[{"href":"https:\/\/blog.edu.turku.fi\/erasmusbarcelona\/wp-json\/wp\/v2\/media?parent=76"}],"curies":[{"name":"wp","href":"https:\/\/api.w.org\/{rel}","templated":true}]}}