{"id":65,"date":"2023-03-14T20:35:43","date_gmt":"2023-03-14T18:35:43","guid":{"rendered":"https:\/\/blog.edu.turku.fi\/erasmusbarcelona\/?page_id=65"},"modified":"2023-03-14T20:35:43","modified_gmt":"2023-03-14T18:35:43","slug":"toinen-vapaailta","status":"publish","type":"page","link":"https:\/\/blog.edu.turku.fi\/erasmusbarcelona\/toinen-vapaailta\/","title":{"rendered":"Toinen vapaailta"},"content":{"rendered":"<p>T\u00e4n\u00e4\u00e4n l\u00e4hdimme heti kurssin p\u00e4\u00e4tytty\u00e4 lounaan kautta rannalle. Keskustasta p\u00e4\u00e4see n\u00e4pp\u00e4r\u00e4sti melko l\u00e4helle rantaa metrolla. K\u00e4vimme nopeasti vilkaisemassa satamaa, ja huvipursia, mutta l\u00e4hdimme kuitenkin Ciutadella-puiston toiselle puolelle, Platja del Somorrostron hiekkarannalle. Yleens\u00e4 t\u00e4\u00e4ll\u00e4 Barcelonassa on maaliskuussa sadeaika, mutta me olemme saaneet nauttia auringosta ja 20 asteen l\u00e4mp\u00f6tiloista. Ei t\u00e4t\u00e4 viel\u00e4 helteeksi voi sanoa, mutta oikein mukavaa vaihtelua loskaan. Rannalla oli ihana bulevardi jonka varrella oli ravintoloita, ja kaunis maisema ihasteltavaksi.<\/p>\n<p><img loading=\"lazy\" decoding=\"async\" class=\"aligncenter size-full wp-image-60\" src=\"https:\/\/blog.edu.turku.fi\/erasmusbarcelona\/files\/2023\/03\/mansikat.jpg\" alt=\"\" width=\"1536\" height=\"2048\" srcset=\"https:\/\/blog.edu.turku.fi\/erasmusbarcelona\/files\/2023\/03\/mansikat.jpg 1536w, https:\/\/blog.edu.turku.fi\/erasmusbarcelona\/files\/2023\/03\/mansikat-225x300.jpg 225w, https:\/\/blog.edu.turku.fi\/erasmusbarcelona\/files\/2023\/03\/mansikat-768x1024.jpg 768w\" sizes=\"auto, (max-width: 709px) 85vw, (max-width: 909px) 67vw, (max-width: 1362px) 62vw, 840px\" \/><\/p>\n<p>Hinnat eiv\u00e4t t\u00e4\u00e4ll\u00e4 &#8211; varsinkaan keskustassa &#8211; ole erityisen halpoja, mutta n\u00e4ill\u00e4 mansikoilla oli sek\u00e4 kokoa ett\u00e4 n\u00e4k\u00f6\u00e4, ja hinta oli hiukan p\u00e4\u00e4lle 3 \u20ac. Oikein sopiva v\u00e4lipala.<\/p>\n<p><img loading=\"lazy\" decoding=\"async\" class=\"aligncenter size-full wp-image-61\" src=\"https:\/\/blog.edu.turku.fi\/erasmusbarcelona\/files\/2023\/03\/rannalla.jpg\" alt=\"\" width=\"1536\" height=\"2048\" srcset=\"https:\/\/blog.edu.turku.fi\/erasmusbarcelona\/files\/2023\/03\/rannalla.jpg 1536w, https:\/\/blog.edu.turku.fi\/erasmusbarcelona\/files\/2023\/03\/rannalla-225x300.jpg 225w, https:\/\/blog.edu.turku.fi\/erasmusbarcelona\/files\/2023\/03\/rannalla-768x1024.jpg 768w\" sizes=\"auto, (max-width: 709px) 85vw, (max-width: 909px) 67vw, (max-width: 1362px) 62vw, 840px\" \/><img loading=\"lazy\" decoding=\"async\" class=\"aligncenter size-full wp-image-67\" src=\"https:\/\/blog.edu.turku.fi\/erasmusbarcelona\/files\/2023\/03\/IMG_4549.jpg\" alt=\"\" width=\"1024\" height=\"768\" srcset=\"https:\/\/blog.edu.turku.fi\/erasmusbarcelona\/files\/2023\/03\/IMG_4549.jpg 1024w, https:\/\/blog.edu.turku.fi\/erasmusbarcelona\/files\/2023\/03\/IMG_4549-300x225.jpg 300w\" sizes=\"auto, (max-width: 709px) 85vw, (max-width: 909px) 67vw, (max-width: 1362px) 62vw, 840px\" \/><\/p>\n<p>Platja del Somorrostro<\/p>\n<p>&nbsp;<\/p>\n","protected":false},"excerpt":{"rendered":"<p>T\u00e4n\u00e4\u00e4n l\u00e4hdimme heti kurssin p\u00e4\u00e4tytty\u00e4 lounaan kautta rannalle. Keskustasta p\u00e4\u00e4see n\u00e4pp\u00e4r\u00e4sti melko l\u00e4helle rantaa metrolla. K\u00e4vimme nopeasti vilkaisemassa satamaa, ja huvipursia, mutta l\u00e4hdimme kuitenkin Ciutadella-puiston toiselle puolelle, Platja del Somorrostron hiekkarannalle. Yleens\u00e4 t\u00e4\u00e4ll\u00e4 Barcelonassa on maaliskuussa sadeaika, mutta me olemme saaneet nauttia auringosta ja 20 asteen l\u00e4mp\u00f6tiloista. Ei t\u00e4t\u00e4 viel\u00e4 helteeksi voi sanoa, mutta oikein &hellip; <a href=\"https:\/\/blog.edu.turku.fi\/erasmusbarcelona\/toinen-vapaailta\/\" class=\"more-link\">Jatka lukemista<span class=\"screen-reader-text\"> &#8221;Toinen vapaailta&#8221;<\/span><\/a><\/p>\n","protected":false},"author":313,"featured_media":0,"parent":0,"menu_order":0,"comment_status":"closed","ping_status":"closed","template":"","meta":{"footnotes":""},"class_list":["post-65","page","type-page","status-publish","hentry"],"_links":{"self":[{"href":"https:\/\/blog.edu.turku.fi\/erasmusbarcelona\/wp-json\/wp\/v2\/pages\/65","targetHints":{"allow":["GET"]}}],"collection":[{"href":"https:\/\/blog.edu.turku.fi\/erasmusbarcelona\/wp-json\/wp\/v2\/pages"}],"about":[{"href":"https:\/\/blog.edu.turku.fi\/erasmusbarcelona\/wp-json\/wp\/v2\/types\/page"}],"author":[{"embeddable":true,"href":"https:\/\/blog.edu.turku.fi\/erasmusbarcelona\/wp-json\/wp\/v2\/users\/313"}],"replies":[{"embeddable":true,"href":"https:\/\/blog.edu.turku.fi\/erasmusbarcelona\/wp-json\/wp\/v2\/comments?post=65"}],"version-history":[{"count":2,"href":"https:\/\/blog.edu.turku.fi\/erasmusbarcelona\/wp-json\/wp\/v2\/pages\/65\/revisions"}],"predecessor-version":[{"id":68,"href":"https:\/\/blog.edu.turku.fi\/erasmusbarcelona\/wp-json\/wp\/v2\/pages\/65\/revisions\/68"}],"wp:attachment":[{"href":"https:\/\/blog.edu.turku.fi\/erasmusbarcelona\/wp-json\/wp\/v2\/media?parent=65"}],"curies":[{"name":"wp","href":"https:\/\/api.w.org\/{rel}","templated":true}]}}