{"id":55,"date":"2023-03-14T20:24:13","date_gmt":"2023-03-14T18:24:13","guid":{"rendered":"https:\/\/blog.edu.turku.fi\/erasmusbarcelona\/?page_id=55"},"modified":"2023-03-14T20:24:13","modified_gmt":"2023-03-14T18:24:13","slug":"toinen-kurssipaiva","status":"publish","type":"page","link":"https:\/\/blog.edu.turku.fi\/erasmusbarcelona\/toinen-kurssipaiva\/","title":{"rendered":"Toinen kurssip\u00e4iv\u00e4"},"content":{"rendered":"<p>T\u00e4n\u00e4\u00e4n kurssilla k\u00e4siteltiin eri oireita, joita lapsilla voi arjessa esiinty\u00e4. Tutustuimme tarkemmin autisminkirjon eri piirteisiin ja k\u00e4yt\u00f6spuolen haasteisiin. Periaatteessa tuttua asiaa, mutta hyv\u00e4 silti kertailla perusasioita. Tutustuimme my\u00f6s erilaisiin apuv\u00e4lineisiin, jotka saattavat helpottaa lapsen arkea koulussa. T\u00e4rke\u00e4mp\u00e4n\u00e4 keskustelunaiheena nousi esille positiivisen huomaaminen, oppilastuntemus ja ryhm\u00e4ytyminen.<\/p>\n<p>N\u00e4ihin liittyen teimme my\u00f6s harjoituksia, jotka hy\u00f6dynsiv\u00e4t meit\u00e4 ryhm\u00e4ytym\u00e4\u00e4n ja tutustumaan sek\u00e4 toisiimme ett\u00e4 itsemme, mutta joita voimme my\u00f6s hy\u00f6dynt\u00e4\u00e4 luokassa oppilaiden kanssa.<\/p>\n<p>Ihastuimme erityisesti jossain koulussa pihalta l\u00f6ytyv\u00e4\u00e4n buddybenchiin, eli kaveripenkkiin. T\u00e4h\u00e4n menn\u00e4\u00e4n istumaan, jos ei v\u00e4litunnilta l\u00f6ydy kaveria, ja n\u00e4in muut osaavat tulla hakemaan yksin\u00e4isen mukaan touhuihin. <img loading=\"lazy\" decoding=\"async\" class=\"aligncenter size-full wp-image-57\" src=\"https:\/\/blog.edu.turku.fi\/erasmusbarcelona\/files\/2023\/03\/kaveripenkki.jpg\" alt=\"\" width=\"2048\" height=\"1536\" srcset=\"https:\/\/blog.edu.turku.fi\/erasmusbarcelona\/files\/2023\/03\/kaveripenkki.jpg 2048w, https:\/\/blog.edu.turku.fi\/erasmusbarcelona\/files\/2023\/03\/kaveripenkki-300x225.jpg 300w, https:\/\/blog.edu.turku.fi\/erasmusbarcelona\/files\/2023\/03\/kaveripenkki-1024x768.jpg 1024w\" sizes=\"auto, (max-width: 709px) 85vw, (max-width: 909px) 67vw, (max-width: 1362px) 62vw, 840px\" \/><\/p>\n<p><img loading=\"lazy\" decoding=\"async\" class=\"aligncenter size-full wp-image-58\" src=\"https:\/\/blog.edu.turku.fi\/erasmusbarcelona\/files\/2023\/03\/opiskelua.jpg\" alt=\"\" width=\"1536\" height=\"2048\" srcset=\"https:\/\/blog.edu.turku.fi\/erasmusbarcelona\/files\/2023\/03\/opiskelua.jpg 1536w, https:\/\/blog.edu.turku.fi\/erasmusbarcelona\/files\/2023\/03\/opiskelua-225x300.jpg 225w, https:\/\/blog.edu.turku.fi\/erasmusbarcelona\/files\/2023\/03\/opiskelua-768x1024.jpg 768w\" sizes=\"auto, (max-width: 709px) 85vw, (max-width: 909px) 67vw, (max-width: 1362px) 62vw, 840px\" \/><\/p>\n<p>Art therapy<\/p>\n<p><img loading=\"lazy\" decoding=\"async\" class=\"aligncenter size-full wp-image-63\" src=\"https:\/\/blog.edu.turku.fi\/erasmusbarcelona\/files\/2023\/03\/ryhma\u0308ytymista\u0308.jpg\" alt=\"\" width=\"768\" height=\"1024\" srcset=\"https:\/\/blog.edu.turku.fi\/erasmusbarcelona\/files\/2023\/03\/ryhma\u0308ytymista\u0308.jpg 768w, https:\/\/blog.edu.turku.fi\/erasmusbarcelona\/files\/2023\/03\/ryhma\u0308ytymista\u0308-225x300.jpg 225w\" sizes=\"auto, (max-width: 768px) 85vw, 768px\" \/><\/p>\n<p>Ryhm\u00e4ytymist\u00e4. Rakensimme pieniss\u00e4 ryhmiss\u00e4 spagettitorneja. Hauska harjoitus alkuj\u00e4nnityst\u00e4 rikkomaan.<\/p>\n<p><img loading=\"lazy\" decoding=\"async\" class=\"aligncenter size-full wp-image-59\" src=\"https:\/\/blog.edu.turku.fi\/erasmusbarcelona\/files\/2023\/03\/taideterapiaa.jpg\" alt=\"\" width=\"1536\" height=\"2048\" srcset=\"https:\/\/blog.edu.turku.fi\/erasmusbarcelona\/files\/2023\/03\/taideterapiaa.jpg 1536w, https:\/\/blog.edu.turku.fi\/erasmusbarcelona\/files\/2023\/03\/taideterapiaa-225x300.jpg 225w, https:\/\/blog.edu.turku.fi\/erasmusbarcelona\/files\/2023\/03\/taideterapiaa-768x1024.jpg 768w\" sizes=\"auto, (max-width: 709px) 85vw, (max-width: 909px) 67vw, (max-width: 1362px) 62vw, 840px\" \/><\/p>\n<p>Ja viel\u00e4 rauhoittumis- ja symmetriaharjoitus kahdella k\u00e4dell\u00e4 piirt\u00e4m\u00e4ll\u00e4.<\/p>\n","protected":false},"excerpt":{"rendered":"<p>T\u00e4n\u00e4\u00e4n kurssilla k\u00e4siteltiin eri oireita, joita lapsilla voi arjessa esiinty\u00e4. Tutustuimme tarkemmin autisminkirjon eri piirteisiin ja k\u00e4yt\u00f6spuolen haasteisiin. Periaatteessa tuttua asiaa, mutta hyv\u00e4 silti kertailla perusasioita. Tutustuimme my\u00f6s erilaisiin apuv\u00e4lineisiin, jotka saattavat helpottaa lapsen arkea koulussa. T\u00e4rke\u00e4mp\u00e4n\u00e4 keskustelunaiheena nousi esille positiivisen huomaaminen, oppilastuntemus ja ryhm\u00e4ytyminen. N\u00e4ihin liittyen teimme my\u00f6s harjoituksia, jotka hy\u00f6dynsiv\u00e4t meit\u00e4 ryhm\u00e4ytym\u00e4\u00e4n ja &hellip; <a href=\"https:\/\/blog.edu.turku.fi\/erasmusbarcelona\/toinen-kurssipaiva\/\" class=\"more-link\">Jatka lukemista<span class=\"screen-reader-text\"> &#8221;Toinen kurssip\u00e4iv\u00e4&#8221;<\/span><\/a><\/p>\n","protected":false},"author":313,"featured_media":0,"parent":0,"menu_order":0,"comment_status":"closed","ping_status":"closed","template":"","meta":{"footnotes":""},"class_list":["post-55","page","type-page","status-publish","hentry"],"_links":{"self":[{"href":"https:\/\/blog.edu.turku.fi\/erasmusbarcelona\/wp-json\/wp\/v2\/pages\/55","targetHints":{"allow":["GET"]}}],"collection":[{"href":"https:\/\/blog.edu.turku.fi\/erasmusbarcelona\/wp-json\/wp\/v2\/pages"}],"about":[{"href":"https:\/\/blog.edu.turku.fi\/erasmusbarcelona\/wp-json\/wp\/v2\/types\/page"}],"author":[{"embeddable":true,"href":"https:\/\/blog.edu.turku.fi\/erasmusbarcelona\/wp-json\/wp\/v2\/users\/313"}],"replies":[{"embeddable":true,"href":"https:\/\/blog.edu.turku.fi\/erasmusbarcelona\/wp-json\/wp\/v2\/comments?post=55"}],"version-history":[{"count":2,"href":"https:\/\/blog.edu.turku.fi\/erasmusbarcelona\/wp-json\/wp\/v2\/pages\/55\/revisions"}],"predecessor-version":[{"id":64,"href":"https:\/\/blog.edu.turku.fi\/erasmusbarcelona\/wp-json\/wp\/v2\/pages\/55\/revisions\/64"}],"wp:attachment":[{"href":"https:\/\/blog.edu.turku.fi\/erasmusbarcelona\/wp-json\/wp\/v2\/media?parent=55"}],"curies":[{"name":"wp","href":"https:\/\/api.w.org\/{rel}","templated":true}]}}