{"id":45,"date":"2023-03-13T21:15:30","date_gmt":"2023-03-13T19:15:30","guid":{"rendered":"https:\/\/blog.edu.turku.fi\/erasmusbarcelona\/?page_id=45"},"modified":"2023-03-13T21:15:30","modified_gmt":"2023-03-13T19:15:30","slug":"ensimmaisen-kurssipaivan-iltavapaa","status":"publish","type":"page","link":"https:\/\/blog.edu.turku.fi\/erasmusbarcelona\/ensimmaisen-kurssipaivan-iltavapaa\/","title":{"rendered":"Ensimm\u00e4isen kurssip\u00e4iv\u00e4n iltavapaa"},"content":{"rendered":"<p>Kurssip\u00e4iv\u00e4n j\u00e4lkeen hypp\u00e4simme metroon ja l\u00e4hdimme katselemaan n\u00e4ht\u00e4vyyksi\u00e4. Metroon kannattaa ostaa T10 kortti, jolla saa 10 matkaa, tunnin vaihtoajalla. Barcelonan metro on todella helppok\u00e4ytt\u00f6inen ja nopea.<\/p>\n<p>Vierailimme Arc de Triomfilla sek\u00e4 Sagrada Familialla. N\u00e4m\u00e4 olisivat kumpainenkin ollut periaatteessa k\u00e4velymatkan p\u00e4\u00e4ss\u00e4, mutta koska kaupunki on niin suuri, ja n\u00e4ht\u00e4v\u00e4\u00e4 on paljon, p\u00e4\u00e4timme kulkea metrolla, jotta n\u00e4emme enemm\u00e4n saman p\u00e4iv\u00e4n aikana.<br \/>\nK\u00e4vimme samalla sy\u00f6m\u00e4ss\u00e4 Arc de Triomfin l\u00e4hell\u00e4, koska keskustasta on v\u00e4h\u00e4n hankala l\u00f6yt\u00e4\u00e4 muita, kuin kalliita turistiravintoloita. Sagrada Familia oli niin upea ja valtava kokonaisuus, ett\u00e4 sit\u00e4 oli hankala ikuistaa kuvina. Sen alttari oli mieleenpainuva, aurinkovarjoineen, tunnelmavaloineen ja viiniryp\u00e4leineen.<\/p>\n<p><img loading=\"lazy\" decoding=\"async\" class=\"aligncenter size-full wp-image-47\" src=\"https:\/\/blog.edu.turku.fi\/erasmusbarcelona\/files\/2023\/03\/Arc-de-Triomf.jpg\" alt=\"\" width=\"1536\" height=\"2048\" srcset=\"https:\/\/blog.edu.turku.fi\/erasmusbarcelona\/files\/2023\/03\/Arc-de-Triomf.jpg 1536w, https:\/\/blog.edu.turku.fi\/erasmusbarcelona\/files\/2023\/03\/Arc-de-Triomf-225x300.jpg 225w, https:\/\/blog.edu.turku.fi\/erasmusbarcelona\/files\/2023\/03\/Arc-de-Triomf-768x1024.jpg 768w\" sizes=\"auto, (max-width: 709px) 85vw, (max-width: 909px) 67vw, (max-width: 1362px) 62vw, 840px\" \/><\/p>\n<p>Arc de Triomf<\/p>\n<p><img loading=\"lazy\" decoding=\"async\" class=\"aligncenter size-full wp-image-49\" src=\"https:\/\/blog.edu.turku.fi\/erasmusbarcelona\/files\/2023\/03\/Sagrada-Familia.jpg\" alt=\"\" width=\"1536\" height=\"2048\" srcset=\"https:\/\/blog.edu.turku.fi\/erasmusbarcelona\/files\/2023\/03\/Sagrada-Familia.jpg 1536w, https:\/\/blog.edu.turku.fi\/erasmusbarcelona\/files\/2023\/03\/Sagrada-Familia-225x300.jpg 225w, https:\/\/blog.edu.turku.fi\/erasmusbarcelona\/files\/2023\/03\/Sagrada-Familia-768x1024.jpg 768w\" sizes=\"auto, (max-width: 709px) 85vw, (max-width: 909px) 67vw, (max-width: 1362px) 62vw, 840px\" \/><img loading=\"lazy\" decoding=\"async\" class=\"aligncenter size-full wp-image-48\" src=\"https:\/\/blog.edu.turku.fi\/erasmusbarcelona\/files\/2023\/03\/Sagrada.jpg\" alt=\"\" width=\"1536\" height=\"2048\" srcset=\"https:\/\/blog.edu.turku.fi\/erasmusbarcelona\/files\/2023\/03\/Sagrada.jpg 1536w, https:\/\/blog.edu.turku.fi\/erasmusbarcelona\/files\/2023\/03\/Sagrada-225x300.jpg 225w, https:\/\/blog.edu.turku.fi\/erasmusbarcelona\/files\/2023\/03\/Sagrada-768x1024.jpg 768w\" sizes=\"auto, (max-width: 709px) 85vw, (max-width: 909px) 67vw, (max-width: 1362px) 62vw, 840px\" \/><img loading=\"lazy\" decoding=\"async\" class=\"aligncenter size-full wp-image-50\" src=\"https:\/\/blog.edu.turku.fi\/erasmusbarcelona\/files\/2023\/03\/Sagrada-alttari.jpg\" alt=\"\" width=\"1536\" height=\"2048\" srcset=\"https:\/\/blog.edu.turku.fi\/erasmusbarcelona\/files\/2023\/03\/Sagrada-alttari.jpg 1536w, https:\/\/blog.edu.turku.fi\/erasmusbarcelona\/files\/2023\/03\/Sagrada-alttari-225x300.jpg 225w, https:\/\/blog.edu.turku.fi\/erasmusbarcelona\/files\/2023\/03\/Sagrada-alttari-768x1024.jpg 768w\" sizes=\"auto, (max-width: 709px) 85vw, (max-width: 909px) 67vw, (max-width: 1362px) 62vw, 840px\" \/><img loading=\"lazy\" decoding=\"async\" class=\"aligncenter size-full wp-image-51\" src=\"https:\/\/blog.edu.turku.fi\/erasmusbarcelona\/files\/2023\/03\/Jonna-ja-Tarja.jpg\" alt=\"\" width=\"1536\" height=\"2048\" srcset=\"https:\/\/blog.edu.turku.fi\/erasmusbarcelona\/files\/2023\/03\/Jonna-ja-Tarja.jpg 1536w, https:\/\/blog.edu.turku.fi\/erasmusbarcelona\/files\/2023\/03\/Jonna-ja-Tarja-225x300.jpg 225w, https:\/\/blog.edu.turku.fi\/erasmusbarcelona\/files\/2023\/03\/Jonna-ja-Tarja-768x1024.jpg 768w\" sizes=\"auto, (max-width: 709px) 85vw, (max-width: 909px) 67vw, (max-width: 1362px) 62vw, 840px\" \/><\/p>\n","protected":false},"excerpt":{"rendered":"<p>Kurssip\u00e4iv\u00e4n j\u00e4lkeen hypp\u00e4simme metroon ja l\u00e4hdimme katselemaan n\u00e4ht\u00e4vyyksi\u00e4. Metroon kannattaa ostaa T10 kortti, jolla saa 10 matkaa, tunnin vaihtoajalla. Barcelonan metro on todella helppok\u00e4ytt\u00f6inen ja nopea. Vierailimme Arc de Triomfilla sek\u00e4 Sagrada Familialla. N\u00e4m\u00e4 olisivat kumpainenkin ollut periaatteessa k\u00e4velymatkan p\u00e4\u00e4ss\u00e4, mutta koska kaupunki on niin suuri, ja n\u00e4ht\u00e4v\u00e4\u00e4 on paljon, p\u00e4\u00e4timme kulkea metrolla, jotta n\u00e4emme &hellip; <a href=\"https:\/\/blog.edu.turku.fi\/erasmusbarcelona\/ensimmaisen-kurssipaivan-iltavapaa\/\" class=\"more-link\">Jatka lukemista<span class=\"screen-reader-text\"> &#8221;Ensimm\u00e4isen kurssip\u00e4iv\u00e4n iltavapaa&#8221;<\/span><\/a><\/p>\n","protected":false},"author":313,"featured_media":0,"parent":0,"menu_order":0,"comment_status":"closed","ping_status":"closed","template":"","meta":{"footnotes":""},"class_list":["post-45","page","type-page","status-publish","hentry"],"_links":{"self":[{"href":"https:\/\/blog.edu.turku.fi\/erasmusbarcelona\/wp-json\/wp\/v2\/pages\/45","targetHints":{"allow":["GET"]}}],"collection":[{"href":"https:\/\/blog.edu.turku.fi\/erasmusbarcelona\/wp-json\/wp\/v2\/pages"}],"about":[{"href":"https:\/\/blog.edu.turku.fi\/erasmusbarcelona\/wp-json\/wp\/v2\/types\/page"}],"author":[{"embeddable":true,"href":"https:\/\/blog.edu.turku.fi\/erasmusbarcelona\/wp-json\/wp\/v2\/users\/313"}],"replies":[{"embeddable":true,"href":"https:\/\/blog.edu.turku.fi\/erasmusbarcelona\/wp-json\/wp\/v2\/comments?post=45"}],"version-history":[{"count":2,"href":"https:\/\/blog.edu.turku.fi\/erasmusbarcelona\/wp-json\/wp\/v2\/pages\/45\/revisions"}],"predecessor-version":[{"id":52,"href":"https:\/\/blog.edu.turku.fi\/erasmusbarcelona\/wp-json\/wp\/v2\/pages\/45\/revisions\/52"}],"wp:attachment":[{"href":"https:\/\/blog.edu.turku.fi\/erasmusbarcelona\/wp-json\/wp\/v2\/media?parent=45"}],"curies":[{"name":"wp","href":"https:\/\/api.w.org\/{rel}","templated":true}]}}