{"id":38,"date":"2023-03-13T20:47:08","date_gmt":"2023-03-13T18:47:08","guid":{"rendered":"https:\/\/blog.edu.turku.fi\/erasmusbarcelona\/?page_id=38"},"modified":"2023-03-13T20:57:47","modified_gmt":"2023-03-13T18:57:47","slug":"ensimmainen-kurssipaiva","status":"publish","type":"page","link":"https:\/\/blog.edu.turku.fi\/erasmusbarcelona\/ensimmainen-kurssipaiva\/","title":{"rendered":"Ensimm\u00e4inen kurssip\u00e4iv\u00e4"},"content":{"rendered":"<p>Osallistumme Europass teacher academyn kurssille\u00a0 We are all special: Inclusion and support for students for special needs in and out of the classroom. Aiheena on siis erityisopetus ja inkluusio.<\/p>\n<p><a href=\"https:\/\/www.teacheracademy.eu\/\">https:\/\/www.teacheracademy.eu\/<\/a><\/p>\n<p>Kurssillamme on osallistujia Kreikasta kahdesta eri koulusta, yhdest\u00e4 Italialaisesta koulusta ja me Suomen Turusta. T\u00e4n\u00e4\u00e4n tutustuimme p\u00e4\u00e4asiassa toisiimme ja inkluusion periaatteisiin. Olimme kaikki valmistelleet pienet esitelm\u00e4t itsest\u00e4mme ja kouluistamme, ja olemme kaikki todellakin erilaisista l\u00e4ht\u00f6kohdista. Me tulemme alakoulusta, kreikkalaisista viisi olivat lukiosta ja kaksi yl\u00e4koulusta, n\u00e4m\u00e4 koulut olivat eri kaupungeissa, italialaiset taas tulivat valtavan suuresta ammattikoulusta.<\/p>\n<p>T\u00e4n\u00e4\u00e4n k\u00e4sittelimme inkluusion periaatteita, ja tutustuimme omiin vahvuuksiimme. Kurssin opettaja on muun muassa taideterapeutti, ja saimme muovailla muovailuvahasta hahmot jotka kuvastavat kunkin vahvuuksia.<\/p>\n<p>Ensimm\u00e4isest\u00e4 p\u00e4iv\u00e4st\u00e4 j\u00e4i hyv\u00e4 fiilis, ja odotamme innolla tulevia p\u00e4ivi\u00e4.<\/p>\n<p><img loading=\"lazy\" decoding=\"async\" class=\"aligncenter size-full wp-image-40\" src=\"https:\/\/blog.edu.turku.fi\/erasmusbarcelona\/files\/2023\/03\/IMG_4469_jpg.jpg\" alt=\"\" width=\"2048\" height=\"1475\" srcset=\"https:\/\/blog.edu.turku.fi\/erasmusbarcelona\/files\/2023\/03\/IMG_4469_jpg.jpg 2048w, https:\/\/blog.edu.turku.fi\/erasmusbarcelona\/files\/2023\/03\/IMG_4469_jpg-300x216.jpg 300w, https:\/\/blog.edu.turku.fi\/erasmusbarcelona\/files\/2023\/03\/IMG_4469_jpg-1024x738.jpg 1024w\" sizes=\"auto, (max-width: 709px) 85vw, (max-width: 909px) 67vw, (max-width: 1362px) 62vw, 840px\" \/><\/p>\n<p>&nbsp;<\/p>\n","protected":false},"excerpt":{"rendered":"<p>Osallistumme Europass teacher academyn kurssille\u00a0 We are all special: Inclusion and support for students for special needs in and out of the classroom. Aiheena on siis erityisopetus ja inkluusio. https:\/\/www.teacheracademy.eu\/ Kurssillamme on osallistujia Kreikasta kahdesta eri koulusta, yhdest\u00e4 Italialaisesta koulusta ja me Suomen Turusta. T\u00e4n\u00e4\u00e4n tutustuimme p\u00e4\u00e4asiassa toisiimme ja inkluusion periaatteisiin. Olimme kaikki valmistelleet pienet &hellip; <a href=\"https:\/\/blog.edu.turku.fi\/erasmusbarcelona\/ensimmainen-kurssipaiva\/\" class=\"more-link\">Jatka lukemista<span class=\"screen-reader-text\"> &#8221;Ensimm\u00e4inen kurssip\u00e4iv\u00e4&#8221;<\/span><\/a><\/p>\n","protected":false},"author":313,"featured_media":0,"parent":0,"menu_order":0,"comment_status":"closed","ping_status":"closed","template":"","meta":{"footnotes":""},"class_list":["post-38","page","type-page","status-publish","hentry"],"_links":{"self":[{"href":"https:\/\/blog.edu.turku.fi\/erasmusbarcelona\/wp-json\/wp\/v2\/pages\/38","targetHints":{"allow":["GET"]}}],"collection":[{"href":"https:\/\/blog.edu.turku.fi\/erasmusbarcelona\/wp-json\/wp\/v2\/pages"}],"about":[{"href":"https:\/\/blog.edu.turku.fi\/erasmusbarcelona\/wp-json\/wp\/v2\/types\/page"}],"author":[{"embeddable":true,"href":"https:\/\/blog.edu.turku.fi\/erasmusbarcelona\/wp-json\/wp\/v2\/users\/313"}],"replies":[{"embeddable":true,"href":"https:\/\/blog.edu.turku.fi\/erasmusbarcelona\/wp-json\/wp\/v2\/comments?post=38"}],"version-history":[{"count":3,"href":"https:\/\/blog.edu.turku.fi\/erasmusbarcelona\/wp-json\/wp\/v2\/pages\/38\/revisions"}],"predecessor-version":[{"id":44,"href":"https:\/\/blog.edu.turku.fi\/erasmusbarcelona\/wp-json\/wp\/v2\/pages\/38\/revisions\/44"}],"wp:attachment":[{"href":"https:\/\/blog.edu.turku.fi\/erasmusbarcelona\/wp-json\/wp\/v2\/media?parent=38"}],"curies":[{"name":"wp","href":"https:\/\/api.w.org\/{rel}","templated":true}]}}