{"id":103,"date":"2023-03-21T16:37:23","date_gmt":"2023-03-21T14:37:23","guid":{"rendered":"https:\/\/blog.edu.turku.fi\/erasmusbarcelona\/?page_id=103"},"modified":"2023-03-21T16:37:23","modified_gmt":"2023-03-21T14:37:23","slug":"viimeinen-kurssipaiva","status":"publish","type":"page","link":"https:\/\/blog.edu.turku.fi\/erasmusbarcelona\/viimeinen-kurssipaiva\/","title":{"rendered":"Viimeinen kurssip\u00e4iv\u00e4"},"content":{"rendered":"<p>Kirjoitamme t\u00e4t\u00e4 jo oman ty\u00f6p\u00f6yd\u00e4n \u00e4\u00e4rest\u00e4. Viimeinen kurssip\u00e4iv\u00e4 oli varattu kaupungille ja kulttuurille. Saimme kurssin j\u00e4rjest\u00e4j\u00e4lt\u00e4 voucherin, jonka sai k\u00e4ytt\u00e4\u00e4 muutamista vaihtoehdoista annettuun n\u00e4ht\u00e4vyyteen. Halusimme ehdottomasti n\u00e4hd\u00e4 Casa Batllon, ja sen sis\u00e4\u00e4np\u00e4\u00e4sy oli huomattavasti korkeampi kuin muiden n\u00e4ht\u00e4vyyksien (32\u20ac), joten valitsimme tietysti sen.<\/p>\n<p>Casa Batllo oli aivan upea, ja voimme kyll\u00e4 suositella siell\u00e4 vierailua. Kohde oli taas niin n\u00e4ytt\u00e4v\u00e4, ett\u00e4 sit\u00e4 oli vaikea ikuistaa kameralle. Kiertelimme Batllon j\u00e4lkeen viel\u00e4 keskustassa sek\u00e4 El Goticissa, ostimme churroja ja fiilistelimme kaupungin tunnelmaa. Lauantai vier\u00e4hti kokonaan kaupunkia kierrellen ja sunnuntaina l\u00e4hdimmekin heti aamusta kotiin.<\/p>\n<p>Voimme kyll\u00e4 l\u00e4mpim\u00e4sti suositella kurssin j\u00e4rjest\u00e4j\u00e4\u00e4 sek\u00e4 kaupunkia, aivan ihana viikko.<\/p>\n<p><img loading=\"lazy\" decoding=\"async\" class=\"aligncenter size-full wp-image-105\" src=\"https:\/\/blog.edu.turku.fi\/erasmusbarcelona\/files\/2023\/03\/IMG_1388.jpg\" alt=\"\" width=\"768\" height=\"1024\" srcset=\"https:\/\/blog.edu.turku.fi\/erasmusbarcelona\/files\/2023\/03\/IMG_1388.jpg 768w, https:\/\/blog.edu.turku.fi\/erasmusbarcelona\/files\/2023\/03\/IMG_1388-225x300.jpg 225w\" sizes=\"auto, (max-width: 768px) 85vw, 768px\" \/> <img loading=\"lazy\" decoding=\"async\" class=\"aligncenter size-full wp-image-106\" src=\"https:\/\/blog.edu.turku.fi\/erasmusbarcelona\/files\/2023\/03\/IMG_1391.jpg\" alt=\"\" width=\"768\" height=\"1024\" srcset=\"https:\/\/blog.edu.turku.fi\/erasmusbarcelona\/files\/2023\/03\/IMG_1391.jpg 768w, https:\/\/blog.edu.turku.fi\/erasmusbarcelona\/files\/2023\/03\/IMG_1391-225x300.jpg 225w\" sizes=\"auto, (max-width: 768px) 85vw, 768px\" \/> <img loading=\"lazy\" decoding=\"async\" class=\"aligncenter size-full wp-image-107\" src=\"https:\/\/blog.edu.turku.fi\/erasmusbarcelona\/files\/2023\/03\/IMG_1436.jpg\" alt=\"\" width=\"768\" height=\"1024\" srcset=\"https:\/\/blog.edu.turku.fi\/erasmusbarcelona\/files\/2023\/03\/IMG_1436.jpg 768w, https:\/\/blog.edu.turku.fi\/erasmusbarcelona\/files\/2023\/03\/IMG_1436-225x300.jpg 225w\" sizes=\"auto, (max-width: 768px) 85vw, 768px\" \/> <img loading=\"lazy\" decoding=\"async\" class=\"aligncenter size-full wp-image-108\" src=\"https:\/\/blog.edu.turku.fi\/erasmusbarcelona\/files\/2023\/03\/IMG_1382.jpg\" alt=\"\" width=\"768\" height=\"1024\" srcset=\"https:\/\/blog.edu.turku.fi\/erasmusbarcelona\/files\/2023\/03\/IMG_1382.jpg 768w, https:\/\/blog.edu.turku.fi\/erasmusbarcelona\/files\/2023\/03\/IMG_1382-225x300.jpg 225w\" sizes=\"auto, (max-width: 768px) 85vw, 768px\" \/> <img loading=\"lazy\" decoding=\"async\" class=\"aligncenter size-full wp-image-109\" src=\"https:\/\/blog.edu.turku.fi\/erasmusbarcelona\/files\/2023\/03\/IMG_1410.jpg\" alt=\"\" width=\"768\" height=\"1024\" srcset=\"https:\/\/blog.edu.turku.fi\/erasmusbarcelona\/files\/2023\/03\/IMG_1410.jpg 768w, https:\/\/blog.edu.turku.fi\/erasmusbarcelona\/files\/2023\/03\/IMG_1410-225x300.jpg 225w\" sizes=\"auto, (max-width: 768px) 85vw, 768px\" \/><\/p>\n<p><img loading=\"lazy\" decoding=\"async\" class=\"aligncenter size-full wp-image-110\" src=\"https:\/\/blog.edu.turku.fi\/erasmusbarcelona\/files\/2023\/03\/IMG_4818.jpg\" alt=\"\" width=\"768\" height=\"1024\" srcset=\"https:\/\/blog.edu.turku.fi\/erasmusbarcelona\/files\/2023\/03\/IMG_4818.jpg 768w, https:\/\/blog.edu.turku.fi\/erasmusbarcelona\/files\/2023\/03\/IMG_4818-225x300.jpg 225w\" sizes=\"auto, (max-width: 768px) 85vw, 768px\" \/><\/p>\n","protected":false},"excerpt":{"rendered":"<p>Kirjoitamme t\u00e4t\u00e4 jo oman ty\u00f6p\u00f6yd\u00e4n \u00e4\u00e4rest\u00e4. Viimeinen kurssip\u00e4iv\u00e4 oli varattu kaupungille ja kulttuurille. Saimme kurssin j\u00e4rjest\u00e4j\u00e4lt\u00e4 voucherin, jonka sai k\u00e4ytt\u00e4\u00e4 muutamista vaihtoehdoista annettuun n\u00e4ht\u00e4vyyteen. Halusimme ehdottomasti n\u00e4hd\u00e4 Casa Batllon, ja sen sis\u00e4\u00e4np\u00e4\u00e4sy oli huomattavasti korkeampi kuin muiden n\u00e4ht\u00e4vyyksien (32\u20ac), joten valitsimme tietysti sen. Casa Batllo oli aivan upea, ja voimme kyll\u00e4 suositella siell\u00e4 vierailua. Kohde &hellip; <a href=\"https:\/\/blog.edu.turku.fi\/erasmusbarcelona\/viimeinen-kurssipaiva\/\" class=\"more-link\">Jatka lukemista<span class=\"screen-reader-text\"> &#8221;Viimeinen kurssip\u00e4iv\u00e4&#8221;<\/span><\/a><\/p>\n","protected":false},"author":313,"featured_media":0,"parent":0,"menu_order":0,"comment_status":"closed","ping_status":"closed","template":"","meta":{"footnotes":""},"class_list":["post-103","page","type-page","status-publish","hentry"],"_links":{"self":[{"href":"https:\/\/blog.edu.turku.fi\/erasmusbarcelona\/wp-json\/wp\/v2\/pages\/103","targetHints":{"allow":["GET"]}}],"collection":[{"href":"https:\/\/blog.edu.turku.fi\/erasmusbarcelona\/wp-json\/wp\/v2\/pages"}],"about":[{"href":"https:\/\/blog.edu.turku.fi\/erasmusbarcelona\/wp-json\/wp\/v2\/types\/page"}],"author":[{"embeddable":true,"href":"https:\/\/blog.edu.turku.fi\/erasmusbarcelona\/wp-json\/wp\/v2\/users\/313"}],"replies":[{"embeddable":true,"href":"https:\/\/blog.edu.turku.fi\/erasmusbarcelona\/wp-json\/wp\/v2\/comments?post=103"}],"version-history":[{"count":2,"href":"https:\/\/blog.edu.turku.fi\/erasmusbarcelona\/wp-json\/wp\/v2\/pages\/103\/revisions"}],"predecessor-version":[{"id":111,"href":"https:\/\/blog.edu.turku.fi\/erasmusbarcelona\/wp-json\/wp\/v2\/pages\/103\/revisions\/111"}],"wp:attachment":[{"href":"https:\/\/blog.edu.turku.fi\/erasmusbarcelona\/wp-json\/wp\/v2\/media?parent=103"}],"curies":[{"name":"wp","href":"https:\/\/api.w.org\/{rel}","templated":true}]}}