{"id":99,"date":"2016-09-25T10:19:28","date_gmt":"2016-09-25T07:19:28","guid":{"rendered":"https:\/\/blog.edu.turku.fi\/elamyspolku\/?page_id=99"},"modified":"2020-05-04T08:22:19","modified_gmt":"2020-05-04T05:22:19","slug":"luonto","status":"publish","type":"page","link":"https:\/\/blog.edu.turku.fi\/elamyspolku\/luonto\/","title":{"rendered":"Luonto ja ymp\u00e4rist\u00f6"},"content":{"rendered":"<p>Ensimm\u00e4isell\u00e4 luokalla tehd\u00e4\u00e4n luokanopettajan opastamana kaupunkik\u00e4velyretki ja l\u00e4hiluontoretki.<br \/>\n<a href=\"https:\/\/www.turku.fi\/luontokoulu\" target=\"_blank\" rel=\"noopener noreferrer\">Ruissalon luontokoulu<\/a> kutsuu vuosittain 2.-4. luokkien oppilaat vierailulle ja opiskelemaan ymp\u00e4rist\u00f6opin luontoaiheita.<\/p>\n<p><a href=\"https:\/\/www.lsjh.fi\/fi\/neuvonta\/tilaa-neuvontaa\/\" target=\"_blank\" rel=\"noopener noreferrer\">Lounais-Suomen j\u00e4tehuolto<\/a> aktivoi 3.-4. luokan oppilaita ja kutsuu 8. luokan oppilaat tutustumaan toimipaikkoihinsa.<\/p>\n<p>Viidesluokkalaisten El\u00e4myspolku-kev\u00e4tretki on suunnitteilla.<br \/>\nYl\u00e4koulussa tehd\u00e4\u00e4n l\u00e4hiluontoretki\u00e4 opettajan opastamana.<\/p>\n<p><a href=\"https:\/\/blog.edu.turku.fi\/elamyspolku\/luonto\/linkkeja-ymparistokasvatukseen\/\" target=\"_blank\" rel=\"noopener noreferrer\">Linkkej\u00e4 ymp\u00e4rist\u00f6kasvatukseen<\/a><\/p>\n<p><strong>Palasia opsista:<\/strong><br \/>\n1.-6. luokilla oppimisymp\u00e4rist\u00f6j\u00e4 ja ty\u00f6tapoja valitessa otetaan huomioon toiminnallisuus, kokemuksellisuus, el\u00e4myksellisyys, draaman ja tarinoiden k\u00e4ytt\u00f6 sek\u00e4 ymp\u00e4rist\u00f6opin monitieteinen perusta. Ymp\u00e4rist\u00f6opin eri tiedonalojen ilmi\u00f6it\u00e4 pyrit\u00e4\u00e4n tutkimaan luonnollisissa tilanteissa ja ymp\u00e4rist\u00f6iss\u00e4. Oppimisymp\u00e4rist\u00f6in\u00e4 k\u00e4ytet\u00e4\u00e4n koulun tilojen ja opetusryhm\u00e4n lis\u00e4ksi monipuolisesti l\u00e4hiluontoa ja rakennettua ymp\u00e4rist\u00f6\u00e4, erilaisia yhteis\u00f6j\u00e4 ja vuorovaikutustilanteita, tieto- ja viestint\u00e4teknologisia ymp\u00e4rist\u00f6j\u00e4 sek\u00e4 paikallisia mahdollisuuksia kuten yhteisty\u00f6t\u00e4 luontokoulujen, museoiden, yritysten, kansalaisj\u00e4rjest\u00f6jen, luonto- ja tiedekeskusten kanssa.<\/p>\n<p>7.-9. luokkien biologian opetuksessa ty\u00f6skennell\u00e4\u00e4n my\u00f6s luonnossa ja ohjataan oppilaita tutkivan oppimisen avulla tutustumaan biologisen tiedonhankinnan luonteeseen. Luonnon tutkimisessa k\u00e4ytet\u00e4\u00e4n sek\u00e4 maasto- ett\u00e4 laboratorioty\u00f6menetelmi\u00e4. El\u00e4myksellinen ja kokemuksellinen oppiminen viritt\u00e4\u00e4 oppimisen iloa ja her\u00e4tt\u00e4\u00e4 kiinnostusta tarkkailla elinymp\u00e4rist\u00f6n tilaa ja siin\u00e4 tapahtuvia muutoksia.<\/p>\n","protected":false},"excerpt":{"rendered":"<p>Ensimm\u00e4isell\u00e4 luokalla tehd\u00e4\u00e4n luokanopettajan opastamana kaupunkik\u00e4velyretki ja l\u00e4hiluontoretki. Ruissalon luontokoulu kutsuu vuosittain 2.-4. luokkien oppilaat vierailulle ja opiskelemaan ymp\u00e4rist\u00f6opin luontoaiheita. Lounais-Suomen j\u00e4tehuolto aktivoi 3.-4. luokan oppilaita ja kutsuu 8. luokan oppilaat tutustumaan toimipaikkoihinsa. Viidesluokkalaisten El\u00e4myspolku-kev\u00e4tretki on suunnitteilla. Yl\u00e4koulussa tehd\u00e4\u00e4n l\u00e4hiluontoretki\u00e4 opettajan opastamana. Linkkej\u00e4 ymp\u00e4rist\u00f6kasvatukseen Palasia opsista: 1.-6. luokilla oppimisymp\u00e4rist\u00f6j\u00e4 ja ty\u00f6tapoja valitessa otetaan huomioon toiminnallisuus, &hellip; <a href=\"https:\/\/blog.edu.turku.fi\/elamyspolku\/luonto\/\" class=\"more-link\">Jatka lukemista<span class=\"screen-reader-text\"> &#8221;Luonto ja ymp\u00e4rist\u00f6&#8221;<\/span><\/a><\/p>\n","protected":false},"author":107,"featured_media":0,"parent":0,"menu_order":0,"comment_status":"closed","ping_status":"closed","template":"","meta":{"footnotes":""},"class_list":["post-99","page","type-page","status-publish","hentry"],"_links":{"self":[{"href":"https:\/\/blog.edu.turku.fi\/elamyspolku\/wp-json\/wp\/v2\/pages\/99","targetHints":{"allow":["GET"]}}],"collection":[{"href":"https:\/\/blog.edu.turku.fi\/elamyspolku\/wp-json\/wp\/v2\/pages"}],"about":[{"href":"https:\/\/blog.edu.turku.fi\/elamyspolku\/wp-json\/wp\/v2\/types\/page"}],"author":[{"embeddable":true,"href":"https:\/\/blog.edu.turku.fi\/elamyspolku\/wp-json\/wp\/v2\/users\/107"}],"replies":[{"embeddable":true,"href":"https:\/\/blog.edu.turku.fi\/elamyspolku\/wp-json\/wp\/v2\/comments?post=99"}],"version-history":[{"count":26,"href":"https:\/\/blog.edu.turku.fi\/elamyspolku\/wp-json\/wp\/v2\/pages\/99\/revisions"}],"predecessor-version":[{"id":1572,"href":"https:\/\/blog.edu.turku.fi\/elamyspolku\/wp-json\/wp\/v2\/pages\/99\/revisions\/1572"}],"wp:attachment":[{"href":"https:\/\/blog.edu.turku.fi\/elamyspolku\/wp-json\/wp\/v2\/media?parent=99"}],"curies":[{"name":"wp","href":"https:\/\/api.w.org\/{rel}","templated":true}]}}