{"id":931,"date":"2017-04-26T16:39:16","date_gmt":"2017-04-26T13:39:16","guid":{"rendered":"https:\/\/blog.edu.turku.fi\/elamyspolku\/?page_id=931"},"modified":"2017-10-27T10:07:32","modified_gmt":"2017-10-27T07:07:32","slug":"valbara-besoksmal","status":"publish","type":"page","link":"https:\/\/blog.edu.turku.fi\/elamyspolku\/valbara-besoksmal\/","title":{"rendered":"Valbara bes\u00f6ksm\u00e5l"},"content":{"rendered":"<p><a href=\"https:\/\/www.lsjh.fi\/sv\/radgivning\/bestall-radgivning\/\" target=\"_blank\" rel=\"noopener noreferrer\">Sydv\u00e4stra Finlands avfallsservice<br \/>\n<\/a><!-- This site is optimized with the Yoast SEO plugin v4.5 - https:\/\/yoast.com\/wordpress\/plugins\/seo\/ --> Best\u00e4ll r\u00e5dgivning. Boka en avfallsr\u00e5dgivare till skolans evenemang. R\u00e5dgivningen \u00e4r avgiftsfri och skr\u00e4ddarsys efter best\u00e4llarens \u00f6nskem\u00e5l.<\/p>\n<p><a href=\"http:\/\/www.aboavetusarsnova.fi\/sv\/for-lararna\/konstis\" target=\"_blank\" rel=\"noopener noreferrer\"> Konstis \u2013 en sinnesresa i konst<\/a> | Aboa Vetus &amp; Ars Nova, \u00c5bo<br \/>\nUnder Konstis-visningen bekantar man sig med nutidskonst och dess tekniker p\u00e5 ett pragmatiskt och roligt s\u00e4tt.<\/p>\n<div class=\"page clearfix\">\n<p><a href=\"https:\/\/www.turku.fi\/sv\/fritid\/kultur\/kulturmotion\" target=\"_blank\" rel=\"noopener noreferrer\">Kulturmotion<br \/>\n<\/a>Kulturmotionvandringarna l\u00e4ngs med Aura \u00e5 kombinerar kultur och motion.<\/p>\n<p><!-- [if IE]&gt;&lt;![endif]--><\/p>\n<\/div>\n<p><a href=\"https:\/\/www.turku.fi\/sv\/kuralabybacke\" target=\"_blank\" rel=\"noopener noreferrer\">Kurala Bybacke<\/a> (\u00e5k 1-2)\u00a0 <a href=\"https:\/\/www.turku.fi\/sv\/hantverksmuseet-pa-klosterbacken\/lar-och-upplev-i-museet\/skolor\" target=\"_blank\" rel=\"noopener noreferrer\">Hantverksmuseet p\u00e5 Klosterbacken<\/a> (\u00e5k 1-2, \u00e5k 9)<br \/>\nSe <a href=\"http:\/\/blog.edu.turku.fi\/elamyspolku\/museo\/\">museernas Upplevelsestig<\/a>.<\/p>\n<p><a href=\"http:\/\/www.l-tanssi.fi\/\" target=\"_blank\" rel=\"noopener noreferrer\">Regionala danscentret i V\u00e4stra Finland<\/a><br \/>\n<a href=\"http:\/\/l-tanssi.fi\/index.php\/2014-10-01-16-13-13\/tyopajat\/lavitse\" target=\"_blank\" rel=\"noopener noreferrer\">L\u00e4vitse<\/a>, verkstad f\u00f6r r\u00f6relseuttryck, <a href=\"http:\/\/www.l-tanssi.fi\/index.php\/2014-10-01-16-13-13\/tyopajat\/liikkuvat\" target=\"_blank\" rel=\"noopener noreferrer\">Liikkuvat<\/a>, fantasiverkstad, och <a href=\"http:\/\/www.l-tanssi.fi\/images\/DansfaddernA4-2.pdf\" target=\"_blank\" rel=\"noopener noreferrer\">Dansfaddern<\/a><\/p>\n<p><a href=\"http:\/\/www.tfo.fi\/sv\" target=\"_blank\" rel=\"noopener noreferrer\">\u00c5bo Filharmoniska Orkester<\/a><br \/>\n<a href=\"http:\/\/www.tfo.fi\/sv\/lapset-ja-nuoret\/skolor-och-daghem\" target=\"_blank\" rel=\"noopener noreferrer\">Skolkonsert och \u00f6ppna generalrepetitioner<\/a>, <a href=\"http:\/\/www.tfo.fi\/sv\/node\/225\" target=\"_blank\" rel=\"noopener noreferrer\">Guidade rundtutrer<\/a>, <a href=\"http:\/\/www.tfo.fi\/sv\/live\" target=\"_blank\" rel=\"noopener noreferrer\">N\u00e4tkonserter<\/a><\/p>\n<p><a href=\"http:\/\/www.nuoriteatteri.com\/\" target=\"_blank\" rel=\"noopener noreferrer\">\u00c5bo Unga Teater<\/a><br \/>\n<a href=\"http:\/\/www.nuoriteatteri.com\/koulutus\/kulttuuripolku\/\" target=\"_blank\" rel=\"noopener noreferrer\">Olika verkst\u00e4der<\/a><\/p>\n<div id=\"page\" class=\"hfeed site\"><a href=\"https:\/\/blog.edu.turku.fi\/elamyspolku\/files\/2017\/04\/Vattenverksmuseum_-info-fo\u0308r-skolgrupper.pdf\">Vattenverksmuseum<\/a><br \/>\n\u00c5bo vattenverksmuseum \u00e4r ett tv\u00e5spr\u00e5kigt museum.<br \/>\nGuidade rundturer f\u00f6r skolgrupper \u00e4r gratis under vardagar<\/div>\n","protected":false},"excerpt":{"rendered":"<p>Sydv\u00e4stra Finlands avfallsservice Best\u00e4ll r\u00e5dgivning. Boka en avfallsr\u00e5dgivare till skolans evenemang. R\u00e5dgivningen \u00e4r avgiftsfri och skr\u00e4ddarsys efter best\u00e4llarens \u00f6nskem\u00e5l. Konstis \u2013 en sinnesresa i konst | Aboa Vetus &amp; Ars Nova, \u00c5bo Under Konstis-visningen bekantar man sig med nutidskonst och dess tekniker p\u00e5 ett pragmatiskt och roligt s\u00e4tt. Kulturmotion Kulturmotionvandringarna l\u00e4ngs med Aura \u00e5 kombinerar &hellip; <a href=\"https:\/\/blog.edu.turku.fi\/elamyspolku\/valbara-besoksmal\/\" class=\"more-link\">Jatka lukemista<span class=\"screen-reader-text\"> &#8221;Valbara bes\u00f6ksm\u00e5l&#8221;<\/span><\/a><\/p>\n","protected":false},"author":107,"featured_media":0,"parent":0,"menu_order":0,"comment_status":"closed","ping_status":"closed","template":"","meta":{"footnotes":""},"class_list":["post-931","page","type-page","status-publish","hentry"],"_links":{"self":[{"href":"https:\/\/blog.edu.turku.fi\/elamyspolku\/wp-json\/wp\/v2\/pages\/931","targetHints":{"allow":["GET"]}}],"collection":[{"href":"https:\/\/blog.edu.turku.fi\/elamyspolku\/wp-json\/wp\/v2\/pages"}],"about":[{"href":"https:\/\/blog.edu.turku.fi\/elamyspolku\/wp-json\/wp\/v2\/types\/page"}],"author":[{"embeddable":true,"href":"https:\/\/blog.edu.turku.fi\/elamyspolku\/wp-json\/wp\/v2\/users\/107"}],"replies":[{"embeddable":true,"href":"https:\/\/blog.edu.turku.fi\/elamyspolku\/wp-json\/wp\/v2\/comments?post=931"}],"version-history":[{"count":18,"href":"https:\/\/blog.edu.turku.fi\/elamyspolku\/wp-json\/wp\/v2\/pages\/931\/revisions"}],"predecessor-version":[{"id":1089,"href":"https:\/\/blog.edu.turku.fi\/elamyspolku\/wp-json\/wp\/v2\/pages\/931\/revisions\/1089"}],"wp:attachment":[{"href":"https:\/\/blog.edu.turku.fi\/elamyspolku\/wp-json\/wp\/v2\/media?parent=931"}],"curies":[{"name":"wp","href":"https:\/\/api.w.org\/{rel}","templated":true}]}}