{"id":916,"date":"2017-03-28T18:41:24","date_gmt":"2017-03-28T15:41:24","guid":{"rendered":"https:\/\/blog.edu.turku.fi\/elamyspolku\/?page_id=916"},"modified":"2021-11-14T11:09:41","modified_gmt":"2021-11-14T09:09:41","slug":"bestallningssedel","status":"publish","type":"page","link":"https:\/\/blog.edu.turku.fi\/elamyspolku\/bestallningssedel\/","title":{"rendered":"Best\u00e4llningssedel"},"content":{"rendered":"<p>&nbsp;<\/p>\n<p>D\u00e5 klassen bes\u00f6ker ett avgiftsbelagt bes\u00f6ksm\u00e5l fyller l\u00e4raren i\u00a0 en <a href=\"https:\/\/blog.edu.turku.fi\/elamyspolku\/files\/2021\/11\/PUITEOSTOTILAUS-lomake.docx\" target=\"_blank\" rel=\"noopener\">best\u00e4llningssedel<\/a>.<\/p>\n<p>L\u00e4raren l\u00e4mnar informationen p\u00e5 blanketten till skolsekreteraren senast tv\u00e5 veckor f\u00f6re evenemanget.<\/p>\n<p>&nbsp;<\/p>\n","protected":false},"excerpt":{"rendered":"<p>&nbsp; D\u00e5 klassen bes\u00f6ker ett avgiftsbelagt bes\u00f6ksm\u00e5l fyller l\u00e4raren i\u00a0 en best\u00e4llningssedel. L\u00e4raren l\u00e4mnar informationen p\u00e5 blanketten till skolsekreteraren senast tv\u00e5 veckor f\u00f6re evenemanget. &nbsp;<\/p>\n","protected":false},"author":107,"featured_media":0,"parent":0,"menu_order":0,"comment_status":"closed","ping_status":"closed","template":"","meta":{"footnotes":""},"class_list":["post-916","page","type-page","status-publish","hentry"],"_links":{"self":[{"href":"https:\/\/blog.edu.turku.fi\/elamyspolku\/wp-json\/wp\/v2\/pages\/916","targetHints":{"allow":["GET"]}}],"collection":[{"href":"https:\/\/blog.edu.turku.fi\/elamyspolku\/wp-json\/wp\/v2\/pages"}],"about":[{"href":"https:\/\/blog.edu.turku.fi\/elamyspolku\/wp-json\/wp\/v2\/types\/page"}],"author":[{"embeddable":true,"href":"https:\/\/blog.edu.turku.fi\/elamyspolku\/wp-json\/wp\/v2\/users\/107"}],"replies":[{"embeddable":true,"href":"https:\/\/blog.edu.turku.fi\/elamyspolku\/wp-json\/wp\/v2\/comments?post=916"}],"version-history":[{"count":8,"href":"https:\/\/blog.edu.turku.fi\/elamyspolku\/wp-json\/wp\/v2\/pages\/916\/revisions"}],"predecessor-version":[{"id":2013,"href":"https:\/\/blog.edu.turku.fi\/elamyspolku\/wp-json\/wp\/v2\/pages\/916\/revisions\/2013"}],"wp:attachment":[{"href":"https:\/\/blog.edu.turku.fi\/elamyspolku\/wp-json\/wp\/v2\/media?parent=916"}],"curies":[{"name":"wp","href":"https:\/\/api.w.org\/{rel}","templated":true}]}}