{"id":877,"date":"2017-03-21T19:24:16","date_gmt":"2017-03-21T17:24:16","guid":{"rendered":"https:\/\/blog.edu.turku.fi\/elamyspolku\/?page_id=877"},"modified":"2025-08-19T21:04:06","modified_gmt":"2025-08-19T18:04:06","slug":"arskurs-7-9","status":"publish","type":"page","link":"https:\/\/blog.edu.turku.fi\/elamyspolku\/arskurs-7-9\/","title":{"rendered":"\u00c5rskurs 7\u20139"},"content":{"rendered":"<p><strong>\u00c5rskurs 7\u20139<br \/>\n<\/strong>Upplevelsestigens studiehelheter som \u00e4r gemensamma f\u00f6r alla p\u00e5 \u00e5rskurs 7\u20139:<\/p>\n<p><strong>\u00c5rskurs 7 <\/strong><\/p>\n<p style=\"padding-left: 30px\"><strong>Konsert<br \/>\n<\/strong>Musikl\u00e4raren leder ordnandet.<\/p>\n<p style=\"padding-left: 30px\"><strong>Eleverna pr\u00f6var p\u00e5 olika grenar<\/strong><br \/>\nSkolans idrottsinstrukt\u00f6rer och gymnastikl\u00e4rare ansvarar f\u00f6r anordnandet av tillf\u00e4llet.<strong><br \/>\n<\/strong><\/p>\n<p style=\"padding-left: 30px\"><strong>Bibliotek <\/strong><br \/>\n<strong>Stigen Lukupolku (ung. L\u00e4sstigen)<br \/>\n<\/strong>Bokprat, bokprat om serier och QR-kodorientering.\u00a0 Biblioteket ordnar guidning. \u00a0<a href=\"https:\/\/www.turku.fi\/sv\/bibliotek\" target=\"_blank\" rel=\"noopener\">Bes\u00f6k p\u00e5 huvudbiblioteket.<\/a><\/p>\n<p style=\"padding-left: 30px\"><strong>Utf\u00e4rd i n\u00e4rliggande natur<br \/>\n<\/strong>L\u00e4raren ansvarar f\u00f6r ordnandet av utf\u00e4rden.<strong><br \/>\n<\/strong><\/p>\n<p style=\"padding-left: 30px\"><strong>Domkyrkan<br \/>\n<\/strong>Historiepaket f\u00f6r alla.<\/p>\n<p style=\"padding-left: 30px\"><strong>Film<\/strong><br \/>\nSkolbio, Finnkino, Egentliga Finlands Filmcentrum, m.m. Klassen v\u00e4ljer programmet, l\u00e4raren bokar.<strong><br \/>\n<\/strong><\/p>\n<p style=\"padding-left: 30px\"><strong>\u00c5bo konstmuseum\/WAM\/Aboa Vetus &amp; Ars Nova<br \/>\n<\/strong>Klassen v\u00e4ljer vad de vill se och l\u00e4raren ordnar bes\u00f6ket. Museet ordnar guidning.<br \/>\nSe <a href=\"https:\/\/blog.edu.turku.fi\/elamyspolku\/801-2\/\" target=\"_blank\" rel=\"noopener\">museernas Upplevelsestig<\/a>.<strong><br \/>\n<\/strong><\/p>\n<p><strong>\u00c5rskurs 8 <\/strong><\/p>\n<p style=\"padding-left: 30px\"><strong>Film<br \/>\n<\/strong><u>Filmveckan<\/u> ordnas p\u00e5 h\u00f6sten.<\/p>\n<p style=\"padding-left: 30px\"><strong>Eleverna pr\u00f6var p\u00e5 olika grenar<br \/>\n<\/strong>Gymnastikl\u00e4raren ansvarar f\u00f6r ordnandet.<\/p>\n<p style=\"padding-left: 30px\"><strong>Bibliotek <\/strong><strong><br \/>\n<\/strong>L\u00e4raren guidar.<a href=\"http:\/\/blog.edu.turku.fi\/lukupolku\/oppilas\/8-lk\/\"><br \/>\n<\/a><a href=\"https:\/\/www.turku.fi\/sv\/bibliotek\" target=\"_blank\" rel=\"noopener\">Bes\u00f6k p\u00e5 huvudbiblioteket.<\/a><\/p>\n<p style=\"padding-left: 30px\"><strong>F\u00f6retagsbes\u00f6k<br \/>\n<\/strong>Klassen v\u00e4ljer vad de vill se, l\u00e4raren ordnar.<\/p>\n<p style=\"padding-left: 30px\"><strong>Utf\u00e4rd i n\u00e4rliggande natur<br \/>\n<\/strong>L\u00e4raren ansvarar f\u00f6r ordnandet av utf\u00e4rden.<strong><br \/>\n<\/strong><\/p>\n<p style=\"padding-left: 30px\"><strong>Eleverna bekantar sig med avfallscentralen<br \/>\n<\/strong>Guidad avgiftsfri busstur runt avfallscentralen, interaktiv utst\u00e4llning, bes\u00f6k till \u00e5tervinningscentralen. Sydv\u00e4stra Finlands Avfallsservice skickar inbjudan p\u00e5 v\u00e5ren.<strong><br \/>\n<\/strong><\/p>\n<p style=\"padding-left: 30px\"><strong>\u00c5bo konstmuseum\/Sibeliusmuseum\/Forum Marinum<br \/>\n<\/strong>Klassen v\u00e4ljer vad de vill se och l\u00e4raren ordnar bes\u00f6ket. Museet ordnar guidning.<strong><br \/>\n<\/strong>Se <a href=\"https:\/\/blog.edu.turku.fi\/elamyspolku\/801-2\/\" target=\"_blank\" rel=\"noopener\">museernas Upplevelsestig<\/a><strong>.<\/strong><\/p>\n<p><strong>\u00c5rskurs 9 <\/strong><\/p>\n<p style=\"padding-left: 30px\"><strong>Teater<br \/>\n<\/strong>Klassen v\u00e4ljer vad de vill se, l\u00e4raren ordnar.<strong><br \/>\n<\/strong><\/p>\n<p style=\"padding-left: 30px\"><strong>Eleverna pr\u00f6var p\u00e5 olika grenar<br \/>\n<\/strong>Gymnastikl\u00e4raren ansvarar f\u00f6r ordnandet.<strong><br \/>\n<\/strong><\/p>\n<p style=\"padding-left: 30px\"><strong>Bibliotek <\/strong><a href=\"http:\/\/blog.edu.turku.fi\/lukupolku\/oppilas\/9-lk\/\"><br \/>\n<\/a><a href=\"https:\/\/www.turku.fi\/sv\/bibliotek\" target=\"_blank\" rel=\"noopener\">Bes\u00f6k p\u00e5 huvudbiblioteket.<\/a><strong><br \/>\n<\/strong><\/p>\n<p style=\"padding-left: 30px\"><strong>Hantverkarmuseet\/Apoteksmuseet och Qwenselska huset\/Forum Marinum<br \/>\n<\/strong>Klassen v\u00e4ljer vad de vill se och l\u00e4raren ordnar bes\u00f6ket. Museet ordnar guidning.<br \/>\nSe <a href=\"https:\/\/blog.edu.turku.fi\/elamyspolku\/801-2\/\" target=\"_blank\" rel=\"noopener\">museernas Upplevelsestig<\/a>.<\/p>\n<p style=\"padding-left: 30px\"><strong>F\u00f6retagsbyn<br \/>\n<\/strong>Studiehandledaren och\/eller l\u00e4raren i samh\u00e4llsl\u00e4ra bokar och ordnar bes\u00f6k till <a href=\"https:\/\/yrityskyla.fi\/sv\/\" target=\"_blank\" rel=\"noopener\">F\u00f6retagsbyn.<\/a><strong><br \/>\n<\/strong><\/p>\n<p style=\"padding-left: 30px\">\n","protected":false},"excerpt":{"rendered":"<p>\u00c5rskurs 7\u20139 Upplevelsestigens studiehelheter som \u00e4r gemensamma f\u00f6r alla p\u00e5 \u00e5rskurs 7\u20139: \u00c5rskurs 7 Konsert Musikl\u00e4raren leder ordnandet. Eleverna pr\u00f6var p\u00e5 olika grenar Skolans idrottsinstrukt\u00f6rer och gymnastikl\u00e4rare ansvarar f\u00f6r anordnandet av tillf\u00e4llet. Bibliotek Stigen Lukupolku (ung. L\u00e4sstigen) Bokprat, bokprat om serier och QR-kodorientering.\u00a0 Biblioteket ordnar guidning. \u00a0Bes\u00f6k p\u00e5 huvudbiblioteket. Utf\u00e4rd i n\u00e4rliggande natur L\u00e4raren ansvarar &hellip; <a href=\"https:\/\/blog.edu.turku.fi\/elamyspolku\/arskurs-7-9\/\" class=\"more-link\">Jatka lukemista<span class=\"screen-reader-text\"> &#8221;\u00c5rskurs 7\u20139&#8221;<\/span><\/a><\/p>\n","protected":false},"author":33,"featured_media":0,"parent":0,"menu_order":0,"comment_status":"closed","ping_status":"closed","template":"","meta":{"footnotes":""},"class_list":["post-877","page","type-page","status-publish","hentry"],"_links":{"self":[{"href":"https:\/\/blog.edu.turku.fi\/elamyspolku\/wp-json\/wp\/v2\/pages\/877","targetHints":{"allow":["GET"]}}],"collection":[{"href":"https:\/\/blog.edu.turku.fi\/elamyspolku\/wp-json\/wp\/v2\/pages"}],"about":[{"href":"https:\/\/blog.edu.turku.fi\/elamyspolku\/wp-json\/wp\/v2\/types\/page"}],"author":[{"embeddable":true,"href":"https:\/\/blog.edu.turku.fi\/elamyspolku\/wp-json\/wp\/v2\/users\/33"}],"replies":[{"embeddable":true,"href":"https:\/\/blog.edu.turku.fi\/elamyspolku\/wp-json\/wp\/v2\/comments?post=877"}],"version-history":[{"count":10,"href":"https:\/\/blog.edu.turku.fi\/elamyspolku\/wp-json\/wp\/v2\/pages\/877\/revisions"}],"predecessor-version":[{"id":2832,"href":"https:\/\/blog.edu.turku.fi\/elamyspolku\/wp-json\/wp\/v2\/pages\/877\/revisions\/2832"}],"wp:attachment":[{"href":"https:\/\/blog.edu.turku.fi\/elamyspolku\/wp-json\/wp\/v2\/media?parent=877"}],"curies":[{"name":"wp","href":"https:\/\/api.w.org\/{rel}","templated":true}]}}