{"id":840,"date":"2017-03-20T20:54:01","date_gmt":"2017-03-20T18:54:01","guid":{"rendered":"https:\/\/blog.edu.turku.fi\/elamyspolku\/?page_id=840"},"modified":"2025-09-07T21:04:13","modified_gmt":"2025-09-07T18:04:13","slug":"bibliotek","status":"publish","type":"page","link":"https:\/\/blog.edu.turku.fi\/elamyspolku\/bibliotek\/","title":{"rendered":"Bibliotek"},"content":{"rendered":"<p class=\"x_MsoNormal\"><b><span data-olk-copy-source=\"MessageBody\">Bibliotek<\/span><\/b><\/p>\n<p class=\"x_MsoNormal\"><span lang=\"SV\">Alla elever inom den grundl\u00e4ggande utbildningen i \u00c5bo bes\u00f6ker biblioteket minst en g\u00e5ng i \u00e5ret, m\u00e5nga elever varje vecka. L\u00e5nebes\u00f6ken kan g\u00f6ras till huvudbiblioteket, biblioteksbussen eller n\u00e4rbiblioteket, men Upplevelsestigens program ordnas i \u00c5bo huvudbibliotek.\u202f\u202f\u00a0<\/span><\/p>\n<p class=\"x_MsoNormal\"><b><span lang=\"SV\">Under skoll\u00e4s\u00e5ret \u00e4r huvudbibliotekets barnavdelning Saga och ungdomsavdelning Story reserverade f\u00f6r Upplevelsestigens program fr\u00e5n m\u00e5ndagar till torsdagar kl. 9\u201310, och avdelningarna \u00f6ppnar vanligt kl. 10. P\u00e5 fredagar \u00e4r Saga och Story \u00f6ppna f\u00f6r alla kunder fr\u00e5n och med kl. 9.\u202f<\/span><\/b><span lang=\"SV\">\u202f\u00a0<\/span><\/p>\n<p class=\"x_MsoNormal\"><b><span lang=\"SV\"><br \/>\nBibliotek<\/span><\/b><span lang=\"SV\">\u202f\u00a0<\/span><\/p>\n<p class=\"x_MsoNormal\"><b><span lang=\"SV\">Biblioteket erbjuder under l\u00e4s\u00e5ret:<\/span><\/b><span lang=\"SV\">\u202f\u00a0<\/span><\/p>\n<p class=\"x_MsoNormal\"><b><span lang=\"SV\">L\u00e4s\u00e5r 2025-2026<\/span><\/b><span lang=\"SV\">\u202f\u00a0<\/span><\/p>\n<p class=\"x_MsoNormal\"><span lang=\"SV\">Upplevelsestigen p\u00e5 svenska f\u00f6r l\u00e5gstadieelever:\u202f\u00a0<\/span><\/p>\n<p class=\"x_MsoNormal\"><a title=\"https:\/\/www.lyyti.in\/bokprat_ak2_hosten_2025\" href=\"https:\/\/www.lyyti.in\/bokprat_ak2_hosten_2025\" target=\"_blank\" rel=\"noopener noreferrer\" data-auth=\"NotApplicable\" data-linkindex=\"1\"><span lang=\"SV\">Anm\u00e4lningsl\u00e4nk f\u00f6r bokprat \u00e5k 2<\/span><\/a><span lang=\"SV\">\u202fp\u00e5 h\u00f6sten.\u202f\u00a0<\/span><\/p>\n<p class=\"x_MsoNormal\"><a title=\"https:\/\/www.lyyti.in\/bibliotekets_mediestig_varen_2026\" href=\"https:\/\/www.lyyti.in\/bibliotekets_mediestig_varen_2026\" target=\"_blank\" rel=\"noopener noreferrer\" data-auth=\"NotApplicable\" data-linkindex=\"2\"><span lang=\"SV\">Anm\u00e4lningsl\u00e4nk f\u00f6r mediestigar \u00e5k 4<\/span><\/a><span lang=\"SV\">\u202fp\u00e5 v\u00e5ren.\u202f\u00a0<\/span><\/p>\n<p class=\"x_MsoNormal\"><a title=\"https:\/\/www.lyyti.in\/bokprat_ak5_varen_2026\" href=\"https:\/\/www.lyyti.in\/bokprat_ak5_varen_2026\" target=\"_blank\" rel=\"noopener noreferrer\" data-auth=\"NotApplicable\" data-linkindex=\"3\"><span lang=\"SV\">Anm\u00e4lningsl\u00e4nk f\u00f6r bokprat \u00e5k 5<\/span><\/a><span lang=\"SV\">\u202fp\u00e5 v\u00e5ren.\u202f\u00a0<\/span><\/p>\n<p class=\"x_MsoNormal\"><span lang=\"SV\">N\u00e4rmare information: Riitta Taara, riitta.taara(a)turku.fi\u202f\u00a0<\/span><\/p>\n<p class=\"x_MsoNormal\"><a title=\"https:\/\/www.turku.fi\/sv\/bibliotek\/barn-och-barnfamiljer#anchor-lastips\" href=\"https:\/\/www.turku.fi\/sv\/bibliotek\/barn-och-barnfamiljer#anchor-lastips\" target=\"_blank\" rel=\"noopener noreferrer\" data-auth=\"NotApplicable\" data-linkindex=\"4\"><span lang=\"SV\">H\u00e4r<\/span><\/a><span lang=\"SV\">\u202fhittar du l\u00e4stips f\u00f6r skolbarn, se till att skrolla ner till sidan f\u00f6r r\u00e4tt m\u00e5lgrupp.\u202f\u00a0<\/span><\/p>\n<p class=\"x_MsoNormal\"><a title=\"https:\/\/vaski.finna.fi\/?lng=sv\" href=\"https:\/\/vaski.finna.fi\/?lng=sv\" target=\"_blank\" rel=\"noopener noreferrer\" data-auth=\"NotApplicable\" data-linkindex=\"5\">N\u00e4tbiblioteket Vaski<\/a><\/p>\n<p><strong>Bitar fr\u00e5n l\u00e4roplanen:<\/strong><br \/>\nP\u00e5 \u00e5rskurs 1\u20132 utvidgas l\u00e4rmilj\u00f6n till omr\u00e5den utanf\u00f6r klassrummet genom att eleverna bekantar sig med skolbiblioteks- eller n\u00e4rbiblioteksverksamheten och med olika kulturevenemang f\u00f6r barn.<\/p>\n<p>P\u00e5 \u00e5rskurs 3\u20136 ska eleverna uppmuntras att anv\u00e4nda olika typer av k\u00e4llor, till exempel muntliga, audiovisuella, tryckta och elektroniska k\u00e4llor, s\u00f6ktj\u00e4nster och bibliotekstj\u00e4nster och samtidigt bed\u00f6ma om informationen de hittat l\u00e4mpar sig f\u00f6r \u00e4ndam\u00e5let (I4)<\/p>\n<p>Att f\u00f6rst\u00e5 spr\u00e5k, litteratur och kultur p\u00e5 \u00e5rskurs 3\u20136 (I4): Det lokala kultur- och medieutbudet, till exempel bibliotek, film, teater och museer utnyttjas i undervisningen. Eleverna reflekterar \u00f6ver olika mediekulturella uttryck och diskuterar mediernas roll i sin vardag. De medverkar i skolans kulturevenemang och i planeringen av dessa. Eleverna uppmuntras till att aktivt och m\u00e5ngsidigt anv\u00e4nda bibliotekstj\u00e4nster, hitta intressant l\u00e4sning och att l\u00e4sa och skriva p\u00e5 fritiden.<\/p>\n<p>P\u00e5 \u00e5rskurs 7\u20139 bekantar sig eleverna p\u00e5 ett m\u00e5ngsidigt s\u00e4tt med ungdomsb\u00f6cker och klassiska och moderna verk samt faktab\u00f6cker. Eleverna uppmuntras att anv\u00e4nda bibliotekstj\u00e4nster b\u00e5de aktivt och m\u00e5ngsidigt.<\/p>\n<p class=\"x_MsoNormal\"><b><span lang=\"SV\" data-olk-copy-source=\"MessageBody\">P\u00e5 svenska, till svenskspr\u00e5kiga klasser och spr\u00e5kbad<\/span><\/b><span lang=\"SV\">\u00a0maria.osterman(a)turku.fi\u00a0\u00a0\u00a0<\/span><\/p>\n<p class=\"x_MsoNormal\"><span lang=\"SV\">\u00c5rskurs 7:<br \/>\nBiblioteksorientering i hela biblioteket. Ungdomsavdelningen Storys utrymmen och tj\u00e4nster.\u00a0\u00a0<\/span><\/p>\n<p class=\"x_MsoNormal\"><span lang=\"SV\">\u00c5rskurs 7-9:<br \/>\nBokprat \u2013 inneh\u00e5llet kan best\u00e4mmas tillsammans med l\u00e4raren.\u00a0\u00a0<\/span><\/p>\n<p class=\"x_MsoNormal\"><span lang=\"SV\">\u00c5rskurs 8:<br \/>\nEscape Room med temat mediekunskap.\u00a0\u00a0<\/span><\/p>\n<p class=\"x_MsoNormal\"><span lang=\"SV\">Boktipslistor f\u00f6r ungdomar i\u00a0<a title=\"https:\/\/vaski.finna.fi\/Content\/nuoret?lng=sv\" href=\"https:\/\/vaski.finna.fi\/Content\/nuoret?lng=sv\" target=\"_blank\" rel=\"noopener noreferrer\" data-auth=\"NotApplicable\" data-linkindex=\"3\">Vaski n\u00e4tbiblioteket<\/a><\/span><\/p>\n<div>\n<p>&nbsp;<\/p>\n<\/div>\n<div>\n<p>&nbsp;<\/p>\n<\/div>\n","protected":false},"excerpt":{"rendered":"<p>Bibliotek Alla elever inom den grundl\u00e4ggande utbildningen i \u00c5bo bes\u00f6ker biblioteket minst en g\u00e5ng i \u00e5ret, m\u00e5nga elever varje vecka. L\u00e5nebes\u00f6ken kan g\u00f6ras till huvudbiblioteket, biblioteksbussen eller n\u00e4rbiblioteket, men Upplevelsestigens program ordnas i \u00c5bo huvudbibliotek.\u202f\u202f\u00a0 Under skoll\u00e4s\u00e5ret \u00e4r huvudbibliotekets barnavdelning Saga och ungdomsavdelning Story reserverade f\u00f6r Upplevelsestigens program fr\u00e5n m\u00e5ndagar till torsdagar kl. 9\u201310, och &hellip; <a href=\"https:\/\/blog.edu.turku.fi\/elamyspolku\/bibliotek\/\" class=\"more-link\">Jatka lukemista<span class=\"screen-reader-text\"> &#8221;Bibliotek&#8221;<\/span><\/a><\/p>\n","protected":false},"author":33,"featured_media":0,"parent":0,"menu_order":0,"comment_status":"closed","ping_status":"closed","template":"","meta":{"footnotes":""},"class_list":["post-840","page","type-page","status-publish","hentry"],"_links":{"self":[{"href":"https:\/\/blog.edu.turku.fi\/elamyspolku\/wp-json\/wp\/v2\/pages\/840","targetHints":{"allow":["GET"]}}],"collection":[{"href":"https:\/\/blog.edu.turku.fi\/elamyspolku\/wp-json\/wp\/v2\/pages"}],"about":[{"href":"https:\/\/blog.edu.turku.fi\/elamyspolku\/wp-json\/wp\/v2\/types\/page"}],"author":[{"embeddable":true,"href":"https:\/\/blog.edu.turku.fi\/elamyspolku\/wp-json\/wp\/v2\/users\/33"}],"replies":[{"embeddable":true,"href":"https:\/\/blog.edu.turku.fi\/elamyspolku\/wp-json\/wp\/v2\/comments?post=840"}],"version-history":[{"count":21,"href":"https:\/\/blog.edu.turku.fi\/elamyspolku\/wp-json\/wp\/v2\/pages\/840\/revisions"}],"predecessor-version":[{"id":2844,"href":"https:\/\/blog.edu.turku.fi\/elamyspolku\/wp-json\/wp\/v2\/pages\/840\/revisions\/2844"}],"wp:attachment":[{"href":"https:\/\/blog.edu.turku.fi\/elamyspolku\/wp-json\/wp\/v2\/media?parent=840"}],"curies":[{"name":"wp","href":"https:\/\/api.w.org\/{rel}","templated":true}]}}