{"id":832,"date":"2017-03-20T20:48:32","date_gmt":"2017-03-20T18:48:32","guid":{"rendered":"https:\/\/blog.edu.turku.fi\/elamyspolku\/?page_id=832"},"modified":"2026-03-17T22:22:54","modified_gmt":"2026-03-17T20:22:54","slug":"konsert","status":"publish","type":"page","link":"https:\/\/blog.edu.turku.fi\/elamyspolku\/konsert\/","title":{"rendered":"Konsert"},"content":{"rendered":"<p>Upplevelsestigens konserter riktar sig till elever p\u00e5 \u00e5rskurs 2 och 7. F\u00f6r elever p\u00e5 \u00e5rskurs 2 ordnas en konsert p\u00e5 \u00c5bo konserthus. Till konserten skickas en separat inbjudan.<\/p>\n<p>P\u00e5 \u00e5rskurs 7 kan klassen v\u00e4lja en l\u00e4mplig konsert ur skokonsertprogrammet av t.ex. <a href=\"https:\/\/tfo.fi\/sv\/\">\u00c5bo filharmoniska orkester<\/a>, <a href=\"https:\/\/turunkonservatorio.fi\/sv\/undervisning\">\u00c5bonejdens musikinstitut<\/a> eller <a href=\"http:\/\/www.turkujazz.fi\/\" target=\"_blank\" rel=\"noopener\">Turku Jazz ry<\/a>. Upplevelsestigen erbjuder ocks\u00e5 valbara bes\u00f6k som kan g\u00f6ras inom ramen f\u00f6r undervisningen i musik p\u00e5 olika \u00e5rskurser.<\/p>\n<p><strong>Bitar fr\u00e5n l\u00e4roplanen:<\/strong><br \/>\nP\u00e5 \u00e5rskurs 3\u20136 till\u00e4gnar sig eleven musikaliska kunskaper och f\u00e4rdigheter genom att musicera, det vill s\u00e4ga sjunga, spela, lyssna, r\u00f6ra sig till musik, improvisera och komponera samt genom tv\u00e4rkonstn\u00e4rligt arbete. Inneh\u00e5llet v\u00e4ljs s\u00e5 att eleverna f\u00e5r m\u00e5ngsidig insikt i olika musikkulturer och -stilar. Inneh\u00e5llet ska st\u00f6dja m\u00e5len och utnyttja de lokala m\u00f6jligheterna och elevernas erfarenheter.<br \/>\nUt\u00f6ver musikaliska kunskaper och f\u00e4rdigheter ska undervisningen ocks\u00e5 behandla elevernas erfarenheter och iakttagelser g\u00e4llande musik och musicerande i olika milj\u00f6er i och utanf\u00f6r skolan.<br \/>\nDe m\u00f6jligheter som konst- och kulturinr\u00e4ttningar och andra samarbetspartner erbjuder ska anv\u00e4ndas i undervisningen.<br \/>\nP\u00e5 \u00e5rskurs 7\u20139 inspireras eleverna av gl\u00e4dje i l\u00e4randet, en atmosf\u00e4r som sporrar kreativt t\u00e4nkande och positiva musikupplevelser och st\u00e4rker elevernas vilja att utveckla sina musikaliska f\u00e4rdigheter.<\/p>\n<p>De m\u00f6jligheter som konst- och kulturinr\u00e4ttningar och andra samarbetspartner erbjuder ska anv\u00e4ndas i undervisningen.<\/p>\n","protected":false},"excerpt":{"rendered":"<p>Upplevelsestigens konserter riktar sig till elever p\u00e5 \u00e5rskurs 2 och 7. F\u00f6r elever p\u00e5 \u00e5rskurs 2 ordnas en konsert p\u00e5 \u00c5bo konserthus. Till konserten skickas en separat inbjudan. P\u00e5 \u00e5rskurs 7 kan klassen v\u00e4lja en l\u00e4mplig konsert ur skokonsertprogrammet av t.ex. \u00c5bo filharmoniska orkester, \u00c5bonejdens musikinstitut eller Turku Jazz ry. Upplevelsestigen erbjuder ocks\u00e5 valbara bes\u00f6k &hellip; <a href=\"https:\/\/blog.edu.turku.fi\/elamyspolku\/konsert\/\" class=\"more-link\">Jatka lukemista<span class=\"screen-reader-text\"> &#8221;Konsert&#8221;<\/span><\/a><\/p>\n","protected":false},"author":754,"featured_media":0,"parent":0,"menu_order":0,"comment_status":"closed","ping_status":"closed","template":"","meta":{"footnotes":""},"class_list":["post-832","page","type-page","status-publish","hentry"],"_links":{"self":[{"href":"https:\/\/blog.edu.turku.fi\/elamyspolku\/wp-json\/wp\/v2\/pages\/832","targetHints":{"allow":["GET"]}}],"collection":[{"href":"https:\/\/blog.edu.turku.fi\/elamyspolku\/wp-json\/wp\/v2\/pages"}],"about":[{"href":"https:\/\/blog.edu.turku.fi\/elamyspolku\/wp-json\/wp\/v2\/types\/page"}],"author":[{"embeddable":true,"href":"https:\/\/blog.edu.turku.fi\/elamyspolku\/wp-json\/wp\/v2\/users\/754"}],"replies":[{"embeddable":true,"href":"https:\/\/blog.edu.turku.fi\/elamyspolku\/wp-json\/wp\/v2\/comments?post=832"}],"version-history":[{"count":6,"href":"https:\/\/blog.edu.turku.fi\/elamyspolku\/wp-json\/wp\/v2\/pages\/832\/revisions"}],"predecessor-version":[{"id":2991,"href":"https:\/\/blog.edu.turku.fi\/elamyspolku\/wp-json\/wp\/v2\/pages\/832\/revisions\/2991"}],"wp:attachment":[{"href":"https:\/\/blog.edu.turku.fi\/elamyspolku\/wp-json\/wp\/v2\/media?parent=832"}],"curies":[{"name":"wp","href":"https:\/\/api.w.org\/{rel}","templated":true}]}}