{"id":83,"date":"2016-09-25T10:17:17","date_gmt":"2016-09-25T07:17:17","guid":{"rendered":"https:\/\/blog.edu.turku.fi\/elamyspolku\/?page_id=83"},"modified":"2026-02-17T18:07:46","modified_gmt":"2026-02-17T16:07:46","slug":"kirjasto","status":"publish","type":"page","link":"https:\/\/blog.edu.turku.fi\/elamyspolku\/kirjasto\/","title":{"rendered":"Kirjasto"},"content":{"rendered":"<p>Kaikki turkulaiset perusopetuksen oppilaat k\u00e4yv\u00e4t kirjastossa opetussuunnitelman mukaisesti v\u00e4hint\u00e4\u00e4n kerran vuodessa. \u00a0Parhaiten lasten ja nuorten lukutaitoa tukevat s\u00e4\u00e4nn\u00f6lliset kuukausittaiset kirjastok\u00e4ynnit.<\/p>\n<p>Kirjastok\u00e4ynnit tehd\u00e4\u00e4n l\u00e4hikirjastoon, kirjastoautoon tai p\u00e4\u00e4kirjastoon.<\/p>\n<p><a href=\"https:\/\/www.turku.fi\/kirjasto\/opettajille-ja-varhaiskasvattajille\">Opettajille ja varhaiskasvattajille | Turku.fi<\/a><\/p>\n<p><strong>Uutta p\u00e4\u00e4kirjaston aukioloissa:<br \/>\n<\/strong>P\u00e4\u00e4kirjaston lasten Saaga ja nuorten Stoori ovat avoinna<br \/>\nma \u2013 to klo 10-20<br \/>\npe klo 9-20<strong>\u00a0<\/strong><\/p>\n<p>Ma \u2013 to klo 9-10 lasten ja nuorten osastot on varattu kirjaston ohjaamille ryhm\u00e4vierailuille.<br \/>\nPerjantain aukiolokokeilu on voimassa lukuvuoden 2025-2026.<br \/>\n<strong><br \/>\n<\/strong>Kirjaston tarjoamat kaikille kyseisen vuosiluokan oppilaille kuuluvat vierailut 2., 4. ja 5. luokille.<\/p>\n<p><strong>2. luokka ja 5. luokka<br \/>\n<\/strong>Kirjavinkkaus<br \/>\nVierailulla kuullaan kirjavinkkej\u00e4 ja lopuksi lainataan, joten\u00a0mukaan tarvitaan\u00a0<a href=\"https:\/\/vaski.finna.fi\/themes\/custom\/files\/lainaajalomake-fi-2024.pdf\">kirjastokortti<\/a>.<br \/>\nTutustu my\u00f6s\u00a0<a href=\"https:\/\/www.turku.fi\/kirjasto\/opettajille-ja-varhaiskasvattajille#anchor-yhteisokortti-ja-oppilaiden-kirjastokortit\">yhteis\u00f6korttiin<\/a>.\u00a0<a href=\"https:\/\/www.turku.fi\/sites\/default\/files\/document\/yhteisoasiakkaan_lainaajalomake.pdf\">Yhteis\u00f6kortin hakulomake<\/a><br \/>\n<strong>Tarjoamme yhden kirjavinkkauksen lukuvuoden aikana.<\/strong><\/p>\n<p><strong>2. luokkien<\/strong><br \/>\nkirjavinkkauksia j\u00e4rjestet\u00e4\u00e4n\u00a0ennalta laaditun aikataulun mukaan osassa l\u00e4hikirjastoja ja p\u00e4\u00e4kirjastossa.<strong><br \/>\n<\/strong>Paattisten, Varissuon ja Yli-Maarian alueiden 2. luokat k\u00e4yv\u00e4t kirjavinkkauksessa omassa l\u00e4hikirjastossaan. Yli-Maarian kirjaston kirjavinkkaukset j\u00e4rjestet\u00e4\u00e4n kev\u00e4\u00e4n 2026 aikana.<br \/>\nL\u00e4hikirjastojen kirjavinkkauksiin voi osallistua 1 luokka kerralla.<\/p>\n<p>Muiden alueiden 2. luokat k\u00e4yv\u00e4t kirjavinkkauksessa p\u00e4\u00e4kirjastossa.<br \/>\nP\u00e4\u00e4kirjaston Studion kirjavinkkauksia j\u00e4rjestet\u00e4\u00e4n l\u00e4pi lukuvuoden.<\/p>\n<p><strong>Varaa 2. luokkien kirjavinkkaus\u00a0<\/strong><a href=\"https:\/\/www.lyyti.fi\/reg\/Kirjavinkkaus_2025-2026\">t\u00e4st\u00e4<\/a>\u00a0(Linkki aukeaa 18.8. klo 8.00)<br \/>\nJos luokkasi on\u00a0<strong>pienluokka (2.lk)<\/strong>, varaa kirjavinkkaus\u00a0<a href=\"https:\/\/www.lyyti.fi\/reg\/Kirjavinkkaus_pienluokille_2025-2026\">t\u00e4st\u00e4<\/a><br \/>\n<strong>Ruotsinkieliset<\/strong> kirjavinkkaukset syksyll\u00e4 2025:\u202f<a href=\"https:\/\/www.lyyti.fi\/reg\/bokprat_ak2_hosten_2025\">2.lk<\/a><\/p>\n<p><strong>5. luokkien<br \/>\n<\/strong>kirjavinkkauksia j\u00e4rjestet\u00e4\u00e4n\u00a0ennalta laaditun aikataulun mukaan p\u00e4\u00e4kirjaston Studiossa koko lukuvuoden ajan.<br \/>\n<span style=\"text-decoration: line-through\"><br \/>\n<\/span><strong>Varaa 5. luokkien kirjavinkkaus\u00a0<\/strong><a href=\"https:\/\/www.lyyti.fi\/reg\/Kirjavinkkaus_2025-2026\">t\u00e4st\u00e4.<\/a>\u00a0(Linkki aukeaa 18.8. klo 8.00)<br \/>\nJos luokkasi on\u00a0<strong>pienluokka (5.lk)<\/strong>, varaa kirjavinkkaus\u00a0<a href=\"https:\/\/www.lyyti.fi\/reg\/Kirjavinkkaus_pienluokille_2025-2026\">t\u00e4st\u00e4<\/a>.<br \/>\n<strong>Ruotsinkieliset<\/strong> kirjavinkkaukset kev\u00e4\u00e4ll\u00e4 2026: <a href=\"https:\/\/www.lyyti.fi\/reg\/bokprat_ak5_varen_2026\">5.lk<\/a><\/p>\n<p><strong>Uutta: P\u00e4\u00e4kirjastossa 2. ja 5. luokille kahdenlaisia vinkkauksia!<\/strong><\/p>\n<p><strong>Kirjavinkkaus<br \/>\n<\/strong>Kyseiselle ik\u00e4ryhm\u00e4lle suunnattu monipuolinen kattaus kirjaston vinkkareiden tuoreimpia l\u00f6yt\u00f6j\u00e4 ja luottosuosikkeja (voi osallistua 3 luokkaa kerralla)<\/p>\n<p><strong>Mukautettu kirjavinkkaus<br \/>\n<\/strong>Helppoa ja mukaansatempaavaa luettavaa heille, joille lukeminen on syyst\u00e4 tai toisesta vaikeaa.<br \/>\n(voi osallistua 2 luokkaa kerralla) <span style=\"text-decoration: line-through\"><br \/>\n<\/span><strong><br \/>\n2. ja 5. luokkia vastaavat pienluokat<\/strong><br \/>\nKirjavinkkaus<span style=\"text-decoration: line-through\"><br \/>\n<\/span>Tarjoamme yhden kirjavinkkauksen lukuvuoden aikana.<\/p>\n<p>Pienluokkien (2. ja 5.lk) kirjavinkkauksia j\u00e4rjestet\u00e4\u00e4n\u00a0ennalta laaditun aikataulun mukaan Nummen kirjastossa ja p\u00e4\u00e4kirjaston Saagassa l\u00e4pi lukuvuoden.<br \/>\nNummen alueen pienluokat k\u00e4yv\u00e4t kirjavinkkauksessa Nummen kirjastossa, muiden alueiden pienluokat k\u00e4yv\u00e4t kirjavinkkauksessa p\u00e4\u00e4kirjaston Saagassa.<br \/>\nVinkkauksiin voi osallistua 1 luokka kerralla.<\/p>\n<p>Vinkkauksissa kuullaan kirjavinkkej\u00e4 ja lopuksi lainataan, joten\u00a0mukaan tarvitaan\u00a0<a href=\"https:\/\/vaski.finna.fi\/themes\/custom\/files\/lainaajalomake-fi-2024.pdf\">kirjastokortti<\/a>. Tutustu my\u00f6s\u00a0<a href=\"https:\/\/www.turku.fi\/kirjasto\/opettajille-ja-varhaiskasvattajille#anchor-yhteisokortti-ja-oppilaiden-kirjastokortit\">yhteis\u00f6korttiin<\/a>.\u00a0<a href=\"https:\/\/www.turku.fi\/sites\/default\/files\/document\/yhteisoasiakkaan_lainaajalomake.pdf\">Yhteis\u00f6kortin hakulomake<br \/>\n<\/a><\/p>\n<p><strong>Varaa pienluokkien kirjavinkkaus\u00a0<\/strong><a href=\"https:\/\/www.lyyti.fi\/reg\/Kirjavinkkaus_pienluokille_2025-2026\">t\u00e4st\u00e4<\/a>\u00a0(Linkki aukeaa 18.8. klo 8.00)<\/p>\n<p>Lis\u00e4\u00e4\u00a0<strong>kirjavinkkej\u00e4<\/strong>\u00a0ja niihin liittyvi\u00e4 teht\u00e4vi\u00e4 l\u00f6yd\u00e4t Turun koulujen ja kirjaston yhteisest\u00e4 lukudiplomista:\u00a0<a href=\"https:\/\/blog.edu.turku.fi\/lukupolku\/\">Lukupolusta<\/a><\/p>\n<p><strong>Kirjapaketteja<\/strong>\u00a0kirjasarjapalvelusta:\u00a0<a href=\"https:\/\/www.turku.fi\/kirjasto\/koulujen-kirjasarjapalvelu\">Kirjasarjapalvelu<\/a><\/p>\n<p>Ruotsinkielisten alakoulujen tarjonta:\u00a0<a href=\"mailto:riitta.taara@turku.fi\">riitta.taara@turku.fi<\/a><\/p>\n<p><strong>4. luokka<\/strong><br \/>\n<strong>Mediamatka<br \/>\n<\/strong>Kesto: noin 90 min. Ryhm\u00e4koko: enint\u00e4\u00e4n 1 luokka\/30 oppilasta<br \/>\nMediamatkalla harjoitellaan tiedonhakua, Vaski-verkkokirjaston k\u00e4ytt\u00e4mist\u00e4 ja kirjojen etsimist\u00e4 kirjaston hyllyist\u00e4. Lis\u00e4ksi puhutaan tiedon luotettavuudesta sek\u00e4 pelien ja elokuvien ik\u00e4rajoista.<\/p>\n<p><strong>Uutta: Mukautettu mediamatka<br \/>\n<\/strong>Mediamatkasta on nyt valittavissa mukautettu vaihtoehto koko luokalle. Mukautetussa mediamatkassa teht\u00e4v\u00e4t ovat tukikuvin helpotettuja ja niiss\u00e4 edet\u00e4\u00e4n rauhallisempaan tahtiin.<\/p>\n<p>Mediamatka pidet\u00e4\u00e4n omassa l\u00e4hikirjastossa. Keskustan alueen koulujen l\u00e4hikirjasto on p\u00e4\u00e4kirjasto.<br \/>\nVoit tarkistaa oman l\u00e4hikirjastosi\u202f<a href=\"https:\/\/www.lyyti.fi\/att\/edd70c8eaca36af4\/046f6868e1cdac2e2a4f922d300d8615d997d9074feb41d025\">t\u00e4st\u00e4<\/a>.<\/p>\n<p><strong>Varaa 4. lk mediamatka <\/strong><a href=\"https:\/\/www.lyyti.fi\/reg\/Mediamatka_2025-2026\">t\u00e4st\u00e4<\/a><\/p>\n<p>Ruotsinkieliset mediamatkat j\u00e4rjestet\u00e4\u00e4n kev\u00e4tlukukauden aikana ja niihin voi\u00a0<a href=\"https:\/\/www.lyyti.fi\/reg\/bibliotekets_mediestig_varen_2026\">t\u00e4st\u00e4<\/a>.<\/p>\n<p class=\"x_MsoNormal\"><b data-olk-copy-source=\"MessageBody\"><br \/>\nUutta: 6. luokille p\u00e4\u00e4kirjastossa Saagasta Stooriin \u2013 kirjastokierros kutosille<\/b><\/p>\n<p class=\"x_MsoNormal\">Kuudesluokkalaisten omatoiminen tutustumiskierros p\u00e4\u00e4kirjaston osastoihin opettajan johdolla. Kierroksella tehd\u00e4\u00e4n teht\u00e4vi\u00e4 Seppo-pelialustalla oppilaiden laitteilla. Teht\u00e4viss\u00e4 tutustutaan kirjaston tiloihin, historiaan ja kirjastonk\u00e4ytt\u00f6\u00f6n.\u00a0<b>Kierrokselle ei tarvitse ilmoittautua etuk\u00e4teen.<\/b><\/p>\n<p class=\"x_MsoNormal\">Voit tutustua peliin etuk\u00e4teen t\u00e4st\u00e4 <a href=\"https:\/\/create.seppo.io\/login?pin=F1EA15&amp;l=fi\">linkist\u00e4.<\/a>\u00a0 \u00a0Keksi vapaavalintainen pelaajatunnus.<\/p>\n<p class=\"x_MsoNormal\">Lis\u00e4tietoa <a href=\"https:\/\/blog.edu.turku.fi\/elamyspolku\/files\/2026\/01\/Kirjastokierros_kutosille_opettajan_ohje_tammik_2025.pdf\">l\u00f6yd\u00e4t t\u00e4\u00e4lt\u00e4<\/a>.<br \/>\n<a href=\"https:\/\/www.lyyti.fi\/questions\/7b31a766b9\">Anna palautetta kutosten kirjastokierroksesta<\/a>.<\/p>\n<p><strong>Valmo-luokille<br \/>\ntarjoamme yhden opastetun kirjastovierailun lukuvuoden aikana.<\/strong><\/p>\n<p>Valmo-luokat voivat vierailla toiveidensa mukaan omassa l\u00e4hikirjastossaan tai p\u00e4\u00e4kirjaston Saagassa.<br \/>\nVierailun aikana tutustaan kirjastoon ja her\u00e4tell\u00e4\u00e4n oppilaiden lukuintoa.<br \/>\nLopuksi oppilailla on mahdollisuus lainata luettavaa omilla\u00a0<a href=\"https:\/\/vaski.finna.fi\/themes\/custom\/files\/lainaajalomake-fi-2024.pdf\">kirjastokorteillaan<\/a>\u00a0tai\u00a0<a href=\"https:\/\/www.turku.fi\/kirjasto\/opettajille-ja-varhaiskasvattajille#anchor-yhteisokortti-ja-oppilaiden-kirjastokortit\">opettajan yhteis\u00f6kortilla<\/a>.\u00a0<a href=\"https:\/\/www.turku.fi\/sites\/default\/files\/document\/yhteisoasiakkaan_lainaajalomake.pdf\">Yhteis\u00f6kortin hakulomake<\/a><br \/>\nVierailulle voi osallistua 1 luokka kerralla.<\/p>\n<p><strong>Varaa\u00a0Valmo-luokkien kirjastovierailu\u00a0<\/strong><a href=\"https:\/\/www.lyyti.fi\/reg\/Valmoluokkien_kirjastovierailu_25-26\">t\u00e4st\u00e4<\/a>\u00a0 (Linkki aukeaa 18.8. klo 8.00)<\/p>\n<p><strong>Kirjavinkkej\u00e4<\/strong>\u00a0ja niihin liittyvi\u00e4 teht\u00e4vi\u00e4 l\u00f6yd\u00e4t Turun koulujen ja kirjaston yhteisest\u00e4 lukudiplomista:\u00a0<a href=\"https:\/\/blog.edu.turku.fi\/lukupolku\/\">Lukupolusta<\/a><\/p>\n<p><strong>Kirjapaketteja<\/strong>\u00a0kirjasarjapalvelusta:\u00a0<a href=\"https:\/\/www.turku.fi\/kirjasto\/koulujen-kirjasarjapalvelu\">Kirjasarjapalvelu<\/a><\/p>\n<p>Ruotsinkielisten alakoulujen tarjonta:\u00a0<a href=\"mailto:riitta.taara@turku.fi\">riitta.taara@turku.fi<\/a><\/p>\n<h3><b>Kirjaston <\/b><b>el\u00e4myspolku yl\u00e4koululaisille kev\u00e4\u00e4ll\u00e4 2026<\/b><\/h3>\n<p class=\"x_MsoNormal\" data-olk-copy-source=\"MessageBody\">Tarjoamme paljon ohjelmaa koko lukuvuoden ajan kaikille yl\u00e4koulun luokka-asteille p\u00e4\u00e4kirjastossa tai et\u00e4ohjelmana niille ryhmille, jotka eiv\u00e4t p\u00e4\u00e4se p\u00e4\u00e4kirjastoon. Et\u00e4ohjelmaa voi tarvittaessa kuunnella useampi ryhm\u00e4 koulussa yht\u00e4 aikaa.<\/p>\n<p class=\"x_MsoNormal\">Osa ohjelmasta on luokka-astekohtaista, ja osaa tarjoamme kaikille\u00a0luokka-asteille.\u00a0Alla ohjelmamme yhteystietoineen\u00a0yleisen infon j\u00e4lkeen.\u00a0Tervetuloa kirjastoon!<\/p>\n<p class=\"x_MsoNormal\"><b>Ota yhteytt\u00e4<\/b>\u00a0meihin,\u00a0liittyy asiasi sitten El\u00e4myspolkuun tai muuhun asiaan, jossa voisimme auttaa.\u00a0\u00a0stoori.kaupunginkirjasto(a)turku.fi<\/p>\n<p class=\"x_MsoNormal\"><b>Kirjastokorteista\u00a0<\/b><a title=\"https:\/\/www.turku.fi\/kirjasto\/opettajille-ja-varhaiskasvattajille\" href=\"https:\/\/www.turku.fi\/kirjasto\/opettajille-ja-varhaiskasvattajille\" target=\"_blank\" rel=\"noopener noreferrer\" data-auth=\"NotApplicable\" data-linkindex=\"1\">Opettajille ja varhaiskasvattajille | Turku.fi<\/a><\/p>\n<p class=\"x_MsoNormal\">Kirjastok\u00e4ynnin lopuksi on hyv\u00e4 varata aikaa lainaamiseen, joten mukaan tarvitaan kirjastokortti.\u00a0Linkki yhteis\u00f6kortin hakemiseen sek\u00e4 oppilaiden kirjastokorttiasioihin.<\/p>\n<p class=\"x_MsoNormal\"><b>Lukuvinkkimme\u00a0nuorille (ja aikuisille)<\/b><\/p>\n<p class=\"x_MsoNormal\">Nuorten sivulla verkkokirjastossa on paljon\u00a0tekemi\u00e4mme\u00a0kirjallisuuden suosittelulistoja eri teemoista\u00a0moneen eri tarpeeseen.\u00a0<a title=\"https:\/\/vaski.finna.fi\/Content\/nuoret\" href=\"https:\/\/vaski.finna.fi\/Content\/nuoret\" target=\"_blank\" rel=\"noopener noreferrer\" data-auth=\"NotApplicable\" data-linkindex=\"2\">Nuorten sivut verkkokirjastossa<\/a><\/p>\n<p class=\"x_MsoNormal\"><b>Ohjelmamme yl\u00e4koululaisille<\/b><\/p>\n<p class=\"x_MsoNormal\"><b>Kirjavinkkaus 7lk\u00a0 \u00a0 \u00a0<\/b>satu.pyhala(a)turku.fi<br \/>\nKirjavinkkaus houkuttelee nuoret aiheiltaan monipuolisen, yl\u00e4koululaisille sopivan suomenkielisen kaunokirjallisuuden lukemiseen. Tavoitteena on l\u00f6yt\u00e4\u00e4 jokaiselle oppilaalle omantasoinen ja kiinnostava kirja kouluteht\u00e4v\u00e4\u00e4 tai vapaa-aikaa varten. Vinkkauksessa on mukana tarvittaessa my\u00f6s selkokirjoja. Kirjavinkkaus voidaan j\u00e4rjest\u00e4\u00e4 tarpeen mukaan <b>et\u00e4vinkkauksena<\/b> Teamsin\u00a0kautta.\u00a0Et\u00e4kirjavinkkaus voidaan pit\u00e4\u00e4 useammalle luokalle yht\u00e4 aikaa.<\/p>\n<p class=\"x_MsoNormal\"><b>Genrevinkkaus 8lk\u00a0 \u00a0 <\/b>reetta.kannas(a)turku.fi<br \/>\nGenre-esittelyss\u00e4 avataan viisi keskeisint\u00e4 genre\u00e4 ja suositellaan\u00a0hyvi\u00e4\u00a0nuorten genrekirjoja. Mukana on monipuolinen kattaus uutuuksia ja my\u00f6s v\u00e4h\u00e4n vanhempaa kirjallisuutta. Genre-esittelyss\u00e4 kerrotaan my\u00f6s\u00a0nuortenosasto\u00a0Stoorin aihemerkeist\u00e4, joiden avulla on helppo etsi\u00e4 luettavaa hyllyist\u00e4. Luokan lukutaitotason mukaan voidaan sopia, painotetaanko selkokirjoja ja muita lyhyit\u00e4 ja helppoja kirjoja.<br \/>\n<b>Genre-esittely voidaan j\u00e4rjest\u00e4\u00e4 my\u00f6s et\u00e4n\u00e4.<\/b><\/p>\n<p class=\"x_MsoNormal\"><b>Lukuvinkkaus 9lk\u00a0 \u00a0 \u00a0<\/b>erika.woodard(a)turku.fi<br \/>\nVaskin kirjasuosituksiin pohjaavat vinkkaukset kest\u00e4v\u00e4t 45 minuuttia, ja sen aikana esitell\u00e4\u00e4n aiheeseen sopivia romaaneja ja annetaan vinkkej\u00e4 aikuisten kaunokirjallisuuden lukemiseen. Vinkkaukset ja suosituslistat vastaavat kotimaisen \u2013 ja maailmankirjallisuuden kurssien tarpeisiin.<\/p>\n<p class=\"x_MsoNormal\">Oppilaat voivat\u00a0my\u00f6s\u00a0omatoimisesti valita lukemista Vaski-verkkokirjastossa olevilta kirjalistoilta.<\/p>\n<p class=\"x_MsoNormal\">YSIT: kirjallisuutta maailman monilta kolkilta:\u00a0<a title=\"https:\/\/vaski.finna.fi\/List\/918389\" href=\"https:\/\/vaski.finna.fi\/List\/918389\" target=\"_blank\" rel=\"noopener noreferrer\" data-auth=\"NotApplicable\" data-linkindex=\"3\">https:\/\/vaski.finna.fi\/List\/918389<\/a><br \/>\nYSIT: kotimainen kirjallisuus: yhteiskunnalliset aiheet:\u00a0<a title=\"https:\/\/vaski.finna.fi\/List\/905070\" href=\"https:\/\/vaski.finna.fi\/List\/905070\" target=\"_blank\" rel=\"noopener noreferrer\" data-auth=\"NotApplicable\" data-linkindex=\"4\">https:\/\/vaski.finna.fi\/List\/905070<\/a><br \/>\nYSIT: kotimainen kirjallisuus: kevytt\u00e4 ja genrej\u00e4:\u00a0\u00a0<a title=\"https:\/\/vaski.finna.fi\/List\/1579944\" href=\"https:\/\/vaski.finna.fi\/List\/1579944\" target=\"_blank\" rel=\"noopener noreferrer\" data-auth=\"NotApplicable\" data-linkindex=\"5\">https:\/\/vaski.finna.fi\/List\/1579944<\/a><\/p>\n<p class=\"x_MsoNormal\"><b>Sarjakuvavinkkaus 7lk+8lk+9lk\u00a0 \u00a0 <\/b>merja.lunden(a)turku.fi<br \/>\nSarjakuvavinkkauksessa tutustutaan ja innostetaan tarttumaan\u00a0monenlaisiin\u00a0sarjakuviin. Sarjakuvien lukeminen\u00a0edist\u00e4\u00e4\u00a0monilukutaitoa\u00a0ja on osa\u00a0sanallista ja visuaalista oppimista. Sis\u00e4lt\u00f6\u00e4 voidaan r\u00e4\u00e4t\u00e4l\u00f6id\u00e4 ryhm\u00e4n tarpeiden mukaan. Saatavana my\u00f6s\u00a0<b>et\u00e4sarjakuvavinkkauksena<\/b>\u00a0Teamsissa. Et\u00e4sarjakuvavinkkaus voidaan pit\u00e4\u00e4 useammalle luokalle yht\u00e4 aikaa.<\/p>\n<p class=\"x_MsoNormal\"><b>Selkokirjaesittely valmo- ja STK-ryhmille\u00a0 \u00a0 \u00a0 <\/b>havu.laitio(a)turku.fi<br \/>\nSelkokirjaesittelyss\u00e4 tutustutaan monipuolisesti nuorten kokoelman selkokirjoihin.\u00a0Esittely sis\u00e4lt\u00e4\u00e4 sek\u00e4 kaunokirjallisuutta ett\u00e4 tietokirjallisuutta.\u00a0Tavoitteena on, ett\u00e4 jokainen nuori l\u00f6yt\u00e4\u00e4 itselleen mieluista luettavaa kieli- ja lukutaidosta riippumatta.\u00a0Sis\u00e4lt\u00f6\u00e4 voidaan r\u00e4\u00e4t\u00e4l\u00f6id\u00e4 ryhm\u00e4n tarpeen mukaan.<\/p>\n<p class=\"x_MsoNormal\"><b>Valmo- ja STK-ryhmille kirjasto tutuksi\u00a0 \u00a0 \u00a0<\/b>stoori.kaupunginkirjasto(a)turku.fi<br \/>\nKevyt p\u00e4\u00e4kirjaston esittely ja nuortenosasto Stooriin tutustuminen. Tarkoituksena on tutustuttaa nuori kirjaston ja kirjallisuuden maailmaan. K\u00e4ynnin aikana voidaan k\u00e4yd\u00e4 l\u00e4pi muun muassa kirjastokorttiasioita, nuorten tapahtumia ja esitell\u00e4 suomenkielist\u00e4 ja tarvittaessa monikielist\u00e4 nuortenkirjallisuutta. Sis\u00e4lt\u00f6\u00e4 voidaan r\u00e4\u00e4t\u00e4l\u00f6id\u00e4 ryhm\u00e4n tarpeen mukaan.<\/p>\n<p class=\"x_MsoNormal\"><b>Tietokirjaesittelyt\u00a0kuratoituina\u00a0tietokirjapaketteina<\/b>\u00a0 \u00a0 \u00a0mari.eronen(a)turku.fi<br \/>\nTietokirjaesittelyss\u00e4 avataan kirjaston laajaa tietokirjakokoelmaa ker\u00e4\u00e4m\u00e4ll\u00e4 nuortenosasto Stooriin joko tietyist\u00e4 aiheista tai yleisesti luokan tarpeet huomioon ottaen tietokirjapaketti oppilaille tai opettajalle lainattavaksi.<\/p>\n<p class=\"x_MsoNormal\"><b>Kadonnut avain \u2013pakopeli 8lk+9lk\u00a0 \u00a0 \u00a0<\/b>mari.eronen(a)turku.fi<br \/>\nKadonnut avain -pakopeli on nuorille suunnattu mediakasvatuksellinen ongelmanratkaisukykyj\u00e4 vaativa\u00a0peli, jonka tavoitteena on harjoitella kirjastonk\u00e4ytt\u00f6\u00e4 ja erilaisia mediataitoja (muun muassa valeuutisten tunnistamista ja l\u00e4hdekritiikki\u00e4).\u00a0<span lang=\"SV\">Samalla harjoitellaan ryhm\u00e4ss\u00e4 ty\u00f6skentely\u00e4.\u00a0<\/span><span lang=\"SV\">\u00a0<\/span><\/p>\n<p class=\"x_MsoNormal\"><b><span lang=\"SV\">P\u00e5 svenska, till svenskspr\u00e5kiga klasser och spr\u00e5kbad<\/span><\/b><span lang=\"SV\">\u00a0 \u00a0 \u00a0maria.osterman(a)turku.fi\u00a0\u00a0\u00a0<\/span><\/p>\n<p class=\"x_MsoNormal\"><span lang=\"SV\"><strong>\u00c5rskurs 7<\/strong>:<br \/>\n<\/span><span lang=\"SV\">Biblioteksorientering i hela biblioteket. Ungdomsavdelningen Storys utrymmen och tj\u00e4nster.\u00a0\u00a0<\/span><\/p>\n<p class=\"x_MsoNormal\"><span lang=\"SV\"><strong>\u00c5rskurs 7-9<\/strong>:<br \/>\n<\/span><span lang=\"SV\">Bokprat \u2013 inneh\u00e5llet kan best\u00e4mmas tillsammans med l\u00e4raren.\u00a0\u00a0<\/span><\/p>\n<p class=\"x_MsoNormal\"><span lang=\"SV\"><strong>\u00c5rskurs 8<\/strong>:<br \/>\n<\/span><span lang=\"SV\">Escape Room med temat mediekunskap.\u00a0\u00a0<\/span><\/p>\n<p class=\"x_MsoNormal\"><span lang=\"SV\">Boktipslistor f\u00f6r ungdomar i Vaski n\u00e4tbiblioteket: vaski.finna.fi\/Content\/nuoret\u00a0<\/span><\/p>\n<p class=\"x_MsoNormal\"><span lang=\"SV\">\u00a0<\/span><\/p>\n<p><strong>Palasia opsista:<\/strong><br \/>\nEnsimm\u00e4isell\u00e4 ja toisella luokalla koulu- tai l\u00e4hikirjaston toimintaan ja erilaisiin lasten kulttuuritapahtumiin tutustuminen laajentavat oppimisymp\u00e4rist\u00f6\u00e4 luokan ulkopuolelle.<\/p>\n<p>3.-6. luokilla oppilaita kannustetaan monipuolisille tiedon l\u00e4hteille kuten suullisten, audiovisuaalisten, painettujen ja s\u00e4hk\u00f6isten l\u00e4hteiden sek\u00e4 haku- ja kirjastopalveluiden k\u00e4ytt\u00f6\u00f6n (L4)<\/p>\n<p>Kielen kirjallisuuden ja kulttuurin ymm\u00e4rt\u00e4minen 3.-6. luokilla (S4): Hy\u00f6dynnet\u00e4\u00e4n lapsille ja nuorille suunnattua media- ja kulttuuritarjontaa, esimerkiksi kirjastoa, elokuvia, teatteria ja museoita. Tarkastellaan mediakulttuurin ilmi\u00f6it\u00e4 ja ik\u00e4kaudelle tarkoitettuja sis\u00e4lt\u00f6j\u00e4 ja keskustellaan median roolista oppilaan arjessa. Suunnitellaan ja toteutetaan omia esityksi\u00e4. Kannustetaan ja tutustutaan kirjaston aktiiviseen ja monipuoliseen k\u00e4ytt\u00f6\u00f6n, etsit\u00e4\u00e4n itse\u00e4 kiinnostavaa luettavaa ja tuetaan omaehtoista lukemisen ja kirjoittamisen harrastamista.<\/p>\n<p>Yl\u00e4koulussa luetaan monipuolisesti nuortenkirjoja, klassikoita ja nykykirjallisuutta, my\u00f6s tietokirjoja. Kannustetaan aktiiviseen ja monipuoliseen kirjaston tarjonnan hy\u00f6dynt\u00e4miseen.<\/p>\n","protected":false},"excerpt":{"rendered":"<p>Kaikki turkulaiset perusopetuksen oppilaat k\u00e4yv\u00e4t kirjastossa opetussuunnitelman mukaisesti v\u00e4hint\u00e4\u00e4n kerran vuodessa. \u00a0Parhaiten lasten ja nuorten lukutaitoa tukevat s\u00e4\u00e4nn\u00f6lliset kuukausittaiset kirjastok\u00e4ynnit. Kirjastok\u00e4ynnit tehd\u00e4\u00e4n l\u00e4hikirjastoon, kirjastoautoon tai p\u00e4\u00e4kirjastoon. Opettajille ja varhaiskasvattajille | Turku.fi Uutta p\u00e4\u00e4kirjaston aukioloissa: P\u00e4\u00e4kirjaston lasten Saaga ja nuorten Stoori ovat avoinna ma \u2013 to klo 10-20 pe klo 9-20\u00a0 Ma \u2013 to klo 9-10 &hellip; <a href=\"https:\/\/blog.edu.turku.fi\/elamyspolku\/kirjasto\/\" class=\"more-link\">Jatka lukemista<span class=\"screen-reader-text\"> &#8221;Kirjasto&#8221;<\/span><\/a><\/p>\n","protected":false},"author":754,"featured_media":0,"parent":0,"menu_order":0,"comment_status":"closed","ping_status":"closed","template":"","meta":{"footnotes":""},"class_list":["post-83","page","type-page","status-publish","hentry"],"_links":{"self":[{"href":"https:\/\/blog.edu.turku.fi\/elamyspolku\/wp-json\/wp\/v2\/pages\/83","targetHints":{"allow":["GET"]}}],"collection":[{"href":"https:\/\/blog.edu.turku.fi\/elamyspolku\/wp-json\/wp\/v2\/pages"}],"about":[{"href":"https:\/\/blog.edu.turku.fi\/elamyspolku\/wp-json\/wp\/v2\/types\/page"}],"author":[{"embeddable":true,"href":"https:\/\/blog.edu.turku.fi\/elamyspolku\/wp-json\/wp\/v2\/users\/754"}],"replies":[{"embeddable":true,"href":"https:\/\/blog.edu.turku.fi\/elamyspolku\/wp-json\/wp\/v2\/comments?post=83"}],"version-history":[{"count":179,"href":"https:\/\/blog.edu.turku.fi\/elamyspolku\/wp-json\/wp\/v2\/pages\/83\/revisions"}],"predecessor-version":[{"id":2955,"href":"https:\/\/blog.edu.turku.fi\/elamyspolku\/wp-json\/wp\/v2\/pages\/83\/revisions\/2955"}],"wp:attachment":[{"href":"https:\/\/blog.edu.turku.fi\/elamyspolku\/wp-json\/wp\/v2\/media?parent=83"}],"curies":[{"name":"wp","href":"https:\/\/api.w.org\/{rel}","templated":true}]}}