{"id":817,"date":"2017-03-19T20:39:21","date_gmt":"2017-03-19T18:39:21","guid":{"rendered":"https:\/\/blog.edu.turku.fi\/elamyspolku\/?page_id=817"},"modified":"2017-03-19T20:39:55","modified_gmt":"2017-03-19T18:39:55","slug":"motion","status":"publish","type":"page","link":"https:\/\/blog.edu.turku.fi\/elamyspolku\/motion\/","title":{"rendered":"Motion"},"content":{"rendered":"<p>F\u00f6r \u00e5rskurs 1\u20136 f\u00f6rs\u00f6ker man ordna att eleverna \u00e5rligen har m\u00f6jlighet att pr\u00f6va p\u00e5 olika idrottsgrenar. Idrottsf\u00f6reningar och andra samarbetsparter ordnar tillf\u00e4llen d\u00e5 eleverna kan pr\u00f6va p\u00e5 olika grenar. L\u00e4rarens aktivitet har en betydande roll i ordnandet av evenemangen. Aktuellt utbud som riktar sig till <u>\u00e5rskurs 1\u20136, \u00e5rskurs 7\u20139<\/u>\u00a0och <a href=\"http:\/\/www.turku.fi\/paivahoito-ja-koulutus\/perusopetus\/opetus\/koululiikunta\/erityiskouluille-suunnatut\">specialgrupper<\/a> hittas i h\u00e4ndelsekalendern.<\/p>\n<p>Upplevelserik motion erbjuds t.ex. under aktiva klassutf\u00e4rder i maj i Kuppis f\u00f6r \u00e5rskurs 1\u20132 och evenemanget <u>Vattenhj\u00e4ltarna<\/u> f\u00f6r \u00e5rskurs 4. Evenemanget kan ocks\u00e5 p\u00e5 eget initiativ ordnas i skolan.<\/p>\n<p>P\u00e5 \u00e5rskurs 7\u20139 innefattar Upplevelsestigen f\u00f6r gymnastikens del minst en m\u00f6jlighet att \u00e5rligen pr\u00f6va p\u00e5 olika idrottsgrenar. Skolans idrottsinstrukt\u00f6rer och gymnastikl\u00e4rare ansvarar f\u00f6r anordnandet av tillf\u00e4llet.<\/p>\n<p><a href=\"http:\/\/www.turku.fi\/sv\/dagvard-och-utbildning\/grundskolan-1-9\/undervisning\/skolgymnastik\">P\u00e5 webbsidan Skolgymnastik<\/a> finns ett infopaket om idrottsplatser och h\u00e4ndelser.<br \/>\n<a href=\"http:\/\/www.liikkuvakoulu.fi\/svenska\">Skolan i r\u00f6relse<\/a><a href=\"https:\/\/www.liiku.fi\/pa-svenska\/\"><br \/>\nLiikU<\/a><\/p>\n<p><strong>Bitar fr\u00e5n l\u00e4roplanen:<\/strong><br \/>\nI undervisningen anv\u00e4nds ut\u00f6ver lokalerna inomhus och utomhus ocks\u00e5 naturen och byggd milj\u00f6. Bibliotek, centrum f\u00f6r idrott, konst och natur samt mus\u00e9er och m\u00e5nga andra samarbetsparter erbjuder m\u00e5ngformiga l\u00e4rmilj\u00f6er.<\/p>\n<p>P\u00e5 alla \u00e5rskurser f\u00f6rverkligas gymnastikens uppgifter och m\u00e5l genom att undervisa p\u00e5 ett tryggt och m\u00e5ngsidigt s\u00e4tt i olika l\u00e4rmilj\u00f6er b\u00e5de inomhus och utomhus s\u00e5 att eleverna g\u00f6rs delaktiga. I undervisningen beaktas p\u00e5 ett \u00e4ndam\u00e5lsenligt s\u00e4tt \u00e5rstiderna, de lokala f\u00f6rh\u00e5llandena samt de m\u00f6jligheter som skolan och omgivningen erbjuder.<\/p>\n<p>Det \u00e4r viktigt att fr\u00e4mja s\u00e4kert trafikbeteende, n\u00e4r man f\u00f6rflyttar sig till idrottsplatser utanf\u00f6r skolan.<\/p>\n","protected":false},"excerpt":{"rendered":"<p>F\u00f6r \u00e5rskurs 1\u20136 f\u00f6rs\u00f6ker man ordna att eleverna \u00e5rligen har m\u00f6jlighet att pr\u00f6va p\u00e5 olika idrottsgrenar. Idrottsf\u00f6reningar och andra samarbetsparter ordnar tillf\u00e4llen d\u00e5 eleverna kan pr\u00f6va p\u00e5 olika grenar. L\u00e4rarens aktivitet har en betydande roll i ordnandet av evenemangen. Aktuellt utbud som riktar sig till \u00e5rskurs 1\u20136, \u00e5rskurs 7\u20139\u00a0och specialgrupper hittas i h\u00e4ndelsekalendern. Upplevelserik motion &hellip; <a href=\"https:\/\/blog.edu.turku.fi\/elamyspolku\/motion\/\" class=\"more-link\">Jatka lukemista<span class=\"screen-reader-text\"> &#8221;Motion&#8221;<\/span><\/a><\/p>\n","protected":false},"author":107,"featured_media":0,"parent":0,"menu_order":0,"comment_status":"closed","ping_status":"closed","template":"","meta":{"footnotes":""},"class_list":["post-817","page","type-page","status-publish","hentry"],"_links":{"self":[{"href":"https:\/\/blog.edu.turku.fi\/elamyspolku\/wp-json\/wp\/v2\/pages\/817","targetHints":{"allow":["GET"]}}],"collection":[{"href":"https:\/\/blog.edu.turku.fi\/elamyspolku\/wp-json\/wp\/v2\/pages"}],"about":[{"href":"https:\/\/blog.edu.turku.fi\/elamyspolku\/wp-json\/wp\/v2\/types\/page"}],"author":[{"embeddable":true,"href":"https:\/\/blog.edu.turku.fi\/elamyspolku\/wp-json\/wp\/v2\/users\/107"}],"replies":[{"embeddable":true,"href":"https:\/\/blog.edu.turku.fi\/elamyspolku\/wp-json\/wp\/v2\/comments?post=817"}],"version-history":[{"count":2,"href":"https:\/\/blog.edu.turku.fi\/elamyspolku\/wp-json\/wp\/v2\/pages\/817\/revisions"}],"predecessor-version":[{"id":822,"href":"https:\/\/blog.edu.turku.fi\/elamyspolku\/wp-json\/wp\/v2\/pages\/817\/revisions\/822"}],"wp:attachment":[{"href":"https:\/\/blog.edu.turku.fi\/elamyspolku\/wp-json\/wp\/v2\/media?parent=817"}],"curies":[{"name":"wp","href":"https:\/\/api.w.org\/{rel}","templated":true}]}}