{"id":78,"date":"2016-09-25T10:08:02","date_gmt":"2016-09-25T07:08:02","guid":{"rendered":"https:\/\/blog.edu.turku.fi\/elamyspolku\/?page_id=78"},"modified":"2025-10-21T21:01:17","modified_gmt":"2025-10-21T18:01:17","slug":"museo","status":"publish","type":"page","link":"https:\/\/blog.edu.turku.fi\/elamyspolku\/museo\/","title":{"rendered":"Museo"},"content":{"rendered":"<p><strong>Museoiden el\u00e4myspolku<\/strong><\/p>\n<p>Museoiden el\u00e4myspolku on jaettu kolmeen eri vaiheeseen. Luokilla 1-2 on kaksi kaikille tarkoitettua vierailua ja\u00a03.-6. luokilla\u00a0 on kuusi vierailua. N\u00e4in alakoulun aikana k\u00e4yd\u00e4\u00e4n useimmissa Turun museoissa. Yl\u00e4koulun aikana jokaisella vuosiluokalla on tarkastelussa yksi ilmi\u00f6. Opettajat valitsevat ilmi\u00f6\u00f6n liittyen v\u00e4hint\u00e4\u00e4n yhden museovierailun.<\/p>\n<p>El\u00e4myspolku-vierailut ovat kaikissa museoissa saatavilla joka lukuvuosi. Museot voivat kutsua kouluja vierailuille haluaminaan\u00a0ajankohtina. Museot voivat lis\u00e4ksi tarjota valinnaisia kokonaisuuksia sek\u00e4 ty\u00f6pajoja. Oppimiskokonaisuudet ovat yhdistett\u00e4viss\u00e4 toisiinsa sek\u00e4 el\u00e4myspolun muuhun tarjontaan. Osa el\u00e4myspolun vierailuista on maksuttomia ja osa maksullisia.<\/p>\n<p><strong>Vuosiluokat 1-2, Koululaiseksi kasvaminen: Utelias oppija<br \/>\n<\/strong>Museoissa keskityt\u00e4\u00e4n tukemaan omaa ajattelua ja oppimaan oppimista. Oppilaille annetaan mahdollisuuksia kokeilla itse ja harjoitella. Pyrit\u00e4\u00e4n antamaan v\u00e4lineit\u00e4 kokemusten sanallistamiseen. Onnistumisten lis\u00e4ksi arvostetaan virheit\u00e4. (L1: Ajattelu ja oppimaan oppiminen)<\/p>\n<table width=\"691\">\n<tbody>\n<tr>\n<td width=\"48\" height=\"41\"><\/td>\n<td valign=\"top\" width=\"138\"><strong>Ilmi\u00f6t, joita tarkastellaan<\/strong><\/td>\n<td valign=\"top\" width=\"489\"><strong>Oppimiskokonaisuuden kuvaus<\/strong><\/td>\n<\/tr>\n<tr>\n<td valign=\"top\" height=\"\"><strong>1. lk<\/strong><\/td>\n<td valign=\"top\"><strong>Ymp\u00e4rist\u00f6n havainnointi<\/strong><\/p>\n<p>L1: Ajattelu ja oppimaan oppiminen<\/td>\n<td valign=\"top\"><a href=\"https:\/\/biologinenmuseo.fi\/kouluille\/\"><strong>Biologinen museo<\/strong><\/a><span style=\"color: #ff0000\"><br \/>\n<\/span>Luontoretkell\u00e4 museossa opetellaan havainnoimaan el\u00e4imi\u00e4 ja muuta luontoa sek\u00e4 tulkitsemaan havaintoja. K\u00e4ynnin tarkoitus on l\u00f6yt\u00e4\u00e4 ja tunnistaa el\u00e4imi\u00e4, sek\u00e4 ymm\u00e4rt\u00e4\u00e4 niiden elintapoja ja luontoa laajemmin. Pohditaan yhdess\u00e4 my\u00f6s vuodenaikojen merkityst\u00e4.<br \/>\n<strong>Kesto<\/strong>:<span data-olk-copy-source=\"MessageBody\">\u00a030 min. Max ryhm\u00e4koko 15 oppilasta. Voidaan toteuttaa my\u00f6s<br \/>\n2 x 30 min opastus 15+15 oppilaalle. T\u00e4ll\u00f6in puolet ryhm\u00e4st\u00e4 on opastuksella oppaan kanssa, ja loput oppilaat tutustuvat samaan aikaan museoon omatoimisesti oman opettajan kanssa. Saatavilla on teht\u00e4v\u00e4paketteja omatoimisen oppimisen tueksi.<br \/>\n<\/span><strong>Oppiaineet<\/strong>: ymp\u00e4rist\u00f6oppi<\/td>\n<\/tr>\n<tr>\n<td valign=\"top\" height=\"\"><strong>2. lk<\/strong><\/td>\n<td valign=\"top\"><strong>Mit\u00e4 on taide?<br \/>\n<\/strong><strong><br \/>\nMit\u00e4 on museo?<\/strong>L2: Kulttuurinen osaaminen, vuorovaikutus ja ilmaisuL4: Monilukutaito<\/td>\n<td valign=\"top\"><strong><a href=\"http:\/\/www.turuntaidemuseo.fi\/kouluille\/\" target=\"_blank\" rel=\"noopener noreferrer\">Turun taidemuseo<\/a><br \/>\n<\/strong><em>Kurkistus kuvataiteeseen<\/em><u><br \/>\n<\/u>Vierailulla tutustutaan taidemuseoon ja siihen, mit\u00e4 museossa voi n\u00e4hd\u00e4 ja kokea. Opastuksella ihmetell\u00e4\u00e4n museorakennuksen arkkitehtuuria ja tehd\u00e4\u00e4n l\u00e4hemp\u00e4\u00e4 tuttavuutta muutaman taideteoksen kanssa.<br \/>\n<strong>Kesto<\/strong>: 45 min<br \/>\n<strong>Oppiaineet<\/strong>: Kuvataide<\/td>\n<\/tr>\n<\/tbody>\n<\/table>\n<p>Lis\u00e4ksi valinnaiset k\u00e4ynnit luokilla 1 ja 2<\/p>\n<table width=\"691\">\n<tbody>\n<tr>\n<td width=\"48\" height=\"41\"><\/td>\n<td valign=\"top\" width=\"138\"><strong>Ilmi\u00f6t, joita tarkastellaan<\/strong><\/td>\n<td valign=\"top\" width=\"489\"><strong>Oppimiskokonaisuuden kuvaus<\/strong><\/td>\n<\/tr>\n<tr>\n<td valign=\"top\" height=\"\"><strong>1.-2. lk<\/strong><\/td>\n<td valign=\"top\"><strong>Muisti, juuret ja perinne<\/strong><\/p>\n<p>L2: Kulttuurinen osaaminen, vuorovaikutus ja ilmaisu<\/td>\n<td valign=\"top\"><strong><a href=\"https:\/\/kuralankylamaki.fi\/kouluille-ja-lapsiryhmille\/\" target=\"_blank\" rel=\"noopener noreferrer\">Kuralan Kyl\u00e4m\u00e4ki<\/a>\u00a0\u00a0 <\/strong>(valinnainen retki)<strong><br \/>\n<\/strong><em>Aapiskukon askelissa<\/em><br \/>\nTutustutaan 1950-luvun koulunk\u00e4yntiin ja vanhaan maalaiskotiin. Vuodenajan mukaan tarkkaillaan my\u00f6s Kuralan kyl\u00e4n luontoa. Oppilaita kannustetaan tekem\u00e4\u00e4n havaintoja ymp\u00e4rist\u00f6st\u00e4 ja vertailemaan entisajan oloja omiin kokemuksiinsa. Oppaana on joko kansakoulunopettaja tai maalaistalon piika.<br \/>\n<strong>Kesto<\/strong>: 60 min<br \/>\n<strong>Oppiaineet<\/strong>: ymp\u00e4rist\u00f6oppi<br \/>\n<strong><br \/>\n<\/strong><strong><br \/>\n<\/strong><\/td>\n<\/tr>\n<\/tbody>\n<\/table>\n<p><strong>\u00a8Vuosiluokat 3\u20136, Oppijana kehittyminen: Mist\u00e4 tieto tulee?<br \/>\n<\/strong>Museoissa kannustetaan omien kiinnostuksen kohteiden l\u00f6yt\u00e4miseen ja omien mielipiteiden ilmaisemiseen. (L1: Ajattelu ja oppimaan oppiminen)<\/p>\n<table width=\"691\">\n<tbody>\n<tr>\n<td width=\"48\" height=\"\"><\/td>\n<td valign=\"top\" width=\"138\"><strong>Ilmi\u00f6t, joita tarkastellaan<\/strong><\/td>\n<td valign=\"top\" width=\"489\"><strong>Oppimiskokonaisuuden kuvaus<\/strong><\/td>\n<\/tr>\n<tr>\n<td valign=\"top\" height=\"\"><strong>3. lk<\/strong><\/td>\n<td valign=\"top\"><strong>Arkkitehtuuri Turussa<\/strong><\/p>\n<p>L2: Kulttuurinen osaaminen, vuorovaikutus ja ilmaisu<\/td>\n<td valign=\"top\"><strong><a href=\"http:\/\/www.sibeliusmuseum.fi\/fi\/yhteystiedot\/opastukset\" target=\"_blank\" rel=\"noopener noreferrer\">Sibelius-museo<\/a><br \/>\n<\/strong><em>Kamala laatikko vai ihana betonitalo?<\/em><u><br \/>\n<\/u>Sibelius-museossa tutustutaan arkkitehtuuriin museokierroksella, joka tehd\u00e4\u00e4n ulkona ja sis\u00e4ll\u00e4. Kierroksella pohditaan, miten 1960-luvun arkkitehtuuri sopii maisemaan jota hallitsevat p\u00e4\u00e4asiassa 1800-luvun rakennukset ja 1700-luvulla istutettu tammi. Mink\u00e4lainen rakennus Sibelius-museo on? Mik\u00e4 tekee siit\u00e4 erikoisen ja miksi se on suojelukohde? Mit\u00e4 suojelukohde tarkoittaa?<br \/>\n<strong>Kesto<\/strong>: 60 min<br \/>\n<strong>Oppiaineet: <\/strong>ymp\u00e4rist\u00f6oppi, kuvataide<\/td>\n<\/tr>\n<\/tbody>\n<\/table>\n<table width=\"691\">\n<tbody>\n<tr>\n<td width=\"48\" height=\"\"><\/td>\n<td valign=\"top\" width=\"138\"><strong>Ilmi\u00f6t, joita tarkastellaan<\/strong><\/td>\n<td valign=\"top\" width=\"489\"><strong>Oppimiskokonaisuuden kuvaus<\/strong><\/td>\n<\/tr>\n<tr>\n<td valign=\"top\" height=\"\"><strong>4. lk<\/strong><\/td>\n<td valign=\"top\"><strong>Kaupunkikulttuuri<\/strong><\/p>\n<p><strong><br \/>\nOpettaja valitsee\u00a0 museovierailun vaihtoehdoista joko<br \/>\nA tai B<br \/>\n<\/strong><\/p>\n<p><strong><br \/>\n<\/strong>L2: Kulttuurinen osaaminen, vuorovaikutus ja ilmaisu<\/td>\n<td valign=\"top\"><strong>A. \u00a0<a href=\"https:\/\/luostarinmaki.fi\/kouluille\/\">Luostarinm\u00e4ki<\/a><br \/>\n<em>El\u00e4m\u00e4\u00e4 laitakaupungilla<\/em><\/strong><br \/>\nTutustutaan Luostarinm\u00e4en ja 200 vuoden takaiseen el\u00e4m\u00e4\u00e4n ja arkeen. Keskustellaan mm. asumisesta, arkisista askareista sek\u00e4 entisajan ammateista. Vertaillaan el\u00e4m\u00e4\u00e4 ennen ja nyt &#8211; mik\u00e4 on muuttunut, mitk\u00e4 asiat ovat pysyneet samoina?<br \/>\n<strong>Kesto<\/strong>: 45 minuuttia, voidaan j\u00e4rjest\u00e4\u00e4 my\u00f6s museon aukiolon ulkopuolella syyskuusta huhtikuuhun.<br \/>\n<strong>Oppiaineet<\/strong>: historia, ymp\u00e4rist\u00f6oppi<br \/>\n<strong>B.\u00a0 <\/strong><a href=\"https:\/\/qwensel.fi\/kouluille\/\"><strong>Apteekkimuseo ja Qwenselin talo<\/strong><\/a><br \/>\n<em>Ty\u00f6t\u00e4 ja huvituksia<\/em><br \/>\nKierroksella tutustutaan virkamiesten ja s\u00e4\u00e4tyl\u00e4isten asuinalueeseen ja tapaan asua ennen Turun paloa. Turkuun tuli moni asia ensimm\u00e4isen\u00e4 Suomessa, my\u00f6s maamme ensimm\u00e4inen apteekki. Kuka p\u00e4\u00e4si opiskelemaan l\u00e4\u00e4ketiedett\u00e4? Kuinka apteekkariksi opiskeltiin?<br \/>\n<strong>Kesto: <\/strong>45 min. Ryhm\u00e4koko max: 20 hl\u00f6\u00e4.<br \/>\n<strong>Oppiaineet: <\/strong>Historia, yhteiskuntaoppi. Kierroksesta voi saada materiaalia itseilmaisun oppiaineisiin kuten draamaty\u00f6pajoihin, \u00e4idinkieleen, musiikkiin tai kuvataiteeseen.<\/td>\n<\/tr>\n<\/tbody>\n<\/table>\n<table width=\"691\">\n<tbody>\n<tr>\n<td width=\"48\" height=\"\"><\/td>\n<td valign=\"top\" width=\"138\"><strong>Ilmi\u00f6t, joita tarkastellaan<\/strong><\/td>\n<td valign=\"top\" width=\"489\"><strong>Oppimiskokonaisuuden kuvaus<\/strong><\/td>\n<\/tr>\n<tr>\n<td valign=\"top\" height=\"623\"><strong>5. lk tai \u00a0 6. lk<\/strong><\/td>\n<td valign=\"top\"><strong>Turun linnassa <\/strong><\/p>\n<p><strong>Opettaja valitsee kummalla vuosiluokalla luokka vierailee.<br \/>\n<\/strong><\/p>\n<p><strong>Historian l\u00e4hteet.<br \/>\nTurun historia: Turku ja maailma<br \/>\n<\/strong><br \/>\nL1: Ajattelu ja oppimaan oppiminen<br \/>\nL2: Kulttuurinen osaaminen, vuorovaikutus ja ilmaisu<br \/>\nL4: Monilukutaito<\/td>\n<td valign=\"top\"><a href=\"https:\/\/turunlinna.fi\/kouluille\/\"><strong>Turun linna<\/strong><\/a><br \/>\n<em>Turun linna &#8211; tuhannen tarinan linna<\/em><br \/>\nVierailun aikana tutustutaan Turun linnaan osana eurooppalaista ja pohjoismaista kulttuuria Ruotsin vallan ajalla. Kokonaisuuteen liittyy valtiollinen historia, kulttuurihistoria, tieteet ja taiteet, maailmankuva ja ihmisten el\u00e4m\u00e4npiiri.<strong>Kesto<\/strong>: Opastuskierroksen kesto 60 min<strong><br \/>\nOppiaineet<\/strong>: Oppimiskokonaisuuteen voidaan liitt\u00e4\u00e4 historiaa, k\u00e4dentaitoja, mediakasvastusta, arkkitehtuuria, maantiedett\u00e4, matematiikkaa, liikuntaa, uskontoa, kuvataidetta, sanataidetta, draamaa ja musiikkia.<\/td>\n<\/tr>\n<tr>\n<td valign=\"top\" height=\"192\"><strong> 5. lk<\/strong><\/td>\n<td valign=\"top\"><strong>Nykykuvakulttuuri ja julkinen taide<\/strong><\/p>\n<p>L2: Kulttuurinen osaaminen, vuorovaikutus ja ilmaisu<\/p>\n<p>L4: Monilukutaito<\/td>\n<td valign=\"top\"><strong><a href=\"https:\/\/www.wam.fi\/wam-turun-kaupungin-taidemuseo\/opetus-ja-palvelut\/kouluille\" target=\"_blank\" rel=\"noopener noreferrer\">WAM Turun kaupungin taidemuseo<\/a><\/strong><br \/>\n<em>&#8221;Min\u00e4kin olisin osannut tehd\u00e4 tuon!&#8221;<\/em><br \/>\nTutustutaan kuvataiden\u00e4yttelyyn mm. seuraavien kysymysten kautta: Miksi taideteokset on tehty ja onko joku saanut niiden tekemisest\u00e4 rahaakin? Mist\u00e4 teosten ideat tulevat ja mit\u00e4 niist\u00e4 oikein pit\u00e4isi ajatella? Miten kuvataide ja julkinen taide on muuttunut W\u00e4in\u00f6 Aaltosen ajoista nykyhetkeen? Vuorovaikutteisella kierroksella kannustetaan oppilaita omiin tulkintoihin ja henkil\u00f6kohtaiseen kokemukseen.<br \/>\n<strong>Kesto<\/strong>:45 min.<strong><br \/>\nOppiaineet:<\/strong> Kuvataide<\/td>\n<\/tr>\n<\/tbody>\n<\/table>\n<table width=\"691\">\n<tbody>\n<tr>\n<td width=\"48\" height=\"\"><\/td>\n<td valign=\"top\" width=\"138\"><strong>Ilmi\u00f6t, joita tarkastellaan<\/strong><\/td>\n<td valign=\"top\" width=\"489\"><strong>Oppimiskokonaisuuden kuvaus<\/strong><\/td>\n<\/tr>\n<tr>\n<td valign=\"top\" height=\"211\"><strong>6. lk<\/strong><\/td>\n<td valign=\"top\"><strong>Historian l\u00e4hteet<\/strong><\/p>\n<p>Turun historia: Turku ja maailma<\/p>\n<p>L1: Ajattelu ja oppimaan oppiminen<br \/>\nL2: Kulttuurinen osaaminen, vuorovaikutus ja ilmaisu<br \/>\nL4: Monilukutaito<\/td>\n<td valign=\"top\"><strong><a href=\"https:\/\/avan.fi\/koulut-ja-paivakodit#elamyspolku\" target=\"_blank\" rel=\"noopener noreferrer\">Aboa Vetus &amp; Ars Nova-museo<\/a><br \/>\n<\/strong><em>Menneisyys maan alla<\/em><u><br \/>\n<\/u>Opastetulla kierroksella tutustutaan Aboa Vetuksen raunioalueeseen. Rakennuksia, luita ja l\u00f6yt\u00f6j\u00e4 tutkimalla pohditaan, mit\u00e4 menneest\u00e4 saadaan selville arkeologian avulla. Samalla tutustutaan siihen, miten keskiajalla Turussa on asuttu ja eletty, ja miten kaupunki on vuosisatojen aikana muuttunut nykyiseen muotoonsa.<br \/>\n<strong>Kesto<\/strong>: 45min<br \/>\n<strong>Oppiaineet: <\/strong>historia<\/td>\n<\/tr>\n<tr>\n<td valign=\"top\" height=\"192\"><strong>6. lk<\/strong><\/td>\n<td valign=\"top\"><strong>Kest\u00e4v\u00e4 kehitys. Meri elinkeinona, resurssina ja suojelun kohteena.<\/strong><\/p>\n<p>L3: Itsest\u00e4 huolehtiminen ja arjen taidot<\/p>\n<p>L7: Osallistuminen, vaikuttaminen ja kest\u00e4v\u00e4n tulevaisuuden rakentaminen<\/td>\n<td valign=\"top\"><strong><a href=\"https:\/\/www.forum-marinum.fi\/fi\/opetus\/kouluille-ja-oppilaitoksille\/\" target=\"_blank\" rel=\"noopener noreferrer\">Forum Marinum<br \/>\n<\/a><\/strong><em>Miten meri vaikuttaa minuun ja miten min\u00e4 voin vaikuttaa mereen?<br \/>\n<\/em>Miksi laivat kulkevat? Millaista on ty\u00f6 laivalla? Miksi meri on suojelun arvoinen? Forum Marinumissa tutustutaan yhdess\u00e4 merenkulun v\u00e4rikk\u00e4isiin vaiheisiin. Museon esineit\u00e4 tutkailemalla opimme yhdess\u00e4 merenkulun elint\u00e4rke\u00e4st\u00e4 merkityksest\u00e4 Suomelle. Kierroksella el\u00e4ydyt\u00e4\u00e4n ty\u00f6h\u00f6n ja vapaa-aikaan merell\u00e4, sek\u00e4 pohditaan mahdollisuuksiamme vaikuttaa It\u00e4meren tulevaisuuteen.<strong>Kesto:<\/strong> 60 min.<strong><br \/>\nOppiaineet:<\/strong> historia ja ymp\u00e4rist\u00f6oppi.<\/td>\n<\/tr>\n<\/tbody>\n<\/table>\n<p><strong>Vuosiluokat 7\u20139, Yhteis\u00f6n j\u00e4senen\u00e4 kasvaminen: Kriittinen tieto ja tulkinta<br \/>\n<\/strong>Museoissa opitaan tiedon kriittist\u00e4 tarkastelua ja monilukutaitoa. (L1: Ajattelu ja oppimaan oppiminen, L4: Monilukutaito) Yl\u00e4koulussa on jokaisella luokka-asteella tarkastelussa yksi ilmi\u00f6. Opettajat valitsevat ilmi\u00f6\u00f6n liittyen v\u00e4hint\u00e4\u00e4n yhden museovierailun.<\/p>\n<table width=\"691\">\n<tbody>\n<tr>\n<td width=\"48\" height=\"\"><\/td>\n<td valign=\"top\" width=\"138\"><strong>Ilmi\u00f6t, joita tarkastellaan<\/strong><\/td>\n<td valign=\"top\" width=\"489\"><strong>Oppimiskokonaisuuden kuvaus<\/strong><\/td>\n<\/tr>\n<tr>\n<td valign=\"top\" height=\"211\"><strong>7. lk<\/strong><\/td>\n<td valign=\"top\"><strong>Tiedon ja taiteen poliittisuus sek\u00e4 vaikuttaminen. <\/strong><\/p>\n<p><strong>Miksi taide\/historia\/kulttuuri on t\u00e4rke\u00e4\u00e4?<br \/>\n<\/strong><\/p>\n<p>L1: Ajattelu ja oppimaan oppiminen<\/p>\n<p>L2: Kulttuurinen osaaminen, vuorovaikutus ja ilmaisu<\/p>\n<p>L4: Monilukutaito<\/td>\n<td valign=\"top\"><strong>Vierailuista valitaan v\u00e4hint\u00e4\u00e4n yksi<\/strong><\/p>\n<p><strong><a href=\"https:\/\/www.wam.fi\/wam-turun-kaupungin-taidemuseo\/opetus-ja-palvelut\/kouluille\" target=\"_blank\" rel=\"noopener noreferrer\">WAM turun kaupungin taidemuseo<\/a><\/strong><u><br \/>\n<\/u><em>&#8221;Kerro, kerro kuva!&#8221;<\/em><u><br \/>\n<\/u>Tutustutaan kuvataiden\u00e4yttelyyn ja opitaan sanallistamaan taideteoksia ja keskustelemaan niiden sis\u00e4ll\u00f6ist\u00e4 ja merkityksist\u00e4. Peilataan n\u00e4yttelyn teoksia nuorten omaan el\u00e4m\u00e4\u00e4n ja kuvakulttuuriin sek\u00e4 erilaisiin visuaalisen kulttuurin ilmi\u00f6ihin (esim. media- ja mainoskuvat, selfiet).<\/p>\n<p><strong>Kesto:<\/strong> 45 min.<br \/>\n<strong>Oppiaineet:<\/strong> Kuvataide, \u00e4idinkieli<\/p>\n<p><strong><a href=\"http:\/\/www.turuntaidemuseo.fi\/kouluille\/\" target=\"_blank\" rel=\"noopener noreferrer\">Turun taidemuseo<\/a><\/strong><br \/>\n<em>Taidetta turkulaisille jo vuodesta 1904<\/em><u><br \/>\n<\/u>Opastuksella tutustutaan taidemuseon teht\u00e4v\u00e4\u00e4n taiteen ker\u00e4\u00e4j\u00e4n\u00e4, tallettajana ja esitt\u00e4j\u00e4n\u00e4. Miten taide on muuttunut museon olemassaolon aikana ja mit\u00e4 se kertoo omasta ajastaan? Ent\u00e4 miksi taideteoksia s\u00e4ilytet\u00e4\u00e4n j\u00e4lkipolville?<\/p>\n<p><strong>Kesto: <\/strong>60 min<br \/>\n<strong>Oppiaineet:<\/strong> kuvataide, historia<\/p>\n<p><strong><a href=\"http:\/\/www.turku.fi\/luostarinmaen-kasityolaismuseo\/opi-ja-koe-museossa\/kouluille\/\" target=\"_blank\" rel=\"noopener noreferrer\">Luostarinm\u00e4ki<\/a><br \/>\n<\/strong><em>Kaupunkiel\u00e4m\u00e4\u00e4 1800-luvulla<\/em><br \/>\nTutustutaan esiteollisen ajan kaupunkiel\u00e4m\u00e4\u00e4n, jolle oli ominaista mm. monet maalaismaiset piirteet. Milt\u00e4 kaupunki n\u00e4ytti? Miten Turun laitakaupungilla asuttiin ja elettiin? Kierroksella pohditaan mm. kaupunkikuvan ja rakentamisen, asumisen ja elinkeinojen muutosta. Keskustellaan my\u00f6s k\u00e4sity\u00f6ammateista ja k\u00e4sity\u00f6l\u00e4isyydest\u00e4 ammattikuntalaitoksen aikaan.<br \/>\n<strong>Kesto<\/strong>: 45 minuuttia, voidaan j\u00e4rjest\u00e4\u00e4 my\u00f6s museon aukiolon ulkopuolella<br \/>\n<strong>Oppiaineet<\/strong>: historia, ymp\u00e4rist\u00f6oppi<\/td>\n<\/tr>\n<\/tbody>\n<\/table>\n<table width=\"691\">\n<tbody>\n<tr>\n<td width=\"48\" height=\"\"><\/td>\n<td valign=\"top\" width=\"138\"><strong>Ilmi\u00f6t, joita tarkastellaan<\/strong><\/td>\n<td valign=\"top\" width=\"489\"><strong>Oppimiskokonaisuuden kuvaus<\/strong><\/td>\n<\/tr>\n<tr>\n<td valign=\"top\" height=\"211\"><strong>8. lk<\/strong><\/td>\n<td valign=\"top\"><strong>Suomen synty. <\/strong><\/p>\n<p><strong>Kansallisvaltio ja kansallinen her\u00e4\u00e4minen, itsen\u00e4istyminen, muutos ja monikulttuurisuus.<br \/>\n<\/strong><br \/>\nL2: Kulttuurinen osaaminen, vuorovaikutus ja ilmaisu<\/p>\n<p>L7: Osallistuminen, vaikuttaminen ja kest\u00e4v\u00e4n tulevaisuuden rakentaminen<\/td>\n<td valign=\"top\"><strong>Vierailuista valitaan v\u00e4hint\u00e4\u00e4n yksi<\/strong><\/p>\n<p><strong><a href=\"http:\/\/www.turuntaidemuseo.fi\/kouluille\/\" target=\"_blank\" rel=\"noopener noreferrer\">Turun taidemuseo<\/a><\/strong><br \/>\n<em>Taide identiteetin ilmaisuna ennen ja nyt<\/em><span style=\"text-decoration: underline\"><br \/>\n<\/span>Opastuksella tutustutaan kokoelman uusin ja vanhoihin klassikoihin ja pohditaan, kuinka taide on ollut ja on edelleen osa yhteist\u00e4 ja yksityist\u00e4 identiteetin rakentamista.<br \/>\n<strong>Kesto<\/strong>: 60 min<br \/>\n<strong>Oppiaineet: <\/strong>Historia, kuvataide<\/p>\n<p><strong><a href=\"http:\/\/www.forum-marinum.fi\/fi\/koulut-ja-opetus\" target=\"_blank\" rel=\"noopener noreferrer\">Forum Marinum<\/a><\/strong><u><br \/>\n<\/u><em>Merivoimat rauhan ja sodan aikana<\/em><u><br \/>\n<\/u><\/p>\n<p>Kierroksella tutustutaan Suomen meripuolustuksen vaiheisiin itsen\u00e4isyyden aikana. Tarinat Turun seudulta johdattavat aiheeseen. Tutustumme siihen, millaista ty\u00f6 merivoimissa on ollut, sek\u00e4 pohdimme millaisia sodan kokemukset ovat yksitt\u00e4isille ihmisille olleet.<\/p>\n<p><strong>Kesto:<\/strong> 60 min<br \/>\n<strong>Oppiaineet:<\/strong> Historia.<\/td>\n<\/tr>\n<\/tbody>\n<\/table>\n<table width=\"691\">\n<tbody>\n<tr>\n<td width=\"48\" height=\"\"><\/td>\n<td valign=\"top\" width=\"138\"><strong>Ilmi\u00f6t, joita tarkastellaan<\/strong><\/td>\n<td valign=\"top\" width=\"489\"><strong>Oppimiskokonaisuuden kuvaus<\/strong><\/td>\n<\/tr>\n<tr>\n<td valign=\"top\" height=\"211\"><strong>9. lk<\/strong><\/td>\n<td valign=\"top\"><strong>Ty\u00f6el\u00e4m\u00e4, yhteiskuntaan osallistuminen. Ammatteihin tutustuminen, ty\u00f6el\u00e4m\u00e4n muutos, kest\u00e4v\u00e4 kehitys, globaalikasvatus<br \/>\n<\/strong><br \/>\nL6: Ty\u00f6el\u00e4m\u00e4taidot ja yritt\u00e4jyysL7: Osallistuminen, vaikuttaminen ja kest\u00e4v\u00e4n tulevaisuuden rakentaminen<\/td>\n<td valign=\"top\"><strong>Vierailuista valitaan v\u00e4hint\u00e4\u00e4n yksi<\/strong><\/p>\n<p><strong><a href=\"http:\/\/www.turku.fi\/apteekkimuseo-ja-qwenselin-talo\/palvelut\/kouluille\" target=\"_blank\" rel=\"noopener noreferrer\">Apteekkimuseo ja Qwenselin talo<\/a><\/strong><u><br \/>\n<\/u><em>Iilimatoja vai ibuprofeenia?<\/em><u><br \/>\n<\/u>Miten apteekki ja apteekkarin ammatti ovat muuttuneet? Mit\u00e4 apteekista ostettiin ennen ja nyt?\u00a0 Miten l\u00e4\u00e4ketiede on kehittynyt? Oppitunnin aikana tutustutaan 1800-luvun apteekkiin ja tehd\u00e4\u00e4n ryhm\u00e4teht\u00e4v\u00e4, jossa pohditaan vanhan ja nykyapteekin eroja. Tunnin j\u00e4lkeen voi tutustua omatoimisesti s\u00e4\u00e4tyl\u00e4iskodin puoleen.<\/p>\n<p><strong>Kesto: 45<\/strong>\u00a0min. Max ryhm\u00e4koko 20 hl\u00f6\u00e4<strong><br \/>\nOppiaineet:<\/strong> historia, terveystieto, yhteiskuntaoppi, kemia<\/p>\n<p><strong><a href=\"http:\/\/www.forum-marinum.fi\/fi\/koulut-ja-opetus\" target=\"_blank\" rel=\"noopener noreferrer\">Forum Marinum<\/a><br \/>\n<\/strong><em>Meri ty\u00f6nantajana<\/em><\/p>\n<p>Forum Marinumissa tutustutaan erilaisiin merenkulun sek\u00e4 laivanrakennuksen ammatteihin ja arjessa tapahtuneisiin muutoksiin. Pohditaan merenkulun kansainv\u00e4lisyytt\u00e4, liikennev\u00e4lineiden kehittymist\u00e4 ja globalisaation vaikutuksia erityisesti suomalaiseen kauppamerenkulkuun.<\/p>\n<p><strong>Kesto:<\/strong> 60 min.<strong><br \/>\n<\/strong><strong>Oppiaineet:<\/strong> historia, yhteiskuntaoppi, maantieto, terveystieto, oppilaanohjaus<\/td>\n<\/tr>\n<\/tbody>\n<\/table>\n","protected":false},"excerpt":{"rendered":"<p>Museoiden el\u00e4myspolku Museoiden el\u00e4myspolku on jaettu kolmeen eri vaiheeseen. Luokilla 1-2 on kaksi kaikille tarkoitettua vierailua ja\u00a03.-6. luokilla\u00a0 on kuusi vierailua. N\u00e4in alakoulun aikana k\u00e4yd\u00e4\u00e4n useimmissa Turun museoissa. Yl\u00e4koulun aikana jokaisella vuosiluokalla on tarkastelussa yksi ilmi\u00f6. Opettajat valitsevat ilmi\u00f6\u00f6n liittyen v\u00e4hint\u00e4\u00e4n yhden museovierailun. El\u00e4myspolku-vierailut ovat kaikissa museoissa saatavilla joka lukuvuosi. Museot voivat kutsua kouluja vierailuille &hellip; <a href=\"https:\/\/blog.edu.turku.fi\/elamyspolku\/museo\/\" class=\"more-link\">Jatka lukemista<span class=\"screen-reader-text\"> &#8221;Museo&#8221;<\/span><\/a><\/p>\n","protected":false},"author":33,"featured_media":0,"parent":0,"menu_order":0,"comment_status":"closed","ping_status":"closed","template":"","meta":{"footnotes":""},"class_list":["post-78","page","type-page","status-publish","hentry"],"_links":{"self":[{"href":"https:\/\/blog.edu.turku.fi\/elamyspolku\/wp-json\/wp\/v2\/pages\/78","targetHints":{"allow":["GET"]}}],"collection":[{"href":"https:\/\/blog.edu.turku.fi\/elamyspolku\/wp-json\/wp\/v2\/pages"}],"about":[{"href":"https:\/\/blog.edu.turku.fi\/elamyspolku\/wp-json\/wp\/v2\/types\/page"}],"author":[{"embeddable":true,"href":"https:\/\/blog.edu.turku.fi\/elamyspolku\/wp-json\/wp\/v2\/users\/33"}],"replies":[{"embeddable":true,"href":"https:\/\/blog.edu.turku.fi\/elamyspolku\/wp-json\/wp\/v2\/comments?post=78"}],"version-history":[{"count":172,"href":"https:\/\/blog.edu.turku.fi\/elamyspolku\/wp-json\/wp\/v2\/pages\/78\/revisions"}],"predecessor-version":[{"id":2865,"href":"https:\/\/blog.edu.turku.fi\/elamyspolku\/wp-json\/wp\/v2\/pages\/78\/revisions\/2865"}],"wp:attachment":[{"href":"https:\/\/blog.edu.turku.fi\/elamyspolku\/wp-json\/wp\/v2\/media?parent=78"}],"curies":[{"name":"wp","href":"https:\/\/api.w.org\/{rel}","templated":true}]}}