{"id":774,"date":"2017-03-05T17:24:29","date_gmt":"2017-03-05T15:24:29","guid":{"rendered":"https:\/\/blog.edu.turku.fi\/elamyspolku\/?page_id=774"},"modified":"2025-08-03T10:32:21","modified_gmt":"2025-08-03T07:32:21","slug":"teater","status":"publish","type":"page","link":"https:\/\/blog.edu.turku.fi\/elamyspolku\/teater\/","title":{"rendered":"Teater"},"content":{"rendered":"<p>Teaterbes\u00f6ken inom ramen f\u00f6r Upplevelsestigen ordnas p\u00e5 \u00e5rskurs 3, 5 och 9.<\/p>\n<p>L\u00e4raren kan tillsammans med sin klass sj\u00e4lv v\u00e4lja teater och f\u00f6rest\u00e4llning. Det l\u00f6nar sig f\u00f6r l\u00e4rare i olika l\u00e4ro\u00e4mnen att samarbeta d\u00e5 teaterbes\u00f6ken ordnas. Teatern kan ocks\u00e5 bes\u00f6ka skolan \u2013 och man kan ocks\u00e5 v\u00e4lja en teater som inte finns p\u00e5 den bifogade listan.<\/p>\n<p>Eleverna har p\u00e5 vissa teatrar m\u00f6jlighet att bekanta sig med f\u00f6rest\u00e4llningens sk\u00e5despelare, regiss\u00f6rer samt scenografer och kl\u00e4dformgivning. Vissa teatrar erbjuder fadderklassverksamhet samt m\u00f6jlighet att f\u00f6lja med repetitionerna.<\/p>\n<p><a href=\"https:\/\/abosvenskateater.fi\/ditt-besok\/publikarbete\/upplevelsestigen\/\" target=\"_blank\" rel=\"noopener\">\u00c5bo Svenska Teater<\/a><\/p>\n","protected":false},"excerpt":{"rendered":"<p>Teaterbes\u00f6ken inom ramen f\u00f6r Upplevelsestigen ordnas p\u00e5 \u00e5rskurs 3, 5 och 9. L\u00e4raren kan tillsammans med sin klass sj\u00e4lv v\u00e4lja teater och f\u00f6rest\u00e4llning. Det l\u00f6nar sig f\u00f6r l\u00e4rare i olika l\u00e4ro\u00e4mnen att samarbeta d\u00e5 teaterbes\u00f6ken ordnas. Teatern kan ocks\u00e5 bes\u00f6ka skolan \u2013 och man kan ocks\u00e5 v\u00e4lja en teater som inte finns p\u00e5 den bifogade &hellip; <a href=\"https:\/\/blog.edu.turku.fi\/elamyspolku\/teater\/\" class=\"more-link\">Jatka lukemista<span class=\"screen-reader-text\"> &#8221;Teater&#8221;<\/span><\/a><\/p>\n","protected":false},"author":33,"featured_media":0,"parent":0,"menu_order":0,"comment_status":"closed","ping_status":"closed","template":"","meta":{"footnotes":""},"class_list":["post-774","page","type-page","status-publish","hentry"],"_links":{"self":[{"href":"https:\/\/blog.edu.turku.fi\/elamyspolku\/wp-json\/wp\/v2\/pages\/774","targetHints":{"allow":["GET"]}}],"collection":[{"href":"https:\/\/blog.edu.turku.fi\/elamyspolku\/wp-json\/wp\/v2\/pages"}],"about":[{"href":"https:\/\/blog.edu.turku.fi\/elamyspolku\/wp-json\/wp\/v2\/types\/page"}],"author":[{"embeddable":true,"href":"https:\/\/blog.edu.turku.fi\/elamyspolku\/wp-json\/wp\/v2\/users\/33"}],"replies":[{"embeddable":true,"href":"https:\/\/blog.edu.turku.fi\/elamyspolku\/wp-json\/wp\/v2\/comments?post=774"}],"version-history":[{"count":7,"href":"https:\/\/blog.edu.turku.fi\/elamyspolku\/wp-json\/wp\/v2\/pages\/774\/revisions"}],"predecessor-version":[{"id":2781,"href":"https:\/\/blog.edu.turku.fi\/elamyspolku\/wp-json\/wp\/v2\/pages\/774\/revisions\/2781"}],"wp:attachment":[{"href":"https:\/\/blog.edu.turku.fi\/elamyspolku\/wp-json\/wp\/v2\/media?parent=774"}],"curies":[{"name":"wp","href":"https:\/\/api.w.org\/{rel}","templated":true}]}}