{"id":742,"date":"2017-02-25T16:11:24","date_gmt":"2017-02-25T14:11:24","guid":{"rendered":"https:\/\/blog.edu.turku.fi\/elamyspolku\/?page_id=742"},"modified":"2021-08-09T18:06:27","modified_gmt":"2021-08-09T15:06:27","slug":"upplevelsestigen-ak-3-6","status":"publish","type":"page","link":"https:\/\/blog.edu.turku.fi\/elamyspolku\/upplevelsestigen-ak-3-6\/","title":{"rendered":"Upplevelsestigen, \u00e5k 3-6"},"content":{"rendered":"<p><strong>\u00c5rskurs 3\u20136<br \/>\n<\/strong>Upplevelsestigens studiehelheter som \u00e4r gemensamma f\u00f6r alla elever p\u00e5 \u00e5rskurs 3\u20136:<\/p>\n<p><strong>\u00c5k 3 <\/strong><\/p>\n<p style=\"padding-left: 30px\"><strong>Naturskola i Runsala<\/strong>, vinternatur<br \/>\nNaturskolans l\u00e4rare skickar inbjudan .<\/p>\n<p style=\"text-align: left;padding-left: 30px\"><strong>Teater<br \/>\n<\/strong>Klassen v\u00e4ljer programmet och l\u00e4raren ordnar ett bes\u00f6k.<\/p>\n<p style=\"padding-left: 30px\"><strong>Film<\/strong><br \/>\n<a href=\"http:\/\/www.elokuvaviikko.fi\" target=\"_blank\" rel=\"noopener\">Veckan &#8221;Elokuvaviikko&#8221;<\/a> (ung. Filmveckan) ordnas p\u00e5 h\u00f6sten.<\/p>\n<p style=\"padding-left: 30px\"><strong>Bibliotek<br \/>\n<\/strong>Rundvandring<strong>. <\/strong><a href=\"http:\/\/www.turku.fi\/sv\/abo-stadsbibliotek\/bibliotekstjanster\/besok-huvudbiblioteket-med-grupp\" target=\"_blank\" rel=\"noopener\">F\u00f6lj med bibliotekets meddelanden<\/a>.<\/p>\n<p style=\"padding-left: 30px\"><strong>Sibeliusmuseet<br \/>\n<\/strong>L\u00e4raren ordnar bes\u00f6k. Museet ordnar guidning.<br \/>\nSe <a href=\"http:\/\/blog.edu.turku.fi\/elamyspolku\/museo\/\" target=\"_blank\" rel=\"noopener\">museernas Upplevelsestig<\/a>.<strong><br \/>\n<\/strong><\/p>\n<p style=\"padding-left: 30px\"><strong>F\u00f6delsedagsinbjudningar<br \/>\n<\/strong>Lek och diskussioner om h\u00e5llbara val h\u00e5lls i den egna skolan. <a href=\"https:\/\/www.lsjh.fi\/sv\/radgivning\/bestall-radgivning\/miljofostran\/\" target=\"_blank\" rel=\"noopener\">Sydv\u00e4stra Finlands Avfallsservice<\/a> ordnar f\u00f6delsedagsinbjudningar p\u00e5 v\u00e5ren under j\u00e4mna \u00e5r.<\/p>\n<p>\u00a0<strong>\u00c5k 4 <\/strong><\/p>\n<p style=\"padding-left: 30px\"><strong>Naturskola i Runsala<\/strong>, vi unders\u00f6ker naturen<br \/>\nNaturskolans l\u00e4rare skickar inbjudan.<\/p>\n<p style=\"padding-left: 30px\"><strong>Olika yrken<\/strong>-bes\u00f6k<br \/>\nF\u00f6retagsbes\u00f6k\/bes\u00f6k p\u00e5 skolan.<br \/>\nL\u00e4raren\/klassen ordnar<\/p>\n<p style=\"padding-left: 30px\"><strong>Bibliotek<br \/>\n<\/strong>Biblioteket guidar ett Mediestigen-bes\u00f6k. <a href=\"http:\/\/www.turku.fi\/sv\/abo-stadsbibliotek\/bibliotekstjanster\/besok-huvudbiblioteket-med-grupp\" target=\"_blank\" rel=\"noopener\">F\u00f6lj med bibliotekets meddelanden<\/a>.<strong><br \/>\n<\/strong><\/p>\n<p style=\"padding-left: 30px\"><strong>Hantverksmuseet <\/strong>eller <strong>g\u00e5rden Qwensel<\/strong><br \/>\nUtveckling av stadskulturen. L\u00e4raren ordnar bes\u00f6k.<br \/>\nMuseet ordnar guidning. Se <a href=\"http:\/\/blog.edu.turku.fi\/elamyspolku\/museo\/\" target=\"_blank\" rel=\"noopener\">museernas Upplevelsestig<\/a>.<\/p>\n<p><strong>\u00c5k 5<\/strong><\/p>\n<p style=\"padding-left: 30px\"><strong>Teater<br \/>\n<\/strong>Klassen v\u00e4ljer programmet och l\u00e4raren ordnar ett bes\u00f6k.<strong><br \/>\n<\/strong><\/p>\n<p style=\"padding-left: 30px\"><strong>Bibliotek<br \/>\n<\/strong>Bokprat.\u00a0<a href=\"http:\/\/www.turku.fi\/sv\/abo-stadsbibliotek\/bibliotekstjanster\/besok-huvudbiblioteket-med-grupp\" target=\"_blank\" rel=\"noopener\">F\u00f6lj med bibliotekets meddelanden<\/a>.<strong><br \/>\n<\/strong><\/p>\n<p style=\"padding-left: 30px\"><strong>\u00c5bo slott<br \/>\n<\/strong>\u00c5bo slott skickar inbjudan. Se <a href=\"http:\/\/blog.edu.turku.fi\/elamyspolku\/museo\/\" target=\"_blank\" rel=\"noopener\">museernas Upplevelsestig<\/a>.<\/p>\n<p style=\"padding-left: 30px\"><strong>W\u00e4in\u00f6 Aaltonens museum<\/strong><br \/>\n<a href=\"https:\/\/www.turku.fi\/sv\/waino-aaltonens-museum\/lar-och-upplev\/skolor\" target=\"_blank\" rel=\"noopener\">WAM<\/a> skickar inbjudan. Museet ordnar guidning.<br \/>\nSe <a href=\"http:\/\/blog.edu.turku.fi\/elamyspolku\/museo\/\" target=\"_blank\" rel=\"noopener\">museernas Upplevelsestig<\/a>.<br \/>\n<strong><br \/>\n<\/strong><\/p>\n<p><strong>\u00c5k 6<\/strong><\/p>\n<p style=\"padding-left: 30px\"><strong>F\u00f6retagsbyn<br \/>\n<\/strong><a href=\"https:\/\/yrityskyla.fi\/sv\/\" target=\"_blank\" rel=\"noopener\">F\u00f6retagsbyn<\/a> skickar inbjudan.<strong><br \/>\n<\/strong><\/p>\n<p style=\"padding-left: 30px\"><strong>Bibliotek<br \/>\n<\/strong>Rundvandring. <a href=\"http:\/\/www.turku.fi\/sv\/abo-stadsbibliotek\/bibliotekstjanster\/besok-huvudbiblioteket-med-grupp\" target=\"_blank\" rel=\"noopener\">F\u00f6lj med bibliotekets meddelanden<\/a>.<\/p>\n<p style=\"padding-left: 30px\"><strong>F\u00f6retagsbes\u00f6k<\/strong><br \/>\nKlassen\/l\u00e4raren ordnar.<\/p>\n<p style=\"padding-left: 30px\"><strong>Aboa Vetus &amp; Ars Nova<br \/>\n<\/strong>Museet skickar inbjudan. Se <a href=\"http:\/\/blog.edu.turku.fi\/elamyspolku\/museo\/\" target=\"_blank\" rel=\"noopener\">museernas Upplevelsestig<\/a>.<strong><br \/>\n<\/strong><\/p>\n<p style=\"padding-left: 30px\"><strong>Forum Marinum<br \/>\n<\/strong>Forum Marinum skickar inbjudan. Museet ordnar guidning.<\/p>\n<p>&nbsp;<\/p>\n<p><strong>Bitar fr\u00e5n l\u00e4roplanen:<\/strong><br \/>\nSom l\u00e4rmilj\u00f6er anv\u00e4nds f\u00f6rutom skolans lokaler och den egna klassen m\u00e5ngsidigt \u00e4ven den n\u00e4rliggande naturen och den byggda milj\u00f6n, olika sociala sammanhang och situationer, digitala l\u00e4rmilj\u00f6er samt lokala m\u00f6jligheter s\u00e5som samarbete med naturskolor, museer, f\u00f6retag, medborgarorganisationer samt natur- och vetenskapscentra.<\/p>\n<p>I valet av l\u00e4rmilj\u00f6er och arbetss\u00e4tt beaktas funktionalitet, erfarenhets- och upplevelseaspekten, anv\u00e4ndningen av drama och ber\u00e4ttelser samt omgivningsl\u00e4rans tv\u00e4rvetenskapliga karakt\u00e4r. M\u00e5let \u00e4r att unders\u00f6ka fenomen inom omgivningsl\u00e4rans olika \u00e4mnesomr\u00e5den i naturliga situationer och milj\u00f6er. Som l\u00e4rmilj\u00f6er anv\u00e4nds f\u00f6rutom skolans lokaler och den egna klassen m\u00e5ngsidigt \u00e4ven den n\u00e4rliggande naturen och den byggda milj\u00f6n, olika sociala sammanhang och situationer, digitala l\u00e4rmilj\u00f6er samt lokala m\u00f6jligheter s\u00e5som samarbete med naturskolor, museer, f\u00f6retag, medborgarorganisationer samt natur- och vetenskapscentra.<\/p>\n<p>Inom undervisningen ska eleverna l\u00e4ra k\u00e4nna flera kulturomr\u00e5den, av vilka ordkonsten, mediekulturen, drama och teater samt muntlig kommunikationskultur \u00e4r de mest centrala. Eleverna bekantar sig med teater som en konstform och metoder f\u00f6r teateruttryck genom att anv\u00e4nda drama som verksamhetsform. I undervisningen bekantar man sig med sk\u00f6nlitteratur, facklitteratur, filmer och medietexter f\u00f6r unga och biblioteket som en resurs som erbjuder allt detta.<\/p>\n<p>Samarbetet med ungdoms-, biblioteks-, motions- och kulturverksamheten, polisen, f\u00f6rsamlingar, organisationer, f\u00f6retag och andra akt\u00f6rer i n\u00e4rmilj\u00f6n s\u00e5som naturskolor, museer och ungdomscentraler \u00f6kar m\u00e5ngsidighet i l\u00e4rmilj\u00f6er samt st\u00f6djer skolans fostringsuppgift.<\/p>\n<p>&nbsp;<\/p>\n","protected":false},"excerpt":{"rendered":"<p>\u00c5rskurs 3\u20136 Upplevelsestigens studiehelheter som \u00e4r gemensamma f\u00f6r alla elever p\u00e5 \u00e5rskurs 3\u20136: \u00c5k 3 Naturskola i Runsala, vinternatur Naturskolans l\u00e4rare skickar inbjudan . Teater Klassen v\u00e4ljer programmet och l\u00e4raren ordnar ett bes\u00f6k. Film Veckan &#8221;Elokuvaviikko&#8221; (ung. Filmveckan) ordnas p\u00e5 h\u00f6sten. Bibliotek Rundvandring. F\u00f6lj med bibliotekets meddelanden. Sibeliusmuseet L\u00e4raren ordnar bes\u00f6k. Museet ordnar guidning. Se &hellip; <a href=\"https:\/\/blog.edu.turku.fi\/elamyspolku\/upplevelsestigen-ak-3-6\/\" class=\"more-link\">Jatka lukemista<span class=\"screen-reader-text\"> &#8221;Upplevelsestigen, \u00e5k 3-6&#8221;<\/span><\/a><\/p>\n","protected":false},"author":107,"featured_media":0,"parent":0,"menu_order":0,"comment_status":"closed","ping_status":"closed","template":"","meta":{"footnotes":""},"class_list":["post-742","page","type-page","status-publish","hentry"],"_links":{"self":[{"href":"https:\/\/blog.edu.turku.fi\/elamyspolku\/wp-json\/wp\/v2\/pages\/742","targetHints":{"allow":["GET"]}}],"collection":[{"href":"https:\/\/blog.edu.turku.fi\/elamyspolku\/wp-json\/wp\/v2\/pages"}],"about":[{"href":"https:\/\/blog.edu.turku.fi\/elamyspolku\/wp-json\/wp\/v2\/types\/page"}],"author":[{"embeddable":true,"href":"https:\/\/blog.edu.turku.fi\/elamyspolku\/wp-json\/wp\/v2\/users\/107"}],"replies":[{"embeddable":true,"href":"https:\/\/blog.edu.turku.fi\/elamyspolku\/wp-json\/wp\/v2\/comments?post=742"}],"version-history":[{"count":23,"href":"https:\/\/blog.edu.turku.fi\/elamyspolku\/wp-json\/wp\/v2\/pages\/742\/revisions"}],"predecessor-version":[{"id":1912,"href":"https:\/\/blog.edu.turku.fi\/elamyspolku\/wp-json\/wp\/v2\/pages\/742\/revisions\/1912"}],"wp:attachment":[{"href":"https:\/\/blog.edu.turku.fi\/elamyspolku\/wp-json\/wp\/v2\/media?parent=742"}],"curies":[{"name":"wp","href":"https:\/\/api.w.org\/{rel}","templated":true}]}}