{"id":715,"date":"2017-02-25T10:35:09","date_gmt":"2017-02-25T08:35:09","guid":{"rendered":"https:\/\/blog.edu.turku.fi\/elamyspolku\/?page_id=715"},"modified":"2023-01-19T18:10:02","modified_gmt":"2023-01-19T16:10:02","slug":"upplevelsestigen-ak-1-2","status":"publish","type":"page","link":"https:\/\/blog.edu.turku.fi\/elamyspolku\/upplevelsestigen-ak-1-2\/","title":{"rendered":"Upplevelsestigen, \u00e5k 1-2"},"content":{"rendered":"<p><strong>\u00c5rskurs 1\u20132<br \/>\n<\/strong>Upplevelsestigens studiehelheter som \u00e4r gemensamma f\u00f6r alla p\u00e5 \u00e5rskurs 1\u20132:<\/p>\n<p><strong>\u00c5k 1:<\/strong><\/p>\n<p style=\"padding-left: 30px\"><strong>Rundvandring i \u00c5bo<br \/>\n<\/strong>L\u00e4raren ordnar.<strong><br \/>\n<\/strong>Salutorget, Aura\u00e5n, statyer, byggnader, m.m.<\/p>\n<p style=\"padding-left: 30px\"><strong>Utf\u00e4rd i n\u00e4rliggande natur<br \/>\n<\/strong>L\u00e4raren ordnar.<strong><br \/>\n<\/strong><\/p>\n<p style=\"padding-left: 30px\"><strong>Biblioteket<\/strong><strong><br \/>\n<\/strong>L\u00e4raren guidar.<\/p>\n<p style=\"padding-left: 30px\"><strong>Biologiska museet<br \/>\n<\/strong>L\u00e4raren bokar tiden. Museet ordnar guidning.<br \/>\nSe <a href=\"https:\/\/blog.edu.turku.fi\/elamyspolku\/801-2\/\" target=\"_blank\" rel=\"noopener\">museernas Upplevelsestig<\/a>.<strong><br \/>\n<\/strong><\/p>\n<p><strong>\u00c5k 2<\/strong><\/p>\n<p style=\"padding-left: 30px\"><strong>Film<br \/>\n<\/strong>Skolbio, Finnkino, Egentliga Finlands Filmcentrum, m.m. Klassen v\u00e4ljer programmet, l\u00e4raren bokar.<strong><br \/>\n<\/strong><\/p>\n<p style=\"padding-left: 30px\"><strong>Naturskola<\/strong> i Runsala,<br \/>\nnaturen p\u00e5 h\u00f6sten\/v\u00e5ren<br \/>\nNaturskolan skickar inbjudan.<\/p>\n<p style=\"padding-left: 30px\"><strong>Biblioteket<br \/>\n<\/strong>Bokpraten<a href=\"http:\/\/www.turku.fi\/sv\/abo-stadsbibliotek\/bibliotekstjanster\/besok-huvudbiblioteket\" target=\"_blank\" rel=\"noopener\"><br \/>\n<\/a><a href=\"http:\/\/www.turku.fi\/sv\/abo-stadsbibliotek\/bibliotekstjanster\/besok-huvudbiblioteket-med-grupp\" target=\"_blank\" rel=\"noopener\">F\u00f6lj med bibliotekets meddelanden<\/a>.<\/p>\n<p style=\"padding-left: 30px\"><strong>\u00c5bo konstmuseum<br \/>\n<\/strong>Konstmuseet kallar. Museet ordnar guidning.<br \/>\nSe <a href=\"http:\/\/blog.edu.turku.fi\/elamyspolku\/museo\/\" target=\"_blank\" rel=\"noopener\">museernas Upplevelsestig<\/a>.<\/p>\n<p style=\"padding-left: 30px\"><strong>Konsert<\/strong><br \/>\n<a href=\"http:\/\/www.tfo.fi\/sv\/lapset-ja-nuoret\/skolor-och-daghem\" target=\"_blank\" rel=\"noopener\">\u00c5bo filharmoniska orkester<\/a> ordnar konsert f\u00f6r barn.<br \/>\nOrdnas koncentrerat.<\/p>\n<p><strong>Bitar fr\u00e5n l\u00e4roplanen:<\/strong><br \/>\nSom l\u00e4rmilj\u00f6er anv\u00e4nds f\u00f6rutom skolans lokaler och den egna klassen m\u00e5ngsidigt \u00e4ven den n\u00e4rliggande naturen och den byggda milj\u00f6n, olika sociala sammanhang och situationer, digitala l\u00e4rmilj\u00f6er samt lokala m\u00f6jligheter s\u00e5som samarbete med naturskolor, museer, f\u00f6retag, medborgarorganisationer samt natur- och vetenskapscentra.<\/p>\n<p>Skolans lokaler, idrottsplatser i n\u00e4rmilj\u00f6n och naturen ska utnyttjas m\u00e5ngsidigt i undervisningen. Eleverna ska handledas att fr\u00e4mja ett tryggt och etiskt h\u00e5llbart arbetss\u00e4tt och inl\u00e4rningsklimat.<\/p>\n<p>Genom att bekanta sig med skolbiblioteks- eller n\u00e4rbiblioteksverksamheten och med olika kulturevenemang f\u00f6r barn utvidgas l\u00e4rmilj\u00f6n till omr\u00e5den utanf\u00f6r klassrummet. Den kulturella m\u00e5ngfalden i n\u00e4rmilj\u00f6n och medierna ska ocks\u00e5 utnyttjas. Undervisningen ska fokusera p\u00e5 att dela upplevelser och \u00f6va f\u00e4rdigheter tillsammans och individuellt, ocks\u00e5 med hj\u00e4lp av digitala verktyg.<\/p>\n","protected":false},"excerpt":{"rendered":"<p>\u00c5rskurs 1\u20132 Upplevelsestigens studiehelheter som \u00e4r gemensamma f\u00f6r alla p\u00e5 \u00e5rskurs 1\u20132: \u00c5k 1: Rundvandring i \u00c5bo L\u00e4raren ordnar. Salutorget, Aura\u00e5n, statyer, byggnader, m.m. Utf\u00e4rd i n\u00e4rliggande natur L\u00e4raren ordnar. Biblioteket L\u00e4raren guidar. Biologiska museet L\u00e4raren bokar tiden. Museet ordnar guidning. Se museernas Upplevelsestig. \u00c5k 2 Film Skolbio, Finnkino, Egentliga Finlands Filmcentrum, m.m. Klassen v\u00e4ljer &hellip; <a href=\"https:\/\/blog.edu.turku.fi\/elamyspolku\/upplevelsestigen-ak-1-2\/\" class=\"more-link\">Jatka lukemista<span class=\"screen-reader-text\"> &#8221;Upplevelsestigen, \u00e5k 1-2&#8221;<\/span><\/a><\/p>\n","protected":false},"author":107,"featured_media":0,"parent":0,"menu_order":0,"comment_status":"closed","ping_status":"closed","template":"","meta":{"footnotes":""},"class_list":["post-715","page","type-page","status-publish","hentry"],"_links":{"self":[{"href":"https:\/\/blog.edu.turku.fi\/elamyspolku\/wp-json\/wp\/v2\/pages\/715","targetHints":{"allow":["GET"]}}],"collection":[{"href":"https:\/\/blog.edu.turku.fi\/elamyspolku\/wp-json\/wp\/v2\/pages"}],"about":[{"href":"https:\/\/blog.edu.turku.fi\/elamyspolku\/wp-json\/wp\/v2\/types\/page"}],"author":[{"embeddable":true,"href":"https:\/\/blog.edu.turku.fi\/elamyspolku\/wp-json\/wp\/v2\/users\/107"}],"replies":[{"embeddable":true,"href":"https:\/\/blog.edu.turku.fi\/elamyspolku\/wp-json\/wp\/v2\/comments?post=715"}],"version-history":[{"count":9,"href":"https:\/\/blog.edu.turku.fi\/elamyspolku\/wp-json\/wp\/v2\/pages\/715\/revisions"}],"predecessor-version":[{"id":2258,"href":"https:\/\/blog.edu.turku.fi\/elamyspolku\/wp-json\/wp\/v2\/pages\/715\/revisions\/2258"}],"wp:attachment":[{"href":"https:\/\/blog.edu.turku.fi\/elamyspolku\/wp-json\/wp\/v2\/media?parent=715"}],"curies":[{"name":"wp","href":"https:\/\/api.w.org\/{rel}","templated":true}]}}