{"id":528,"date":"2016-10-19T15:37:42","date_gmt":"2016-10-19T12:37:42","guid":{"rendered":"https:\/\/blog.edu.turku.fi\/elamyspolku\/?page_id=528"},"modified":"2016-10-19T15:55:43","modified_gmt":"2016-10-19T12:55:43","slug":"linkkeja-ymparistokasvatukseen","status":"publish","type":"page","link":"https:\/\/blog.edu.turku.fi\/elamyspolku\/luonto\/linkkeja-ymparistokasvatukseen\/","title":{"rendered":"Linkkej\u00e4 ymp\u00e4rist\u00f6kasvatukseen"},"content":{"rendered":"<p><strong><a href=\"http:\/\/www.aurajoki.net\/\" target=\"_blank\">Aurajokis\u00e4\u00e4ti\u00f6n<\/a> <\/strong>\u00a0sivuilla on Aurajokeen liittyv\u00e4\u00e4 infoa ja ajankohtaistietoutta.<\/p>\n<p><strong><a href=\"http:\/\/www.globalis.fi\/\" target=\"_blank\">Globalis<\/a><\/strong> on Suomen YK-liiton sivusto, joka antaa tietoa maailman tilasta.<\/p>\n<p><strong><a href=\"http:\/\/www.ilmatieteenlaitos.fi\" target=\"_blank\">Ilmatieteenlaitos<\/a><\/strong><\/p>\n<p><strong><a href=\"http:\/\/www.maanmittauslaitos.fi\/aineistot-ja-palvelut\/palvelut\/karttapaikka\" target=\"_blank\">Karttapaikka<\/a><\/strong> palvelussa p\u00e4\u00e4set tutustumaan Maanmittauslaitoksen maastokarttoihin, ilmakuviin ja taustakarttoihin.<\/p>\n<p><strong><a href=\"http:\/\/www.lsjh.fi\/fi\/\" target=\"_blank\">Lounais-Suomen j\u00e4tehuolto<\/a><\/strong><\/p>\n<p><strong><a href=\"http:\/\/www.luontoliitto.fi\/kouluille\/kouluvierailut\/\" target=\"_blank\">Luontoliitto<\/a><\/strong> tarjoaa nuorten asiantuntijoiden j\u00e4rjest\u00e4mi\u00e4 kouluvierailuja.<\/p>\n<p><strong><a href=\"http:\/\/www.luontoportti.com\/suomi\/fi\/\" target=\"_blank\">Luontoportti<\/a><\/strong> tarjoaa sovelluksen, jonka avulla voi tunnistaa helposti kukkakasveja, lintuja, perhosia ja kaloja. Sivuilta l\u00f6yt\u00e4\u00e4 tietoa sadoista luonnonlajeista huippukuvaajien otoksilla kuvitettuna. Sivusto toimii kahdeksalla eri kielell\u00e4.<\/p>\n<p><strong><a href=\"http:\/\/lahellakaupungissa.fi\/\" target=\"_blank\">L\u00e4hell\u00e4 kaupungissa<\/a><\/strong> -verkkosivusto ohjeistaa harjoittelemaan l\u00e4hiymp\u00e4rist\u00f6jen havainnointia ja tutkimista sek\u00e4 tiedon esitt\u00e4mist\u00e4.<\/p>\n<p><strong><a href=\"http:\/\/www.smy.fi\/materiaali\/metsan-oppimispolku\/\" target=\"_blank\">Mets\u00e4n oppimispolku<\/a><\/strong> on Suomen Mets\u00e4yhdistyksen ja Opetushallituksen yhdess\u00e4 tekem\u00e4 mets\u00e4- ja puuopetuksen malli varhaiskasvatuksesta lukioon.<\/p>\n<p><strong><a href=\"http:\/\/www.smy.fi\/opeta-opi\/\" target=\"_blank\">Mets\u00e4yhdistyksen<\/a><\/strong> \u201dOpeta ja opi\u201d -sivusto<\/p>\n<p><strong><a href=\"http:\/\/www.paikkaoppi.fi\/fi\/\" target=\"_blank\"><strong>PaikkaOppi.fi<\/strong><\/a><\/strong> on kouluille maksuton verkkopohjainen oppimisymp\u00e4rist\u00f6. Se sis\u00e4lt\u00e4\u00e4 ty\u00f6kaluja paikkatietotaitojen perusteiden hallintaan sek\u00e4 ohjeita paikkatiedon soveltavaan k\u00e4ytt\u00f6\u00f6n eri oppiaineissa ja monialaisissa oppimiskokonaisuuksissa.<\/p>\n<p><strong><a href=\"http:\/\/turunekotori.fi\/\" target=\"_blank\">Turun Ekotori<\/a><\/strong><\/p>\n<p><strong><a href=\"http:\/\/www.turunseudunpuhdistamo.fi\/\" target=\"_blank\">Turun seudun puhdistamo<\/a><\/strong> selitt\u00e4\u00e4 j\u00e4tevedenpuhdistusprosessin ja kutsuu vierailulle Kakolanm\u00e4en vedenpuhdistamoon ( 9.lk.)<\/p>\n<p><strong><a href=\"http:\/\/www.helsinki.fi\/biosci\/biopop\/virtuaalimetsa\/\" target=\"_blank\">Virtuaalimets\u00e4<\/a><\/strong> tuo mets\u00e4n tietokoneelle. Virtuaalimets\u00e4n polkuja samoillessa p\u00e4\u00e4see tutustumaan suomalaisiin metsiin ja siihen, kuinka mets\u00e4luonto toimii.<\/p>\n<p><strong><a href=\"https:\/\/wwf.fi\/vaikuta-kanssamme\/ymparistokasvatus\/\" target=\"_blank\">WWF:n ymp\u00e4rist\u00f6kasvatussivuilta<\/a><\/strong> l\u00f6ytyy innostavia oppimisen ja toimimisen kokemuksia, jotka tukevat eri-ik\u00e4isten ihmisten kyky\u00e4 ja halua toimia ymp\u00e4rist\u00f6n puolesta.<\/p>\n<p><strong><a href=\"http:\/\/www.4h.fi\/\" target=\"_blank\">4H liitto <\/a>\u00a0<\/strong><\/p>\n","protected":false},"excerpt":{"rendered":"<p>Aurajokis\u00e4\u00e4ti\u00f6n \u00a0sivuilla on Aurajokeen liittyv\u00e4\u00e4 infoa ja ajankohtaistietoutta. Globalis on Suomen YK-liiton sivusto, joka antaa tietoa maailman tilasta. Ilmatieteenlaitos Karttapaikka palvelussa p\u00e4\u00e4set tutustumaan Maanmittauslaitoksen maastokarttoihin, ilmakuviin ja taustakarttoihin. Lounais-Suomen j\u00e4tehuolto Luontoliitto tarjoaa nuorten asiantuntijoiden j\u00e4rjest\u00e4mi\u00e4 kouluvierailuja. Luontoportti tarjoaa sovelluksen, jonka avulla voi tunnistaa helposti kukkakasveja, lintuja, perhosia ja kaloja. Sivuilta l\u00f6yt\u00e4\u00e4 tietoa sadoista luonnonlajeista huippukuvaajien &hellip; <a href=\"https:\/\/blog.edu.turku.fi\/elamyspolku\/luonto\/linkkeja-ymparistokasvatukseen\/\" class=\"more-link\">Jatka lukemista<span class=\"screen-reader-text\"> &#8221;Linkkej\u00e4 ymp\u00e4rist\u00f6kasvatukseen&#8221;<\/span><\/a><\/p>\n","protected":false},"author":107,"featured_media":0,"parent":99,"menu_order":0,"comment_status":"closed","ping_status":"closed","template":"","meta":{"footnotes":""},"class_list":["post-528","page","type-page","status-publish","hentry"],"_links":{"self":[{"href":"https:\/\/blog.edu.turku.fi\/elamyspolku\/wp-json\/wp\/v2\/pages\/528","targetHints":{"allow":["GET"]}}],"collection":[{"href":"https:\/\/blog.edu.turku.fi\/elamyspolku\/wp-json\/wp\/v2\/pages"}],"about":[{"href":"https:\/\/blog.edu.turku.fi\/elamyspolku\/wp-json\/wp\/v2\/types\/page"}],"author":[{"embeddable":true,"href":"https:\/\/blog.edu.turku.fi\/elamyspolku\/wp-json\/wp\/v2\/users\/107"}],"replies":[{"embeddable":true,"href":"https:\/\/blog.edu.turku.fi\/elamyspolku\/wp-json\/wp\/v2\/comments?post=528"}],"version-history":[{"count":8,"href":"https:\/\/blog.edu.turku.fi\/elamyspolku\/wp-json\/wp\/v2\/pages\/528\/revisions"}],"predecessor-version":[{"id":536,"href":"https:\/\/blog.edu.turku.fi\/elamyspolku\/wp-json\/wp\/v2\/pages\/528\/revisions\/536"}],"up":[{"embeddable":true,"href":"https:\/\/blog.edu.turku.fi\/elamyspolku\/wp-json\/wp\/v2\/pages\/99"}],"wp:attachment":[{"href":"https:\/\/blog.edu.turku.fi\/elamyspolku\/wp-json\/wp\/v2\/media?parent=528"}],"curies":[{"name":"wp","href":"https:\/\/api.w.org\/{rel}","templated":true}]}}