{"id":451,"date":"2016-10-11T20:35:52","date_gmt":"2016-10-11T17:35:52","guid":{"rendered":"https:\/\/blog.edu.turku.fi\/elamyspolku\/?page_id=451"},"modified":"2016-10-11T20:38:22","modified_gmt":"2016-10-11T17:38:22","slug":"raportointi","status":"publish","type":"page","link":"https:\/\/blog.edu.turku.fi\/elamyspolku\/raportointi\/","title":{"rendered":"Raportointi"},"content":{"rendered":"<p>Vierailukohteen henkil\u00f6kunta t\u00e4ytt\u00e4\u00e4 El\u00e4myspolku-vierailun j\u00e4lkeen <a href=\"https:\/\/docs.google.com\/forms\/d\/e\/1FAIpQLScbh9ayIGcrq-yTsdRCMHcwc_waXbYoQbrz3b5o7bQPrZJ-rw\/viewform\" target=\"_blank\">raportointilomakkeen.<\/a><\/p>\n","protected":false},"excerpt":{"rendered":"<p>Vierailukohteen henkil\u00f6kunta t\u00e4ytt\u00e4\u00e4 El\u00e4myspolku-vierailun j\u00e4lkeen raportointilomakkeen.<\/p>\n","protected":false},"author":107,"featured_media":0,"parent":0,"menu_order":0,"comment_status":"closed","ping_status":"closed","template":"","meta":{"footnotes":""},"class_list":["post-451","page","type-page","status-publish","hentry"],"_links":{"self":[{"href":"https:\/\/blog.edu.turku.fi\/elamyspolku\/wp-json\/wp\/v2\/pages\/451","targetHints":{"allow":["GET"]}}],"collection":[{"href":"https:\/\/blog.edu.turku.fi\/elamyspolku\/wp-json\/wp\/v2\/pages"}],"about":[{"href":"https:\/\/blog.edu.turku.fi\/elamyspolku\/wp-json\/wp\/v2\/types\/page"}],"author":[{"embeddable":true,"href":"https:\/\/blog.edu.turku.fi\/elamyspolku\/wp-json\/wp\/v2\/users\/107"}],"replies":[{"embeddable":true,"href":"https:\/\/blog.edu.turku.fi\/elamyspolku\/wp-json\/wp\/v2\/comments?post=451"}],"version-history":[{"count":3,"href":"https:\/\/blog.edu.turku.fi\/elamyspolku\/wp-json\/wp\/v2\/pages\/451\/revisions"}],"predecessor-version":[{"id":457,"href":"https:\/\/blog.edu.turku.fi\/elamyspolku\/wp-json\/wp\/v2\/pages\/451\/revisions\/457"}],"wp:attachment":[{"href":"https:\/\/blog.edu.turku.fi\/elamyspolku\/wp-json\/wp\/v2\/media?parent=451"}],"curies":[{"name":"wp","href":"https:\/\/api.w.org\/{rel}","templated":true}]}}