{"id":275,"date":"2016-10-02T20:33:28","date_gmt":"2016-10-02T17:33:28","guid":{"rendered":"https:\/\/blog.edu.turku.fi\/elamyspolku\/?page_id=275"},"modified":"2025-03-06T18:50:05","modified_gmt":"2025-03-06T16:50:05","slug":"tilauslomake","status":"publish","type":"page","link":"https:\/\/blog.edu.turku.fi\/elamyspolku\/tilauslomake\/","title":{"rendered":"Tilauslomake"},"content":{"rendered":"<p><strong>PUITEOSTOTILAUS<\/strong> tehd\u00e4\u00e4n aina, jos tilaisuudesta\/tapahtumasta aiheutuu koululle lasku.<br \/>\n<span data-olk-copy-source=\"MessageBody\">El\u00e4myspolun laskuissa k\u00e4ytet\u00e4\u00e4n tilastollista tilausta 1000061.<\/span><\/p>\n<p><strong>Opettaja toimittaa<\/strong><strong> lomakkeen tiedot koulusihteerille<\/strong> viimeist\u00e4\u00e4n 2 viikkoa ennen tilaisuutta. Koulusihteeri tekee puiteostotilauslomakkeen opettajalle mukaan\/s\u00e4hk\u00f6postilla l\u00e4hetett\u00e4v\u00e4ksi.<\/p>\n<p><a href=\"https:\/\/blog.edu.turku.fi\/elamyspolku\/files\/2021\/11\/PUITEOSTOTILAUS-lomake.docx\">Puiteostotilauslomake aukeaa t\u00e4st\u00e4.<\/a><\/p>\n<p>Kaikki El\u00e4myspolun sis\u00e4\u00e4np\u00e4\u00e4sy-, opastus- ja kuljetuskustannukset on sis\u00e4llytetty koulun budjettiin.<br \/>\nMuseokeskuksen j\u00e4rjest\u00e4m\u00e4t El\u00e4myspolun vierailut ja opastukset ovat p\u00e4\u00e4s\u00e4\u00e4nt\u00f6isesti maksuttomia. Maksullisia kohteita ovat mm. elokuvateatterik\u00e4ynnit ja teatterit. Yksityiset museot veloittavat ryhm\u00e4kohtaisen opastusmaksun.<\/p>\n","protected":false},"excerpt":{"rendered":"<p>PUITEOSTOTILAUS tehd\u00e4\u00e4n aina, jos tilaisuudesta\/tapahtumasta aiheutuu koululle lasku. El\u00e4myspolun laskuissa k\u00e4ytet\u00e4\u00e4n tilastollista tilausta 1000061. Opettaja toimittaa lomakkeen tiedot koulusihteerille viimeist\u00e4\u00e4n 2 viikkoa ennen tilaisuutta. Koulusihteeri tekee puiteostotilauslomakkeen opettajalle mukaan\/s\u00e4hk\u00f6postilla l\u00e4hetett\u00e4v\u00e4ksi. Puiteostotilauslomake aukeaa t\u00e4st\u00e4. Kaikki El\u00e4myspolun sis\u00e4\u00e4np\u00e4\u00e4sy-, opastus- ja kuljetuskustannukset on sis\u00e4llytetty koulun budjettiin. Museokeskuksen j\u00e4rjest\u00e4m\u00e4t El\u00e4myspolun vierailut ja opastukset ovat p\u00e4\u00e4s\u00e4\u00e4nt\u00f6isesti maksuttomia. Maksullisia kohteita ovat &hellip; <a href=\"https:\/\/blog.edu.turku.fi\/elamyspolku\/tilauslomake\/\" class=\"more-link\">Jatka lukemista<span class=\"screen-reader-text\"> &#8221;Tilauslomake&#8221;<\/span><\/a><\/p>\n","protected":false},"author":33,"featured_media":0,"parent":0,"menu_order":0,"comment_status":"closed","ping_status":"closed","template":"","meta":{"footnotes":""},"class_list":["post-275","page","type-page","status-publish","hentry"],"_links":{"self":[{"href":"https:\/\/blog.edu.turku.fi\/elamyspolku\/wp-json\/wp\/v2\/pages\/275","targetHints":{"allow":["GET"]}}],"collection":[{"href":"https:\/\/blog.edu.turku.fi\/elamyspolku\/wp-json\/wp\/v2\/pages"}],"about":[{"href":"https:\/\/blog.edu.turku.fi\/elamyspolku\/wp-json\/wp\/v2\/types\/page"}],"author":[{"embeddable":true,"href":"https:\/\/blog.edu.turku.fi\/elamyspolku\/wp-json\/wp\/v2\/users\/33"}],"replies":[{"embeddable":true,"href":"https:\/\/blog.edu.turku.fi\/elamyspolku\/wp-json\/wp\/v2\/comments?post=275"}],"version-history":[{"count":17,"href":"https:\/\/blog.edu.turku.fi\/elamyspolku\/wp-json\/wp\/v2\/pages\/275\/revisions"}],"predecessor-version":[{"id":2742,"href":"https:\/\/blog.edu.turku.fi\/elamyspolku\/wp-json\/wp\/v2\/pages\/275\/revisions\/2742"}],"wp:attachment":[{"href":"https:\/\/blog.edu.turku.fi\/elamyspolku\/wp-json\/wp\/v2\/media?parent=275"}],"curies":[{"name":"wp","href":"https:\/\/api.w.org\/{rel}","templated":true}]}}