{"id":262,"date":"2016-10-02T20:13:17","date_gmt":"2016-10-02T17:13:17","guid":{"rendered":"https:\/\/blog.edu.turku.fi\/elamyspolku\/?page_id=262"},"modified":"2021-08-09T17:38:03","modified_gmt":"2021-08-09T14:38:03","slug":"3-6-luokat","status":"publish","type":"page","link":"https:\/\/blog.edu.turku.fi\/elamyspolku\/3-6-luokat\/","title":{"rendered":"3.-6. luokat"},"content":{"rendered":"<p>El\u00e4myspolun kaikille kuuluvat oppimiskokonaisuudet 3.-6. luokilla:<\/p>\n<p><strong>3. lk<\/strong><\/p>\n<p style=\"padding-left: 30px\"><strong>Luontokoulu Ruissalossa\u00a0\u00a0 <\/strong>(Talvinen luonto)<strong><br \/>\n<\/strong>Luontokoulun opettaja Nina Puistovaara kutsuu.<\/p>\n<p style=\"padding-left: 30px\"><strong>Teatteri<\/strong><br \/>\nLuokka valitsee ohjelmiston ja opettaja j\u00e4rjest\u00e4\u00e4 vierailun.<\/p>\n<p style=\"padding-left: 30px\"><strong>Elokuva<\/strong><br \/>\n<a href=\"http:\/\/www.elokuvaviikko.fi\/\" target=\"_blank\" rel=\"noopener noreferrer\">Elokuvaviikko<\/a> koulussa syksyll\u00e4.<\/p>\n<p style=\"padding-left: 30px\"><strong>Kirjasto<\/strong><br \/>\nOpettaja j\u00e4rjest\u00e4\u00e4 ja opastaa vierailun.<strong><br \/>\n<\/strong>Lis\u00e4\u00e4 tietoja <a href=\"https:\/\/blog.edu.turku.fi\/elamyspolku\/kirjasto\/\" target=\"_blank\" rel=\"noopener noreferrer\">t\u00e4\u00e4lt\u00e4<\/a> .<\/p>\n<p style=\"padding-left: 30px\"><strong> Sibelius-museo<\/strong> (Arkkitehtuuri)<strong><br \/>\n<\/strong>Opettaja j\u00e4rjest\u00e4\u00e4 vierailun. Opastus museolta.<strong><br \/>\n<\/strong>Katso <a href=\"https:\/\/blog.edu.turku.fi\/elamyspolku\/museo\/\" target=\"_blank\" rel=\"noopener noreferrer\">museoiden El\u00e4myspolku<\/a>.<\/p>\n<p style=\"padding-left: 30px\"><strong>Syntt\u00e4rikutsut omalla koululla<br \/>\n<\/strong>(Leikki\u00e4 ja keskusteluja kest\u00e4vist\u00e4 valinnoista)<br \/>\nLounais-Suomen j\u00e4tehuolto j\u00e4rjest\u00e4\u00e4 parillisen vuoden kev\u00e4\u00e4ll\u00e4.<\/p>\n<p><strong>4. lk <\/strong><\/p>\n<p style=\"padding-left: 30px\"><strong>Luontokoulu Ruissalossa<\/strong> (Tutkimme luontoa)<br \/>\nLuontokoulun opettaja Nina Puistovaara kutsuu.<\/p>\n<p style=\"padding-left: 30px\"><strong>(Konsertti<\/strong><br \/>\nTFO:n lastenkonsertti on siirtynyt 2. luokan kohteeksi.)<\/p>\n<p style=\"padding-left: 30px\"><strong>Ammatit tutuksi -vierailu<\/strong><br \/>\nVierailu l\u00e4hiyritysess\u00e4 tai vierailija koululla. Opettaja\u00a0 j\u00e4rjest\u00e4\u00e4.<\/p>\n<p style=\"padding-left: 30px\"><strong>Kirjasto<\/strong><br \/>\nMediamatka omassa l\u00e4hikirjastossa. Kirjasto kutsuu ja opastaa\u00a0<strong><br \/>\n<\/strong>Lis\u00e4\u00e4 tietoja ja varauslinkki\u00a0<a href=\"https:\/\/blog.edu.turku.fi\/elamyspolku\/kirjasto\/\" target=\"_blank\" rel=\"noopener noreferrer\">t\u00e4\u00e4lt\u00e4<\/a> .<strong><br \/>\n<\/strong><\/p>\n<p style=\"padding-left: 30px\"><strong>Luostarinm\u00e4ki tai Qwenselin talo<\/strong> (Kaupunkikulttuurin kehitys)<br \/>\nOpettaja j\u00e4rjest\u00e4\u00e4 vierailun. Opastus museolta.<br \/>\nKatso <a href=\"https:\/\/blog.edu.turku.fi\/elamyspolku\/museo\/\" target=\"_blank\" rel=\"noopener noreferrer\">museoiden El\u00e4myspolku<\/a>.<\/p>\n<p style=\"padding-left: 30px\"><strong>Syntt\u00e4rikutsut omalla koululla<\/strong><br \/>\n(Leikki\u00e4 ja keskusteluja kest\u00e4vist\u00e4 valinnoista)<br \/>\nLounais-Suomen j\u00e4tehuolto j\u00e4rjest\u00e4\u00e4 parillisen vuoden kev\u00e4\u00e4ll\u00e4.<\/p>\n<p><strong>5. lk<\/strong><\/p>\n<p style=\"padding-left: 30px\"><strong>Teatteri<br \/>\n<\/strong>Luokka valitsee ohjelmiston ja opettaja j\u00e4rjest\u00e4\u00e4 vierailun.<strong><br \/>\n<\/strong><\/p>\n<p style=\"padding-left: 30px\"><strong>Kirjasto<\/strong><br \/>\nKirjavinkkaus. Kirjasto kutsuu ja opastaa.<br \/>\nLis\u00e4\u00e4 tietoja ja varauslinkki\u00a0<a href=\"https:\/\/blog.edu.turku.fi\/elamyspolku\/kirjasto\/\" target=\"_blank\" rel=\"noopener noreferrer\">t\u00e4\u00e4lt\u00e4<\/a>.<\/p>\n<p style=\"padding-left: 30px\"><strong>Turun linna<br \/>\n<\/strong>Opettaja varaa ajan. Opastus museolta. Katso <a href=\"https:\/\/blog.edu.turku.fi\/elamyspolku\/museo\/\" target=\"_blank\" rel=\"noopener noreferrer\">museoiden El\u00e4myspolku<\/a><strong>.<br \/>\n<\/strong><\/p>\n<p style=\"padding-left: 30px\"><strong>W\u00e4in\u00f6 Aaltosen Museo<br \/>\n<\/strong>WAM kutsuu ja opastaa.\u00a0Katso <a href=\"https:\/\/blog.edu.turku.fi\/elamyspolku\/museo\/\" target=\"_blank\" rel=\"noopener noreferrer\">museoiden El\u00e4myspolku<\/a><strong>.<\/strong><\/p>\n<p style=\"padding-left: 30px\"><strong>Juniori AMK\u00a0\u00a0 <img loading=\"lazy\" decoding=\"async\" class=\"\" src=\"https:\/\/blog.edu.turku.fi\/elamyspolku\/files\/2021\/05\/Steamturku.png\" width=\"70\" height=\"40\" \/><\/strong><br \/>\nLuokat tutustuvat Turun ammattikorkeakouluun ohjatuissa ty\u00f6pajoissa opettajalle ilmoitettuna p\u00e4iv\u00e4n\u00e4. Katso<a href=\"https:\/\/www.turkuamk.fi\/fi\/tyoelamapalvelut\/juniori-amk\/\"> Juniori AMK<\/a>.<\/p>\n<p><strong>6. lk <\/strong><\/p>\n<p style=\"padding-left: 30px\"><strong>Yrityskyl\u00e4<br \/>\n<\/strong><a href=\"http:\/\/yrityskyla.fi\/\" target=\"_blank\" rel=\"noopener noreferrer\">Yrityskyl\u00e4<\/a> kutsuu.<\/p>\n<p style=\"padding-left: 30px\"><strong>Kirjasto<br \/>\n<\/strong>Opettaja j\u00e4rjest\u00e4\u00e4 ja opastaa vierailun. Lis\u00e4\u00e4 tietoja <a href=\"https:\/\/blog.edu.turku.fi\/elamyspolku\/kirjasto\/\" target=\"_blank\" rel=\"noopener noreferrer\">t\u00e4\u00e4lt\u00e4<\/a>.<\/p>\n<p style=\"padding-left: 30px\"><strong>Aboa Vetus &amp; Ars Nova<br \/>\n<\/strong>Museo kutsuu ja opastaa. Katso <a href=\"https:\/\/blog.edu.turku.fi\/elamyspolku\/museo\/\" target=\"_blank\" rel=\"noopener noreferrer\">museoiden El\u00e4myspolku<\/a>.<\/p>\n<p style=\"padding-left: 30px\"><strong>Turun linna<br \/>\n<\/strong>Opettaja varaa ajan niille luokille, jotka eiv\u00e4t ole 5.lk kev\u00e4\u00e4ll\u00e4 k\u00e4yneet.<br \/>\nKatso\u00a0<a href=\"https:\/\/blog.edu.turku.fi\/elamyspolku\/museo\/\" target=\"_blank\" rel=\"noopener noreferrer\">museoiden El\u00e4myspolku<\/a><strong>.<\/strong><\/p>\n<p style=\"padding-left: 30px\"><strong>Forum Marinum<br \/>\n<\/strong>Forum Marinum kutsuu ja opastaa.\u00a0Katso\u00a0<a href=\"https:\/\/blog.edu.turku.fi\/elamyspolku\/museo\/\" target=\"_blank\" rel=\"noopener noreferrer\">museoiden El\u00e4myspolku<\/a><strong>.<\/strong><\/p>\n<p style=\"padding-left: 30px\"><strong>\u00e5ppi-sovellus\u00a0\u00a0\u00a0 <img loading=\"lazy\" decoding=\"async\" class=\"\" src=\"https:\/\/blog.edu.turku.fi\/elamyspolku\/files\/2021\/05\/Steamturku.png\" width=\"70\" height=\"40\" \/><br \/>\n<\/strong>Opettaja vie luokkansa Aurajokirantaan tutustumaan Turun historiaan kaupungissa kehitetyn \u00e5ppi AR-sovelluksen avulla. Sovellus on ladattavissa Apple Storesta ja Google Playst\u00e4.<a href=\"https:\/\/www.turku.fi\/steam-turku\/appi\"> Tutustu \u00e5ppi-sovellukseen<\/a>.<\/p>\n<p><strong>Palasia opsista<\/strong>:<br \/>\nOppimisymp\u00e4rist\u00f6in\u00e4 k\u00e4ytet\u00e4\u00e4n koulun tilojen ja opetusryhm\u00e4n lis\u00e4ksi monipuolisesti l\u00e4hiluontoa ja rakennettua ymp\u00e4rist\u00f6\u00e4, erilaisia yhteis\u00f6j\u00e4 ja vuorovaikutustilanteita, tieto- ja viestint\u00e4teknologisia ymp\u00e4rist\u00f6j\u00e4 sek\u00e4 paikallisia mahdollisuuksia kuten yhteisty\u00f6t\u00e4 luontokoulujen, museoiden, yritysten, kansalaisj\u00e4rjest\u00f6jen, luonto- ja tiedekeskusten kanssa.<\/p>\n<p>Ymp\u00e4rist\u00f6opin oppimisymp\u00e4rist\u00f6j\u00e4 ja ty\u00f6tapoja valitessa otetaan huomioon toiminnallisuus, kokemuksellisuus, el\u00e4myksellisyys, draaman ja tarinoiden k\u00e4ytt\u00f6 sek\u00e4 ymp\u00e4rist\u00f6opin monitieteinen perusta. Ymp\u00e4rist\u00f6opin eri tiedonalojen ilmi\u00f6it\u00e4 pyrit\u00e4\u00e4n tutkimaan luonnollisissa tilanteissa ja ymp\u00e4rist\u00f6iss\u00e4. Oppimisymp\u00e4rist\u00f6in\u00e4 k\u00e4ytet\u00e4\u00e4n koulun tilojen ja opetusryhm\u00e4n lis\u00e4ksi monipuolisesti l\u00e4hiluontoa ja rakennettua ymp\u00e4rist\u00f6\u00e4, erilaisia yhteis\u00f6j\u00e4 ja vuorovaikutustilanteita, tieto- ja viestint\u00e4teknologisia ymp\u00e4rist\u00f6j\u00e4 sek\u00e4 paikallisia mahdollisuuksia kuten yhteisty\u00f6t\u00e4 luontokoulujen, museoiden, yritysten, kansalaisj\u00e4rjest\u00f6jen, luonto- ja tiedekeskusten kanssa.<\/p>\n<p>Opetus tutustuttaa moniin kulttuurisis\u00e4lt\u00f6ihin, joista keskeisi\u00e4 ovat sanataide, media, draama, teatteritaide sek\u00e4 puhe- ja viestint\u00e4kulttuurit. Teatteriin tutustutaan taidemuotona ja teatteri-ilmaisun keinoihin draaman toimintamuotojen avulla. Opetuksessa tutustutaan lapsille ja nuorille suunnattuun kauno- ja tietokirjallisuuteen, elokuviin ja mediateksteihin sek\u00e4 kirjastoon niit\u00e4 tarjoavana resurssina.<\/p>\n<p>Yhteisty\u00f6 nuoriso-, kirjasto-, liikunta- ja kulttuuritoimen, poliisin sek\u00e4 seurakuntien, j\u00e4rjest\u00f6jen, yritysten ja muiden l\u00e4hiymp\u00e4rist\u00f6n toimijoiden kuten luontokoulujen, museoiden ja nuorisokeskusten kanssa lis\u00e4\u00e4 oppimisymp\u00e4rist\u00f6jen monipuolisuutta ja tukee koulun kasvatusteht\u00e4v\u00e4\u00e4.<\/p>\n","protected":false},"excerpt":{"rendered":"<p>El\u00e4myspolun kaikille kuuluvat oppimiskokonaisuudet 3.-6. luokilla: 3. lk Luontokoulu Ruissalossa\u00a0\u00a0 (Talvinen luonto) Luontokoulun opettaja Nina Puistovaara kutsuu. Teatteri Luokka valitsee ohjelmiston ja opettaja j\u00e4rjest\u00e4\u00e4 vierailun. Elokuva Elokuvaviikko koulussa syksyll\u00e4. Kirjasto Opettaja j\u00e4rjest\u00e4\u00e4 ja opastaa vierailun. Lis\u00e4\u00e4 tietoja t\u00e4\u00e4lt\u00e4 . Sibelius-museo (Arkkitehtuuri) Opettaja j\u00e4rjest\u00e4\u00e4 vierailun. Opastus museolta. Katso museoiden El\u00e4myspolku. Syntt\u00e4rikutsut omalla koululla (Leikki\u00e4 ja keskusteluja &hellip; <a href=\"https:\/\/blog.edu.turku.fi\/elamyspolku\/3-6-luokat\/\" class=\"more-link\">Jatka lukemista<span class=\"screen-reader-text\"> &#8221;3.-6. luokat&#8221;<\/span><\/a><\/p>\n","protected":false},"author":107,"featured_media":0,"parent":0,"menu_order":0,"comment_status":"closed","ping_status":"closed","template":"","meta":{"footnotes":""},"class_list":["post-262","page","type-page","status-publish","hentry"],"_links":{"self":[{"href":"https:\/\/blog.edu.turku.fi\/elamyspolku\/wp-json\/wp\/v2\/pages\/262","targetHints":{"allow":["GET"]}}],"collection":[{"href":"https:\/\/blog.edu.turku.fi\/elamyspolku\/wp-json\/wp\/v2\/pages"}],"about":[{"href":"https:\/\/blog.edu.turku.fi\/elamyspolku\/wp-json\/wp\/v2\/types\/page"}],"author":[{"embeddable":true,"href":"https:\/\/blog.edu.turku.fi\/elamyspolku\/wp-json\/wp\/v2\/users\/107"}],"replies":[{"embeddable":true,"href":"https:\/\/blog.edu.turku.fi\/elamyspolku\/wp-json\/wp\/v2\/comments?post=262"}],"version-history":[{"count":57,"href":"https:\/\/blog.edu.turku.fi\/elamyspolku\/wp-json\/wp\/v2\/pages\/262\/revisions"}],"predecessor-version":[{"id":1902,"href":"https:\/\/blog.edu.turku.fi\/elamyspolku\/wp-json\/wp\/v2\/pages\/262\/revisions\/1902"}],"wp:attachment":[{"href":"https:\/\/blog.edu.turku.fi\/elamyspolku\/wp-json\/wp\/v2\/media?parent=262"}],"curies":[{"name":"wp","href":"https:\/\/api.w.org\/{rel}","templated":true}]}}