{"id":239,"date":"2016-10-02T19:11:08","date_gmt":"2016-10-02T16:11:08","guid":{"rendered":"https:\/\/blog.edu.turku.fi\/elamyspolku\/?page_id=239"},"modified":"2024-08-08T15:52:10","modified_gmt":"2024-08-08T12:52:10","slug":"7-9-luokat","status":"publish","type":"page","link":"https:\/\/blog.edu.turku.fi\/elamyspolku\/7-9-luokat\/","title":{"rendered":"7.-9. luokat"},"content":{"rendered":"<p>El\u00e4myspolun kaikille kuuluvat opintokokonaisuudet luokilla 7.-9. ovat seuraavat:<\/p>\n<p><strong>7. lk<\/strong><\/p>\n<p style=\"padding-left: 30px\"><strong>Konsertti<br \/>\n<\/strong>TFO kutsuu syksyll\u00e4 konserttiin. Luokka voi my\u00f6s valita kenraaliharjoituksen.<br \/>\nKasvatus- ja opetusvirasto kutsuu kev\u00e4\u00e4ll\u00e4 Konservatorion ja Musiikkiopiston konserttiin.<\/p>\n<p style=\"padding-left: 30px\"><strong>Lajikokeilu<\/strong><br \/>\nVastuu j\u00e4rjest\u00e4misest\u00e4 on koululiikunnan ohjaajilla ja liikunnanopettajilla.<\/p>\n<p style=\"padding-left: 30px\"><strong>Kirjasto<br \/>\n<\/strong>Kirjasto tarjoaa kirjavinkkausta, sarjakuvavinkkausta, valmo-ohjelmaa, tiedonhaunopetusta ja mediakasvatusta, kirjastomessuja ja teemat\u00e4rppej\u00e4.<br \/>\nVaski-verkkokirjaston\u00a0<a href=\"http:\/\/vaski.finna.fi\/Content\/nuoret\" target=\"_blank\" rel=\"noopener noreferrer\" data-auth=\"NotApplicable\" data-linkindex=\"1\">nuorten sivu<\/a>.<br \/>\nKirjaston tarjonta kokonaisuudessaan\u00a0<a href=\"https:\/\/blog.edu.turku.fi\/elamyspolku\/kirjasto\/\" target=\"_blank\" rel=\"noopener noreferrer\" data-auth=\"NotApplicable\" data-linkindex=\"2\">t\u00e4\u00e4lt\u00e4.<\/a><\/p>\n<p style=\"padding-left: 30px\"><strong> L\u00e4hiluontoretki<br \/>\n<\/strong>Koulu vastaa j\u00e4rjestelyist\u00e4.<\/p>\n<p style=\"padding-left: 30px\"><strong>Turun Tuomiokirkko<\/strong><br \/>\nKaikille kuuluva historian opetuspaketti.<br \/>\nKoulu varaa sopivan ajan, opastus kirkolta.<\/p>\n<p style=\"padding-left: 30px\"><strong>Elokuva<\/strong><br \/>\nKoulukino, Finnkino, V-S elokuvakeskus, Kino Diana, Kino Piispanristi,Dokkino, jne.<br \/>\nLuokka valitsee ohjelmiston, koulu j\u00e4rjest\u00e4\u00e4.<\/p>\n<p style=\"padding-left: 30px\"><strong>Turun taidemuseo \/ WAM \/ Aboa Vetus &amp; Ars Nova \/ Luostarinm\u00e4ki<\/strong><br \/>\nLuokka valitsee yhden kohteen, koulu j\u00e4rjest\u00e4\u00e4 vierailun. Opastus museolta.<br \/>\nKatso <a href=\"https:\/\/blog.edu.turku.fi\/elamyspolku\/museo\/\" target=\"_blank\" rel=\"noopener noreferrer\">museoiden El\u00e4myspolku<\/a>.<\/p>\n<p>&nbsp;<\/p>\n<p><strong>8. lk <\/strong><\/p>\n<p style=\"padding-left: 30px\"><strong>Elokuva<br \/>\n<\/strong><a href=\"http:\/\/www.elokuvaviikko.fi\" target=\"_blank\" rel=\"noopener noreferrer\">Elokuvaviikko<\/a>\u00a0koulussa syksyll\u00e4.<strong><br \/>\n<\/strong><\/p>\n<p style=\"padding-left: 30px\"><strong>Lajikokeilu<br \/>\n<\/strong>Liikunnanopettaja vastaa j\u00e4rjest\u00e4misest\u00e4.<strong><br \/>\n<\/strong><\/p>\n<p style=\"padding-left: 30px\"><strong>Kirjasto<br \/>\n<\/strong>Kirjasto tarjoaa kirjavinkkausta, sarjakuvavinkkausta, valmo-ohjelmaa, tiedonhaunopetusta ja mediakasvatusta, kirjastomessuja ja teemat\u00e4rppej\u00e4.<br \/>\nVaski-verkkokirjaston\u00a0<a href=\"http:\/\/vaski.finna.fi\/Content\/nuoret\" target=\"_blank\" rel=\"noopener noreferrer\" data-auth=\"NotApplicable\" data-linkindex=\"1\">nuorten sivu<\/a>.<br \/>\nKirjaston tarjonta kokonaisuudessaan\u00a0<a href=\"https:\/\/blog.edu.turku.fi\/elamyspolku\/kirjasto\/\" target=\"_blank\" rel=\"noopener noreferrer\" data-auth=\"NotApplicable\" data-linkindex=\"2\">t\u00e4\u00e4lt\u00e4.<\/a><\/p>\n<p style=\"padding-left: 30px\"><strong>L\u00e4hiluontoretki<\/strong><strong><br \/>\n<\/strong>Koulu vastaa j\u00e4rjestelyist\u00e4.<strong><br \/>\n<\/strong><\/p>\n<p style=\"padding-left: 30px\"><strong>Tutustuminen j\u00e4tekeskukseen<br \/>\n<\/strong>Opastettu maksuton bussikierros j\u00e4tekeskuksessa, toiminnallinen n\u00e4yttely ja vierailu kierr\u00e4tyskeskuksessa. L-S j\u00e4tehuolto kutsuu kev\u00e4\u00e4ll\u00e4.<strong><br \/>\n<\/strong><\/p>\n<p style=\"padding-left: 30px\"><strong>Turun taidemuseo \/ Sibelius-museo \/ Forum Marinum<br \/>\n<\/strong>Luokka valitsee yhden kohteen, koulu j\u00e4rjest\u00e4\u00e4 vierailun. Opastus museolta.<br \/>\nKatso <a href=\"https:\/\/blog.edu.turku.fi\/elamyspolku\/museo\/\" target=\"_blank\" rel=\"noopener noreferrer\">museoiden El\u00e4myspolku<\/a>.<\/p>\n<p><strong>9. lk <\/strong><\/p>\n<p style=\"padding-left: 30px\"><strong>Teatteri<br \/>\n<\/strong>Luokka valitsee kohteen, koulu j\u00e4rjest\u00e4\u00e4.<strong><br \/>\n<\/strong><\/p>\n<p style=\"padding-left: 30px\"><strong>Lajikokeilu<br \/>\n<\/strong>Liikunnanopettaja vastaa j\u00e4rjest\u00e4misest\u00e4.<\/p>\n<p style=\"padding-left: 30px\"><strong>Kirjasto<br \/>\n<\/strong>Kirjasto tarjoaa kirjavinkkausta, sarjakuvavinkkausta, valmo-ohjelmaa, tiedonhaunopetusta ja mediakasvatusta, kirjastomessuja ja teemat\u00e4rppej\u00e4.<br \/>\nVaski-verkkokirjaston\u00a0<a href=\"http:\/\/vaski.finna.fi\/Content\/nuoret\" target=\"_blank\" rel=\"noopener noreferrer\" data-auth=\"NotApplicable\" data-linkindex=\"1\">nuorten sivu<\/a>.<br \/>\nKirjaston tarjonta kokonaisuudessaan\u00a0<a href=\"https:\/\/blog.edu.turku.fi\/elamyspolku\/kirjasto\/\" target=\"_blank\" rel=\"noopener noreferrer\" data-auth=\"NotApplicable\" data-linkindex=\"2\">t\u00e4\u00e4lt\u00e4.<\/a><\/p>\n<p style=\"padding-left: 30px\"><strong>Apteekkimuseo ja Qwenselin talo \/ Forum Marinum<br \/>\n<\/strong>Luokka valitsee yhden kohteen, koulu j\u00e4rjest\u00e4\u00e4 vierailun. Opastus museolta<br \/>\nKatso <a href=\"https:\/\/blog.edu.turku.fi\/elamyspolku\/museo\/\" target=\"_blank\" rel=\"noopener noreferrer\">museoiden El\u00e4myspolku<\/a>.<\/p>\n<p style=\"padding-left: 30px\"><strong>Yrityskyl\u00e4<br \/>\n<\/strong>Koulu varaa ajan ja j\u00e4rjest\u00e4\u00e4 vierailun <a href=\"http:\/\/ylakoulu.yrityskyla.fi\/\" target=\"_blank\" rel=\"noopener noreferrer\">Yrityskyl\u00e4\u00e4n.<\/a><strong><br \/>\n<\/strong><\/p>\n","protected":false},"excerpt":{"rendered":"<p>El\u00e4myspolun kaikille kuuluvat opintokokonaisuudet luokilla 7.-9. ovat seuraavat: 7. lk Konsertti TFO kutsuu syksyll\u00e4 konserttiin. Luokka voi my\u00f6s valita kenraaliharjoituksen. Kasvatus- ja opetusvirasto kutsuu kev\u00e4\u00e4ll\u00e4 Konservatorion ja Musiikkiopiston konserttiin. Lajikokeilu Vastuu j\u00e4rjest\u00e4misest\u00e4 on koululiikunnan ohjaajilla ja liikunnanopettajilla. Kirjasto Kirjasto tarjoaa kirjavinkkausta, sarjakuvavinkkausta, valmo-ohjelmaa, tiedonhaunopetusta ja mediakasvatusta, kirjastomessuja ja teemat\u00e4rppej\u00e4. Vaski-verkkokirjaston\u00a0nuorten sivu. Kirjaston tarjonta kokonaisuudessaan\u00a0t\u00e4\u00e4lt\u00e4. L\u00e4hiluontoretki &hellip; <a href=\"https:\/\/blog.edu.turku.fi\/elamyspolku\/7-9-luokat\/\" class=\"more-link\">Jatka lukemista<span class=\"screen-reader-text\"> &#8221;7.-9. luokat&#8221;<\/span><\/a><\/p>\n","protected":false},"author":33,"featured_media":0,"parent":0,"menu_order":0,"comment_status":"closed","ping_status":"closed","template":"","meta":{"footnotes":""},"class_list":["post-239","page","type-page","status-publish","hentry"],"_links":{"self":[{"href":"https:\/\/blog.edu.turku.fi\/elamyspolku\/wp-json\/wp\/v2\/pages\/239","targetHints":{"allow":["GET"]}}],"collection":[{"href":"https:\/\/blog.edu.turku.fi\/elamyspolku\/wp-json\/wp\/v2\/pages"}],"about":[{"href":"https:\/\/blog.edu.turku.fi\/elamyspolku\/wp-json\/wp\/v2\/types\/page"}],"author":[{"embeddable":true,"href":"https:\/\/blog.edu.turku.fi\/elamyspolku\/wp-json\/wp\/v2\/users\/33"}],"replies":[{"embeddable":true,"href":"https:\/\/blog.edu.turku.fi\/elamyspolku\/wp-json\/wp\/v2\/comments?post=239"}],"version-history":[{"count":92,"href":"https:\/\/blog.edu.turku.fi\/elamyspolku\/wp-json\/wp\/v2\/pages\/239\/revisions"}],"predecessor-version":[{"id":2560,"href":"https:\/\/blog.edu.turku.fi\/elamyspolku\/wp-json\/wp\/v2\/pages\/239\/revisions\/2560"}],"wp:attachment":[{"href":"https:\/\/blog.edu.turku.fi\/elamyspolku\/wp-json\/wp\/v2\/media?parent=239"}],"curies":[{"name":"wp","href":"https:\/\/api.w.org\/{rel}","templated":true}]}}