{"id":2,"date":"2016-04-12T15:28:28","date_gmt":"2016-04-12T12:28:28","guid":{"rendered":"https:\/\/blog.edu.turku.fi\/elamyspolku\/?page_id=2"},"modified":"2023-01-19T18:08:37","modified_gmt":"2023-01-19T16:08:37","slug":"2-2","status":"publish","type":"page","link":"https:\/\/blog.edu.turku.fi\/elamyspolku\/2-2\/","title":{"rendered":"1.-2. luokat"},"content":{"rendered":"<p>El\u00e4myspolun kaikille kuuluvat opintokokonaisuudet luokilla 1-2 ovat seuraavat:<\/p>\n<p><strong>1. lk <\/strong><\/p>\n<p style=\"padding-left: 30px\"><strong>Kiertok\u00e4vely Turussa<br \/>\n<\/strong>Kauppatori, Aurajoki, patsaita, rakennuksia ym.<br \/>\nOpettaja j\u00e4rjest\u00e4\u00e4.<\/p>\n<p style=\"padding-left: 30px\"><strong>L\u00e4hiluontoretki<\/strong><br \/>\nOpettaja j\u00e4rjest\u00e4\u00e4.<\/p>\n<p style=\"padding-left: 30px\"><strong>Kirjasto<\/strong><br \/>\nOpettaja j\u00e4rjest\u00e4\u00e4 ja opastaa vierailun.<br \/>\nLis\u00e4tietoja <a href=\"https:\/\/blog.edu.turku.fi\/elamyspolku\/kirjasto\/\" target=\"_blank\" rel=\"noopener noreferrer\">t\u00e4\u00e4lt\u00e4<\/a> .<strong><br \/>\n<\/strong><\/p>\n<p style=\"padding-left: 30px\"><strong>Biologinen museo<br \/>\n<\/strong>Opettaja varaa ajan. Opastus museolta.<br \/>\nKatso <a href=\"https:\/\/blog.edu.turku.fi\/elamyspolku\/museo\/\" target=\"_blank\" rel=\"noopener noreferrer\">museoiden El\u00e4myspolku<\/a>.<\/p>\n<p>&nbsp;<\/p>\n<p><strong>2. lk<\/strong><\/p>\n<p style=\"padding-left: 30px\"><strong>Elokuva<br \/>\n<\/strong>Koulukino, Finnkino, V-S-elokuvakeskus, Kino Diana, Kino Piispanristi, Dokkino, ym.<br \/>\nLuokka valitsee ohjelmiston, opettaja varaa.<\/p>\n<p style=\"padding-left: 30px\"><strong>Luontokoulu<\/strong> Ruissalossa, (luonto syksyll\u00e4\/kev\u00e4\u00e4ll\u00e4)<br \/>\nLuontokoulun opettaja Nina Puistovaara kutsuu.<\/p>\n<p style=\"padding-left: 30px\"><strong>Kirjasto<\/strong><br \/>\nKirjavinkkaus p\u00e4\u00e4kirjastossa tai l\u00e4hikirjastossa.<br \/>\nLis\u00e4\u00e4 tietoja ja varauslinkki\u00a0<a href=\"https:\/\/blog.edu.turku.fi\/elamyspolku\/kirjasto\/\" target=\"_blank\" rel=\"noopener noreferrer\">t\u00e4\u00e4lt\u00e4<\/a> .<\/p>\n<p style=\"padding-left: 30px\"><strong>Turun Taidemuseo<br \/>\n<\/strong>Taidemuseo kutsuu ja opastaa.<br \/>\nKatso <a href=\"https:\/\/blog.edu.turku.fi\/elamyspolku\/museo\/\" target=\"_blank\" rel=\"noopener noreferrer\">museoiden El\u00e4myspolku<\/a>.<\/p>\n<p style=\"padding-left: 30px\"><strong>Konsertti<\/strong><br \/>\nTFO:n lastenkonsertti on\u00a0 siirtynyt 4. luokalta 2. luokan kohteeksi.<br \/>\nKonserttiin tulee erillinen kutsu.<\/p>\n<p>&nbsp;<\/p>\n<p><strong>Palasia opsista<\/strong>:<br \/>\nOppimisymp\u00e4rist\u00f6in\u00e4 k\u00e4ytet\u00e4\u00e4n koulun tilojen ja opetusryhm\u00e4n lis\u00e4ksi monipuolisesti l\u00e4hiluontoa ja rakennettua ymp\u00e4rist\u00f6\u00e4, erilaisia yhteis\u00f6j\u00e4 ja vuorovaikutustilanteita, tieto- ja viestint\u00e4teknologisia ymp\u00e4rist\u00f6j\u00e4 sek\u00e4 paikallisia mahdollisuuksia kuten yhteisty\u00f6t\u00e4 luontokoulujen, museoiden, yritysten, kansalaisj\u00e4rjest\u00f6jen, luonto- ja tiedekeskusten kanssa.<\/p>\n<p>Liikunnassa hy\u00f6dynnet\u00e4\u00e4n koulun tiloja, l\u00e4hiliikuntapaikkoja ja luontoa monipuolisesti. Oppilaita ohjataan ja sitoutetaan turvalliseen ja eettisesti kest\u00e4v\u00e4\u00e4n toimintaan ja oppimisilmapiiriin.<\/p>\n<p>Koulu- tai l\u00e4hikirjaston toimintaan ja erilaisiin lasten kulttuuritapahtumiin tutustuminen laajentavat oppimisymp\u00e4rist\u00f6\u00e4 luokan ulkopuolelle. Lis\u00e4ksi hy\u00f6dynnet\u00e4\u00e4n l\u00e4hiymp\u00e4rist\u00f6n ja median kulttuurista monimuotoisuutta. Opetuksessa korostuvat kokemusten ja el\u00e4mysten jakaminen sek\u00e4 taitojen harjoitteleminen yhdess\u00e4 ja yksin, my\u00f6s viestint\u00e4teknologiaa hy\u00f6dynt\u00e4en.<\/p>\n","protected":false},"excerpt":{"rendered":"<p>El\u00e4myspolun kaikille kuuluvat opintokokonaisuudet luokilla 1-2 ovat seuraavat: 1. lk Kiertok\u00e4vely Turussa Kauppatori, Aurajoki, patsaita, rakennuksia ym. Opettaja j\u00e4rjest\u00e4\u00e4. L\u00e4hiluontoretki Opettaja j\u00e4rjest\u00e4\u00e4. Kirjasto Opettaja j\u00e4rjest\u00e4\u00e4 ja opastaa vierailun. Lis\u00e4tietoja t\u00e4\u00e4lt\u00e4 . Biologinen museo Opettaja varaa ajan. Opastus museolta. Katso museoiden El\u00e4myspolku. &nbsp; 2. lk Elokuva Koulukino, Finnkino, V-S-elokuvakeskus, Kino Diana, Kino Piispanristi, Dokkino, ym. Luokka &hellip; <a href=\"https:\/\/blog.edu.turku.fi\/elamyspolku\/2-2\/\" class=\"more-link\">Jatka lukemista<span class=\"screen-reader-text\"> &#8221;1.-2. luokat&#8221;<\/span><\/a><\/p>\n","protected":false},"author":107,"featured_media":0,"parent":0,"menu_order":0,"comment_status":"closed","ping_status":"open","template":"","meta":{"footnotes":""},"class_list":["post-2","page","type-page","status-publish","hentry"],"_links":{"self":[{"href":"https:\/\/blog.edu.turku.fi\/elamyspolku\/wp-json\/wp\/v2\/pages\/2","targetHints":{"allow":["GET"]}}],"collection":[{"href":"https:\/\/blog.edu.turku.fi\/elamyspolku\/wp-json\/wp\/v2\/pages"}],"about":[{"href":"https:\/\/blog.edu.turku.fi\/elamyspolku\/wp-json\/wp\/v2\/types\/page"}],"author":[{"embeddable":true,"href":"https:\/\/blog.edu.turku.fi\/elamyspolku\/wp-json\/wp\/v2\/users\/107"}],"replies":[{"embeddable":true,"href":"https:\/\/blog.edu.turku.fi\/elamyspolku\/wp-json\/wp\/v2\/comments?post=2"}],"version-history":[{"count":54,"href":"https:\/\/blog.edu.turku.fi\/elamyspolku\/wp-json\/wp\/v2\/pages\/2\/revisions"}],"predecessor-version":[{"id":2257,"href":"https:\/\/blog.edu.turku.fi\/elamyspolku\/wp-json\/wp\/v2\/pages\/2\/revisions\/2257"}],"wp:attachment":[{"href":"https:\/\/blog.edu.turku.fi\/elamyspolku\/wp-json\/wp\/v2\/media?parent=2"}],"curies":[{"name":"wp","href":"https:\/\/api.w.org\/{rel}","templated":true}]}}