{"id":181,"date":"2016-10-01T15:32:01","date_gmt":"2016-10-01T12:32:01","guid":{"rendered":"https:\/\/blog.edu.turku.fi\/elamyspolku\/?page_id=181"},"modified":"2026-03-18T17:54:54","modified_gmt":"2026-03-18T15:54:54","slug":"valinnainen-tarjonta","status":"publish","type":"page","link":"https:\/\/blog.edu.turku.fi\/elamyspolku\/valinnainen-tarjonta\/","title":{"rendered":"Valinnaiset kohteet"},"content":{"rendered":"<p><strong>N\u00e4it\u00e4 kohteita luokka voi valita kaikille kuuluvien El\u00e4myspolku-kohteiden lis\u00e4ksi.<\/strong><\/p>\n<p><a href=\"https:\/\/blog.edu.turku.fi\/elamyspolku\/files\/2022\/01\/Aikavaellus.pdf\">Aikavaelluspolut<\/a><\/p>\n<p><a href=\"https:\/\/blog.edu.turku.fi\/elamyspolku\/files\/2023\/08\/Aurajokisaatio_materiaalit.pdf\">Aurajokis\u00e4\u00e4ti\u00f6<\/a><br \/>\nMateriaalipaketti, tarvikepaketti ja kanoottiretki\u00e4.<\/p>\n<p><a href=\"https:\/\/www.turku.fi\/ulkoilu-ja-retkeily\/kulttuurikuntoilu\">Kulttuurikuntoilureitit<\/a><br \/>\nKulttuurikuntoilureitit yhdistelev\u00e4t pirte\u00e4sti kulttuuria ja liikuntaa.<\/p>\n<p><a href=\"https:\/\/kuralankylamaki.fi\/kouluille-ja-lapsiryhmille\/\">Kuralan Kyl\u00e4m\u00e4ki<\/a> (1.-2. lk) <a href=\"https:\/\/blog.edu.turku.fi\/elamyspolku\/museo\/\" target=\"_blank\" rel=\"noopener noreferrer\">Katso museoiden El\u00e4myspolku<\/a><\/p>\n<p><a href=\"http:\/\/www.lsjh.fi\/fi\/neuvonta\/tilaa-neuvontaa\/\" target=\"_blank\" rel=\"noopener noreferrer\">Lounais-Suomen j\u00e4tehuolto<\/a> \u00a0 <img loading=\"lazy\" decoding=\"async\" class=\"\" src=\"https:\/\/blog.edu.turku.fi\/elamyspolku\/files\/2021\/05\/Steamturku.png\" width=\"70\" height=\"40\" \/><br \/>\nSaatavana neuvontaa kierr\u00e4tyksest\u00e4 koulun tiloissa ja lainaksi materiaaleja tarpeen mukaan 1.-9. luokille. Maksuton. Yhteyshenkil\u00f6: lotta.salminen@lsjh.fi<\/p>\n<p dir=\"ltr\"><a href=\"https:\/\/sites.utu.fi\/luma\/kouluille-ja-opettajille\/alakouluille\/\" target=\"_blank\" rel=\"noopener noreferrer\">Lounais-Suomen LUMA-keskus (1.-6. lk)<\/a><img loading=\"lazy\" decoding=\"async\" class=\"\" src=\"https:\/\/blog.edu.turku.fi\/elamyspolku\/files\/2021\/05\/Steamturku.png\" width=\"70\" height=\"40\" \/><br \/>\nAlakouluille Lounais-Suomen LUMA-keskus tarjoaa muun muassa Mobiililaboratorio-oppimiskokonaisuuksia, vierailuja OpiLUMA-laboratorioon ja kasvitieteelliseen puutarhaan sek\u00e4 opetusvideoita.<\/p>\n<p dir=\"ltr\"><a href=\"https:\/\/sites.utu.fi\/luma\/kouluille-ja-opettajille\/ylakouluille\/\" target=\"_blank\" rel=\"noopener noreferrer\">Lounais-Suomen LUMA-keskus (7.-9. lk)<\/a><img loading=\"lazy\" decoding=\"async\" class=\"\" src=\"https:\/\/blog.edu.turku.fi\/elamyspolku\/files\/2021\/05\/Steamturku.png\" width=\"70\" height=\"40\" \/><br \/>\nYl\u00e4kouluille Lounais-Suomen LUMA-keskus tarjoaa muun muassa Mobiililaboratorio-oppimiskokonaisuuksia, vierailuja OpiLUMA-laboratorioon, opetusvideoita sek\u00e4 TET-harjoitteluja.<\/p>\n<p><a href=\"http:\/\/www.l-tanssi.fi\" target=\"_blank\" rel=\"noopener noreferrer\">L\u00e4ntinen tanssin aluekeskus<\/a><br \/>\nTarjolla koulun omiin tiloihin luovan tanssin ja liikeilmaisun ty\u00f6pajat <a href=\"http:\/\/l-tanssi.fi\/index.php\/2014-10-01-16-13-13\/tyopajat\/lavitse\" target=\"_blank\" rel=\"noopener noreferrer\">L\u00e4vitse<\/a> ja <a href=\"http:\/\/l-tanssi.fi\/index.php\/2014-10-01-16-13-13\/tyopajat\/liikkuvat\" target=\"_blank\" rel=\"noopener noreferrer\">Liikkuvat<\/a> sek\u00e4 <a href=\"http:\/\/l-tanssi.fi\/index.php\/2014-10-01-16-13-13\/tanssikummi\" target=\"_blank\" rel=\"noopener noreferrer\">tanssikummeja<\/a>.<\/p>\n<p><a href=\"https:\/\/www.turku.fi\/ulkoilu-ja-retkeily\/maastoreitit\">Paavonpolut<\/a> <!-- [if IE]&gt;&lt;![endif]--><!-- [if lte IE 8]&gt;--><!-- [if lte IE 8]&gt;&lt;![endif]--> ovat maastoon merkittyj\u00e4 reittej\u00e4, jotka tutustuttavat kulkijoita l\u00e4hiluontoon ja kaupunkiymp\u00e4rist\u00f6\u00f6n eri puolilla Turkua.<\/p>\n<p><a href=\"https:\/\/pyhiinvaellussuomi.fi\/tietoa\/opettajille\/\">Pyhiinvaelluskeskuksen retkipaketit<\/a> ja opettajan materiaali<br \/>\nPyhiinvaelluskeskus on avannut kev\u00e4\u00e4ll\u00e4 2022 on\u00a0 nelj\u00e4 uutta reitti\u00e4, jotka sopivat hy\u00f6dynnett\u00e4viksi osana kokemuksellista oppimista, luokkaretki\u00e4 tai ulkoilup\u00e4ivi\u00e4. Linkist\u00e4 l\u00f6yd\u00e4t reittien esittelyt, retkiin kuuluvat ennakkomateriaalit sek\u00e4 opettajien syvent\u00e4v\u00e4n taustamateriaalin teemoittain omilta v\u00e4lilehdilt\u00e4\u00e4n.<\/p>\n<p><a href=\"https:\/\/blog.edu.turku.fi\/elamyspolku\/files\/2018\/09\/El\u00e4myksien-ranska_2018-1.pdf\" target=\"_blank\" rel=\"noopener noreferrer\">Ranskan kieli ja kulttuuri\u00a0<\/a>(3.-9. lk)<br \/>\nTutustutaan ranskan kieleen ja kulttuuriin sek\u00e4 ranskankieliseen maailmaan muun muassa sarjakuvan, musiikin ja muiden taidemuotojen kautta.<\/p>\n<p><a href=\"https:\/\/blog.edu.turku.fi\/elamyspolku\/files\/2018\/09\/Sanataidekoulu-Kratti-syyskuu2018.pdf\" target=\"_blank\" rel=\"noopener noreferrer\">Sanataidekoulu Kratti<\/a>\u00a0(4.-9. lk)<br \/>\nTy\u00f6pajoja, joita tarjoavat koulutetut ja kokeneet sanataideohjaajat.<\/p>\n<p><a href=\"https:\/\/www.turku.fi\/lastenkulttuurikeskus-fari\">Lastenkulttuuurikeskus F\u00e4ri<\/a><br \/>\nMonipuolista pajatoimintaa alakoulun luokille.<\/p>\n<p><a href=\"https:\/\/mytechohjelma.fi\/\" target=\"_blank\" rel=\"noopener noreferrer\">Teknologiateollisuuden MyTech-ohjelma yl\u00e4kouluihin.<\/a> \u00a0\u00a0 <img loading=\"lazy\" decoding=\"async\" class=\"\" src=\"https:\/\/blog.edu.turku.fi\/elamyspolku\/files\/2021\/05\/Steamturku.png\" width=\"70\" height=\"40\" \/><br \/>\nMonialainen kokonaisuus materiaaleineen, johon sis\u00e4ltyy toiminnallinen opintok\u00e4ynti teknologiayritykseen ja korkeakouluun.<\/p>\n<div>\n<p><a href=\"https:\/\/tfo.fi\/lapset\/\" target=\"_blank\" rel=\"noopener noreferrer\">Turun filharmoninen orkesteri<\/a>:<br \/>\n<a href=\"https:\/\/tfo.fi\/avoimet-kenraaliharjoitukset-ryhmille\/\" target=\"_blank\" rel=\"noopener noreferrer\">Avoimet kenraaliharjoitukset<\/a> \u00a0<a href=\"http:\/\/www.tfo.fi\/fi\/live\" target=\"_blank\" rel=\"noopener noreferrer\">Verkkokonsertit<\/a><\/p>\n<p><a href=\"http:\/\/www.nuoriteatteri.com\/koulutus\/elamyspolku\/\" target=\"_blank\" rel=\"noopener noreferrer\">Turun Nuori Teatteri, pajat<\/a> (8.-9. lk)<br \/>\nTeatteriin liittyv\u00e4\u00e4 toimintaa yl\u00e4kouluille.<\/p>\n<p><a href=\"http:\/\/www.turunseudunpuhdistamo.fi\/vierailu\/\" target=\"_blank\" rel=\"noopener noreferrer\">Turun seudun puhdistamo<\/a>\u00a0 <img loading=\"lazy\" decoding=\"async\" class=\"\" src=\"https:\/\/blog.edu.turku.fi\/elamyspolku\/files\/2021\/05\/Steamturku.png\" width=\"70\" height=\"40\" \/><br \/>\neli Kakolan j\u00e4tevedenpuhdistuslaitos tarjoaa tutustumisk\u00e4ynnin (9. lk).<\/p>\n<p><a href=\"http:\/\/www.vesilaitosmuseo.fi\" target=\"_blank\" rel=\"noopener noreferrer\">Vesilaitosmuseo<\/a> \u00a0 <img loading=\"lazy\" decoding=\"async\" class=\"\" src=\"https:\/\/blog.edu.turku.fi\/elamyspolku\/files\/2021\/05\/Steamturku.png\" width=\"70\" height=\"40\" \/><br \/>\nTurun vesilaitosmuseo tarjoaa maksuttomia opastettuja kierroksia koululaisryhmille.<\/p>\n<p><a href=\"https:\/\/www.turku.fi\/nuorten-taide-ja-toimintatalo-vimma\/avoimet-taidepajat-13-28-vuotiaille\">Vimman taidepajat<\/a> (7.-9. lk)<br \/>\nOhjattuja taidepajoja yl\u00e4kouluille.<\/p>\n<\/div>\n","protected":false},"excerpt":{"rendered":"<p>N\u00e4it\u00e4 kohteita luokka voi valita kaikille kuuluvien El\u00e4myspolku-kohteiden lis\u00e4ksi. Aikavaelluspolut Aurajokis\u00e4\u00e4ti\u00f6 Materiaalipaketti, tarvikepaketti ja kanoottiretki\u00e4. Kulttuurikuntoilureitit Kulttuurikuntoilureitit yhdistelev\u00e4t pirte\u00e4sti kulttuuria ja liikuntaa. Kuralan Kyl\u00e4m\u00e4ki (1.-2. lk) Katso museoiden El\u00e4myspolku Lounais-Suomen j\u00e4tehuolto \u00a0 Saatavana neuvontaa kierr\u00e4tyksest\u00e4 koulun tiloissa ja lainaksi materiaaleja tarpeen mukaan 1.-9. luokille. Maksuton. Yhteyshenkil\u00f6: lotta.salminen@lsjh.fi Lounais-Suomen LUMA-keskus (1.-6. lk) Alakouluille Lounais-Suomen LUMA-keskus tarjoaa &hellip; <a href=\"https:\/\/blog.edu.turku.fi\/elamyspolku\/valinnainen-tarjonta\/\" class=\"more-link\">Jatka lukemista<span class=\"screen-reader-text\"> &#8221;Valinnaiset kohteet&#8221;<\/span><\/a><\/p>\n","protected":false},"author":754,"featured_media":0,"parent":0,"menu_order":0,"comment_status":"closed","ping_status":"closed","template":"","meta":{"footnotes":""},"class_list":["post-181","page","type-page","status-publish","hentry"],"_links":{"self":[{"href":"https:\/\/blog.edu.turku.fi\/elamyspolku\/wp-json\/wp\/v2\/pages\/181","targetHints":{"allow":["GET"]}}],"collection":[{"href":"https:\/\/blog.edu.turku.fi\/elamyspolku\/wp-json\/wp\/v2\/pages"}],"about":[{"href":"https:\/\/blog.edu.turku.fi\/elamyspolku\/wp-json\/wp\/v2\/types\/page"}],"author":[{"embeddable":true,"href":"https:\/\/blog.edu.turku.fi\/elamyspolku\/wp-json\/wp\/v2\/users\/754"}],"replies":[{"embeddable":true,"href":"https:\/\/blog.edu.turku.fi\/elamyspolku\/wp-json\/wp\/v2\/comments?post=181"}],"version-history":[{"count":111,"href":"https:\/\/blog.edu.turku.fi\/elamyspolku\/wp-json\/wp\/v2\/pages\/181\/revisions"}],"predecessor-version":[{"id":2995,"href":"https:\/\/blog.edu.turku.fi\/elamyspolku\/wp-json\/wp\/v2\/pages\/181\/revisions\/2995"}],"wp:attachment":[{"href":"https:\/\/blog.edu.turku.fi\/elamyspolku\/wp-json\/wp\/v2\/media?parent=181"}],"curies":[{"name":"wp","href":"https:\/\/api.w.org\/{rel}","templated":true}]}}