{"id":115,"date":"2016-09-25T10:22:32","date_gmt":"2016-09-25T07:22:32","guid":{"rendered":"https:\/\/blog.edu.turku.fi\/elamyspolku\/?page_id=115"},"modified":"2018-10-31T08:09:58","modified_gmt":"2018-10-31T06:09:58","slug":"liikunta","status":"publish","type":"page","link":"https:\/\/blog.edu.turku.fi\/elamyspolku\/liikunta\/","title":{"rendered":"Liikunta"},"content":{"rendered":"<p>Alakoulussa pyrit\u00e4\u00e4n siihen, ett\u00e4 oppilas p\u00e4\u00e4sisi vuosittain osallistumaan lajikokeiluun. Lajikokeiluja j\u00e4rjest\u00e4v\u00e4t urheiluseurat ja muut yhteisty\u00f6kumppanit. Opettajan aktiivisuudella on lajikokeilujen j\u00e4rjest\u00e4misess\u00e4 suuri merkitys. <a href=\"http:\/\/www.turku.fi\/paivahoito-ja-koulutus\/perusopetus\/opiskelu-ja-oppiaineet\/koululiikunta\/luokkien-1-6\" target=\"_blank\" rel=\"noopener\">1.-6. luokkien<\/a>, <a href=\"http:\/\/www.turku.fi\/paivahoito-ja-koulutus\/perusopetus\/opiskelu-ja-oppiaineet\/koululiikunta\/luokkien-7-10\" target=\"_blank\" rel=\"noopener\">7.-9.-luokkien<\/a>\u00a0 ja <a href=\"http:\/\/www.turku.fi\/paivahoito-ja-koulutus\/perusopetus\/opetus\/koululiikunta\/erityiskouluille-suunnatut\" target=\"_blank\" rel=\"noopener\">erityisryhmille<\/a> suunnatusta tapahtumakalenterista voi seurata ajankohtaista tarjontaa.<\/p>\n<p>El\u00e4myksellist\u00e4 liikuntaa tarjoavat esimerkiksi 1.-2. luokkien toiminnalliset luokkaretkip\u00e4iv\u00e4t toukokuussa Kupittaalla ja 4.\u00a0 luokan\u00a0 <a href=\"http:\/\/www.vesisankarit.fi\/\" target=\"_blank\" rel=\"noopener\">Vesisankarit<\/a> \u2013tapahtuma. Tapahtuma voidaan j\u00e4rjest\u00e4\u00e4 my\u00f6s koulussa omatoimisesti.<\/p>\n<p>Yl\u00e4koululaisten liikunnan El\u00e4myspolkuun kuuluu v\u00e4hint\u00e4\u00e4n yksi lajikokeilu vuosittain. Vastuu j\u00e4rjest\u00e4misest\u00e4 on koululiikunnan ohjaajilla ja liikunnanopettajilla.<\/p>\n<p><a href=\"http:\/\/www.turku.fi\/paivahoito-ja-koulutus\/perusopetus\/opetus\/koululiikunta\" target=\"_blank\" rel=\"noopener\">Turun\u00a0 koululiikuntasivustolla<\/a> on tietopaketti liikuntapaikoista ja tapahtumista.<br \/>\n<a href=\"http:\/\/www.liikkuvakoulu.fi\/\" target=\"_blank\" rel=\"noopener\">Liikkuva koulu<\/a>\u00a0\u00a0 <a href=\"http:\/\/www.liiku.fi\/\" target=\"_blank\" rel=\"noopener\"><br \/>\nLiikU<\/a><\/p>\n<p><strong>Palasia OPSista<br \/>\n<\/strong>Koulun sis\u00e4- ja ulkotilojen lis\u00e4ksi eri oppiaineiden opetuksessa hy\u00f6dynnet\u00e4\u00e4n luontoa ja rakennettua ymp\u00e4rist\u00f6\u00e4. Kirjastot, liikunta-, taide- ja luontokeskukset, museot ja monet muut yhteisty\u00f6tahot tarjoavat monimuotoisia oppimisymp\u00e4rist\u00f6j\u00e4.<\/p>\n<p>Kaikilla perusopetuksen vuosiluokilla liikunnan teht\u00e4v\u00e4\u00e4 ja tavoitteita toteutetaan opettamalla turvallisesti ja monipuolisesti erilaisissa oppimisymp\u00e4rist\u00f6iss\u00e4 sis\u00e4- ja ulkotiloissa oppilaita osallistaen. Opetuksessa otetaan huomioon vuodenajat, paikalliset olosuhteet sek\u00e4 koulun ja ymp\u00e4rist\u00f6n tarjoamat mahdollisuudet tarkoituksenmukaisella tavalla.<\/p>\n<p>Koulun ulkopuolisille liikuntapaikoille siirtymisess\u00e4 edistet\u00e4\u00e4n turvallista liikennek\u00e4ytt\u00e4ytymist\u00e4.<\/p>\n","protected":false},"excerpt":{"rendered":"<p>Alakoulussa pyrit\u00e4\u00e4n siihen, ett\u00e4 oppilas p\u00e4\u00e4sisi vuosittain osallistumaan lajikokeiluun. Lajikokeiluja j\u00e4rjest\u00e4v\u00e4t urheiluseurat ja muut yhteisty\u00f6kumppanit. Opettajan aktiivisuudella on lajikokeilujen j\u00e4rjest\u00e4misess\u00e4 suuri merkitys. 1.-6. luokkien, 7.-9.-luokkien\u00a0 ja erityisryhmille suunnatusta tapahtumakalenterista voi seurata ajankohtaista tarjontaa. El\u00e4myksellist\u00e4 liikuntaa tarjoavat esimerkiksi 1.-2. luokkien toiminnalliset luokkaretkip\u00e4iv\u00e4t toukokuussa Kupittaalla ja 4.\u00a0 luokan\u00a0 Vesisankarit \u2013tapahtuma. Tapahtuma voidaan j\u00e4rjest\u00e4\u00e4 my\u00f6s koulussa omatoimisesti. Yl\u00e4koululaisten &hellip; <a href=\"https:\/\/blog.edu.turku.fi\/elamyspolku\/liikunta\/\" class=\"more-link\">Jatka lukemista<span class=\"screen-reader-text\"> &#8221;Liikunta&#8221;<\/span><\/a><\/p>\n","protected":false},"author":107,"featured_media":0,"parent":0,"menu_order":0,"comment_status":"closed","ping_status":"closed","template":"","meta":{"footnotes":""},"class_list":["post-115","page","type-page","status-publish","hentry"],"_links":{"self":[{"href":"https:\/\/blog.edu.turku.fi\/elamyspolku\/wp-json\/wp\/v2\/pages\/115","targetHints":{"allow":["GET"]}}],"collection":[{"href":"https:\/\/blog.edu.turku.fi\/elamyspolku\/wp-json\/wp\/v2\/pages"}],"about":[{"href":"https:\/\/blog.edu.turku.fi\/elamyspolku\/wp-json\/wp\/v2\/types\/page"}],"author":[{"embeddable":true,"href":"https:\/\/blog.edu.turku.fi\/elamyspolku\/wp-json\/wp\/v2\/users\/107"}],"replies":[{"embeddable":true,"href":"https:\/\/blog.edu.turku.fi\/elamyspolku\/wp-json\/wp\/v2\/comments?post=115"}],"version-history":[{"count":21,"href":"https:\/\/blog.edu.turku.fi\/elamyspolku\/wp-json\/wp\/v2\/pages\/115\/revisions"}],"predecessor-version":[{"id":1318,"href":"https:\/\/blog.edu.turku.fi\/elamyspolku\/wp-json\/wp\/v2\/pages\/115\/revisions\/1318"}],"wp:attachment":[{"href":"https:\/\/blog.edu.turku.fi\/elamyspolku\/wp-json\/wp\/v2\/media?parent=115"}],"curies":[{"name":"wp","href":"https:\/\/api.w.org\/{rel}","templated":true}]}}