{"id":421,"date":"2019-11-22T13:08:34","date_gmt":"2019-11-22T11:08:34","guid":{"rendered":"https:\/\/blog.edu.turku.fi\/dli\/?page_id=421"},"modified":"2021-02-24T10:58:48","modified_gmt":"2021-02-24T08:58:48","slug":"pedagogisetmallit","status":"publish","type":"page","link":"https:\/\/blog.edu.turku.fi\/dli\/pedagogisetmallit\/","title":{"rendered":"Pedagogiset mallit"},"content":{"rendered":"<h2>Liikkumiseen kannustavat pedagogiset mallit<\/h2>\n<p><img loading=\"lazy\" decoding=\"async\" class=\"wp-image-882 alignnone\" src=\"https:\/\/blog.edu.turku.fi\/dli\/files\/2021\/02\/seina2-150x150.png\" alt=\"\" width=\"100\" height=\"100\" \/>\u00a0 <a href=\"https:\/\/blog.edu.turku.fi\/dli\/files\/2021\/02\/Ideoita-kiipeilyseinan-kayttoon.pdf\">Ideoita kiipeilysein\u00e4n k\u00e4ytt\u00f6\u00f6n<\/a><br \/>\n<img loading=\"lazy\" decoding=\"async\" class=\"wp-image-569 alignnone\" style=\"font-size: 16px;\" src=\"https:\/\/blog.edu.turku.fi\/dli\/files\/2020\/09\/patjis-e1600155070593-150x150.jpg\" alt=\"\" width=\"100\" height=\"100\" srcset=\"https:\/\/blog.edu.turku.fi\/dli\/files\/2020\/09\/patjis-e1600155070593-150x150.jpg 150w, https:\/\/blog.edu.turku.fi\/dli\/files\/2020\/09\/patjis-e1600155070593-270x270.jpg 270w, https:\/\/blog.edu.turku.fi\/dli\/files\/2020\/09\/patjis-e1600155070593-230x230.jpg 230w\" sizes=\"auto, (max-width: 100px) 100vw, 100px\" \/>\u00a0<a href=\"https:\/\/blog.edu.turku.fi\/dli\/files\/2021\/02\/Kiipeilyseikkailu-varikkailla-muototyynyilla.pdf\">Kiipeilyseikkailu v\u00e4rikk\u00e4ill\u00e4 muototyynyill\u00e4<\/a><br \/>\n<img loading=\"lazy\" decoding=\"async\" class=\"alignnone wp-image-482\" src=\"https:\/\/blog.edu.turku.fi\/dli\/files\/2020\/05\/IMG_20200320_104843-150x150.jpg\" alt=\"\" width=\"100\" height=\"100\" \/>\u00a0<a href=\"https:\/\/blog.edu.turku.fi\/dli\/files\/2021\/02\/Lasten-aktiivisuuden-tukeminen-ulkoilutilanteissa.pdf\">Lasten aktiivisuuden tukeminen ulkoilutilanteissa<\/a><br \/>\n<img loading=\"lazy\" decoding=\"async\" class=\"wp-image-880 alignnone\" style=\"font-size: 16px;\" src=\"https:\/\/blog.edu.turku.fi\/dli\/files\/2021\/02\/liikunta-150x150.png\" alt=\"\" width=\"100\" height=\"100\" \/>\u00a0<a href=\"https:\/\/blog.edu.turku.fi\/dli\/files\/2021\/02\/Liikunnan-lisaaminen-siirtymatilanteisiin-ja-monipuolisuutta-kiipeilyseinalla.pdf\">Liikunnan lis\u00e4\u00e4minen siirtym\u00e4tilanteisiin ja monipuolisuutta kiipeilysein\u00e4ll\u00e4<\/a><br \/>\n<img loading=\"lazy\" decoding=\"async\" class=\"wp-image-845 alignnone\" style=\"font-size: 16px;\" src=\"https:\/\/blog.edu.turku.fi\/dli\/files\/2021\/02\/2-150x150.jpg\" alt=\"\" width=\"100\" height=\"100\" \/>\u00a0<a href=\"https:\/\/blog.edu.turku.fi\/dli\/files\/2021\/02\/Liikuntaa-ja-leikkia-kaytaville-portaisiin-ja-aulatiloihin.pdf\">Liikuntaa ja leikki\u00e4 k\u00e4yt\u00e4ville, portaisiin ja aulatiloihin<\/a><br \/>\n<img loading=\"lazy\" decoding=\"async\" class=\"wp-image-852 alignnone\" style=\"font-size: 16px;\" src=\"https:\/\/blog.edu.turku.fi\/dli\/files\/2021\/02\/9-150x150.jpg\" alt=\"\" width=\"100\" height=\"100\" \/>\u00a0<a href=\"https:\/\/blog.edu.turku.fi\/dli\/files\/2021\/02\/Liikuntavalineet-ulkoilussa.pdf\">Liikuntav\u00e4lineet ulkoilussa<\/a><br \/>\n<img loading=\"lazy\" decoding=\"async\" class=\"wp-image-844 alignnone\" style=\"font-size: 16px;\" src=\"https:\/\/blog.edu.turku.fi\/dli\/files\/2021\/02\/1-150x150.jpg\" alt=\"\" width=\"100\" height=\"100\" \/>\u00a0<a href=\"https:\/\/blog.edu.turku.fi\/dli\/files\/2021\/02\/Monipuoliseen-liikuntaan-kannustavat-liikuntakassit.pdf\">Monipuoliseen liikuntaan kannustavat liikuntakassit<\/a><br \/>\n<img loading=\"lazy\" decoding=\"async\" class=\"wp-image-884 alignnone\" src=\"https:\/\/blog.edu.turku.fi\/dli\/files\/2021\/02\/liike-150x150.png\" alt=\"\" width=\"101\" height=\"101\" \/>\u00a0<a href=\"https:\/\/blog.edu.turku.fi\/dli\/files\/2021\/02\/Motorisia-taitoja-liikuntaradalla.pdf\">Motorisia taitoja liikuntaradalla<\/a><br \/>\n<img loading=\"lazy\" decoding=\"async\" class=\"alignnone wp-image-498\" src=\"https:\/\/blog.edu.turku.fi\/dli\/files\/2020\/06\/20200603_094958-150x150.jpg\" alt=\"\" width=\"100\" height=\"100\" \/> <a href=\"https:\/\/blog.edu.turku.fi\/dli\/files\/2021\/02\/Yhteistoiminnallinen-rakentelu-jumppaleikki-pehmopalikoilla.pdf\">Yhteistoiminnallinen rakentelu &#8211; jumppaleikki pehmopalikoilla<\/a><\/p>\n<h2><\/h2>\n<h2>Tiedekasvatusta tukevat pedagogiset mallit<\/h2>\n<p><img loading=\"lazy\" decoding=\"async\" class=\"alignnone wp-image-873\" src=\"https:\/\/blog.edu.turku.fi\/dli\/files\/2021\/02\/ruiskatu1-150x150.jpg\" alt=\"\" width=\"101\" height=\"101\" \/> <a href=\"https:\/\/blog.edu.turku.fi\/dli\/files\/2021\/02\/Avaruudellista-hahmottamista-pehmopalikoilla.pdf\">Avaruudellista hahmottamista pehmopalikoilla<\/a><br \/>\n<img loading=\"lazy\" decoding=\"async\" class=\"alignnone wp-image-749\" src=\"https:\/\/blog.edu.turku.fi\/dli\/files\/2020\/12\/verkkokoulu3-150x150.jpg\" alt=\"\" width=\"100\" height=\"100\" \/> <a href=\"https:\/\/blog.edu.turku.fi\/dli\/files\/2021\/02\/Lintubongausretki.pdf\">Lintubongausretki<\/a><br \/>\n<img loading=\"lazy\" decoding=\"async\" class=\"alignnone wp-image-856 \" style=\"font-size: 16px;\" src=\"https:\/\/blog.edu.turku.fi\/dli\/files\/2021\/02\/15-150x150.jpg\" alt=\"\" width=\"100\" height=\"100\" \/> <a href=\"https:\/\/blog.edu.turku.fi\/dli\/files\/2021\/02\/Matematiikka-osaksi-arkea.pdf\">Matematiikka osaksi arkea<\/a><br \/>\n<img loading=\"lazy\" decoding=\"async\" class=\"alignnone wp-image-849 \" style=\"font-size: 16px;\" src=\"https:\/\/blog.edu.turku.fi\/dli\/files\/2021\/02\/6-150x150.jpg\" alt=\"\" width=\"100\" height=\"100\" \/> <a href=\"https:\/\/blog.edu.turku.fi\/dli\/files\/2021\/02\/Mittaamista-ja-vesimusisointia.pdf\">Mittaamista ja vesimusisointia<\/a><br \/>\n<img loading=\"lazy\" decoding=\"async\" class=\"alignnone wp-image-875\" style=\"font-size: 16px;\" src=\"https:\/\/blog.edu.turku.fi\/dli\/files\/2021\/02\/sadepilvi-150x150.png\" alt=\"\" width=\"100\" height=\"100\" \/> <a href=\"https:\/\/blog.edu.turku.fi\/dli\/files\/2021\/02\/Sadepilvikoe.pdf\">Sadepilvikoe<\/a><br \/>\n<img loading=\"lazy\" decoding=\"async\" class=\"alignnone wp-image-877\" src=\"https:\/\/blog.edu.turku.fi\/dli\/files\/2021\/02\/18-1-150x150.jpg\" alt=\"\" width=\"100\" height=\"100\" \/> <a href=\"https:\/\/blog.edu.turku.fi\/dli\/files\/2021\/02\/Suolamaalausta-ja-pipetin-kayton-opettelua.pdf\">Suolamaalausta ja pipetin k\u00e4yt\u00f6n opettelua<\/a><br \/>\n<img loading=\"lazy\" decoding=\"async\" class=\"alignnone wp-image-847 \" style=\"font-size: 16px;\" src=\"https:\/\/blog.edu.turku.fi\/dli\/files\/2021\/02\/4-150x150.jpg\" alt=\"\" width=\"100\" height=\"100\" \/> <a href=\"https:\/\/blog.edu.turku.fi\/dli\/files\/2021\/02\/Tiedekerho.pdf\">Tiedekerho<\/a><br \/>\n<img loading=\"lazy\" decoding=\"async\" class=\"alignnone wp-image-858 \" style=\"font-size: 16px;\" src=\"https:\/\/blog.edu.turku.fi\/dli\/files\/2021\/02\/17-150x150.png\" alt=\"\" width=\"100\" height=\"100\" \/> <a href=\"https:\/\/blog.edu.turku.fi\/dli\/files\/2021\/02\/Tutkimuskassi-liikkuvaa-tiedekasvatusta.pdf\">Tutkimuskassi &#8211; liikkuvaa tiedekasvatusta<\/a><br \/>\n<span style=\"font-size: 16px;\"><img loading=\"lazy\" decoding=\"async\" class=\"alignnone wp-image-878\" src=\"https:\/\/blog.edu.turku.fi\/dli\/files\/2021\/02\/tiedekerho-150x150.png\" alt=\"\" width=\"100\" height=\"100\" \/> <\/span><a href=\"https:\/\/blog.edu.turku.fi\/dli\/files\/2021\/02\/Tutkimusmatkailijat-tutkimassa-luontoa-suurennuslaseilla.pdf\">Tutkimusmatkailijat tutkimassa luontoa suurennuslaseilla<\/a><br \/>\n<img loading=\"lazy\" decoding=\"async\" class=\"alignnone wp-image-600\" style=\"font-size: 16px;\" src=\"https:\/\/blog.edu.turku.fi\/dli\/files\/2020\/10\/Nimeton-150x150.png\" alt=\"\" width=\"100\" height=\"100\" \/> <a href=\"https:\/\/blog.edu.turku.fi\/dli\/files\/2021\/02\/Valopoydan-kaytto-aistikokemuksiin-ja-oppimiseen.pdf\">Valop\u00f6yd\u00e4n k\u00e4ytt\u00f6 aistikokemuksiin ja oppimiseen<\/a><br \/>\n<img loading=\"lazy\" decoding=\"async\" class=\"alignnone wp-image-874\" style=\"font-size: 16px;\" src=\"https:\/\/blog.edu.turku.fi\/dli\/files\/2021\/02\/valokuutiot-150x150.png\" alt=\"\" width=\"100\" height=\"100\" \/> <a href=\"https:\/\/blog.edu.turku.fi\/dli\/files\/2021\/02\/Varien-ja-matemaattisten-taitojen-opettelua-valokuutioiden-avulla.pdf\">V\u00e4rien ja matemaattisten taitojen opettelua valokuutioiden avulla<\/a><br \/>\n<img loading=\"lazy\" decoding=\"async\" class=\"alignnone wp-image-848 \" style=\"font-size: 16px;\" src=\"https:\/\/blog.edu.turku.fi\/dli\/files\/2021\/02\/5-150x150.jpg\" alt=\"\" width=\"100\" height=\"100\" \/> <a href=\"https:\/\/blog.edu.turku.fi\/dli\/files\/2021\/02\/Varikokeiluja-valopoydalla.pdf\">V\u00e4rikokeiluja valop\u00f6yd\u00e4ll\u00e4<\/a><\/p>\n<h2><\/h2>\n<h2>Digitaitoja kehitt\u00e4v\u00e4t pedagogiset mallit<\/h2>\n<p><img loading=\"lazy\" decoding=\"async\" class=\"alignnone wp-image-872\" src=\"https:\/\/blog.edu.turku.fi\/dli\/files\/2021\/02\/botley-150x150.jpg\" alt=\"\" width=\"100\" height=\"100\" srcset=\"https:\/\/blog.edu.turku.fi\/dli\/files\/2021\/02\/botley-150x150.jpg 150w, https:\/\/blog.edu.turku.fi\/dli\/files\/2021\/02\/botley.jpg 175w\" sizes=\"auto, (max-width: 100px) 100vw, 100px\" \/> <a href=\"https:\/\/blog.edu.turku.fi\/dli\/files\/2021\/02\/Digikassi_Alkeisohjelmointia-ja-robotiikkaa_.pdf\">Digikassi: Alkeisohjelmointia ja robotiikkaa<\/a><br \/>\n<img loading=\"lazy\" decoding=\"async\" class=\"alignnone wp-image-871\" src=\"https:\/\/blog.edu.turku.fi\/dli\/files\/2021\/02\/kirjain-150x150.png\" alt=\"\" width=\"100\" height=\"100\" \/> <a href=\"https:\/\/blog.edu.turku.fi\/dli\/files\/2021\/02\/Kirjainharjoituksia-ipadilla-1.pdf\">Kirjainharjoituksia iPadilla<\/a><br \/>\n<img loading=\"lazy\" decoding=\"async\" class=\"alignnone wp-image-855 \" style=\"font-size: 16px;\" src=\"https:\/\/blog.edu.turku.fi\/dli\/files\/2021\/02\/13-150x150.jpg\" alt=\"\" width=\"100\" height=\"100\" \/> <a href=\"https:\/\/blog.edu.turku.fi\/dli\/files\/2021\/02\/Luontotutkimuksia-tabletilla-ja-mikroskoopilla-1.pdf\">Luontotutkimuksia tabletilla ja mikroskoopilla<\/a><br \/>\n<img loading=\"lazy\" decoding=\"async\" class=\"alignnone wp-image-846 \" style=\"font-size: 16px;\" src=\"https:\/\/blog.edu.turku.fi\/dli\/files\/2021\/02\/3-150x150.jpg\" alt=\"\" width=\"99\" height=\"99\" \/> <a href=\"https:\/\/blog.edu.turku.fi\/dli\/files\/2021\/02\/Ohjelmointia-avaruusprojektissa-1.pdf\">Ohjelmointia avaruusprojektissa<\/a><br \/>\n<img loading=\"lazy\" decoding=\"async\" class=\"alignnone wp-image-900\" src=\"https:\/\/blog.edu.turku.fi\/dli\/files\/2021\/02\/ipad-kuvaus-150x150.png\" alt=\"\" width=\"100\" height=\"100\" \/> <a href=\"https:\/\/blog.edu.turku.fi\/dli\/files\/2021\/02\/Paivakodin-digiloikka-1.pdf\">P\u00e4iv\u00e4kodin digiloikka<\/a><br \/>\n<img loading=\"lazy\" decoding=\"async\" class=\"alignnone wp-image-860 \" style=\"font-size: 16px;\" src=\"https:\/\/blog.edu.turku.fi\/dli\/files\/2021\/02\/21-150x150.jpg\" alt=\"\" width=\"100\" height=\"100\" \/> <a href=\"https:\/\/blog.edu.turku.fi\/dli\/files\/2021\/02\/Ryhmatyotaitoja-kosketuslattian-avulla-1.pdf\">Ryhm\u00e4ty\u00f6taitoja kosketuslattian avulla<\/a><br \/>\n<img loading=\"lazy\" decoding=\"async\" class=\"alignnone wp-image-851 \" style=\"font-size: 16px;\" src=\"https:\/\/blog.edu.turku.fi\/dli\/files\/2021\/02\/8-150x150.jpg\" alt=\"\" width=\"100\" height=\"100\" \/> <a href=\"https:\/\/blog.edu.turku.fi\/dli\/files\/2021\/02\/Tarinankerrontaa-Blue-Boteilla-1.pdf\">Tarinankerrontaa Blue-Boteilla<\/a><br \/>\n<img loading=\"lazy\" decoding=\"async\" class=\"alignnone wp-image-862 \" style=\"font-size: 16px;\" src=\"https:\/\/blog.edu.turku.fi\/dli\/files\/2021\/02\/23-150x150.jpg\" alt=\"\" width=\"100\" height=\"100\" \/> <a href=\"https:\/\/blog.edu.turku.fi\/dli\/files\/2021\/02\/Tiede-ja-teknologiakasvatus-osaksi-ryhmien-toimintaa-1.pdf\">Tiede- ja teknologiakasvatus osaksi ryhmien toimintaa<\/a><br \/>\n<img loading=\"lazy\" decoding=\"async\" class=\"alignnone wp-image-850 \" style=\"font-size: 16px;\" src=\"https:\/\/blog.edu.turku.fi\/dli\/files\/2021\/02\/7-150x150.jpg\" alt=\"\" width=\"100\" height=\"100\" \/> <a href=\"https:\/\/blog.edu.turku.fi\/dli\/files\/2021\/02\/Tutkitaan-materiaaleja-ja-puhtautta-digimikroskoopilla-1.pdf\">Tutkitaan materiaaleja ja puhtautta digimikroskoopilla<\/a><\/p>\n<h2><\/h2>\n<h2>Muut oppimisymp\u00e4rist\u00f6jen kehitt\u00e4mismallit<\/h2>\n<p><img loading=\"lazy\" decoding=\"async\" class=\"alignnone wp-image-865\" src=\"https:\/\/blog.edu.turku.fi\/dli\/files\/2021\/02\/tikkaat-150x150.jpg\" alt=\"\" width=\"100\" height=\"100\" \/> <a href=\"https:\/\/blog.edu.turku.fi\/dli\/files\/2021\/02\/Kattokoukut-ja-niiden-kaytto-arjessa.pdf\">Kattokoukut ja niiden k\u00e4ytt\u00f6 arjessa<\/a><br \/>\n<img loading=\"lazy\" decoding=\"async\" class=\"alignnone wp-image-867\" src=\"https:\/\/blog.edu.turku.fi\/dli\/files\/2021\/02\/lii2-150x150.jpg\" alt=\"\" width=\"100\" height=\"100\" \/> <a href=\"https:\/\/blog.edu.turku.fi\/dli\/files\/2021\/02\/Liikuntavalinekarrylla-valineet-lasten-saataville.pdf\">Liikuntav\u00e4linek\u00e4rryll\u00e4 v\u00e4lineet lasten saataville<\/a><br \/>\n<img loading=\"lazy\" decoding=\"async\" class=\"alignnone wp-image-869\" src=\"https:\/\/blog.edu.turku.fi\/dli\/files\/2021\/02\/pehmopalikat-150x150.png\" alt=\"\" width=\"100\" height=\"100\" \/> <a href=\"https:\/\/blog.edu.turku.fi\/dli\/files\/2021\/02\/Monikayttoiset-pehmopalikat.pdf\">Monik\u00e4ytt\u00f6iset pehmopalikat<\/a><br \/>\n<img loading=\"lazy\" decoding=\"async\" class=\"alignnone wp-image-868\" src=\"https:\/\/blog.edu.turku.fi\/dli\/files\/2021\/02\/ulko2-150x150.png\" alt=\"\" width=\"100\" height=\"100\" \/> <a href=\"https:\/\/blog.edu.turku.fi\/dli\/files\/2021\/02\/Monipuolinen-ulkokiipeilyteline.pdf\">Monipuolinen ulkokiipeilyteline<\/a><br \/>\n<img loading=\"lazy\" decoding=\"async\" class=\"alignnone wp-image-870\" src=\"https:\/\/blog.edu.turku.fi\/dli\/files\/2021\/02\/sermi-150x150.png\" alt=\"\" width=\"100\" height=\"100\" \/> <a href=\"https:\/\/blog.edu.turku.fi\/dli\/files\/2021\/02\/Poytasermit-antamassa-omaa-tilaa-oppia-ja-oivaltaa.pdf\">P\u00f6yt\u00e4sermit antamassa omaa tilaa oppia ja oivaltaa<\/a><\/p>\n<p>&nbsp;<\/p>\n<p data-wp-editing=\"1\">\n","protected":false},"excerpt":{"rendered":"<p>Liikkumiseen kannustavat pedagogiset mallit \u00a0 Ideoita kiipeilysein\u00e4n k\u00e4ytt\u00f6\u00f6n \u00a0Kiipeilyseikkailu v\u00e4rikk\u00e4ill\u00e4 muototyynyill\u00e4 \u00a0Lasten aktiivisuuden tukeminen ulkoilutilanteissa \u00a0Liikunnan lis\u00e4\u00e4minen siirtym\u00e4tilanteisiin ja monipuolisuutta kiipeilysein\u00e4ll\u00e4 \u00a0Liikuntaa ja leikki\u00e4 k\u00e4yt\u00e4ville, portaisiin ja aulatiloihin \u00a0Liikuntav\u00e4lineet ulkoilussa \u00a0Monipuoliseen liikuntaan kannustavat liikuntakassit \u00a0Motorisia taitoja liikuntaradalla Yhteistoiminnallinen rakentelu &#8211;<\/p>\n","protected":false},"author":9,"featured_media":0,"parent":0,"menu_order":2,"comment_status":"closed","ping_status":"closed","template":"page-templates\/page-builder.php","meta":{"footnotes":""},"class_list":["post-421","page","type-page","status-publish","hentry"],"_links":{"self":[{"href":"https:\/\/blog.edu.turku.fi\/dli\/wp-json\/wp\/v2\/pages\/421","targetHints":{"allow":["GET"]}}],"collection":[{"href":"https:\/\/blog.edu.turku.fi\/dli\/wp-json\/wp\/v2\/pages"}],"about":[{"href":"https:\/\/blog.edu.turku.fi\/dli\/wp-json\/wp\/v2\/types\/page"}],"author":[{"embeddable":true,"href":"https:\/\/blog.edu.turku.fi\/dli\/wp-json\/wp\/v2\/users\/9"}],"replies":[{"embeddable":true,"href":"https:\/\/blog.edu.turku.fi\/dli\/wp-json\/wp\/v2\/comments?post=421"}],"version-history":[{"count":34,"href":"https:\/\/blog.edu.turku.fi\/dli\/wp-json\/wp\/v2\/pages\/421\/revisions"}],"predecessor-version":[{"id":918,"href":"https:\/\/blog.edu.turku.fi\/dli\/wp-json\/wp\/v2\/pages\/421\/revisions\/918"}],"wp:attachment":[{"href":"https:\/\/blog.edu.turku.fi\/dli\/wp-json\/wp\/v2\/media?parent=421"}],"curies":[{"name":"wp","href":"https:\/\/api.w.org\/{rel}","templated":true}]}}