{"id":375,"date":"2023-10-03T08:44:00","date_gmt":"2023-10-03T05:44:00","guid":{"rendered":"https:\/\/blog.edu.turku.fi\/digioppimo\/?page_id=375"},"modified":"2026-02-09T15:56:26","modified_gmt":"2026-02-09T13:56:26","slug":"ammatilliset-tutkinnon-osat","status":"publish","type":"page","link":"https:\/\/blog.edu.turku.fi\/digioppimo\/ammatilliset-tutkinnon-osat\/","title":{"rendered":"Ammatilliset tutkinnon osat"},"content":{"rendered":"<h2><a href=\"https:\/\/blog.edu.turku.fi\/digioppimo\/ammatillisten-tutkinnon-osien-arviointilomakkeet-laakealan-perustutkinto\/\">L\u00e4\u00e4kealan perustutkinto<\/a><br \/>\n<a href=\"https:\/\/blog.edu.turku.fi\/digioppimo\/materiaalit\/\">Sosiaali- ja terveysalan perustutkinto; l\u00e4hihoitaja<\/a><br \/>\n<a href=\"https:\/\/blog.edu.turku.fi\/digioppimo\/ammatillisten-tutkinnon-osien-arviointilomakkeet-valinehuoltoala\/\">V\u00e4linehuoltoalan perustutkinto<\/a><\/h2>\n<h2><a href=\"https:\/\/taito.edu.turku.fi\/course\/view.php?id=436#section-1\">Valinnaiset ammatilliset tutkinnon osat: infomateriaalit<\/a><\/h2>\n","protected":false},"excerpt":{"rendered":"<p>L\u00e4\u00e4kealan perustutkinto Sosiaali- ja terveysalan perustutkinto; l\u00e4hihoitaja V\u00e4linehuoltoalan perustutkinto Valinnaiset ammatilliset tutkinnon osat: infomateriaalit<\/p>\n","protected":false},"author":2818,"featured_media":0,"parent":0,"menu_order":0,"comment_status":"closed","ping_status":"closed","template":"","meta":{"footnotes":""},"class_list":["post-375","page","type-page","status-publish","hentry"],"_links":{"self":[{"href":"https:\/\/blog.edu.turku.fi\/digioppimo\/wp-json\/wp\/v2\/pages\/375","targetHints":{"allow":["GET"]}}],"collection":[{"href":"https:\/\/blog.edu.turku.fi\/digioppimo\/wp-json\/wp\/v2\/pages"}],"about":[{"href":"https:\/\/blog.edu.turku.fi\/digioppimo\/wp-json\/wp\/v2\/types\/page"}],"author":[{"embeddable":true,"href":"https:\/\/blog.edu.turku.fi\/digioppimo\/wp-json\/wp\/v2\/users\/2818"}],"replies":[{"embeddable":true,"href":"https:\/\/blog.edu.turku.fi\/digioppimo\/wp-json\/wp\/v2\/comments?post=375"}],"version-history":[{"count":4,"href":"https:\/\/blog.edu.turku.fi\/digioppimo\/wp-json\/wp\/v2\/pages\/375\/revisions"}],"predecessor-version":[{"id":465,"href":"https:\/\/blog.edu.turku.fi\/digioppimo\/wp-json\/wp\/v2\/pages\/375\/revisions\/465"}],"wp:attachment":[{"href":"https:\/\/blog.edu.turku.fi\/digioppimo\/wp-json\/wp\/v2\/media?parent=375"}],"curies":[{"name":"wp","href":"https:\/\/api.w.org\/{rel}","templated":true}]}}