{"id":298,"date":"2020-11-03T10:46:45","date_gmt":"2020-11-03T08:46:45","guid":{"rendered":"https:\/\/blog.edu.turku.fi\/digioppimo\/?page_id=298"},"modified":"2022-06-07T06:53:16","modified_gmt":"2022-06-07T03:53:16","slug":"tyoelamassa-suoritettavat-yhteiset-tutkinnon-osat","status":"publish","type":"page","link":"https:\/\/blog.edu.turku.fi\/digioppimo\/tyoelamassa-suoritettavat-yhteiset-tutkinnon-osat\/","title":{"rendered":"Ty\u00f6el\u00e4m\u00e4ss\u00e4 suoritettavat yhteiset tutkinnon osat"},"content":{"rendered":"<p><a href=\"https:\/\/blog.edu.turku.fi\/digioppimo\/files\/2022\/06\/Tyoelamassa-toimiminen.docx\">Ty\u00f6el\u00e4m\u00e4ss\u00e4 toimiminen<\/a> 2 osp<\/p>\n","protected":false},"excerpt":{"rendered":"<p>Ty\u00f6el\u00e4m\u00e4ss\u00e4 toimiminen 2 osp<\/p>\n","protected":false},"author":2818,"featured_media":0,"parent":0,"menu_order":0,"comment_status":"closed","ping_status":"closed","template":"","meta":{"footnotes":""},"class_list":["post-298","page","type-page","status-publish","hentry"],"_links":{"self":[{"href":"https:\/\/blog.edu.turku.fi\/digioppimo\/wp-json\/wp\/v2\/pages\/298","targetHints":{"allow":["GET"]}}],"collection":[{"href":"https:\/\/blog.edu.turku.fi\/digioppimo\/wp-json\/wp\/v2\/pages"}],"about":[{"href":"https:\/\/blog.edu.turku.fi\/digioppimo\/wp-json\/wp\/v2\/types\/page"}],"author":[{"embeddable":true,"href":"https:\/\/blog.edu.turku.fi\/digioppimo\/wp-json\/wp\/v2\/users\/2818"}],"replies":[{"embeddable":true,"href":"https:\/\/blog.edu.turku.fi\/digioppimo\/wp-json\/wp\/v2\/comments?post=298"}],"version-history":[{"count":6,"href":"https:\/\/blog.edu.turku.fi\/digioppimo\/wp-json\/wp\/v2\/pages\/298\/revisions"}],"predecessor-version":[{"id":343,"href":"https:\/\/blog.edu.turku.fi\/digioppimo\/wp-json\/wp\/v2\/pages\/298\/revisions\/343"}],"wp:attachment":[{"href":"https:\/\/blog.edu.turku.fi\/digioppimo\/wp-json\/wp\/v2\/media?parent=298"}],"curies":[{"name":"wp","href":"https:\/\/api.w.org\/{rel}","templated":true}]}}