{"id":272,"date":"2020-09-23T10:59:22","date_gmt":"2020-09-23T07:59:22","guid":{"rendered":"https:\/\/blog.edu.turku.fi\/digioppimo\/?page_id=272"},"modified":"2023-08-29T15:45:11","modified_gmt":"2023-08-29T12:45:11","slug":"ammatillisten-tutkinnon-osien-arviointilomakkeet-valinehuoltoala","status":"publish","type":"page","link":"https:\/\/blog.edu.turku.fi\/digioppimo\/ammatillisten-tutkinnon-osien-arviointilomakkeet-valinehuoltoala\/","title":{"rendered":"Ammatillisten tutkinnon osien arviointilomakkeet: v\u00e4linehuoltoala"},"content":{"rendered":"<h2>Ammatillisten tutkinnon osien arviointilomakkeet:<\/h2>\n<h2>V\u00e4linehuoltoalan perustutkinto<\/h2>\n<p>Pakolliset tutkinnon osat<\/p>\n<p><a href=\"https:\/\/blog.edu.turku.fi\/digioppimo\/files\/2023\/08\/Valineiden-puhdistaminen-ja-desinfiointi-infektioiden-torjuntatyossa-45-osp-2022-vaaka-1-1.docx\">V\u00e4lineiden puhdistaminen ja desinfiointi infektioiden torjuntaty\u00f6ss\u00e4 45 osp 2022<\/a><\/p>\n<p><a href=\"https:\/\/blog.edu.turku.fi\/digioppimo\/files\/2023\/08\/Valineiden-pakkaamisprosessissa-toimiminen-30-osp-2022-vaaka-1.docx\">V\u00e4lineiden pakkaamisprosessissa toimiminen 30 osp 2022<\/a><\/p>\n<p><a href=\"https:\/\/blog.edu.turku.fi\/digioppimo\/files\/2023\/08\/Sterilointi-osana-infektioiden-torjuntaa-40-osp-2022-vaaka-2.docx\">Sterilointi osana infektioiden torjuntaa 40 osp 2022<\/a><\/p>\n<p>Valinnaiset tutkinnon osat<\/p>\n<p><a href=\"https:\/\/blog.edu.turku.fi\/digioppimo\/files\/2023\/08\/Alakohtainen-valinehuolto-15-osp-2022-vaaka-1.docx\">Alakohtainen v\u00e4linehuolto 15 osp 2022<\/a><\/p>\n<p><a href=\"https:\/\/blog.edu.turku.fi\/digioppimo\/files\/2023\/08\/Sosiaali-ja-terveydenhuollon-toimintayksikon-infektioiden-torjuntatyossa-toimiminen-15-osp-2022-vaaka-1.docx\">Sosiaali- ja terveydenhuollon toimintayksik\u00f6n infektioiden torjuntaty\u00f6ss\u00e4 toimiminen 15 osp 2022<\/a><\/p>\n","protected":false},"excerpt":{"rendered":"<p>Ammatillisten tutkinnon osien arviointilomakkeet: V\u00e4linehuoltoalan perustutkinto Pakolliset tutkinnon osat V\u00e4lineiden puhdistaminen ja desinfiointi infektioiden torjuntaty\u00f6ss\u00e4 45 osp 2022 V\u00e4lineiden pakkaamisprosessissa &hellip; <\/p>\n","protected":false},"author":2818,"featured_media":0,"parent":0,"menu_order":0,"comment_status":"closed","ping_status":"closed","template":"","meta":{"footnotes":""},"class_list":["post-272","page","type-page","status-publish","hentry"],"_links":{"self":[{"href":"https:\/\/blog.edu.turku.fi\/digioppimo\/wp-json\/wp\/v2\/pages\/272","targetHints":{"allow":["GET"]}}],"collection":[{"href":"https:\/\/blog.edu.turku.fi\/digioppimo\/wp-json\/wp\/v2\/pages"}],"about":[{"href":"https:\/\/blog.edu.turku.fi\/digioppimo\/wp-json\/wp\/v2\/types\/page"}],"author":[{"embeddable":true,"href":"https:\/\/blog.edu.turku.fi\/digioppimo\/wp-json\/wp\/v2\/users\/2818"}],"replies":[{"embeddable":true,"href":"https:\/\/blog.edu.turku.fi\/digioppimo\/wp-json\/wp\/v2\/comments?post=272"}],"version-history":[{"count":4,"href":"https:\/\/blog.edu.turku.fi\/digioppimo\/wp-json\/wp\/v2\/pages\/272\/revisions"}],"predecessor-version":[{"id":371,"href":"https:\/\/blog.edu.turku.fi\/digioppimo\/wp-json\/wp\/v2\/pages\/272\/revisions\/371"}],"wp:attachment":[{"href":"https:\/\/blog.edu.turku.fi\/digioppimo\/wp-json\/wp\/v2\/media?parent=272"}],"curies":[{"name":"wp","href":"https:\/\/api.w.org\/{rel}","templated":true}]}}