{"id":245,"date":"2020-09-17T15:17:26","date_gmt":"2020-09-17T12:17:26","guid":{"rendered":"https:\/\/blog.edu.turku.fi\/digioppimo\/?page_id=245"},"modified":"2024-08-19T14:50:10","modified_gmt":"2024-08-19T11:50:10","slug":"ammatillisten-tutkinnon-osien-arviointilomakkeet-laakealan-perustutkinto","status":"publish","type":"page","link":"https:\/\/blog.edu.turku.fi\/digioppimo\/ammatillisten-tutkinnon-osien-arviointilomakkeet-laakealan-perustutkinto\/","title":{"rendered":"Ammatillisten tutkinnon osien arviointilomakkeet: L\u00e4\u00e4kealan perustutkinto"},"content":{"rendered":"<h2>Ammatillisten tutkinnon osien arviointilomakkeet:<\/h2>\n<h2>L\u00e4\u00e4kealan perustutkinto 2024<\/h2>\n<p><a href=\"https:\/\/blog.edu.turku.fi\/digioppimo\/files\/2024\/08\/OPS-2024-Annosjakelussa-toimiminen.docx\">Annosjakelussa toimiminen<\/a><\/p>\n<p><a href=\"https:\/\/blog.edu.turku.fi\/digioppimo\/files\/2024\/08\/OPS-2024-Apteekin-verkkopalvelutyo.docx\">Apteekin verkkopalveluty\u00f6<\/a><\/p>\n<p><a href=\"https:\/\/blog.edu.turku.fi\/digioppimo\/files\/2024\/08\/OPS-2024-Apteekkityo.docx\">Apteekkity\u00f6<\/a><\/p>\n<p><a href=\"https:\/\/blog.edu.turku.fi\/digioppimo\/files\/2024\/08\/OPS-2024-Asiakaspalvelutyo-laakealalla-.docx\">Asiakaspalveluty\u00f6 l\u00e4\u00e4kealalla<\/a><\/p>\n<p><a href=\"https:\/\/blog.edu.turku.fi\/digioppimo\/files\/2024\/08\/OPS-2024-Automaatio-laakealalla.docx\">Automaatio l\u00e4\u00e4kealalla<\/a><\/p>\n<p><a href=\"https:\/\/blog.edu.turku.fi\/digioppimo\/files\/2024\/08\/OPS-2024-Kampanjatapahtuman-toteuttaminen.docx\">Kampanjatapahtuman toteuttaminen<\/a><\/p>\n<p><a href=\"https:\/\/blog.edu.turku.fi\/digioppimo\/files\/2024\/08\/OPS-2024-Laatutyo-laakealalla.docx\">Laatuty\u00f6 l\u00e4\u00e4kealalla<\/a><\/p>\n<p><a href=\"https:\/\/blog.edu.turku.fi\/digioppimo\/files\/2024\/08\/OPS-2024-Laakealan-digitaalinen-osaaminen.docx\">L\u00e4\u00e4kealan digitaalinen osaaminen<\/a><\/p>\n<p><a href=\"https:\/\/blog.edu.turku.fi\/digioppimo\/files\/2024\/08\/OPS-2024-Laakealan-logistiikassa-toimiminen.docx\">L\u00e4\u00e4kealan logistiikassa toimiminen<\/a><\/p>\n<p><a href=\"https:\/\/blog.edu.turku.fi\/digioppimo\/files\/2024\/08\/OPS-2024-Laaketeollisuustyo.docx\">L\u00e4\u00e4keteollisuusty\u00f6<\/a><\/p>\n<p><a href=\"https:\/\/blog.edu.turku.fi\/digioppimo\/files\/2024\/08\/OPS-2024-Laaketukkukauppatyo.docx\">L\u00e4\u00e4ketukkukauppaty\u00f6<\/a><\/p>\n<p><a href=\"https:\/\/blog.edu.turku.fi\/digioppimo\/files\/2024\/08\/OPS-2024-Laakkeiden-valmistaminen.docx\">L\u00e4\u00e4kkeiden valmistaminen<\/a><\/p>\n<p><a href=\"https:\/\/blog.edu.turku.fi\/digioppimo\/files\/2024\/08\/OPS-2024-Sairaala-apteekkityo.docx\">Sairaala-apteekkity\u00f6<\/a><\/p>\n<p><a href=\"https:\/\/blog.edu.turku.fi\/digioppimo\/files\/2024\/08\/OPS-2024-Tuoteryhman-yllapitaminen.docx\">Tuoteryhm\u00e4n yll\u00e4pit\u00e4minen<\/a><\/p>\n<p>&nbsp;<\/p>\n<h2>L\u00e4\u00e4kealan perustutkinto 2018 ja 2022<\/h2>\n<p><a href=\"https:\/\/blog.edu.turku.fi\/digioppimo\/files\/2020\/09\/Apteekin.docx\">Apteekin verkkopalvelun teht\u00e4viss\u00e4 ty\u00f6skentely<\/a><\/p>\n<p><a href=\"https:\/\/blog.edu.turku.fi\/digioppimo\/files\/2020\/09\/Apteekkity\u00f6_Arviointilomake_2018.docx\">Apteekkity\u00f6<\/a><\/p>\n<p><a href=\"https:\/\/blog.edu.turku.fi\/digioppimo\/files\/2020\/09\/Asiakaspalvelu-l\u00e4\u00e4kealalla_Arviointilomake_2018.docx\">Asiakaspalvelu l\u00e4\u00e4kealalla<\/a><\/p>\n<p><a href=\"https:\/\/blog.edu.turku.fi\/digioppimo\/files\/2020\/09\/Automaatiolaiteen-k\u00e4ytt\u00f6_Arviointilomake_2018.docx\">Automaatiolaitteen k\u00e4ytt\u00f6<\/a><\/p>\n<p><a href=\"https:\/\/blog.edu.turku.fi\/digioppimo\/files\/2020\/09\/Laatuty\u00f6-l\u00e4\u00e4kealalla_Arviointilomake_2018.docx\">Laatuty\u00f6 l\u00e4\u00e4kealalla<\/a><\/p>\n<p><a href=\"https:\/\/blog.edu.turku.fi\/digioppimo\/files\/2020\/09\/L\u00e4\u00e4kealan-logistiikka_Arviointilomake_2018.docx\">L\u00e4\u00e4kealan logistiikka<\/a><\/p>\n<p><a href=\"https:\/\/blog.edu.turku.fi\/digioppimo\/files\/2020\/09\/L\u00e4\u00e4keteollisuusty\u00f6_Arviointilomake_2018.docx\">L\u00e4\u00e4keteollisuusty\u00f6<\/a><\/p>\n<p><a href=\"https:\/\/blog.edu.turku.fi\/digioppimo\/files\/2020\/09\/L\u00e4\u00e4ketukkukauppaty\u00f6_Arviointilomake_2018.docx\">L\u00e4\u00e4ketukkukauppaty\u00f6<\/a><\/p>\n<p><a href=\"https:\/\/blog.edu.turku.fi\/digioppimo\/files\/2020\/09\/L\u00e4\u00e4kkeiden-valmistus_Arviointilomake_2018.docx\">L\u00e4\u00e4kkeiden valmistus<\/a><\/p>\n<p><a href=\"https:\/\/blog.edu.turku.fi\/digioppimo\/files\/2020\/09\/Markkinointi-ja-somistus_Arviointilomake_2018.docx\">Markkinointi ja somistus<\/a><\/p>\n<p><a href=\"https:\/\/blog.edu.turku.fi\/digioppimo\/files\/2020\/09\/Sairaala-apteekkity\u00f6_Arviointilomake_2018.docx\">Sairaala-apteekkity\u00f6<\/a><\/p>\n<p><a href=\"https:\/\/blog.edu.turku.fi\/digioppimo\/files\/2020\/09\/Tietotekniikan-hallinta_Arviointilomake_2018.docx\">Tietotekniikan hallinta<\/a><\/p>\n<p><a href=\"https:\/\/blog.edu.turku.fi\/digioppimo\/files\/2020\/09\/Tietotekniikan-soveltaminen-l\u00e4\u00e4kealalla_Arviointilomake_2018.docx\">Tietotekniikan soveltaminen l\u00e4\u00e4kealalla<\/a><\/p>\n<p><a href=\"https:\/\/blog.edu.turku.fi\/digioppimo\/files\/2020\/09\/Tuoteryhm\u00e4n-yll\u00e4pito_Arviointilomake_2018.docx\">Tuoteryhm\u00e4n yll\u00e4pito<\/a><\/p>\n<p><a href=\"https:\/\/blog.edu.turku.fi\/digioppimo\/files\/2020\/09\/Yrityksess\u00e4-toimiminen_Arviointilomake_2018.docx\">Yrityksess\u00e4 toimiminen<\/a><\/p>\n","protected":false},"excerpt":{"rendered":"<p>Ammatillisten tutkinnon osien arviointilomakkeet: L\u00e4\u00e4kealan perustutkinto 2024 Annosjakelussa toimiminen Apteekin verkkopalveluty\u00f6 Apteekkity\u00f6 Asiakaspalveluty\u00f6 l\u00e4\u00e4kealalla Automaatio l\u00e4\u00e4kealalla Kampanjatapahtuman toteuttaminen Laatuty\u00f6 l\u00e4\u00e4kealalla &hellip; <\/p>\n","protected":false},"author":2818,"featured_media":0,"parent":0,"menu_order":0,"comment_status":"closed","ping_status":"closed","template":"","meta":{"footnotes":""},"class_list":["post-245","page","type-page","status-publish","hentry"],"_links":{"self":[{"href":"https:\/\/blog.edu.turku.fi\/digioppimo\/wp-json\/wp\/v2\/pages\/245","targetHints":{"allow":["GET"]}}],"collection":[{"href":"https:\/\/blog.edu.turku.fi\/digioppimo\/wp-json\/wp\/v2\/pages"}],"about":[{"href":"https:\/\/blog.edu.turku.fi\/digioppimo\/wp-json\/wp\/v2\/types\/page"}],"author":[{"embeddable":true,"href":"https:\/\/blog.edu.turku.fi\/digioppimo\/wp-json\/wp\/v2\/users\/2818"}],"replies":[{"embeddable":true,"href":"https:\/\/blog.edu.turku.fi\/digioppimo\/wp-json\/wp\/v2\/comments?post=245"}],"version-history":[{"count":10,"href":"https:\/\/blog.edu.turku.fi\/digioppimo\/wp-json\/wp\/v2\/pages\/245\/revisions"}],"predecessor-version":[{"id":424,"href":"https:\/\/blog.edu.turku.fi\/digioppimo\/wp-json\/wp\/v2\/pages\/245\/revisions\/424"}],"wp:attachment":[{"href":"https:\/\/blog.edu.turku.fi\/digioppimo\/wp-json\/wp\/v2\/media?parent=245"}],"curies":[{"name":"wp","href":"https:\/\/api.w.org\/{rel}","templated":true}]}}