{"id":138,"date":"2020-02-06T15:32:46","date_gmt":"2020-02-06T13:32:46","guid":{"rendered":"https:\/\/blog.edu.turku.fi\/digioppimo\/?page_id=138"},"modified":"2026-02-26T12:36:15","modified_gmt":"2026-02-26T10:36:15","slug":"sosiaali-ja-terveys","status":"publish","type":"page","link":"https:\/\/blog.edu.turku.fi\/digioppimo\/sosiaali-ja-terveys\/","title":{"rendered":"SOTE: Yhteiset tutkinnon osat (YTO)"},"content":{"rendered":"<h2><span style=\"color: #ffffff\">dsdsd<\/span><\/h2>\n<p><span style=\"color: #ffffff\">dsdsds<\/span><\/p>\n<h1>Yhteiset tutkinnon osat (YTO)<\/h1>\n<p><strong>26 osp pakollinen + 9 osp valinnainen (valinnaiset voivat olla mist\u00e4 tahansa YTO -tutkinnon osasta).<\/strong><\/p>\n<p>&nbsp;<\/p>\n<hr \/>\n<p>Tervetuloa Digioppimoon!<\/p>\n<p>Aloita t\u00e4st\u00e4:<\/p>\n<ul>\n<li>Sovi vastuuopettajasi kanssa Digioppimossa suoritettavista opinnoista. Vastuuopettajasi antaa sinulle kurssiavaimen.<\/li>\n<li>Kun aloitat opiskelun, lue tarkkaan jokaisen kurssipohjan ohjeet, ja toimi niiden mukaan.<\/li>\n<li>Jos tarvitset apua kokeeseen ilmoittautumiseen, vastuuopettajasi ohjaa sinua.<\/li>\n<li><strong>Suoritukset arvioidaan kahden viikon kuluessa suorituksesta \u2013 seuraa suoritusmerkint\u00f6j\u00e4 Wilman kautta!<\/strong><\/li>\n<\/ul>\n<hr \/>\n<h2>Viestint\u00e4 ja vuorovaikutusosaaminen<\/h2>\n<p><em>11 osp pakollinen<\/em><\/p>\n<h3>Viestint\u00e4 ja vuorovaikutus \u00e4idinkielell\u00e4, suomi<\/h3>\n<p><a href=\"https:\/\/taito.edu.turku.fi\/course\/view.php?id=454\">Tekstitaidot, pakollinen<\/a><br \/>\n2 osp, vastuuopettaja Pursiainen Linda<\/p>\n<p><a href=\"https:\/\/taito.edu.turku.fi\/course\/view.php?id=454\">Vuorovaikutustaidot, pakollinen<\/a><br \/>\n2 osp, vastuuopettaja Pursiainen Linda<\/p>\n<h3>Viestint\u00e4 ja vuorovaikutus \u00e4idinkielell\u00e4, suomi toisena kielen\u00e4<\/h3>\n<p><a href=\"https:\/\/taito.edu.turku.fi\/course\/view.php?id=4196\">Tekstitaidot, pakollinen<\/a><br \/>\n2 osp, vastuuopettaja Gyl\u00e9n Pauliina<\/p>\n<p><a href=\"https:\/\/taito.edu.turku.fi\/course\/view.php?id=4196\">Vuorovaikutustaidot, pakollinen<\/a><br \/>\n2 osp, vastuuopettaja Gyl\u00e9n Pauliina<\/p>\n<h3>Viestint\u00e4 ja vuorovaikutus toisella kotimaisella kielell\u00e4, ruotsi<\/h3>\n<p><a href=\"https:\/\/taito.edu.turku.fi\/course\/view.php?id=447\">Viestint\u00e4 ja vuorovaikutus toisella kotimaisella, ruotsi, pakollinen<\/a><br \/>\n1 osp, vastuuopettaja Kanerva Tarja<\/p>\n<h3>Viestint\u00e4 ja vuorovaikutus vieraalla kielell\u00e4, englanti<\/h3>\n<p><a href=\"https:\/\/taito.edu.turku.fi\/course\/view.php?id=446\">Ty\u00f6el\u00e4m\u00e4n englannin perusteet, pakollinen<\/a><br \/>\n2 osp, vastuuopettaja Hannele Nurminen<\/p>\n<p><a href=\"https:\/\/taito.edu.turku.fi\/course\/view.php?id=451\">Ammattilaisen englanti, pakollinen<\/a><br \/>\n1 osp, vastuuopettaja Hannele Nurminen<\/p>\n<h3>Toiminta digitaalisessa ymp\u00e4rist\u00f6ss\u00e4<\/h3>\n<p><a href=\"https:\/\/taito.edu.turku.fi\/course\/view.php?id=77\">Toiminta digitaalisessa ymp\u00e4rist\u00f6ss\u00e4, pakollinen<\/a><br \/>\n2 osp, vastuuopettaja Saara M\u00e4kinen<\/p>\n<h3>Taide ja luova ilmaisu, pakollinen<\/h3>\n<p><a href=\"https:\/\/taito.edu.turku.fi\/course\/view.php?id=104\">Taide ja luova ilmaisu, pakollinen<\/a><br \/>\n1 osp, vastuuopettaja Teija Rantala<\/p>\n<p>&nbsp;<\/p>\n<hr \/>\n<h2>Matemaattis-luonnontieteellinen osaaminen<\/h2>\n<p><em>6 osp pakollinen<\/em><br \/>\nTutkinnon osan osa-alueiden tunnustamisista vastaa Katja Pohjola.<\/p>\n<h3>Matematiikka ja matematiikan soveltaminen<\/h3>\n<p><a href=\"https:\/\/taito.edu.turku.fi\/course\/view.php?id=78\">Matematiikan perusteet, pakollinen<\/a><br \/>\n2 osp, vastuuopettaja Katja Pohjola<\/p>\n<p><a href=\"https:\/\/taito.edu.turku.fi\/course\/view.php?id=79\">Matematiikan soveltaminen, pakollinen<\/a><br \/>\n2 osp, vastuuopettaja Katja Pohjola<\/p>\n<h3>L\u00e4\u00e4kelaskutesti<\/h3>\n<p><a href=\"https:\/\/taito.edu.turku.fi\/course\/view.php?id=707\">Harjoitusteht\u00e4vi\u00e4 l\u00e4\u00e4kelaskutestiin<\/a><\/p>\n<p><a href=\"https:\/\/ville.utu.fi\/?c=ph6b9kkT9Ljq\">L\u00e4\u00e4kelaskutesti (Ville-ymp\u00e4rist\u00f6ss\u00e4)<\/a><\/p>\n<p>vastuuopettaja Jarkko Hiltunen<\/p>\n<h3>Fysikaaliset ja kemialliset ilmi\u00f6t ja niiden soveltaminen, pakollinen<\/h3>\n<p><a href=\"https:\/\/taito.edu.turku.fi\/course\/view.php?id=162\">Fysiikka<\/a><br \/>\n1 osp, vastuuopettaja Katja Pohjola<\/p>\n<p><a href=\"https:\/\/taito.edu.turku.fi\/course\/view.php?id=845\">Kemia<\/a><br \/>\n1 osp, vastuuopettaja Anita Viitasalo<\/p>\n<p>&nbsp;<\/p>\n<hr \/>\n<h2>Yhteiskunta- ja ty\u00f6el\u00e4m\u00e4osaaminen<\/h2>\n<p><em>9 osp pakollinen<\/em><\/p>\n<h3>Yhteiskunnassa ja kansalaisena toimiminen<\/h3>\n<p><a href=\"https:\/\/taito.edu.turku.fi\/course\/view.php?id=2680\">Yhteiskunnassa ja kansalaisena toimiminen, pakollinen<\/a><br \/>\n2 osp, vastuuopettaja P\u00e4ivi V\u00f6rgren<\/p>\n<h3>Ty\u00f6el\u00e4m\u00e4ss\u00e4 toimiminen<\/h3>\n<p><a href=\"https:\/\/taito.edu.turku.fi\/course\/view.php?id=2731\">Ty\u00f6el\u00e4m\u00e4ss\u00e4 toimiminen, pakollinen<\/a><br \/>\n2 osp, vastuuopettaja Mervi Rantanen<\/p>\n<h3>Yritt\u00e4jyys ja yritt\u00e4j\u00e4m\u00e4inen toiminta<\/h3>\n<p><a href=\"https:\/\/taito.edu.turku.fi\/course\/view.php?id=2683\">Yritt\u00e4jyys ja yritt\u00e4j\u00e4m\u00e4inen toiminta, pakollinen<\/a><br \/>\n1 osp, vastuuopettaja P\u00e4ivi V\u00f6rgren<\/p>\n<h3>Ty\u00f6kyvyn ja hyvinvoinnin yll\u00e4pit\u00e4minen<\/h3>\n<p>Kun alat suorittaa TYHY:n pakollista osa-aluetta, toimi n\u00e4in:<\/p>\n<ol>\n<li>Avaa eTAI sivusto <u><a href=\"https:\/\/etai.edu.turku.fi\/\" data-auth=\"NotApplicable\">https:\/\/etai.edu.turku.fi\/<\/a><\/u><\/li>\n<li>Kirjaudu sivustolle kohdasta \u201dKirjaudu OPAS-tunnuksella\u201d.<\/li>\n<li>Kirjoita avautuvaan sivuun omat koulun tunnuksesi ja salasana.<\/li>\n<li>L\u00e4het\u00e4 opettajalle Aaron Mierlahti viesti Wilmassa.<br \/>\nKerro, ett\u00e4 sinut tulee lis\u00e4t\u00e4 pakolliselle kurssille. T\u00e4m\u00e4n j\u00e4lkeen opettaja lis\u00e4\u00e4 sinut kurssille.<br \/>\nKirjautuminen eTAI:n moodleen on v\u00e4ltt\u00e4m\u00e4t\u00f6nt\u00e4, jotta sinut voidaan lis\u00e4t\u00e4 kurssille.<\/li>\n<\/ol>\n<p><a href=\"https:\/\/etai.edu.turku.fi\/course\/view.php?id=476\">Ty\u00f6kyvyn ja hyvinvoinnin yll\u00e4pit\u00e4minen, pakollinen<\/a><br \/>\n2 osp, vastuuopettaja Aaron Mierlahti<\/p>\n<h3>Opiskelu- ja urasuunnitteluvalmiudet<\/h3>\n<p><a href=\"https:\/\/taito.edu.turku.fi\/course\/view.php?id=2684\">Opiskelu- ja urasuunnitteluvalmiudet, pakollinen<\/a><br \/>\n1 osp, vastuuopettaja P\u00e4ivi V\u00f6rgren<\/p>\n<h3>Kest\u00e4v\u00e4n kehityksen edist\u00e4minen<\/h3>\n<p><a href=\"https:\/\/taito.edu.turku.fi\/course\/view.php?id=2733\">Kest\u00e4v\u00e4n kehityksen edist\u00e4minen, pakollinen<\/a><br \/>\n1 osp, vastuuopettaja Mervi Rantanen<\/p>\n<hr \/>\n<h2>Valinnaiset osa-alueet 3osp<\/h2>\n<p><em>Valinnaisia osa-alueita tarvitaan yhteens\u00e4 9osp.<\/em><\/p>\n<p><a href=\"https:\/\/taito.edu.turku.fi\/course\/view.php?id=104\">Taide ja luova ilmaisu, valinnainen<\/a><br \/>\n3 osp, vastuuopettaja Teija Rantala<\/p>\n<p><a href=\"https:\/\/taito.edu.turku.fi\/course\/view.php?id=2681\">Yhteiskunnassa ja kansalaisena toimiminen, valinnainen<\/a><br \/>\n3 osp, vastuuopettaja P\u00e4ivi V\u00f6rgren<\/p>\n<p><a href=\"https:\/\/taito.edu.turku.fi\/course\/view.php?id=2732\">Ty\u00f6el\u00e4m\u00e4ss\u00e4 toimiminen, valinnainen<\/a><br \/>\n3 osp, vastuuopettaja Mervi Rantanen<\/p>\n<p>__________________________<\/p>\n<p>Kun alat suorittaa TYHY:n valinnaista osa-aluetta, toimi n\u00e4in:<\/p>\n<ol>\n<li>Avaa eTAI sivusto <u><a href=\"https:\/\/etai.edu.turku.fi\/\" data-auth=\"NotApplicable\">https:\/\/etai.edu.turku.fi\/<\/a><\/u><\/li>\n<li>Kirjaudu sivustolle kohdasta \u201dKirjaudu OPAS-tunnuksella\u201d.<\/li>\n<li>Kirjoita avautuvaan sivuun omat koulun tunnuksesi ja salasana.<\/li>\n<li>L\u00e4het\u00e4 opettajalle Aaron Mierlahti viesti Wilmassa.<br \/>\nKerro, ett\u00e4 sinut tulee lis\u00e4t\u00e4 valinnaiselle kurssille. T\u00e4m\u00e4n j\u00e4lkeen opettaja lis\u00e4\u00e4 sinut kurssille.<br \/>\nKirjautuminen eTAI:n moodleen on v\u00e4ltt\u00e4m\u00e4t\u00f6nt\u00e4, jotta sinut voidaan lis\u00e4t\u00e4 kurssille.<\/li>\n<\/ol>\n<p><a href=\"https:\/\/etai.edu.turku.fi\/course\/view.php?id=485\">Ty\u00f6kyvyn ja hyvinvoinnin yll\u00e4pit\u00e4minen, valinnainen<\/a><br \/>\n3 osp, vastuuopettaja Aaron Mierlahti<\/p>\n<p><a href=\"https:\/\/taito.edu.turku.fi\/course\/view.php?id=2734\">Kest\u00e4v\u00e4n kehityksen edist\u00e4minen, valinnainen<\/a><br \/>\n3 osp, vastuuopettaja Mervi Rantanen<\/p>\n<p>&nbsp;<\/p>\n<hr \/>\n<h2>Valinnaiset osa-alueet 1osp<\/h2>\n<p><em>Valinnaisia osa-alueita tarvitaan yhteens\u00e4 9osp.<\/em><\/p>\n<p><a href=\"https:\/\/taito.edu.turku.fi\/course\/view.php?id=449\">Suomi toisena kielen\u00e4 rakenteet ja sanasto (YTO-ruotsin korvaava opinto)<\/a><br \/>\n1 osp, vastuuopettaja Gyl\u00e9n Pauliina<\/p>\n<p><a href=\"https:\/\/taito.edu.turku.fi\/course\/view.php?id=462\">Syvent\u00e4v\u00e4 ruotsi, valinnainen<\/a><a href=\"https:\/\/taito.edu.turku.fi\/course\/view.php?id=462\"> (paikallinen)<\/a><br \/>\n1 osp, vastuuopettaja Kanerva Tarja<\/p>\n<p><a href=\"https:\/\/taito.edu.turku.fi\/course\/view.php?id=453\">Syvent\u00e4v\u00e4 englanti, valinnainen<\/a><a href=\"https:\/\/taito.edu.turku.fi\/course\/view.php?id=453\"> (paikallinen)<\/a><br \/>\n1 osp, vastuuopettaja Hannele Nurminen<\/p>\n<p><a href=\"https:\/\/taito.edu.turku.fi\/course\/view.php?id=2682\">Yhteiskunnallinen vaikuttaminen, valinnainen (paikallinen)<\/a><br \/>\n1 osp, vastuuopettaja P\u00e4ivi V\u00f6rgren<\/p>\n<hr \/>\n<h2><a href=\"https:\/\/blog.edu.turku.fi\/digioppimo\/tyoelamassa-suoritettavat-yhteiset-tutkinnon-osat\/\">Ty\u00f6el\u00e4m\u00e4ss\u00e4 suoritettavat yhteiset tutkinnon osat<\/a><\/h2>\n<hr \/>\n","protected":false},"excerpt":{"rendered":"<p>dsdsd dsdsds Yhteiset tutkinnon osat (YTO) 26 osp pakollinen + 9 osp valinnainen (valinnaiset voivat olla mist\u00e4 tahansa YTO -tutkinnon &hellip; <\/p>\n","protected":false},"author":56,"featured_media":0,"parent":0,"menu_order":0,"comment_status":"closed","ping_status":"closed","template":"","meta":{"footnotes":""},"class_list":["post-138","page","type-page","status-publish","hentry"],"_links":{"self":[{"href":"https:\/\/blog.edu.turku.fi\/digioppimo\/wp-json\/wp\/v2\/pages\/138","targetHints":{"allow":["GET"]}}],"collection":[{"href":"https:\/\/blog.edu.turku.fi\/digioppimo\/wp-json\/wp\/v2\/pages"}],"about":[{"href":"https:\/\/blog.edu.turku.fi\/digioppimo\/wp-json\/wp\/v2\/types\/page"}],"author":[{"embeddable":true,"href":"https:\/\/blog.edu.turku.fi\/digioppimo\/wp-json\/wp\/v2\/users\/56"}],"replies":[{"embeddable":true,"href":"https:\/\/blog.edu.turku.fi\/digioppimo\/wp-json\/wp\/v2\/comments?post=138"}],"version-history":[{"count":79,"href":"https:\/\/blog.edu.turku.fi\/digioppimo\/wp-json\/wp\/v2\/pages\/138\/revisions"}],"predecessor-version":[{"id":469,"href":"https:\/\/blog.edu.turku.fi\/digioppimo\/wp-json\/wp\/v2\/pages\/138\/revisions\/469"}],"wp:attachment":[{"href":"https:\/\/blog.edu.turku.fi\/digioppimo\/wp-json\/wp\/v2\/media?parent=138"}],"curies":[{"name":"wp","href":"https:\/\/api.w.org\/{rel}","templated":true}]}}