{"id":97,"date":"2018-03-31T18:31:41","date_gmt":"2018-03-31T15:31:41","guid":{"rendered":"https:\/\/blog.edu.turku.fi\/cygnaeus\/?page_id=97"},"modified":"2023-08-09T13:49:21","modified_gmt":"2023-08-09T10:49:21","slug":"sprakundervisning","status":"publish","type":"page","link":"https:\/\/blog.edu.turku.fi\/cygnaeus\/sprakundervisning\/","title":{"rendered":"Spr\u00e5kundervisning"},"content":{"rendered":"<p class=\"rubrik_blue\">Spr\u00e5kprogrammet<\/p>\n<p>Fr\u00e5n och med \u00e5rskurs 1\u00a0 l\u00e4ser eleverna\u00a0 A1 finska<\/p>\n<p>Fr\u00e5n och med \u00e5k 3 l\u00e4ser eleverna A2 engelska.<\/p>\n<p>Det betyder att fr\u00e5n och med \u00e5rskurs 3 l\u00e4ser eleven tv\u00e5 spr\u00e5k: A1 finska och A2 engelska<\/p>\n<p>I \u00e5k 6 kan eleven v\u00e4lja mellan franska, spanska och tyska som frivilligt B-spr\u00e5k.<\/p>\n<p>B-spr\u00e5kundervisningen sker i Cygnaeus skola.<\/p>\n","protected":false},"excerpt":{"rendered":"<p>Spr\u00e5kprogrammet Fr\u00e5n och med \u00e5rskurs 1\u00a0 l\u00e4ser eleverna\u00a0 A1 finska Fr\u00e5n och med \u00e5k 3 l\u00e4ser eleverna A2 engelska. Det betyder att fr\u00e5n och med \u00e5rskurs 3 l\u00e4ser eleven tv\u00e5 spr\u00e5k: A1 finska och A2 engelska I \u00e5k 6 kan eleven v\u00e4lja mellan franska, spanska och tyska som frivilligt B-spr\u00e5k. B-spr\u00e5kundervisningen sker i Cygnaeus skola.<\/p>\n","protected":false},"author":2119,"featured_media":0,"parent":0,"menu_order":0,"comment_status":"closed","ping_status":"closed","template":"","meta":{"footnotes":""},"class_list":["post-97","page","type-page","status-publish","hentry"],"_links":{"self":[{"href":"https:\/\/blog.edu.turku.fi\/cygnaeus\/wp-json\/wp\/v2\/pages\/97","targetHints":{"allow":["GET"]}}],"collection":[{"href":"https:\/\/blog.edu.turku.fi\/cygnaeus\/wp-json\/wp\/v2\/pages"}],"about":[{"href":"https:\/\/blog.edu.turku.fi\/cygnaeus\/wp-json\/wp\/v2\/types\/page"}],"author":[{"embeddable":true,"href":"https:\/\/blog.edu.turku.fi\/cygnaeus\/wp-json\/wp\/v2\/users\/2119"}],"replies":[{"embeddable":true,"href":"https:\/\/blog.edu.turku.fi\/cygnaeus\/wp-json\/wp\/v2\/comments?post=97"}],"version-history":[{"count":8,"href":"https:\/\/blog.edu.turku.fi\/cygnaeus\/wp-json\/wp\/v2\/pages\/97\/revisions"}],"predecessor-version":[{"id":525,"href":"https:\/\/blog.edu.turku.fi\/cygnaeus\/wp-json\/wp\/v2\/pages\/97\/revisions\/525"}],"wp:attachment":[{"href":"https:\/\/blog.edu.turku.fi\/cygnaeus\/wp-json\/wp\/v2\/media?parent=97"}],"curies":[{"name":"wp","href":"https:\/\/api.w.org\/{rel}","templated":true}]}}