{"id":595,"date":"2024-05-28T10:36:51","date_gmt":"2024-05-28T07:36:51","guid":{"rendered":"https:\/\/blog.edu.turku.fi\/cygnaeus\/?page_id=595"},"modified":"2025-06-06T10:27:32","modified_gmt":"2025-06-06T07:27:32","slug":"information-for-blivande-elever-2","status":"publish","type":"page","link":"https:\/\/blog.edu.turku.fi\/cygnaeus\/undervisning\/information-for-blivande-elever-2\/","title":{"rendered":"Information f\u00f6r blivande elever"},"content":{"rendered":"<h5><b>V\u00e4lkommen<\/b>\u00a0<b>till<\/b><b> Cygnaeus skola och <\/b><b>Braheskolan!<\/b><\/h5>\n<p>H\u00e4r hittar du information inf\u00f6r skolstartten som en ny eleve.<\/p>\n<p><a href=\"https:\/\/blog.edu.turku.fi\/cygnaeus\/files\/2025\/06\/Information-at-blivande-ettors-foraldrar-25-26.pdf\">Information \u00e5t blivande ettors f\u00f6r\u00e4ldrar 25-26<\/a><\/p>\n<p><a href=\"https:\/\/blog.edu.turku.fi\/cygnaeus\/files\/2025\/06\/Information-om-elevens-allergier-eller-sjukdomar.pdf\">Information om elevens allergier eller sjukdomar<\/a><\/p>\n<p>&nbsp;<\/p>\n<p>&nbsp;<\/p>\n<p><img loading=\"lazy\" decoding=\"async\" class=\"wp-image-644 aligncenter\" src=\"https:\/\/blog.edu.turku.fi\/cygnaeus\/files\/2025\/06\/koridor2-300x228.jpeg\" alt=\"\" width=\"544\" height=\"412\" srcset=\"https:\/\/blog.edu.turku.fi\/cygnaeus\/files\/2025\/06\/koridor2-300x228.jpeg 300w, https:\/\/blog.edu.turku.fi\/cygnaeus\/files\/2025\/06\/koridor2.jpeg 742w\" sizes=\"auto, (max-width: 544px) 85vw, 544px\" \/><\/p>\n","protected":false},"excerpt":{"rendered":"<p>V\u00e4lkommen\u00a0till Cygnaeus skola och Braheskolan! H\u00e4r hittar du information inf\u00f6r skolstartten som en ny eleve. Information \u00e5t blivande ettors f\u00f6r\u00e4ldrar 25-26 Information om elevens allergier eller sjukdomar &nbsp; &nbsp;<\/p>\n","protected":false},"author":3352,"featured_media":0,"parent":7,"menu_order":1,"comment_status":"closed","ping_status":"closed","template":"","meta":{"footnotes":""},"class_list":["post-595","page","type-page","status-publish","hentry"],"_links":{"self":[{"href":"https:\/\/blog.edu.turku.fi\/cygnaeus\/wp-json\/wp\/v2\/pages\/595","targetHints":{"allow":["GET"]}}],"collection":[{"href":"https:\/\/blog.edu.turku.fi\/cygnaeus\/wp-json\/wp\/v2\/pages"}],"about":[{"href":"https:\/\/blog.edu.turku.fi\/cygnaeus\/wp-json\/wp\/v2\/types\/page"}],"author":[{"embeddable":true,"href":"https:\/\/blog.edu.turku.fi\/cygnaeus\/wp-json\/wp\/v2\/users\/3352"}],"replies":[{"embeddable":true,"href":"https:\/\/blog.edu.turku.fi\/cygnaeus\/wp-json\/wp\/v2\/comments?post=595"}],"version-history":[{"count":7,"href":"https:\/\/blog.edu.turku.fi\/cygnaeus\/wp-json\/wp\/v2\/pages\/595\/revisions"}],"predecessor-version":[{"id":646,"href":"https:\/\/blog.edu.turku.fi\/cygnaeus\/wp-json\/wp\/v2\/pages\/595\/revisions\/646"}],"up":[{"embeddable":true,"href":"https:\/\/blog.edu.turku.fi\/cygnaeus\/wp-json\/wp\/v2\/pages\/7"}],"wp:attachment":[{"href":"https:\/\/blog.edu.turku.fi\/cygnaeus\/wp-json\/wp\/v2\/media?parent=595"}],"curies":[{"name":"wp","href":"https:\/\/api.w.org\/{rel}","templated":true}]}}